{"id":10423,"date":"2024-10-11T10:33:11","date_gmt":"2024-10-11T08:33:11","guid":{"rendered":"https:\/\/primariamoldovanoua.ro\/?page_id=10423"},"modified":"2024-10-11T12:04:59","modified_gmt":"2024-10-11T10:04:59","slug":"arhiva-2024","status":"publish","type":"page","link":"https:\/\/primariamoldovanoua.ro\/index.php\/arhiva-2024\/","title":{"rendered":"Arhiv\u0103 2024"},"content":{"rendered":"\n<h1 class=\"wp-block-heading\"><\/h1>\n\n\n\n<h4 class=\"wp-block-heading\"><strong>PRIMAR:<\/strong><\/h4>\n\n\n\n<ul class=\"wp-block-list\">\n<li><a href=\"https:\/\/primariamoldovanoua.ro\/wp-content\/uploads\/2023\/07\/CHISALITA-I-ION-PRIMAR.pdf\" target=\"_blank\" rel=\"noreferrer noopener\">Chis\u0103li\u021b\u0103 I. Io<\/a><a href=\"https:\/\/primariamoldovanoua.ro\/wp-content\/uploads\/2024\/10\/Chisalita-I.-Ion.Primar.pdf\" target=\"_blank\" rel=\"noreferrer noopener\">n<\/a><\/li>\n<\/ul>\n\n\n\n<h4 class=\"wp-block-heading\"><strong>VICEPRIMAR:<\/strong><\/h4>\n\n\n\n<ul class=\"wp-block-list\">\n<li><a href=\"https:\/\/primariamoldovanoua.ro\/wp-content\/uploads\/2024\/10\/Moises-I.-Victor-Adrian.-viceprimar.pdf\" target=\"_blank\" rel=\"noreferrer noopener\">Moise\u0219 I. Victor-Adrian<\/a><\/li>\n<\/ul>\n\n\n\n<h4 class=\"wp-block-heading\"><strong>SECRETAR:<\/strong><\/h4>\n\n\n\n<ul class=\"wp-block-list\">\n<li><a href=\"https:\/\/primariamoldovanoua.ro\/wp-content\/uploads\/2024\/10\/Ciovela-N.-Florin-Ioan.-Secretar-General.pdf\" target=\"_blank\" rel=\"noreferrer noopener\">Ciovela N. Florin-Ioan<\/a><\/li>\n<\/ul>\n\n\n\n<h4 class=\"wp-block-heading\"><strong>DIRECTOR EXECUTIV:<\/strong><\/h4>\n\n\n\n<ul class=\"wp-block-list\">\n<li><a href=\"https:\/\/primariamoldovanoua.ro\/wp-content\/uploads\/2024\/10\/Titiriga-I.V.-Adriana.director-executiv.pdf\" target=\"_blank\" rel=\"noreferrer noopener\">\u021ai\u021birig\u0103 I.V. Adriana<\/a><\/li>\n<\/ul>\n\n\n\n<h4 class=\"wp-block-heading\"><strong>AUDITOR:<\/strong><\/h4>\n\n\n\n<ul class=\"wp-block-list\">\n<li><a href=\"https:\/\/primariamoldovanoua.ro\/wp-content\/uploads\/2024\/10\/Sdeorna-I.-Carmen.-auditor.pdf\" target=\"_blank\" rel=\"noreferrer noopener\">\u0218deorna I. Carmen<\/a><\/li>\n<\/ul>\n\n\n\n<h4 class=\"wp-block-heading\"><strong>INGINER \u015eEF<\/strong><\/h4>\n\n\n\n<ul class=\"wp-block-list\">\n<li><a href=\"https:\/\/primariamoldovanoua.ro\/wp-content\/uploads\/2023\/07\/SAVA-N-CECILIA-LAURA-INGINER-SEF.pdf\" target=\"_blank\" rel=\"noreferrer noopener\">Sava N. Cecili<\/a><a href=\"https:\/\/primariamoldovanoua.ro\/wp-content\/uploads\/2024\/10\/SAVA-N.-CECILIA-LAURA.-INGINER-SEF.pdf\" target=\"_blank\" rel=\"noreferrer noopener\">a Laura<\/a><\/li>\n<\/ul>\n\n\n\n<h4 class=\"wp-block-heading\"><strong>\u0218EFI\/COORDONATORI SERVICII, BIROURI \u015eI COMPARTIMENTE:<\/strong><\/h4>\n\n\n\n<ul class=\"wp-block-list\">\n<li><a href=\"https:\/\/primariamoldovanoua.ro\/wp-content\/uploads\/2023\/07\/BENCZE-L-LASZLO-OCSI-INSPECTOR.pdf\" target=\"_blank\" rel=\"noreferrer noopener\">Bencze L. Laszlo-Ocs<\/a><a href=\"https:\/\/primariamoldovanoua.ro\/wp-content\/uploads\/2024\/10\/Bencze-L.-Laszlo-Ocsi.-Sef-Serviciu.pdf\" target=\"_blank\" rel=\"noreferrer noopener\">i<\/a><\/li>\n\n\n\n<li><a href=\"https:\/\/primariamoldovanoua.ro\/wp-content\/uploads\/2023\/07\/BRATU-S-LIVIU-MIHAITA-SEF-SERVICIU.pdf\" target=\"_blank\" rel=\"noreferrer noopener\">Bratu S. Liviu-Mih\u0103i\u021b<\/a><a href=\"https:\/\/primariamoldovanoua.ro\/wp-content\/uploads\/2024\/10\/Bratu-S.-Liviu-Mihaita.-Sef-Serviciu.pdf\" target=\"_blank\" rel=\"noreferrer noopener\">\u0103<\/a><\/li>\n\n\n\n<li><a href=\"https:\/\/primariamoldovanoua.ro\/wp-content\/uploads\/2024\/10\/Canpeanu-N.-Mirela-Antonela.-Sef-Birou.pdf\" target=\"_blank\" rel=\"noreferrer noopener\">C\u00e2npeanu N. Mirela-Antonela<\/a><\/li>\n\n\n\n<li><a href=\"https:\/\/primariamoldovanoua.ro\/wp-content\/uploads\/2024\/10\/Chisalita-G.H.E.-Marta-Maria.-Sef-Serviciu.pdf\" target=\"_blank\" rel=\"noreferrer noopener\">Chis\u0103li\u021b\u0103 G.H.E. Marta-Maria<\/a><\/li>\n\n\n\n<li><a href=\"https:\/\/primariamoldovanoua.ro\/wp-content\/uploads\/2024\/10\/Chisalita-I.-Ilie.-Sef-Compartiment.pdf\" target=\"_blank\" rel=\"noreferrer noopener\">Chis\u0103li\u021b\u0103 I. Ilie<\/a><\/li>\n\n\n\n<li><a href=\"https:\/\/primariamoldovanoua.ro\/wp-content\/uploads\/2024\/10\/Ciovela-G.-Mihaela.-Coordonator-Serviciu.pdf\" target=\"_blank\" rel=\"noreferrer noopener\">Ciovela G. Mihaela<\/a><\/li>\n\n\n\n<li><a href=\"https:\/\/primariamoldovanoua.ro\/wp-content\/uploads\/2024\/10\/Enache-P.-Dumitru.-Coordonator-Compartiment.pdf\" target=\"_blank\" rel=\"noreferrer noopener\">Enache P. Dumitru<\/a><\/li>\n\n\n\n<li><a href=\"https:\/\/primariamoldovanoua.ro\/wp-content\/uploads\/2024\/10\/Nicola-I.-Romeo.-Sef-Serviciu.pdf\" target=\"_blank\" rel=\"noreferrer noopener\">Nicola I. Romeo<\/a><\/li>\n\n\n\n<li><a href=\"https:\/\/primariamoldovanoua.ro\/wp-content\/uploads\/2024\/10\/Nistoran-D.-Dumitru.Sef-Birou.pdf\" target=\"_blank\" rel=\"noreferrer noopener\">Nistoran D. Dumitru<\/a><\/li>\n\n\n\n<li><a href=\"https:\/\/primariamoldovanoua.ro\/wp-content\/uploads\/2024\/10\/Stefanovici-S.-Antal.Sef-Serviciu.pdf\" target=\"_blank\" rel=\"noreferrer noopener\">Stefanovici S. Antal<\/a><\/li>\n\n\n\n<li><a href=\"https:\/\/primariamoldovanoua.ro\/wp-content\/uploads\/2024\/10\/Szekely-S.-Radmila.Sef-Birou.pdf\" target=\"_blank\" rel=\"noreferrer noopener\">Szekely S. Radmila<\/a><\/li>\n\n\n\n<li><a href=\"https:\/\/primariamoldovanoua.ro\/wp-content\/uploads\/2024\/10\/Tismanariu-I.-Dorin-Marius.-Sef-Compartiment.pdf\" target=\"_blank\" rel=\"noreferrer noopener\">Tism\u0103nariu I. Dorin-Marius<\/a><\/li>\n<\/ul>\n\n\n\n<h4 class=\"wp-block-heading\"><strong>INSPECTORI:<\/strong><\/h4>\n\n\n\n<ul class=\"wp-block-list\">\n<li><a href=\"https:\/\/primariamoldovanoua.ro\/wp-content\/uploads\/2024\/10\/Constantinovici-N.-Lavinia.-inspector.pdf\" target=\"_blank\" rel=\"noreferrer noopener\">Constantinovici N. Lavinia<\/a><\/li>\n\n\n\n<li><a href=\"https:\/\/primariamoldovanoua.ro\/wp-content\/uploads\/2024\/10\/Dascalu-M.-Aura-Mihaela.-inspector.pdf\" target=\"_blank\" rel=\"noreferrer noopener\">Dasc\u0103lu M. Aura-Mihaela<\/a><\/li>\n\n\n\n<li><a href=\"https:\/\/primariamoldovanoua.ro\/wp-content\/uploads\/2024\/10\/Firan-I.-Carmen-Iuliana.-inspector.pdf\" target=\"_blank\" rel=\"noreferrer noopener\">Firan I. Carmen-Iuliana<\/a><\/li>\n\n\n\n<li><a href=\"https:\/\/primariamoldovanoua.ro\/wp-content\/uploads\/2024\/10\/Ghiba-V.-Constantin.inspector.pdf\" target=\"_blank\" rel=\"noreferrer noopener\">Ghiba V. Constantin<\/a><\/li>\n\n\n\n<li><a href=\"https:\/\/primariamoldovanoua.ro\/wp-content\/uploads\/2024\/10\/Ion-A.-Andra-Alina.-inspector.pdf\" target=\"_blank\" rel=\"noreferrer noopener\">Ion A. Andra-Alina<\/a><\/li>\n\n\n\n<li><a href=\"https:\/\/primariamoldovanoua.ro\/wp-content\/uploads\/2024\/10\/Jian-G.-Daniel-Gheorghe.-inspector.pdf\" target=\"_blank\" rel=\"noreferrer noopener\">Jian G. Daniel-Gheorghe<\/a><\/li>\n\n\n\n<li><a href=\"https:\/\/primariamoldovanoua.ro\/wp-content\/uploads\/2024\/10\/Lazarovici-I.-Iosif-Florin.inspector.pdf\" target=\"_blank\" rel=\"noreferrer noopener\">Lazarovici I. Iosif-Florin<\/a><\/li>\n\n\n\n<li><a href=\"https:\/\/primariamoldovanoua.ro\/wp-content\/uploads\/2024\/10\/Nastase-V.-Alina-Ramona.inspector.pdf\" target=\"_blank\" rel=\"noreferrer noopener\">N\u0103stase V. Alina-Ramona<\/a><\/li>\n\n\n\n<li><a href=\"https:\/\/primariamoldovanoua.ro\/wp-content\/uploads\/2024\/10\/Novacescu-A.-Adrian-Alexandru.-inspector.pdf\" target=\"_blank\" rel=\"noreferrer noopener\">Nov\u0103cescu A. Adrian-Alexandru<\/a><\/li>\n\n\n\n<li><a href=\"https:\/\/primariamoldovanoua.ro\/wp-content\/uploads\/2024\/10\/Novacovici-G.-Ramona-Mirabela.-inspector.pdf\" target=\"_blank\" rel=\"noreferrer noopener\">Novacovici G. Ramona Mirabela<\/a><\/li>\n\n\n\n<li><a href=\"https:\/\/primariamoldovanoua.ro\/wp-content\/uploads\/2024\/10\/Pervulescu-G.H.-Slavita-Sonia.inspector.pdf\" target=\"_blank\" rel=\"noreferrer noopener\">Pervulescu G.H. Slavi\u021ba-Sonia<\/a><\/li>\n\n\n\n<li><a href=\"https:\/\/primariamoldovanoua.ro\/wp-content\/uploads\/2024\/10\/Popovici-I.-Liliana.inspector.pdf\" target=\"_blank\" rel=\"noreferrer noopener\">Popovici I. Liliana<\/a><\/li>\n\n\n\n<li><a href=\"https:\/\/primariamoldovanoua.ro\/wp-content\/uploads\/2024\/10\/Retezan-N.-Gheorghe.inspector.pdf\" target=\"_blank\" rel=\"noreferrer noopener\">Retezan N. Gheorghe<\/a><\/li>\n\n\n\n<li><a href=\"https:\/\/primariamoldovanoua.ro\/wp-content\/uploads\/2024\/10\/Sporea-M.-Mara.inspector-superior.pdf\" target=\"_blank\" rel=\"noreferrer noopener\">Sporea M. Mara<\/a><\/li>\n\n\n\n<li><a href=\"https:\/\/primariamoldovanoua.ro\/wp-content\/uploads\/2024\/10\/Stanoevici-S.-Victor.-inspector.pdf\" target=\"_blank\" rel=\"noreferrer noopener\">Stanoevici S. Victor<\/a><\/li>\n\n\n\n<li><a href=\"https:\/\/primariamoldovanoua.ro\/wp-content\/uploads\/2024\/10\/Strainescu-Z.-Cosana-Tania.inspector.pdf\" target=\"_blank\" rel=\"noreferrer noopener\">Str\u0103inescu Z. Cosana-Tania<\/a><\/li>\n\n\n\n<li><a href=\"https:\/\/primariamoldovanoua.ro\/wp-content\/uploads\/2024\/10\/TIUGAN-D.-DANIELA.-inspector.pdf\" target=\"_blank\" rel=\"noreferrer noopener\">Tiugan D. Daniela<\/a><\/li>\n\n\n\n<li><a href=\"https:\/\/primariamoldovanoua.ro\/wp-content\/uploads\/2024\/10\/Tuculia-D.-Esminca-Anita.-inspector.pdf\" target=\"_blank\" rel=\"noreferrer noopener\">Tuculia D. Esminca-Ani\u021ba<\/a><\/li>\n\n\n\n<li><a href=\"https:\/\/primariamoldovanoua.ro\/wp-content\/uploads\/2024\/10\/Vitan-A.-Luci.-inspetor.pdf\" target=\"_blank\" rel=\"noreferrer noopener\">Vitan A. Luci<\/a><\/li>\n<\/ul>\n\n\n\n<h4 class=\"wp-block-heading\"><strong>REFEREN\u021aI:<\/strong><\/h4>\n\n\n\n<ul class=\"wp-block-list\">\n<li><a href=\"https:\/\/primariamoldovanoua.ro\/wp-content\/uploads\/2024\/10\/Cazacutu-M.-Spiridon.referent.pdf\" target=\"_blank\" rel=\"noreferrer noopener\">C\u0103z\u0103cu\u021bu M. Spiridon<\/a><\/li>\n\n\n\n<li><a href=\"https:\/\/primariamoldovanoua.ro\/wp-content\/uploads\/2024\/10\/Cornescu-N.-Nicolae-Marius.referent.pdf\" target=\"_blank\" rel=\"noreferrer noopener\">Cornescu N. Nicolae-Marius<\/a><\/li>\n\n\n\n<li><a href=\"https:\/\/primariamoldovanoua.ro\/wp-content\/uploads\/2024\/10\/Mihai-M.-Silvia.referent-superior.pdf\" target=\"_blank\" rel=\"noreferrer noopener\">Mihai M. Silvia<\/a><\/li>\n\n\n\n<li><a href=\"https:\/\/primariamoldovanoua.ro\/wp-content\/uploads\/2024\/10\/Muntean-G.-Sorina-Loredana.-referent.pdf\" target=\"_blank\" rel=\"noreferrer noopener\">Muntean G. Sorina-Loredana<\/a><\/li>\n\n\n\n<li><a href=\"https:\/\/primariamoldovanoua.ro\/wp-content\/uploads\/2024\/10\/Nicola-G.-Camelia.referent.pdf\" target=\"_blank\" rel=\"noreferrer noopener\">Nicola G. Camelia<\/a><\/li>\n\n\n\n<li><a href=\"https:\/\/primariamoldovanoua.ro\/wp-content\/uploads\/2024\/10\/Pascu-G.-Coarci.referent-superior.pdf\" target=\"_blank\" rel=\"noreferrer noopener\">Pascu G. Coarci<\/a><\/li>\n\n\n\n<li><a href=\"https:\/\/primariamoldovanoua.ro\/wp-content\/uploads\/2024\/10\/Stoicovici-I.-Rodica-Ileana.-referent-superior.pdf\" target=\"_blank\" rel=\"noreferrer noopener\">Stoicovici I. Rodica-Ileana<\/a><\/li>\n\n\n\n<li><a href=\"https:\/\/primariamoldovanoua.ro\/wp-content\/uploads\/2024\/10\/Tismanariu-I.-Ionica.referent.pdf\" target=\"_blank\" rel=\"noreferrer noopener\">Tism\u0103nariu I. Ionica<\/a><\/li>\n\n\n\n<li><a href=\"https:\/\/primariamoldovanoua.ro\/wp-content\/uploads\/2024\/10\/Tismonariu-I.-Mihaela-Dana.referent.pdf\" target=\"_blank\" rel=\"noreferrer noopener\">Tismonariu I. Mihaela-Dana<\/a><\/li>\n<\/ul>\n\n\n\n<h4 class=\"wp-block-heading\"><strong>CONSILIERI JURIDICI:<\/strong><\/h4>\n\n\n\n<ul class=\"wp-block-list\">\n<li><a href=\"https:\/\/primariamoldovanoua.ro\/wp-content\/uploads\/2024\/10\/Mirovici-G.-Lorena-Maria-Luciana.-consilier-juridic.revenire.pdf\" target=\"_blank\" rel=\"noreferrer noopener\">Mirovici G. Lorena-Maria-Luciana &#8211; revenire<\/a><\/li>\n\n\n\n<li><a href=\"https:\/\/primariamoldovanoua.ro\/wp-content\/uploads\/2024\/10\/Mirovici-G.-Lorena-Maria-Luciana.consilier-juridic.-anual-15-iunie.pdf\" target=\"_blank\" rel=\"noreferrer noopener\">Mirovici G. Lorena-Maria-Luciana &#8211; anual 15 iunie<\/a><\/li>\n\n\n\n<li><a href=\"https:\/\/primariamoldovanoua.ro\/wp-content\/uploads\/2024\/10\/Stoicovici-S.-Casiana-Maria.-consilier-juridic.pdf\" target=\"_blank\" rel=\"noreferrer noopener\">Stoicovici S. Casiana-Maria<\/a><\/li>\n<\/ul>\n\n\n\n<h4 class=\"wp-block-heading\"><strong>POLI\u021aIA LOCAL\u0102:<\/strong><\/h4>\n\n\n\n<ul class=\"wp-block-list\">\n<li><a href=\"https:\/\/primariamoldovanoua.ro\/wp-content\/uploads\/2024\/10\/Chiselita-I.-Ilie.politist-local.pdf\" target=\"_blank\" rel=\"noreferrer noopener\">Chiseli\u021b\u0103 I. Ilie<\/a><\/li>\n\n\n\n<li><a href=\"https:\/\/primariamoldovanoua.ro\/wp-content\/uploads\/2024\/10\/Cirpean-G.-Gheorghe.-politist-local.pdf\" target=\"_blank\" rel=\"noreferrer noopener\">C\u00eerpean G. Gheorghe<\/a><\/li>\n\n\n\n<li><a href=\"https:\/\/primariamoldovanoua.ro\/wp-content\/uploads\/2024\/10\/Iancovici-J.-Vladimir.-politist-local.pdf\" target=\"_blank\" rel=\"noreferrer noopener\">Iancovici J. Vladimir<\/a><\/li>\n\n\n\n<li><a href=\"https:\/\/primariamoldovanoua.ro\/wp-content\/uploads\/2024\/10\/Neag-P.-Ghita-Petrica.-politist-local.pdf\" target=\"_blank\" rel=\"noreferrer noopener\">Neag P. Ghi\u021ba-Petric\u0103<\/a><\/li>\n\n\n\n<li><a href=\"https:\/\/primariamoldovanoua.ro\/wp-content\/uploads\/2024\/10\/Nicolici-J.-Goran.politist-local.pdf\" target=\"_blank\" rel=\"noreferrer noopener\">Nicolici J. Goran<\/a><\/li>\n\n\n\n<li><a href=\"https:\/\/primariamoldovanoua.ro\/wp-content\/uploads\/2024\/10\/Petraru-I.-Gheorghe.politist-local.pdf\" target=\"_blank\" rel=\"noreferrer noopener\">Petraru I. Gheorghe<\/a><\/li>\n\n\n\n<li><a href=\"https:\/\/primariamoldovanoua.ro\/wp-content\/uploads\/2024\/10\/Stefanovici-M.-Adrian-Marius.politist-local.pdf\" target=\"_blank\" rel=\"noreferrer noopener\">Stefanovici M. Adrian-Marius<\/a><\/li>\n\n\n\n<li><a href=\"https:\/\/primariamoldovanoua.ro\/wp-content\/uploads\/2024\/10\/Stoicovici-I.-Ovidiu-Ionel.-politist-local.pdf\" target=\"_blank\" rel=\"noreferrer noopener\">Stoicovici I. Ovidiu-Ionel<\/a><\/li>\n\n\n\n<li><a href=\"https:\/\/primariamoldovanoua.ro\/wp-content\/uploads\/2024\/10\/Toran-G.-Gheorghe.politist-local.pdf\" target=\"_blank\" rel=\"noreferrer noopener\">Toran G. Gheorghe<\/a><\/li>\n\n\n\n<li><a href=\"https:\/\/primariamoldovanoua.ro\/wp-content\/uploads\/2024\/10\/Tudosa-M.-Daniel-Ionica.-politist-local.pdf\" target=\"_blank\" rel=\"noreferrer noopener\">Tudos\u0103 M. Daniel-Ionic\u0103<\/a><\/li>\n\n\n\n<li><a href=\"https:\/\/primariamoldovanoua.ro\/wp-content\/uploads\/2024\/10\/Vig-I.-Ioan-Daniel.-politist-local.pdf\" target=\"_blank\" rel=\"noreferrer noopener\">Vig I. Ioan-Daniel<\/a><\/li>\n<\/ul>\n","protected":false},"excerpt":{"rendered":"<p>PRIMAR: VICEPRIMAR: SECRETAR: DIRECTOR EXECUTIV: AUDITOR: INGINER \u015eEF \u0218EFI\/COORDONATORI SERVICII, BIROURI \u015eI COMPARTIMENTE: INSPECTORI: REFEREN\u021aI: CONSILIERI JURIDICI: POLI\u021aIA LOCAL\u0102:<\/p>\n","protected":false},"author":3,"featured_media":0,"parent":0,"menu_order":0,"comment_status":"closed","ping_status":"closed","template":"","meta":{"site-sidebar-layout":"default","site-content-layout":"","ast-site-content-layout":"default","site-content-style":"default","site-sidebar-style":"default","ast-global-header-display":"","ast-banner-title-visibility":"","ast-main-header-display":"","ast-hfb-above-header-display":"","ast-hfb-below-header-display":"","ast-hfb-mobile-header-display":"","site-post-title":"","ast-breadcrumbs-content":"","ast-featured-img":"","footer-sml-layout":"","theme-transparent-header-meta":"","adv-header-id-meta":"","stick-header-meta":"","header-above-stick-meta":"","header-main-stick-meta":"","header-below-stick-meta":"","astra-migrate-meta-layouts":"set","ast-page-background-enabled":"default","ast-page-background-meta":{"desktop":{"background-color":"","background-image":"","background-repeat":"repeat","background-position":"center center","background-size":"auto","background-attachment":"scroll","background-type":"","background-media":"","overlay-type":"","overlay-color":"","overlay-gradient":""},"tablet":{"background-color":"","background-image":"","background-repeat":"repeat","background-position":"center center","background-size":"auto","background-attachment":"scroll","background-type":"","background-media":"","overlay-type":"","overlay-color":"","overlay-gradient":""},"mobile":{"background-color":"","background-image":"","background-repeat":"repeat","background-position":"center center","background-size":"auto","background-attachment":"scroll","background-type":"","background-media":"","overlay-type":"","overlay-color":"","overlay-gradient":""}},"ast-content-background-meta":{"desktop":{"background-color":"var(--ast-global-color-5)","background-image":"","background-repeat":"repeat","background-position":"center center","background-size":"auto","background-attachment":"scroll","background-type":"","background-media":"","overlay-type":"","overlay-color":"","overlay-gradient":""},"tablet":{"background-color":"var(--ast-global-color-5)","background-image":"","background-repeat":"repeat","background-position":"center center","background-size":"auto","background-attachment":"scroll","background-type":"","background-media":"","overlay-type":"","overlay-color":"","overlay-gradient":""},"mobile":{"background-color":"var(--ast-global-color-5)","background-image":"","background-repeat":"repeat","background-position":"center center","background-size":"auto","background-attachment":"scroll","background-type":"","background-media":"","overlay-type":"","overlay-color":"","overlay-gradient":""}},"footnotes":""},"class_list":["post-10423","page","type-page","status-publish","hentry"],"yoast_head":"<!-- This site is optimized with the Yoast SEO plugin v27.0 - https:\/\/yoast.com\/product\/yoast-seo-wordpress\/ -->\n<title>Arhiv\u0103 2024 - Prim\u0103riaMoldovaNou\u0103.ro<\/title>\n<meta name=\"robots\" content=\"index, follow, max-snippet:-1, max-image-preview:large, max-video-preview:-1\" \/>\n<link rel=\"canonical\" href=\"https:\/\/primariamoldovanoua.ro\/index.php\/arhiva-2024\/\" \/>\n<meta property=\"og:locale\" content=\"en_US\" \/>\n<meta property=\"og:type\" content=\"article\" \/>\n<meta property=\"og:title\" content=\"Arhiv\u0103 2024 - Prim\u0103riaMoldovaNou\u0103.ro\" \/>\n<meta property=\"og:description\" content=\"PRIMAR: VICEPRIMAR: SECRETAR: DIRECTOR EXECUTIV: AUDITOR: INGINER \u015eEF \u0218EFI\/COORDONATORI SERVICII, BIROURI \u015eI COMPARTIMENTE: INSPECTORI: REFEREN\u021aI: CONSILIERI JURIDICI: POLI\u021aIA LOCAL\u0102:\" \/>\n<meta property=\"og:url\" content=\"https:\/\/primariamoldovanoua.ro\/index.php\/arhiva-2024\/\" \/>\n<meta property=\"og:site_name\" content=\"Prim\u0103riaMoldovaNou\u0103.ro\" \/>\n<meta property=\"article:modified_time\" content=\"2024-10-11T10:04:59+00:00\" \/>\n<meta name=\"twitter:card\" content=\"summary_large_image\" \/>\n<meta name=\"twitter:label1\" content=\"Est. reading time\" \/>\n\t<meta name=\"twitter:data1\" content=\"1 minute\" \/>\n<script type=\"application\/ld+json\" class=\"yoast-schema-graph\">{\"@context\":\"https:\/\/schema.org\",\"@graph\":[{\"@type\":\"WebPage\",\"@id\":\"https:\/\/primariamoldovanoua.ro\/index.php\/arhiva-2024\/\",\"url\":\"https:\/\/primariamoldovanoua.ro\/index.php\/arhiva-2024\/\",\"name\":\"Arhiv\u0103 2024 - Prim\u0103riaMoldovaNou\u0103.ro\",\"isPartOf\":{\"@id\":\"https:\/\/primariamoldovanoua.ro\/#website\"},\"datePublished\":\"2024-10-11T08:33:11+00:00\",\"dateModified\":\"2024-10-11T10:04:59+00:00\",\"breadcrumb\":{\"@id\":\"https:\/\/primariamoldovanoua.ro\/index.php\/arhiva-2024\/#breadcrumb\"},\"inLanguage\":\"en-US\",\"potentialAction\":[{\"@type\":\"ReadAction\",\"target\":[\"https:\/\/primariamoldovanoua.ro\/index.php\/arhiva-2024\/\"]}]},{\"@type\":\"BreadcrumbList\",\"@id\":\"https:\/\/primariamoldovanoua.ro\/index.php\/arhiva-2024\/#breadcrumb\",\"itemListElement\":[{\"@type\":\"ListItem\",\"position\":1,\"name\":\"Home\",\"item\":\"https:\/\/primariamoldovanoua.ro\/\"},{\"@type\":\"ListItem\",\"position\":2,\"name\":\"Arhiv\u0103 2024\"}]},{\"@type\":\"WebSite\",\"@id\":\"https:\/\/primariamoldovanoua.ro\/#website\",\"url\":\"https:\/\/primariamoldovanoua.ro\/\",\"name\":\"Prim\u0103riaMoldovaNou\u0103.ro\",\"description\":\"Site-ul oficial al UAT Moldova Nou\u0103, jude\u0163ul Cara\u015f-Severin\",\"publisher\":{\"@id\":\"https:\/\/primariamoldovanoua.ro\/#organization\"},\"potentialAction\":[{\"@type\":\"SearchAction\",\"target\":{\"@type\":\"EntryPoint\",\"urlTemplate\":\"https:\/\/primariamoldovanoua.ro\/?s={search_term_string}\"},\"query-input\":{\"@type\":\"PropertyValueSpecification\",\"valueRequired\":true,\"valueName\":\"search_term_string\"}}],\"inLanguage\":\"en-US\"},{\"@type\":\"Organization\",\"@id\":\"https:\/\/primariamoldovanoua.ro\/#organization\",\"name\":\"Prim\u0103riaMoldovaNou\u0103.ro\",\"url\":\"https:\/\/primariamoldovanoua.ro\/\",\"logo\":{\"@type\":\"ImageObject\",\"inLanguage\":\"en-US\",\"@id\":\"https:\/\/primariamoldovanoua.ro\/#\/schema\/logo\/image\/\",\"url\":\"https:\/\/primariamoldovanoua.ro\/wp-content\/uploads\/2021\/04\/cropped-Logo-Moldova-Noua-M-1.png\",\"contentUrl\":\"https:\/\/primariamoldovanoua.ro\/wp-content\/uploads\/2021\/04\/cropped-Logo-Moldova-Noua-M-1.png\",\"width\":158,\"height\":250,\"caption\":\"Prim\u0103riaMoldovaNou\u0103.ro\"},\"image\":{\"@id\":\"https:\/\/primariamoldovanoua.ro\/#\/schema\/logo\/image\/\"}}]}<\/script>\n<!-- \/ Yoast SEO plugin. -->","yoast_head_json":{"title":"Arhiv\u0103 2024 - Prim\u0103riaMoldovaNou\u0103.ro","robots":{"index":"index","follow":"follow","max-snippet":"max-snippet:-1","max-image-preview":"max-image-preview:large","max-video-preview":"max-video-preview:-1"},"canonical":"https:\/\/primariamoldovanoua.ro\/index.php\/arhiva-2024\/","og_locale":"en_US","og_type":"article","og_title":"Arhiv\u0103 2024 - Prim\u0103riaMoldovaNou\u0103.ro","og_description":"PRIMAR: VICEPRIMAR: SECRETAR: DIRECTOR EXECUTIV: AUDITOR: INGINER \u015eEF \u0218EFI\/COORDONATORI SERVICII, BIROURI \u015eI COMPARTIMENTE: INSPECTORI: REFEREN\u021aI: CONSILIERI JURIDICI: POLI\u021aIA LOCAL\u0102:","og_url":"https:\/\/primariamoldovanoua.ro\/index.php\/arhiva-2024\/","og_site_name":"Prim\u0103riaMoldovaNou\u0103.ro","article_modified_time":"2024-10-11T10:04:59+00:00","twitter_card":"summary_large_image","twitter_misc":{"Est. reading time":"1 minute"},"schema":{"@context":"https:\/\/schema.org","@graph":[{"@type":"WebPage","@id":"https:\/\/primariamoldovanoua.ro\/index.php\/arhiva-2024\/","url":"https:\/\/primariamoldovanoua.ro\/index.php\/arhiva-2024\/","name":"Arhiv\u0103 2024 - Prim\u0103riaMoldovaNou\u0103.ro","isPartOf":{"@id":"https:\/\/primariamoldovanoua.ro\/#website"},"datePublished":"2024-10-11T08:33:11+00:00","dateModified":"2024-10-11T10:04:59+00:00","breadcrumb":{"@id":"https:\/\/primariamoldovanoua.ro\/index.php\/arhiva-2024\/#breadcrumb"},"inLanguage":"en-US","potentialAction":[{"@type":"ReadAction","target":["https:\/\/primariamoldovanoua.ro\/index.php\/arhiva-2024\/"]}]},{"@type":"BreadcrumbList","@id":"https:\/\/primariamoldovanoua.ro\/index.php\/arhiva-2024\/#breadcrumb","itemListElement":[{"@type":"ListItem","position":1,"name":"Home","item":"https:\/\/primariamoldovanoua.ro\/"},{"@type":"ListItem","position":2,"name":"Arhiv\u0103 2024"}]},{"@type":"WebSite","@id":"https:\/\/primariamoldovanoua.ro\/#website","url":"https:\/\/primariamoldovanoua.ro\/","name":"Prim\u0103riaMoldovaNou\u0103.ro","description":"Site-ul oficial al UAT Moldova Nou\u0103, jude\u0163ul Cara\u015f-Severin","publisher":{"@id":"https:\/\/primariamoldovanoua.ro\/#organization"},"potentialAction":[{"@type":"SearchAction","target":{"@type":"EntryPoint","urlTemplate":"https:\/\/primariamoldovanoua.ro\/?s={search_term_string}"},"query-input":{"@type":"PropertyValueSpecification","valueRequired":true,"valueName":"search_term_string"}}],"inLanguage":"en-US"},{"@type":"Organization","@id":"https:\/\/primariamoldovanoua.ro\/#organization","name":"Prim\u0103riaMoldovaNou\u0103.ro","url":"https:\/\/primariamoldovanoua.ro\/","logo":{"@type":"ImageObject","inLanguage":"en-US","@id":"https:\/\/primariamoldovanoua.ro\/#\/schema\/logo\/image\/","url":"https:\/\/primariamoldovanoua.ro\/wp-content\/uploads\/2021\/04\/cropped-Logo-Moldova-Noua-M-1.png","contentUrl":"https:\/\/primariamoldovanoua.ro\/wp-content\/uploads\/2021\/04\/cropped-Logo-Moldova-Noua-M-1.png","width":158,"height":250,"caption":"Prim\u0103riaMoldovaNou\u0103.ro"},"image":{"@id":"https:\/\/primariamoldovanoua.ro\/#\/schema\/logo\/image\/"}}]}},"_links":{"self":[{"href":"https:\/\/primariamoldovanoua.ro\/index.php\/wp-json\/wp\/v2\/pages\/10423","targetHints":{"allow":["GET"]}}],"collection":[{"href":"https:\/\/primariamoldovanoua.ro\/index.php\/wp-json\/wp\/v2\/pages"}],"about":[{"href":"https:\/\/primariamoldovanoua.ro\/index.php\/wp-json\/wp\/v2\/types\/page"}],"author":[{"embeddable":true,"href":"https:\/\/primariamoldovanoua.ro\/index.php\/wp-json\/wp\/v2\/users\/3"}],"replies":[{"embeddable":true,"href":"https:\/\/primariamoldovanoua.ro\/index.php\/wp-json\/wp\/v2\/comments?post=10423"}],"version-history":[{"count":8,"href":"https:\/\/primariamoldovanoua.ro\/index.php\/wp-json\/wp\/v2\/pages\/10423\/revisions"}],"predecessor-version":[{"id":10617,"href":"https:\/\/primariamoldovanoua.ro\/index.php\/wp-json\/wp\/v2\/pages\/10423\/revisions\/10617"}],"wp:attachment":[{"href":"https:\/\/primariamoldovanoua.ro\/index.php\/wp-json\/wp\/v2\/media?parent=10423"}],"curies":[{"name":"wp","href":"https:\/\/api.w.org\/{rel}","templated":true}]}}