{"id":10866,"date":"2024-11-18T20:23:59","date_gmt":"2024-11-18T18:23:59","guid":{"rendered":"https:\/\/primariamoldovanoua.ro\/?page_id=10866"},"modified":"2026-03-26T16:43:32","modified_gmt":"2026-03-26T14:43:32","slug":"proiecte-finantate-prin-programul-regional-vest","status":"publish","type":"page","link":"https:\/\/primariamoldovanoua.ro\/index.php\/proiecte-finantate-prin-programul-regional-vest\/","title":{"rendered":"Proiecte finan\u0163ate prin Programul Regional Vest"},"content":{"rendered":"\n<p><a href=\"https:\/\/primariamoldovanoua.ro\/index.php\/modernizarea-extinderea-si-cresterea-eficientei-energetice-a-retelei-de-iluminat-public-din-orasul-moldova-noua-cod-smis-324380\/\">Modernizarea, extinderea \u0219i cre\u0219terea eficien\u021bei energetice a re\u021belei de iluminat public din ora\u0219ul Moldova Nou\u0103, Cod SMIS 324380<\/a><\/p>\n\n\n\n<p><a href=\"https:\/\/primariamoldovanoua.ro\/index.php\/reabilitare-si-modernizare-spatii-verzi-si-zone-pietonale-in-orasul-moldova-noua-cod-smis-328283\/\">Reabilitare \u015fi modernizare spa\u0163ii verzi \u015fi zone pietonale \u00een ora\u015ful Moldova Nou\u0103, Cod SMIS 328283<\/a><\/p>\n\n\n\n<p><a href=\"https:\/\/primariamoldovanoua.ro\/index.php\/2025\/06\/12\/reabilitare-si-modernizare-spatii-verzi-si-zone-pietonale-in-orasul-moldova-noua-cod-smis-328283\/\">\u00cembun\u0103t\u0103\u0163irea calit\u0103\u0163ii vie\u0163ii popula\u0163iei \u00een ora\u015fele mici \u015fi mijlocii din Rom\u00e2nia, din cadrul Programului Opera\u0163ional Regional 2014-2020, Cod SMIS 324371<\/a><\/p>\n\n\n\n<p><a href=\"https:\/\/primariamoldovanoua.ro\/index.php\/imbunatatirea-calitatii-vietii-pentru-locuitorii-orasului-moldova-noua-din-zona-adiacenta-scolii-gimnaziale-sofia-arcancod-smis-324195\/\">\u00cembunata\u021birea calit\u0103\u021bii vie\u021bii pentru locuitorii ora\u0219ului Moldova Nou\u0103 din zona adiacent\u0103 \u0218colii Gimnaziale Sofia Arcan, Cod SMIS 324195<\/a><\/p>\n\n\n\n<p><a href=\"https:\/\/primariamoldovanoua.ro\/index.php\/reabilitare-modernizare-scoala-gimnaziala-alexandru-moisi-moldova-noua-sala-de-sport-si-dependinte-cod-smis-324182\/\">Reabilitare, modernizare Scoala Gimnazial\u0103 &#8220;Alexandru Moisi\u201d Moldova Nou\u0103, Sala de sport \u0219i dependin\u021be, Cod SMIS 324182<\/a><\/p>\n\n\n\n<p><a href=\"https:\/\/primariamoldovanoua.ro\/index.php\/2025\/08\/25\/anunt-implementare-proiect-reabilitarea-modernizarea-si-extinderea-gradinitei-cu-program-prelungit-licuricii-moldova-noua-si-amenajarea-spatiilor-publice-adiacente-cod-smis-12\/\">Reabilitarea, modernizarea \u0219i extinderea Gr\u0103dini\u021bei cu Program Prelungit ,,Licuricii\u201d Moldova Nou\u0103 \u0219i amenajarea spa\u021biilor publice adiacente, Cod SMIS 126394<\/a><\/p>\n\n\n\n<p><a href=\"https:\/\/primariamoldovanoua.ro\/index.php\/eficientizare-energetica-in-cladiri-rezidentiale-bloc-nr-50-strada-sfanta-varvara-oras-moldova-noua-cod-smis-347148\/\">EFICIENTIZARE ENERGETIC\u0102 \u00ceN CL\u0102DIRI REZIDEN\u021aIALE- BLOC NR. 50, STRADA SF\u00c2NTA VARVARA, ORA\u0218 MOLDOVA NOU\u0102, cod SMIS 347148<\/a><\/p>\n\n\n\n<p><a href=\"https:\/\/primariamoldovanoua.ro\/index.php\/eficientizare-energetica-in-cladiri-rezidentiale-bloc-nr-17-aleea-mihai-viteazu-oras-moldova-noua-cod-smis-347336\/\">EFICIENTIZARE ENERGETIC\u0102 \u00ceN CL\u0102DIRI REZIDEN\u021aIALE- BLOC NR. 17, ALEEA MIHAI VITEAZU, ORA\u0218 MOLDOVA NOU\u0102, cod SMIS 347336<\/a><\/p>\n\n\n\n<p><a href=\"https:\/\/primariamoldovanoua.ro\/index.php\/eficientizarea-energetica-in-cladiri-rezidentiale-bloc-nr-15-strada-alexandru-ioan-cuza-oras-moldova-noua-cod-smis-347335\/\">EFICIENTIZAREA ENERGETIC\u0102 \u00ceN CL\u0102DIRI REZIDEN\u021aIALE -BLOC NR. 15, STRADA ALEXANDRU IOAN CUZA, ORA\u0218 MOLDOVA NOU\u0102, cod SMIS 347335<\/a><\/p>\n\n\n\n<p><a href=\"https:\/\/primariamoldovanoua.ro\/index.php\/eficientizare-energetica-in-cladiri-rezidentiale-bloc-nr-12-strada-alexandru-ioan-cuza-oras-moldova-nouacod-smis-347200\/\">EFICIENTIZARE ENERGETIC\u0102 \u00ceN CL\u0102DIRI REZIDEN\u021aIALE- BLOC NR. 12, STRADA ALEXANDRU IOAN CUZA, ORA\u0218 MOLDOVA NOU\u0102, cod SMIS 347200<\/a><\/p>\n\n\n\n<p><a href=\"https:\/\/primariamoldovanoua.ro\/index.php\/eficientizare-energetica-in-cladiri-rezidentiale-bloc-nr-8-aleea-stefan-cel-mare-oras-moldova-noua-cod-smis-347147\/\">EFICIENTIZARE ENERGETIC\u0102 \u00ceN CL\u0102DIRI REZIDEN\u021aIALE- BLOC NR. 8, ALEEA \u0218TEFAN CEL MARE, ORA\u0218 MOLDOVA NOU\u0102, cod SMIS 347147<\/a><\/p>\n\n\n\n<p><a href=\"https:\/\/primariamoldovanoua.ro\/index.php\/revitalizare-si-regenerare-urbana-in-orasul-moldova-noua-prin-programul-regional-vest-2021-2027-cod-smis-336181\/\">REVITALIZARE \u0218I REGENERARE URBAN\u0102 \u00ceN ORA\u0218UL MOLDOVA NOU\u0102 PRIN PROGRAMUL REGIONAL VEST 2021- 2027\u2019,\u00a0Cod SMIS\u00a0336181<\/a><\/p>\n\n\n\n<p><\/p>\n","protected":false},"excerpt":{"rendered":"<p>Modernizarea, extinderea \u0219i cre\u0219terea eficien\u021bei energetice a re\u021belei de iluminat public din ora\u0219ul Moldova Nou\u0103, Cod SMIS 324380 Reabilitare \u015fi modernizare spa\u0163ii verzi \u015fi zone pietonale \u00een ora\u015ful Moldova Nou\u0103, Cod SMIS 328283 \u00cembun\u0103t\u0103\u0163irea calit\u0103\u0163ii vie\u0163ii popula\u0163iei \u00een ora\u015fele mici \u015fi mijlocii din Rom\u00e2nia, din cadrul Programului Opera\u0163ional Regional 2014-2020, Cod SMIS 324371 \u00cembunata\u021birea calit\u0103\u021bii [&hellip;]<\/p>\n","protected":false},"author":3,"featured_media":0,"parent":0,"menu_order":0,"comment_status":"closed","ping_status":"closed","template":"","meta":{"site-sidebar-layout":"default","site-content-layout":"","ast-site-content-layout":"default","site-content-style":"default","site-sidebar-style":"default","ast-global-header-display":"","ast-banner-title-visibility":"","ast-main-header-display":"","ast-hfb-above-header-display":"","ast-hfb-below-header-display":"","ast-hfb-mobile-header-display":"","site-post-title":"","ast-breadcrumbs-content":"","ast-featured-img":"","footer-sml-layout":"","theme-transparent-header-meta":"","adv-header-id-meta":"","stick-header-meta":"","header-above-stick-meta":"","header-main-stick-meta":"","header-below-stick-meta":"","astra-migrate-meta-layouts":"set","ast-page-background-enabled":"default","ast-page-background-meta":{"desktop":{"background-color":"","background-image":"","background-repeat":"repeat","background-position":"center center","background-size":"auto","background-attachment":"scroll","background-type":"","background-media":"","overlay-type":"","overlay-color":"","overlay-gradient":""},"tablet":{"background-color":"","background-image":"","background-repeat":"repeat","background-position":"center center","background-size":"auto","background-attachment":"scroll","background-type":"","background-media":"","overlay-type":"","overlay-color":"","overlay-gradient":""},"mobile":{"background-color":"","background-image":"","background-repeat":"repeat","background-position":"center center","background-size":"auto","background-attachment":"scroll","background-type":"","background-media":"","overlay-type":"","overlay-color":"","overlay-gradient":""}},"ast-content-background-meta":{"desktop":{"background-color":"var(--ast-global-color-5)","background-image":"","background-repeat":"repeat","background-position":"center center","background-size":"auto","background-attachment":"scroll","background-type":"","background-media":"","overlay-type":"","overlay-color":"","overlay-gradient":""},"tablet":{"background-color":"var(--ast-global-color-5)","background-image":"","background-repeat":"repeat","background-position":"center center","background-size":"auto","background-attachment":"scroll","background-type":"","background-media":"","overlay-type":"","overlay-color":"","overlay-gradient":""},"mobile":{"background-color":"var(--ast-global-color-5)","background-image":"","background-repeat":"repeat","background-position":"center center","background-size":"auto","background-attachment":"scroll","background-type":"","background-media":"","overlay-type":"","overlay-color":"","overlay-gradient":""}},"footnotes":""},"class_list":["post-10866","page","type-page","status-publish","hentry"],"yoast_head":"<!-- This site is optimized with the Yoast SEO plugin v27.0 - https:\/\/yoast.com\/product\/yoast-seo-wordpress\/ -->\n<title>Proiecte finan\u0163ate prin Programul Regional Vest - Prim\u0103riaMoldovaNou\u0103.ro<\/title>\n<meta name=\"robots\" content=\"index, follow, max-snippet:-1, max-image-preview:large, max-video-preview:-1\" \/>\n<link rel=\"canonical\" href=\"https:\/\/primariamoldovanoua.ro\/index.php\/proiecte-finantate-prin-programul-regional-vest\/\" \/>\n<meta property=\"og:locale\" content=\"en_US\" \/>\n<meta property=\"og:type\" content=\"article\" \/>\n<meta property=\"og:title\" content=\"Proiecte finan\u0163ate prin Programul Regional Vest - Prim\u0103riaMoldovaNou\u0103.ro\" \/>\n<meta property=\"og:description\" content=\"Modernizarea, extinderea \u0219i cre\u0219terea eficien\u021bei energetice a re\u021belei de iluminat public din ora\u0219ul Moldova Nou\u0103, Cod SMIS 324380 Reabilitare \u015fi modernizare spa\u0163ii verzi \u015fi zone pietonale \u00een ora\u015ful Moldova Nou\u0103, Cod SMIS 328283 \u00cembun\u0103t\u0103\u0163irea calit\u0103\u0163ii vie\u0163ii popula\u0163iei \u00een ora\u015fele mici \u015fi mijlocii din Rom\u00e2nia, din cadrul Programului Opera\u0163ional Regional 2014-2020, Cod SMIS 324371 \u00cembunata\u021birea calit\u0103\u021bii [&hellip;]\" \/>\n<meta property=\"og:url\" content=\"https:\/\/primariamoldovanoua.ro\/index.php\/proiecte-finantate-prin-programul-regional-vest\/\" \/>\n<meta property=\"og:site_name\" content=\"Prim\u0103riaMoldovaNou\u0103.ro\" \/>\n<meta property=\"article:modified_time\" content=\"2026-03-26T14:43:32+00:00\" \/>\n<meta name=\"twitter:card\" content=\"summary_large_image\" \/>\n<meta name=\"twitter:label1\" content=\"Est. reading time\" \/>\n\t<meta name=\"twitter:data1\" content=\"1 minute\" \/>\n<script type=\"application\/ld+json\" class=\"yoast-schema-graph\">{\"@context\":\"https:\/\/schema.org\",\"@graph\":[{\"@type\":\"WebPage\",\"@id\":\"https:\/\/primariamoldovanoua.ro\/index.php\/proiecte-finantate-prin-programul-regional-vest\/\",\"url\":\"https:\/\/primariamoldovanoua.ro\/index.php\/proiecte-finantate-prin-programul-regional-vest\/\",\"name\":\"Proiecte finan\u0163ate prin Programul Regional Vest - Prim\u0103riaMoldovaNou\u0103.ro\",\"isPartOf\":{\"@id\":\"https:\/\/primariamoldovanoua.ro\/#website\"},\"datePublished\":\"2024-11-18T18:23:59+00:00\",\"dateModified\":\"2026-03-26T14:43:32+00:00\",\"breadcrumb\":{\"@id\":\"https:\/\/primariamoldovanoua.ro\/index.php\/proiecte-finantate-prin-programul-regional-vest\/#breadcrumb\"},\"inLanguage\":\"en-US\",\"potentialAction\":[{\"@type\":\"ReadAction\",\"target\":[\"https:\/\/primariamoldovanoua.ro\/index.php\/proiecte-finantate-prin-programul-regional-vest\/\"]}]},{\"@type\":\"BreadcrumbList\",\"@id\":\"https:\/\/primariamoldovanoua.ro\/index.php\/proiecte-finantate-prin-programul-regional-vest\/#breadcrumb\",\"itemListElement\":[{\"@type\":\"ListItem\",\"position\":1,\"name\":\"Home\",\"item\":\"https:\/\/primariamoldovanoua.ro\/\"},{\"@type\":\"ListItem\",\"position\":2,\"name\":\"Proiecte finan\u0163ate prin Programul Regional Vest\"}]},{\"@type\":\"WebSite\",\"@id\":\"https:\/\/primariamoldovanoua.ro\/#website\",\"url\":\"https:\/\/primariamoldovanoua.ro\/\",\"name\":\"Prim\u0103riaMoldovaNou\u0103.ro\",\"description\":\"Site-ul oficial al UAT Moldova Nou\u0103, jude\u0163ul Cara\u015f-Severin\",\"publisher\":{\"@id\":\"https:\/\/primariamoldovanoua.ro\/#organization\"},\"potentialAction\":[{\"@type\":\"SearchAction\",\"target\":{\"@type\":\"EntryPoint\",\"urlTemplate\":\"https:\/\/primariamoldovanoua.ro\/?s={search_term_string}\"},\"query-input\":{\"@type\":\"PropertyValueSpecification\",\"valueRequired\":true,\"valueName\":\"search_term_string\"}}],\"inLanguage\":\"en-US\"},{\"@type\":\"Organization\",\"@id\":\"https:\/\/primariamoldovanoua.ro\/#organization\",\"name\":\"Prim\u0103riaMoldovaNou\u0103.ro\",\"url\":\"https:\/\/primariamoldovanoua.ro\/\",\"logo\":{\"@type\":\"ImageObject\",\"inLanguage\":\"en-US\",\"@id\":\"https:\/\/primariamoldovanoua.ro\/#\/schema\/logo\/image\/\",\"url\":\"https:\/\/primariamoldovanoua.ro\/wp-content\/uploads\/2021\/04\/cropped-Logo-Moldova-Noua-M-1.png\",\"contentUrl\":\"https:\/\/primariamoldovanoua.ro\/wp-content\/uploads\/2021\/04\/cropped-Logo-Moldova-Noua-M-1.png\",\"width\":158,\"height\":250,\"caption\":\"Prim\u0103riaMoldovaNou\u0103.ro\"},\"image\":{\"@id\":\"https:\/\/primariamoldovanoua.ro\/#\/schema\/logo\/image\/\"}}]}<\/script>\n<!-- \/ Yoast SEO plugin. -->","yoast_head_json":{"title":"Proiecte finan\u0163ate prin Programul Regional Vest - Prim\u0103riaMoldovaNou\u0103.ro","robots":{"index":"index","follow":"follow","max-snippet":"max-snippet:-1","max-image-preview":"max-image-preview:large","max-video-preview":"max-video-preview:-1"},"canonical":"https:\/\/primariamoldovanoua.ro\/index.php\/proiecte-finantate-prin-programul-regional-vest\/","og_locale":"en_US","og_type":"article","og_title":"Proiecte finan\u0163ate prin Programul Regional Vest - Prim\u0103riaMoldovaNou\u0103.ro","og_description":"Modernizarea, extinderea \u0219i cre\u0219terea eficien\u021bei energetice a re\u021belei de iluminat public din ora\u0219ul Moldova Nou\u0103, Cod SMIS 324380 Reabilitare \u015fi modernizare spa\u0163ii verzi \u015fi zone pietonale \u00een ora\u015ful Moldova Nou\u0103, Cod SMIS 328283 \u00cembun\u0103t\u0103\u0163irea calit\u0103\u0163ii vie\u0163ii popula\u0163iei \u00een ora\u015fele mici \u015fi mijlocii din Rom\u00e2nia, din cadrul Programului Opera\u0163ional Regional 2014-2020, Cod SMIS 324371 \u00cembunata\u021birea calit\u0103\u021bii [&hellip;]","og_url":"https:\/\/primariamoldovanoua.ro\/index.php\/proiecte-finantate-prin-programul-regional-vest\/","og_site_name":"Prim\u0103riaMoldovaNou\u0103.ro","article_modified_time":"2026-03-26T14:43:32+00:00","twitter_card":"summary_large_image","twitter_misc":{"Est. reading time":"1 minute"},"schema":{"@context":"https:\/\/schema.org","@graph":[{"@type":"WebPage","@id":"https:\/\/primariamoldovanoua.ro\/index.php\/proiecte-finantate-prin-programul-regional-vest\/","url":"https:\/\/primariamoldovanoua.ro\/index.php\/proiecte-finantate-prin-programul-regional-vest\/","name":"Proiecte finan\u0163ate prin Programul Regional Vest - Prim\u0103riaMoldovaNou\u0103.ro","isPartOf":{"@id":"https:\/\/primariamoldovanoua.ro\/#website"},"datePublished":"2024-11-18T18:23:59+00:00","dateModified":"2026-03-26T14:43:32+00:00","breadcrumb":{"@id":"https:\/\/primariamoldovanoua.ro\/index.php\/proiecte-finantate-prin-programul-regional-vest\/#breadcrumb"},"inLanguage":"en-US","potentialAction":[{"@type":"ReadAction","target":["https:\/\/primariamoldovanoua.ro\/index.php\/proiecte-finantate-prin-programul-regional-vest\/"]}]},{"@type":"BreadcrumbList","@id":"https:\/\/primariamoldovanoua.ro\/index.php\/proiecte-finantate-prin-programul-regional-vest\/#breadcrumb","itemListElement":[{"@type":"ListItem","position":1,"name":"Home","item":"https:\/\/primariamoldovanoua.ro\/"},{"@type":"ListItem","position":2,"name":"Proiecte finan\u0163ate prin Programul Regional Vest"}]},{"@type":"WebSite","@id":"https:\/\/primariamoldovanoua.ro\/#website","url":"https:\/\/primariamoldovanoua.ro\/","name":"Prim\u0103riaMoldovaNou\u0103.ro","description":"Site-ul oficial al UAT Moldova Nou\u0103, jude\u0163ul Cara\u015f-Severin","publisher":{"@id":"https:\/\/primariamoldovanoua.ro\/#organization"},"potentialAction":[{"@type":"SearchAction","target":{"@type":"EntryPoint","urlTemplate":"https:\/\/primariamoldovanoua.ro\/?s={search_term_string}"},"query-input":{"@type":"PropertyValueSpecification","valueRequired":true,"valueName":"search_term_string"}}],"inLanguage":"en-US"},{"@type":"Organization","@id":"https:\/\/primariamoldovanoua.ro\/#organization","name":"Prim\u0103riaMoldovaNou\u0103.ro","url":"https:\/\/primariamoldovanoua.ro\/","logo":{"@type":"ImageObject","inLanguage":"en-US","@id":"https:\/\/primariamoldovanoua.ro\/#\/schema\/logo\/image\/","url":"https:\/\/primariamoldovanoua.ro\/wp-content\/uploads\/2021\/04\/cropped-Logo-Moldova-Noua-M-1.png","contentUrl":"https:\/\/primariamoldovanoua.ro\/wp-content\/uploads\/2021\/04\/cropped-Logo-Moldova-Noua-M-1.png","width":158,"height":250,"caption":"Prim\u0103riaMoldovaNou\u0103.ro"},"image":{"@id":"https:\/\/primariamoldovanoua.ro\/#\/schema\/logo\/image\/"}}]}},"_links":{"self":[{"href":"https:\/\/primariamoldovanoua.ro\/index.php\/wp-json\/wp\/v2\/pages\/10866","targetHints":{"allow":["GET"]}}],"collection":[{"href":"https:\/\/primariamoldovanoua.ro\/index.php\/wp-json\/wp\/v2\/pages"}],"about":[{"href":"https:\/\/primariamoldovanoua.ro\/index.php\/wp-json\/wp\/v2\/types\/page"}],"author":[{"embeddable":true,"href":"https:\/\/primariamoldovanoua.ro\/index.php\/wp-json\/wp\/v2\/users\/3"}],"replies":[{"embeddable":true,"href":"https:\/\/primariamoldovanoua.ro\/index.php\/wp-json\/wp\/v2\/comments?post=10866"}],"version-history":[{"count":20,"href":"https:\/\/primariamoldovanoua.ro\/index.php\/wp-json\/wp\/v2\/pages\/10866\/revisions"}],"predecessor-version":[{"id":13701,"href":"https:\/\/primariamoldovanoua.ro\/index.php\/wp-json\/wp\/v2\/pages\/10866\/revisions\/13701"}],"wp:attachment":[{"href":"https:\/\/primariamoldovanoua.ro\/index.php\/wp-json\/wp\/v2\/media?parent=10866"}],"curies":[{"name":"wp","href":"https:\/\/api.w.org\/{rel}","templated":true}]}}