{"id":11204,"date":"2025-02-05T14:00:42","date_gmt":"2025-02-05T12:00:42","guid":{"rendered":"https:\/\/primariamoldovanoua.ro\/?page_id=11204"},"modified":"2025-03-31T08:45:01","modified_gmt":"2025-03-31T06:45:01","slug":"modernizarea-extinderea-si-cresterea-eficientei-energetice-a-retelei-de-iluminat-public-din-orasul-moldova-noua-cod-smis-324380","status":"publish","type":"page","link":"https:\/\/primariamoldovanoua.ro\/index.php\/modernizarea-extinderea-si-cresterea-eficientei-energetice-a-retelei-de-iluminat-public-din-orasul-moldova-noua-cod-smis-324380\/","title":{"rendered":"Modernizarea, extinderea \u0219i cre\u0219terea eficien\u021bei energetice a re\u021belei de iluminat public din ora\u0219ul Moldova Nou\u0103, Cod SMIS 324380"},"content":{"rendered":"\n<p><a href=\"https:\/\/primariamoldovanoua.ro\/index.php\/2024\/10\/03\/investitii-pentru-eficientizare-energetica-cu-fonduri-europene\/\">Anunt &#8211; Implementare proiect -Modernizarea, extinderea \u0219i cre\u0219terea eficien\u021bei energetice a re\u021belei de iluminat public din ora\u0219ul Moldova Nou\u0103, Cod SMIS 324380<\/a><\/p>\n\n\n\n<p><a href=\"https:\/\/primariamoldovanoua.ro\/wp-content\/uploads\/2025\/03\/Descrierea-proiectului-Iluminat.pdf\">Descrierea proiectului Iluminat<\/a><\/p>\n\n\n\n<p><a href=\"https:\/\/primariamoldovanoua.ro\/wp-content\/uploads\/2025\/03\/Lista-contractelor-de-achizitie-Iluminat-1.pdf\">Lista contractelor de achizitie Iluminat<\/a><\/p>\n\n\n\n<p><\/p>\n","protected":false},"excerpt":{"rendered":"<p>Anunt &#8211; Implementare proiect -Modernizarea, extinderea \u0219i cre\u0219terea eficien\u021bei energetice a re\u021belei de iluminat public din ora\u0219ul Moldova Nou\u0103, Cod SMIS 324380 Descrierea proiectului Iluminat Lista contractelor de achizitie Iluminat<\/p>\n","protected":false},"author":5,"featured_media":0,"parent":0,"menu_order":0,"comment_status":"closed","ping_status":"closed","template":"","meta":{"site-sidebar-layout":"default","site-content-layout":"","ast-site-content-layout":"default","site-content-style":"default","site-sidebar-style":"default","ast-global-header-display":"","ast-banner-title-visibility":"","ast-main-header-display":"","ast-hfb-above-header-display":"","ast-hfb-below-header-display":"","ast-hfb-mobile-header-display":"","site-post-title":"","ast-breadcrumbs-content":"","ast-featured-img":"","footer-sml-layout":"","theme-transparent-header-meta":"","adv-header-id-meta":"","stick-header-meta":"","header-above-stick-meta":"","header-main-stick-meta":"","header-below-stick-meta":"","astra-migrate-meta-layouts":"set","ast-page-background-enabled":"default","ast-page-background-meta":{"desktop":{"background-color":"","background-image":"","background-repeat":"repeat","background-position":"center center","background-size":"auto","background-attachment":"scroll","background-type":"","background-media":"","overlay-type":"","overlay-color":"","overlay-gradient":""},"tablet":{"background-color":"","background-image":"","background-repeat":"repeat","background-position":"center center","background-size":"auto","background-attachment":"scroll","background-type":"","background-media":"","overlay-type":"","overlay-color":"","overlay-gradient":""},"mobile":{"background-color":"","background-image":"","background-repeat":"repeat","background-position":"center center","background-size":"auto","background-attachment":"scroll","background-type":"","background-media":"","overlay-type":"","overlay-color":"","overlay-gradient":""}},"ast-content-background-meta":{"desktop":{"background-color":"var(--ast-global-color-5)","background-image":"","background-repeat":"repeat","background-position":"center center","background-size":"auto","background-attachment":"scroll","background-type":"","background-media":"","overlay-type":"","overlay-color":"","overlay-gradient":""},"tablet":{"background-color":"var(--ast-global-color-5)","background-image":"","background-repeat":"repeat","background-position":"center center","background-size":"auto","background-attachment":"scroll","background-type":"","background-media":"","overlay-type":"","overlay-color":"","overlay-gradient":""},"mobile":{"background-color":"var(--ast-global-color-5)","background-image":"","background-repeat":"repeat","background-position":"center center","background-size":"auto","background-attachment":"scroll","background-type":"","background-media":"","overlay-type":"","overlay-color":"","overlay-gradient":""}},"footnotes":""},"class_list":["post-11204","page","type-page","status-publish","hentry"],"yoast_head":"<!-- This site is optimized with the Yoast SEO plugin v27.0 - https:\/\/yoast.com\/product\/yoast-seo-wordpress\/ -->\n<title>Modernizarea, extinderea \u0219i cre\u0219terea eficien\u021bei energetice a re\u021belei de iluminat public din ora\u0219ul Moldova Nou\u0103, Cod SMIS 324380 - Prim\u0103riaMoldovaNou\u0103.ro<\/title>\n<meta name=\"robots\" content=\"index, follow, max-snippet:-1, max-image-preview:large, max-video-preview:-1\" \/>\n<link rel=\"canonical\" href=\"https:\/\/primariamoldovanoua.ro\/index.php\/modernizarea-extinderea-si-cresterea-eficientei-energetice-a-retelei-de-iluminat-public-din-orasul-moldova-noua-cod-smis-324380\/\" \/>\n<meta property=\"og:locale\" content=\"en_US\" \/>\n<meta property=\"og:type\" content=\"article\" \/>\n<meta property=\"og:title\" content=\"Modernizarea, extinderea \u0219i cre\u0219terea eficien\u021bei energetice a re\u021belei de iluminat public din ora\u0219ul Moldova Nou\u0103, Cod SMIS 324380 - Prim\u0103riaMoldovaNou\u0103.ro\" \/>\n<meta property=\"og:description\" content=\"Anunt &#8211; Implementare proiect -Modernizarea, extinderea \u0219i cre\u0219terea eficien\u021bei energetice a re\u021belei de iluminat public din ora\u0219ul Moldova Nou\u0103, Cod SMIS 324380 Descrierea proiectului Iluminat Lista contractelor de achizitie Iluminat\" \/>\n<meta property=\"og:url\" content=\"https:\/\/primariamoldovanoua.ro\/index.php\/modernizarea-extinderea-si-cresterea-eficientei-energetice-a-retelei-de-iluminat-public-din-orasul-moldova-noua-cod-smis-324380\/\" \/>\n<meta property=\"og:site_name\" content=\"Prim\u0103riaMoldovaNou\u0103.ro\" \/>\n<meta property=\"article:modified_time\" content=\"2025-03-31T06:45:01+00:00\" \/>\n<meta name=\"twitter:card\" content=\"summary_large_image\" \/>\n<meta name=\"twitter:label1\" content=\"Est. reading time\" \/>\n\t<meta name=\"twitter:data1\" content=\"1 minute\" \/>\n<script type=\"application\/ld+json\" class=\"yoast-schema-graph\">{\"@context\":\"https:\/\/schema.org\",\"@graph\":[{\"@type\":\"WebPage\",\"@id\":\"https:\/\/primariamoldovanoua.ro\/index.php\/modernizarea-extinderea-si-cresterea-eficientei-energetice-a-retelei-de-iluminat-public-din-orasul-moldova-noua-cod-smis-324380\/\",\"url\":\"https:\/\/primariamoldovanoua.ro\/index.php\/modernizarea-extinderea-si-cresterea-eficientei-energetice-a-retelei-de-iluminat-public-din-orasul-moldova-noua-cod-smis-324380\/\",\"name\":\"Modernizarea, extinderea \u0219i cre\u0219terea eficien\u021bei energetice a re\u021belei de iluminat public din ora\u0219ul Moldova Nou\u0103, Cod SMIS 324380 - Prim\u0103riaMoldovaNou\u0103.ro\",\"isPartOf\":{\"@id\":\"https:\/\/primariamoldovanoua.ro\/#website\"},\"datePublished\":\"2025-02-05T12:00:42+00:00\",\"dateModified\":\"2025-03-31T06:45:01+00:00\",\"breadcrumb\":{\"@id\":\"https:\/\/primariamoldovanoua.ro\/index.php\/modernizarea-extinderea-si-cresterea-eficientei-energetice-a-retelei-de-iluminat-public-din-orasul-moldova-noua-cod-smis-324380\/#breadcrumb\"},\"inLanguage\":\"en-US\",\"potentialAction\":[{\"@type\":\"ReadAction\",\"target\":[\"https:\/\/primariamoldovanoua.ro\/index.php\/modernizarea-extinderea-si-cresterea-eficientei-energetice-a-retelei-de-iluminat-public-din-orasul-moldova-noua-cod-smis-324380\/\"]}]},{\"@type\":\"BreadcrumbList\",\"@id\":\"https:\/\/primariamoldovanoua.ro\/index.php\/modernizarea-extinderea-si-cresterea-eficientei-energetice-a-retelei-de-iluminat-public-din-orasul-moldova-noua-cod-smis-324380\/#breadcrumb\",\"itemListElement\":[{\"@type\":\"ListItem\",\"position\":1,\"name\":\"Home\",\"item\":\"https:\/\/primariamoldovanoua.ro\/\"},{\"@type\":\"ListItem\",\"position\":2,\"name\":\"Modernizarea, extinderea \u0219i cre\u0219terea eficien\u021bei energetice a re\u021belei de iluminat public din ora\u0219ul Moldova Nou\u0103, Cod SMIS 324380\"}]},{\"@type\":\"WebSite\",\"@id\":\"https:\/\/primariamoldovanoua.ro\/#website\",\"url\":\"https:\/\/primariamoldovanoua.ro\/\",\"name\":\"Prim\u0103riaMoldovaNou\u0103.ro\",\"description\":\"Site-ul oficial al UAT Moldova Nou\u0103, jude\u0163ul Cara\u015f-Severin\",\"publisher\":{\"@id\":\"https:\/\/primariamoldovanoua.ro\/#organization\"},\"potentialAction\":[{\"@type\":\"SearchAction\",\"target\":{\"@type\":\"EntryPoint\",\"urlTemplate\":\"https:\/\/primariamoldovanoua.ro\/?s={search_term_string}\"},\"query-input\":{\"@type\":\"PropertyValueSpecification\",\"valueRequired\":true,\"valueName\":\"search_term_string\"}}],\"inLanguage\":\"en-US\"},{\"@type\":\"Organization\",\"@id\":\"https:\/\/primariamoldovanoua.ro\/#organization\",\"name\":\"Prim\u0103riaMoldovaNou\u0103.ro\",\"url\":\"https:\/\/primariamoldovanoua.ro\/\",\"logo\":{\"@type\":\"ImageObject\",\"inLanguage\":\"en-US\",\"@id\":\"https:\/\/primariamoldovanoua.ro\/#\/schema\/logo\/image\/\",\"url\":\"https:\/\/primariamoldovanoua.ro\/wp-content\/uploads\/2021\/04\/cropped-Logo-Moldova-Noua-M-1.png\",\"contentUrl\":\"https:\/\/primariamoldovanoua.ro\/wp-content\/uploads\/2021\/04\/cropped-Logo-Moldova-Noua-M-1.png\",\"width\":158,\"height\":250,\"caption\":\"Prim\u0103riaMoldovaNou\u0103.ro\"},\"image\":{\"@id\":\"https:\/\/primariamoldovanoua.ro\/#\/schema\/logo\/image\/\"}}]}<\/script>\n<!-- \/ Yoast SEO plugin. -->","yoast_head_json":{"title":"Modernizarea, extinderea \u0219i cre\u0219terea eficien\u021bei energetice a re\u021belei de iluminat public din ora\u0219ul Moldova Nou\u0103, Cod SMIS 324380 - Prim\u0103riaMoldovaNou\u0103.ro","robots":{"index":"index","follow":"follow","max-snippet":"max-snippet:-1","max-image-preview":"max-image-preview:large","max-video-preview":"max-video-preview:-1"},"canonical":"https:\/\/primariamoldovanoua.ro\/index.php\/modernizarea-extinderea-si-cresterea-eficientei-energetice-a-retelei-de-iluminat-public-din-orasul-moldova-noua-cod-smis-324380\/","og_locale":"en_US","og_type":"article","og_title":"Modernizarea, extinderea \u0219i cre\u0219terea eficien\u021bei energetice a re\u021belei de iluminat public din ora\u0219ul Moldova Nou\u0103, Cod SMIS 324380 - Prim\u0103riaMoldovaNou\u0103.ro","og_description":"Anunt &#8211; Implementare proiect -Modernizarea, extinderea \u0219i cre\u0219terea eficien\u021bei energetice a re\u021belei de iluminat public din ora\u0219ul Moldova Nou\u0103, Cod SMIS 324380 Descrierea proiectului Iluminat Lista contractelor de achizitie Iluminat","og_url":"https:\/\/primariamoldovanoua.ro\/index.php\/modernizarea-extinderea-si-cresterea-eficientei-energetice-a-retelei-de-iluminat-public-din-orasul-moldova-noua-cod-smis-324380\/","og_site_name":"Prim\u0103riaMoldovaNou\u0103.ro","article_modified_time":"2025-03-31T06:45:01+00:00","twitter_card":"summary_large_image","twitter_misc":{"Est. reading time":"1 minute"},"schema":{"@context":"https:\/\/schema.org","@graph":[{"@type":"WebPage","@id":"https:\/\/primariamoldovanoua.ro\/index.php\/modernizarea-extinderea-si-cresterea-eficientei-energetice-a-retelei-de-iluminat-public-din-orasul-moldova-noua-cod-smis-324380\/","url":"https:\/\/primariamoldovanoua.ro\/index.php\/modernizarea-extinderea-si-cresterea-eficientei-energetice-a-retelei-de-iluminat-public-din-orasul-moldova-noua-cod-smis-324380\/","name":"Modernizarea, extinderea \u0219i cre\u0219terea eficien\u021bei energetice a re\u021belei de iluminat public din ora\u0219ul Moldova Nou\u0103, Cod SMIS 324380 - Prim\u0103riaMoldovaNou\u0103.ro","isPartOf":{"@id":"https:\/\/primariamoldovanoua.ro\/#website"},"datePublished":"2025-02-05T12:00:42+00:00","dateModified":"2025-03-31T06:45:01+00:00","breadcrumb":{"@id":"https:\/\/primariamoldovanoua.ro\/index.php\/modernizarea-extinderea-si-cresterea-eficientei-energetice-a-retelei-de-iluminat-public-din-orasul-moldova-noua-cod-smis-324380\/#breadcrumb"},"inLanguage":"en-US","potentialAction":[{"@type":"ReadAction","target":["https:\/\/primariamoldovanoua.ro\/index.php\/modernizarea-extinderea-si-cresterea-eficientei-energetice-a-retelei-de-iluminat-public-din-orasul-moldova-noua-cod-smis-324380\/"]}]},{"@type":"BreadcrumbList","@id":"https:\/\/primariamoldovanoua.ro\/index.php\/modernizarea-extinderea-si-cresterea-eficientei-energetice-a-retelei-de-iluminat-public-din-orasul-moldova-noua-cod-smis-324380\/#breadcrumb","itemListElement":[{"@type":"ListItem","position":1,"name":"Home","item":"https:\/\/primariamoldovanoua.ro\/"},{"@type":"ListItem","position":2,"name":"Modernizarea, extinderea \u0219i cre\u0219terea eficien\u021bei energetice a re\u021belei de iluminat public din ora\u0219ul Moldova Nou\u0103, Cod SMIS 324380"}]},{"@type":"WebSite","@id":"https:\/\/primariamoldovanoua.ro\/#website","url":"https:\/\/primariamoldovanoua.ro\/","name":"Prim\u0103riaMoldovaNou\u0103.ro","description":"Site-ul oficial al UAT Moldova Nou\u0103, jude\u0163ul Cara\u015f-Severin","publisher":{"@id":"https:\/\/primariamoldovanoua.ro\/#organization"},"potentialAction":[{"@type":"SearchAction","target":{"@type":"EntryPoint","urlTemplate":"https:\/\/primariamoldovanoua.ro\/?s={search_term_string}"},"query-input":{"@type":"PropertyValueSpecification","valueRequired":true,"valueName":"search_term_string"}}],"inLanguage":"en-US"},{"@type":"Organization","@id":"https:\/\/primariamoldovanoua.ro\/#organization","name":"Prim\u0103riaMoldovaNou\u0103.ro","url":"https:\/\/primariamoldovanoua.ro\/","logo":{"@type":"ImageObject","inLanguage":"en-US","@id":"https:\/\/primariamoldovanoua.ro\/#\/schema\/logo\/image\/","url":"https:\/\/primariamoldovanoua.ro\/wp-content\/uploads\/2021\/04\/cropped-Logo-Moldova-Noua-M-1.png","contentUrl":"https:\/\/primariamoldovanoua.ro\/wp-content\/uploads\/2021\/04\/cropped-Logo-Moldova-Noua-M-1.png","width":158,"height":250,"caption":"Prim\u0103riaMoldovaNou\u0103.ro"},"image":{"@id":"https:\/\/primariamoldovanoua.ro\/#\/schema\/logo\/image\/"}}]}},"_links":{"self":[{"href":"https:\/\/primariamoldovanoua.ro\/index.php\/wp-json\/wp\/v2\/pages\/11204","targetHints":{"allow":["GET"]}}],"collection":[{"href":"https:\/\/primariamoldovanoua.ro\/index.php\/wp-json\/wp\/v2\/pages"}],"about":[{"href":"https:\/\/primariamoldovanoua.ro\/index.php\/wp-json\/wp\/v2\/types\/page"}],"author":[{"embeddable":true,"href":"https:\/\/primariamoldovanoua.ro\/index.php\/wp-json\/wp\/v2\/users\/5"}],"replies":[{"embeddable":true,"href":"https:\/\/primariamoldovanoua.ro\/index.php\/wp-json\/wp\/v2\/comments?post=11204"}],"version-history":[{"count":4,"href":"https:\/\/primariamoldovanoua.ro\/index.php\/wp-json\/wp\/v2\/pages\/11204\/revisions"}],"predecessor-version":[{"id":11408,"href":"https:\/\/primariamoldovanoua.ro\/index.php\/wp-json\/wp\/v2\/pages\/11204\/revisions\/11408"}],"wp:attachment":[{"href":"https:\/\/primariamoldovanoua.ro\/index.php\/wp-json\/wp\/v2\/media?parent=11204"}],"curies":[{"name":"wp","href":"https:\/\/api.w.org\/{rel}","templated":true}]}}