{"id":12198,"date":"2025-07-10T09:14:21","date_gmt":"2025-07-10T07:14:21","guid":{"rendered":"https:\/\/primariamoldovanoua.ro\/?page_id=12198"},"modified":"2025-07-10T09:14:22","modified_gmt":"2025-07-10T07:14:22","slug":"arhiva-2025-3","status":"publish","type":"page","link":"https:\/\/primariamoldovanoua.ro\/index.php\/arhiva-2025-3\/","title":{"rendered":"Arhiv\u0103 2025"},"content":{"rendered":"\n<ul class=\"wp-block-list\">\n<li><strong><a href=\"https:\/\/primariamoldovanoua.ro\/wp-content\/uploads\/2025\/07\/Andrei-I-Gheorghe.-Consilier-Local.pdf\">Andrei I Gheorghe<\/a><\/strong><\/li>\n\n\n\n<li><strong><a href=\"https:\/\/primariamoldovanoua.ro\/wp-content\/uploads\/2025\/07\/Baleanu-G-Eugen.-Consilier-Local.pdf\">B\u0103leanu Eugen<\/a><\/strong><\/li>\n\n\n\n<li><strong><a href=\"https:\/\/primariamoldovanoua.ro\/wp-content\/uploads\/2025\/07\/Chisalita-I-Ion.-Consilier-Local.pdf\">Chis\u0103li\u0163\u0103 I Ion<\/a><\/strong><\/li>\n\n\n\n<li><strong><a href=\"https:\/\/primariamoldovanoua.ro\/wp-content\/uploads\/2025\/07\/Chisalita-S-Valentin.-Consilier-Local.pdf\">Chis\u0103li\u0163\u0103 Valentin<\/a><\/strong><\/li>\n\n\n\n<li><strong><a href=\"https:\/\/primariamoldovanoua.ro\/wp-content\/uploads\/2025\/07\/Ciuca-C-Ion.-Consilier-Local.pdf\">Ciuc\u0103 Ion<\/a><\/strong><\/li>\n\n\n\n<li><strong><a href=\"https:\/\/primariamoldovanoua.ro\/wp-content\/uploads\/2025\/07\/Cojocaru-I-Victoria.-Consilier-Local.pdf\">Cojocaru Victoria<\/a><\/strong><\/li>\n\n\n\n<li><strong><a href=\"https:\/\/primariamoldovanoua.ro\/wp-content\/uploads\/2025\/07\/Constantinovici-B-Zverdan-Remus.-Consilier-Local-1.pdf\">Constantinovici B Zvezdan-Remus<\/a><\/strong><\/li>\n\n\n\n<li><strong><a href=\"https:\/\/primariamoldovanoua.ro\/wp-content\/uploads\/2025\/07\/Cornea-V-Adrian-Cristinel.-Consilier-Local.pdf\">Cornea Adrian-Cristinel<\/a><\/strong><\/li>\n\n\n\n<li><strong><a href=\"https:\/\/primariamoldovanoua.ro\/wp-content\/uploads\/2025\/07\/Danet-D-Ioan.-Consilier-Local.pdf\">Danet Ioan<\/a><\/strong><\/li>\n\n\n\n<li><strong><a href=\"https:\/\/primariamoldovanoua.ro\/wp-content\/uploads\/2025\/07\/Ianosevici-J-Gioca.-Consilier-Local-1.pdf\">Iano\u015fevici J Gioca<\/a><\/strong><\/li>\n\n\n\n<li><strong><a href=\"https:\/\/primariamoldovanoua.ro\/wp-content\/uploads\/2025\/07\/Iovanovici-G-Cristina-Angelica.-Consilier-Local.pdf\">Iovanovici Cristina-Angelica<\/a><\/strong><\/li>\n\n\n\n<li><strong><a href=\"https:\/\/primariamoldovanoua.ro\/wp-content\/uploads\/2025\/07\/Nistoran-I-Roxana.-Consilier-Local-1.pdf\">Nistoran I Roxana<\/a><\/strong><\/li>\n\n\n\n<li><strong><a href=\"https:\/\/primariamoldovanoua.ro\/wp-content\/uploads\/2025\/07\/Novacovici-Z-Miomir.-Consilier-Local.pdf\">Novacovici Miomir<\/a><\/strong><\/li>\n\n\n\n<li><strong><a href=\"https:\/\/primariamoldovanoua.ro\/wp-content\/uploads\/2025\/07\/Moises-I-Victor-Adrian.-Consilier-Local-1.pdf\">Moise\u015f I Victor-Adrian<\/a><\/strong><\/li>\n\n\n\n<li><strong><a href=\"https:\/\/primariamoldovanoua.ro\/wp-content\/uploads\/2025\/07\/Titiriga-A-Danut-Cristian.-Consilier-Local-1.pdf\">\u0162i\u0163irig\u0103 A D\u0103nu\u0163-Cristian<\/a><\/strong><\/li>\n\n\n\n<li><strong><a href=\"https:\/\/primariamoldovanoua.ro\/wp-content\/uploads\/2025\/07\/Vizitiu-A-Viorel.-Consilier-Local-1.pdf\">Vizitiu A Viorel<\/a><\/strong><\/li>\n\n\n\n<li><strong><a href=\"https:\/\/primariamoldovanoua.ro\/wp-content\/uploads\/2025\/07\/Balasoiu-E-Narcis-Marian.-Consilier-Local-incetare.pdf\">B\u0103l\u0103\u015foiu E Narcis-Marian<\/a><\/strong><\/li>\n<\/ul>\n\n\n\n<p><\/p>\n","protected":false},"excerpt":{"rendered":"","protected":false},"author":5,"featured_media":0,"parent":0,"menu_order":0,"comment_status":"closed","ping_status":"closed","template":"","meta":{"site-sidebar-layout":"default","site-content-layout":"","ast-site-content-layout":"default","site-content-style":"default","site-sidebar-style":"default","ast-global-header-display":"","ast-banner-title-visibility":"","ast-main-header-display":"","ast-hfb-above-header-display":"","ast-hfb-below-header-display":"","ast-hfb-mobile-header-display":"","site-post-title":"","ast-breadcrumbs-content":"","ast-featured-img":"","footer-sml-layout":"","theme-transparent-header-meta":"","adv-header-id-meta":"","stick-header-meta":"","header-above-stick-meta":"","header-main-stick-meta":"","header-below-stick-meta":"","astra-migrate-meta-layouts":"set","ast-page-background-enabled":"default","ast-page-background-meta":{"desktop":{"background-color":"","background-image":"","background-repeat":"repeat","background-position":"center center","background-size":"auto","background-attachment":"scroll","background-type":"","background-media":"","overlay-type":"","overlay-color":"","overlay-gradient":""},"tablet":{"background-color":"","background-image":"","background-repeat":"repeat","background-position":"center center","background-size":"auto","background-attachment":"scroll","background-type":"","background-media":"","overlay-type":"","overlay-color":"","overlay-gradient":""},"mobile":{"background-color":"","background-image":"","background-repeat":"repeat","background-position":"center center","background-size":"auto","background-attachment":"scroll","background-type":"","background-media":"","overlay-type":"","overlay-color":"","overlay-gradient":""}},"ast-content-background-meta":{"desktop":{"background-color":"var(--ast-global-color-5)","background-image":"","background-repeat":"repeat","background-position":"center center","background-size":"auto","background-attachment":"scroll","background-type":"","background-media":"","overlay-type":"","overlay-color":"","overlay-gradient":""},"tablet":{"background-color":"var(--ast-global-color-5)","background-image":"","background-repeat":"repeat","background-position":"center center","background-size":"auto","background-attachment":"scroll","background-type":"","background-media":"","overlay-type":"","overlay-color":"","overlay-gradient":""},"mobile":{"background-color":"var(--ast-global-color-5)","background-image":"","background-repeat":"repeat","background-position":"center center","background-size":"auto","background-attachment":"scroll","background-type":"","background-media":"","overlay-type":"","overlay-color":"","overlay-gradient":""}},"footnotes":""},"class_list":["post-12198","page","type-page","status-publish","hentry"],"yoast_head":"<!-- This site is optimized with the Yoast SEO plugin v27.0 - https:\/\/yoast.com\/product\/yoast-seo-wordpress\/ -->\n<title>Arhiv\u0103 2025 - Prim\u0103riaMoldovaNou\u0103.ro<\/title>\n<meta name=\"robots\" content=\"index, follow, max-snippet:-1, max-image-preview:large, max-video-preview:-1\" \/>\n<link rel=\"canonical\" href=\"https:\/\/primariamoldovanoua.ro\/index.php\/arhiva-2025-3\/\" \/>\n<meta property=\"og:locale\" content=\"en_US\" \/>\n<meta property=\"og:type\" content=\"article\" \/>\n<meta property=\"og:title\" content=\"Arhiv\u0103 2025 - Prim\u0103riaMoldovaNou\u0103.ro\" \/>\n<meta property=\"og:url\" content=\"https:\/\/primariamoldovanoua.ro\/index.php\/arhiva-2025-3\/\" \/>\n<meta property=\"og:site_name\" content=\"Prim\u0103riaMoldovaNou\u0103.ro\" \/>\n<meta property=\"article:modified_time\" content=\"2025-07-10T07:14:22+00:00\" \/>\n<meta name=\"twitter:card\" content=\"summary_large_image\" \/>\n<meta name=\"twitter:label1\" content=\"Est. reading time\" \/>\n\t<meta name=\"twitter:data1\" content=\"1 minute\" \/>\n<script type=\"application\/ld+json\" class=\"yoast-schema-graph\">{\"@context\":\"https:\/\/schema.org\",\"@graph\":[{\"@type\":\"WebPage\",\"@id\":\"https:\/\/primariamoldovanoua.ro\/index.php\/arhiva-2025-3\/\",\"url\":\"https:\/\/primariamoldovanoua.ro\/index.php\/arhiva-2025-3\/\",\"name\":\"Arhiv\u0103 2025 - Prim\u0103riaMoldovaNou\u0103.ro\",\"isPartOf\":{\"@id\":\"https:\/\/primariamoldovanoua.ro\/#website\"},\"datePublished\":\"2025-07-10T07:14:21+00:00\",\"dateModified\":\"2025-07-10T07:14:22+00:00\",\"breadcrumb\":{\"@id\":\"https:\/\/primariamoldovanoua.ro\/index.php\/arhiva-2025-3\/#breadcrumb\"},\"inLanguage\":\"en-US\",\"potentialAction\":[{\"@type\":\"ReadAction\",\"target\":[\"https:\/\/primariamoldovanoua.ro\/index.php\/arhiva-2025-3\/\"]}]},{\"@type\":\"BreadcrumbList\",\"@id\":\"https:\/\/primariamoldovanoua.ro\/index.php\/arhiva-2025-3\/#breadcrumb\",\"itemListElement\":[{\"@type\":\"ListItem\",\"position\":1,\"name\":\"Home\",\"item\":\"https:\/\/primariamoldovanoua.ro\/\"},{\"@type\":\"ListItem\",\"position\":2,\"name\":\"Arhiv\u0103 2025\"}]},{\"@type\":\"WebSite\",\"@id\":\"https:\/\/primariamoldovanoua.ro\/#website\",\"url\":\"https:\/\/primariamoldovanoua.ro\/\",\"name\":\"Prim\u0103riaMoldovaNou\u0103.ro\",\"description\":\"Site-ul oficial al UAT Moldova Nou\u0103, jude\u0163ul Cara\u015f-Severin\",\"publisher\":{\"@id\":\"https:\/\/primariamoldovanoua.ro\/#organization\"},\"potentialAction\":[{\"@type\":\"SearchAction\",\"target\":{\"@type\":\"EntryPoint\",\"urlTemplate\":\"https:\/\/primariamoldovanoua.ro\/?s={search_term_string}\"},\"query-input\":{\"@type\":\"PropertyValueSpecification\",\"valueRequired\":true,\"valueName\":\"search_term_string\"}}],\"inLanguage\":\"en-US\"},{\"@type\":\"Organization\",\"@id\":\"https:\/\/primariamoldovanoua.ro\/#organization\",\"name\":\"Prim\u0103riaMoldovaNou\u0103.ro\",\"url\":\"https:\/\/primariamoldovanoua.ro\/\",\"logo\":{\"@type\":\"ImageObject\",\"inLanguage\":\"en-US\",\"@id\":\"https:\/\/primariamoldovanoua.ro\/#\/schema\/logo\/image\/\",\"url\":\"https:\/\/primariamoldovanoua.ro\/wp-content\/uploads\/2021\/04\/cropped-Logo-Moldova-Noua-M-1.png\",\"contentUrl\":\"https:\/\/primariamoldovanoua.ro\/wp-content\/uploads\/2021\/04\/cropped-Logo-Moldova-Noua-M-1.png\",\"width\":158,\"height\":250,\"caption\":\"Prim\u0103riaMoldovaNou\u0103.ro\"},\"image\":{\"@id\":\"https:\/\/primariamoldovanoua.ro\/#\/schema\/logo\/image\/\"}}]}<\/script>\n<!-- \/ Yoast SEO plugin. -->","yoast_head_json":{"title":"Arhiv\u0103 2025 - Prim\u0103riaMoldovaNou\u0103.ro","robots":{"index":"index","follow":"follow","max-snippet":"max-snippet:-1","max-image-preview":"max-image-preview:large","max-video-preview":"max-video-preview:-1"},"canonical":"https:\/\/primariamoldovanoua.ro\/index.php\/arhiva-2025-3\/","og_locale":"en_US","og_type":"article","og_title":"Arhiv\u0103 2025 - Prim\u0103riaMoldovaNou\u0103.ro","og_url":"https:\/\/primariamoldovanoua.ro\/index.php\/arhiva-2025-3\/","og_site_name":"Prim\u0103riaMoldovaNou\u0103.ro","article_modified_time":"2025-07-10T07:14:22+00:00","twitter_card":"summary_large_image","twitter_misc":{"Est. reading time":"1 minute"},"schema":{"@context":"https:\/\/schema.org","@graph":[{"@type":"WebPage","@id":"https:\/\/primariamoldovanoua.ro\/index.php\/arhiva-2025-3\/","url":"https:\/\/primariamoldovanoua.ro\/index.php\/arhiva-2025-3\/","name":"Arhiv\u0103 2025 - Prim\u0103riaMoldovaNou\u0103.ro","isPartOf":{"@id":"https:\/\/primariamoldovanoua.ro\/#website"},"datePublished":"2025-07-10T07:14:21+00:00","dateModified":"2025-07-10T07:14:22+00:00","breadcrumb":{"@id":"https:\/\/primariamoldovanoua.ro\/index.php\/arhiva-2025-3\/#breadcrumb"},"inLanguage":"en-US","potentialAction":[{"@type":"ReadAction","target":["https:\/\/primariamoldovanoua.ro\/index.php\/arhiva-2025-3\/"]}]},{"@type":"BreadcrumbList","@id":"https:\/\/primariamoldovanoua.ro\/index.php\/arhiva-2025-3\/#breadcrumb","itemListElement":[{"@type":"ListItem","position":1,"name":"Home","item":"https:\/\/primariamoldovanoua.ro\/"},{"@type":"ListItem","position":2,"name":"Arhiv\u0103 2025"}]},{"@type":"WebSite","@id":"https:\/\/primariamoldovanoua.ro\/#website","url":"https:\/\/primariamoldovanoua.ro\/","name":"Prim\u0103riaMoldovaNou\u0103.ro","description":"Site-ul oficial al UAT Moldova Nou\u0103, jude\u0163ul Cara\u015f-Severin","publisher":{"@id":"https:\/\/primariamoldovanoua.ro\/#organization"},"potentialAction":[{"@type":"SearchAction","target":{"@type":"EntryPoint","urlTemplate":"https:\/\/primariamoldovanoua.ro\/?s={search_term_string}"},"query-input":{"@type":"PropertyValueSpecification","valueRequired":true,"valueName":"search_term_string"}}],"inLanguage":"en-US"},{"@type":"Organization","@id":"https:\/\/primariamoldovanoua.ro\/#organization","name":"Prim\u0103riaMoldovaNou\u0103.ro","url":"https:\/\/primariamoldovanoua.ro\/","logo":{"@type":"ImageObject","inLanguage":"en-US","@id":"https:\/\/primariamoldovanoua.ro\/#\/schema\/logo\/image\/","url":"https:\/\/primariamoldovanoua.ro\/wp-content\/uploads\/2021\/04\/cropped-Logo-Moldova-Noua-M-1.png","contentUrl":"https:\/\/primariamoldovanoua.ro\/wp-content\/uploads\/2021\/04\/cropped-Logo-Moldova-Noua-M-1.png","width":158,"height":250,"caption":"Prim\u0103riaMoldovaNou\u0103.ro"},"image":{"@id":"https:\/\/primariamoldovanoua.ro\/#\/schema\/logo\/image\/"}}]}},"_links":{"self":[{"href":"https:\/\/primariamoldovanoua.ro\/index.php\/wp-json\/wp\/v2\/pages\/12198","targetHints":{"allow":["GET"]}}],"collection":[{"href":"https:\/\/primariamoldovanoua.ro\/index.php\/wp-json\/wp\/v2\/pages"}],"about":[{"href":"https:\/\/primariamoldovanoua.ro\/index.php\/wp-json\/wp\/v2\/types\/page"}],"author":[{"embeddable":true,"href":"https:\/\/primariamoldovanoua.ro\/index.php\/wp-json\/wp\/v2\/users\/5"}],"replies":[{"embeddable":true,"href":"https:\/\/primariamoldovanoua.ro\/index.php\/wp-json\/wp\/v2\/comments?post=12198"}],"version-history":[{"count":1,"href":"https:\/\/primariamoldovanoua.ro\/index.php\/wp-json\/wp\/v2\/pages\/12198\/revisions"}],"predecessor-version":[{"id":12199,"href":"https:\/\/primariamoldovanoua.ro\/index.php\/wp-json\/wp\/v2\/pages\/12198\/revisions\/12199"}],"wp:attachment":[{"href":"https:\/\/primariamoldovanoua.ro\/index.php\/wp-json\/wp\/v2\/media?parent=12198"}],"curies":[{"name":"wp","href":"https:\/\/api.w.org\/{rel}","templated":true}]}}