{"id":12795,"date":"2025-10-29T13:36:50","date_gmt":"2025-10-29T11:36:50","guid":{"rendered":"https:\/\/primariamoldovanoua.ro\/?page_id=12795"},"modified":"2025-10-29T13:54:52","modified_gmt":"2025-10-29T11:54:52","slug":"reabilitare-si-modernizare-spatii-verzi-si-zone-pietonale-in-orasul-moldova-noua-cod-smis-328283","status":"publish","type":"page","link":"https:\/\/primariamoldovanoua.ro\/index.php\/reabilitare-si-modernizare-spatii-verzi-si-zone-pietonale-in-orasul-moldova-noua-cod-smis-328283\/","title":{"rendered":"Reabilitare \u015fi modernizare spa\u0163ii verzi \u015fi zone pietonale \u00een ora\u015ful Moldova Nou\u0103, Cod SMIS 328283"},"content":{"rendered":"\t\t<div data-elementor-type=\"wp-page\" data-elementor-id=\"12795\" class=\"elementor elementor-12795\" data-elementor-post-type=\"page\">\n\t\t\t\t\t\t<section class=\"elementor-section elementor-top-section elementor-element elementor-element-af68474 elementor-section-boxed elementor-section-height-default elementor-section-height-default\" data-id=\"af68474\" data-element_type=\"section\">\n\t\t\t\t\t\t<div class=\"elementor-container elementor-column-gap-default\">\n\t\t\t\t\t<div class=\"elementor-column elementor-col-100 elementor-top-column elementor-element elementor-element-d002df5\" data-id=\"d002df5\" data-element_type=\"column\">\n\t\t\t<div class=\"elementor-widget-wrap elementor-element-populated\">\n\t\t\t\t\t\t<div class=\"elementor-element elementor-element-fc890c4 elementor-widget elementor-widget-spacer\" data-id=\"fc890c4\" data-element_type=\"widget\" data-widget_type=\"spacer.default\">\n\t\t\t\t<div class=\"elementor-widget-container\">\n\t\t\t\t\t\t\t<div class=\"elementor-spacer\">\n\t\t\t<div class=\"elementor-spacer-inner\"><\/div>\n\t\t<\/div>\n\t\t\t\t\t\t<\/div>\n\t\t\t\t<\/div>\n\t\t\t\t\t<\/div>\n\t\t<\/div>\n\t\t\t\t\t<\/div>\n\t\t<\/section>\n\t\t\t\t<section class=\"elementor-section elementor-top-section elementor-element elementor-element-aa8e0ab elementor-section-boxed elementor-section-height-default elementor-section-height-default\" data-id=\"aa8e0ab\" data-element_type=\"section\">\n\t\t\t\t\t\t<div class=\"elementor-container elementor-column-gap-default\">\n\t\t\t\t\t<div class=\"elementor-column elementor-col-100 elementor-top-column elementor-element elementor-element-5e0c981\" data-id=\"5e0c981\" data-element_type=\"column\">\n\t\t\t<div class=\"elementor-widget-wrap elementor-element-populated\">\n\t\t\t\t\t\t<div class=\"elementor-element elementor-element-1860ffe elementor-widget elementor-widget-heading\" data-id=\"1860ffe\" data-element_type=\"widget\" data-widget_type=\"heading.default\">\n\t\t\t\t<div class=\"elementor-widget-container\">\n\t\t\t\t\t<h2 class=\"elementor-heading-title elementor-size-default\">REABILITARE \u015eI MODERNIZARE SPA\u0162II VERZI \u015eI ZONE PIETONALE \u00ceN ORA\u015eUL MOLDOVA NOU\u0102 PRIN PROGRAMUL REGIONAL VEST 2021- 2027, Cod SMIS 328283 \u200b<\/h2>\t\t\t\t<\/div>\n\t\t\t\t<\/div>\n\t\t\t\t<div class=\"elementor-element elementor-element-4b2890d elementor-widget-divider--view-line elementor-widget elementor-widget-divider\" data-id=\"4b2890d\" data-element_type=\"widget\" data-widget_type=\"divider.default\">\n\t\t\t\t<div class=\"elementor-widget-container\">\n\t\t\t\t\t\t\t<div class=\"elementor-divider\">\n\t\t\t<span class=\"elementor-divider-separator\">\n\t\t\t\t\t\t<\/span>\n\t\t<\/div>\n\t\t\t\t\t\t<\/div>\n\t\t\t\t<\/div>\n\t\t\t\t<div class=\"elementor-element elementor-element-5a5e0f5 elementor-widget elementor-widget-text-editor\" data-id=\"5a5e0f5\" data-element_type=\"widget\" data-widget_type=\"text-editor.default\">\n\t\t\t\t<div class=\"elementor-widget-container\">\n\t\t\t\t\t\t\t\t\t<p><a href=\"https:\/\/primariamoldovanoua.ro\/index.php\/anunt_smis-328283\/\">ANUNT &#8211; REABILITARE \u015eI MODERNIZARE SPA\u0162II VERZI \u015eI ZONE PIETONALE \u00ceN ORA\u015eUL MOLDOVA NOU\u0102 PRIN PROGRAMUL REGIONAL VEST 2021- 2027, Cod SMIS 328283 \u200b\u200b<\/a><\/p><p><a href=\"https:\/\/primariamoldovanoua.ro\/wp-content\/uploads\/2025\/10\/Descriere-proiect-POR-POAT-.pdf\">DESCRIEREA PROIECTULUI &#8211; REABILITARE \u015eI MODERNIZARE SPA\u0162II VERZI \u015eI ZONE PIETONALE \u00ceN ORA\u015eUL MOLDOVA NOU\u0102 PRIN PROGRAMUL REGIONAL VEST 2021- 2027, Cod SMIS 328283 \u200b\u200b<\/a><\/p>\t\t\t\t\t\t\t\t<\/div>\n\t\t\t\t<\/div>\n\t\t\t\t<div class=\"elementor-element elementor-element-ddc029a elementor-widget-divider--view-line elementor-widget elementor-widget-divider\" data-id=\"ddc029a\" data-element_type=\"widget\" data-widget_type=\"divider.default\">\n\t\t\t\t<div class=\"elementor-widget-container\">\n\t\t\t\t\t\t\t<div class=\"elementor-divider\">\n\t\t\t<span class=\"elementor-divider-separator\">\n\t\t\t\t\t\t<\/span>\n\t\t<\/div>\n\t\t\t\t\t\t<\/div>\n\t\t\t\t<\/div>\n\t\t\t\t\t<\/div>\n\t\t<\/div>\n\t\t\t\t\t<\/div>\n\t\t<\/section>\n\t\t\t\t<section class=\"elementor-section elementor-top-section elementor-element elementor-element-f709dab elementor-section-boxed elementor-section-height-default elementor-section-height-default\" data-id=\"f709dab\" data-element_type=\"section\">\n\t\t\t\t\t\t<div class=\"elementor-container elementor-column-gap-default\">\n\t\t\t\t\t<div class=\"elementor-column elementor-col-100 elementor-top-column elementor-element elementor-element-9b86bee\" data-id=\"9b86bee\" data-element_type=\"column\">\n\t\t\t<div class=\"elementor-widget-wrap\">\n\t\t\t\t\t\t\t<\/div>\n\t\t<\/div>\n\t\t\t\t\t<\/div>\n\t\t<\/section>\n\t\t\t\t<\/div>\n\t\t","protected":false},"excerpt":{"rendered":"<p>REABILITARE \u015eI MODERNIZARE SPA\u0162II VERZI \u015eI ZONE PIETONALE \u00ceN ORA\u015eUL MOLDOVA NOU\u0102 PRIN PROGRAMUL REGIONAL VEST 2021- 2027, Cod SMIS 328283 \u200b ANUNT &#8211; REABILITARE \u015eI MODERNIZARE SPA\u0162II VERZI \u015eI ZONE PIETONALE \u00ceN ORA\u015eUL MOLDOVA NOU\u0102 PRIN PROGRAMUL REGIONAL VEST 2021- 2027, Cod SMIS 328283 \u200b\u200b DESCRIEREA PROIECTULUI &#8211; REABILITARE \u015eI MODERNIZARE SPA\u0162II VERZI \u015eI [&hellip;]<\/p>\n","protected":false},"author":5,"featured_media":0,"parent":0,"menu_order":0,"comment_status":"closed","ping_status":"closed","template":"","meta":{"site-sidebar-layout":"no-sidebar","site-content-layout":"page-builder","ast-site-content-layout":"full-width-container","site-content-style":"default","site-sidebar-style":"default","ast-global-header-display":"","ast-banner-title-visibility":"","ast-main-header-display":"","ast-hfb-above-header-display":"","ast-hfb-below-header-display":"","ast-hfb-mobile-header-display":"","site-post-title":"disabled","ast-breadcrumbs-content":"","ast-featured-img":"disabled","footer-sml-layout":"","theme-transparent-header-meta":"","adv-header-id-meta":"","stick-header-meta":"","header-above-stick-meta":"","header-main-stick-meta":"","header-below-stick-meta":"","astra-migrate-meta-layouts":"set","ast-page-background-enabled":"default","ast-page-background-meta":{"desktop":{"background-color":"","background-image":"","background-repeat":"repeat","background-position":"center center","background-size":"auto","background-attachment":"scroll","background-type":"","background-media":"","overlay-type":"","overlay-color":"","overlay-gradient":""},"tablet":{"background-color":"","background-image":"","background-repeat":"repeat","background-position":"center center","background-size":"auto","background-attachment":"scroll","background-type":"","background-media":"","overlay-type":"","overlay-color":"","overlay-gradient":""},"mobile":{"background-color":"","background-image":"","background-repeat":"repeat","background-position":"center center","background-size":"auto","background-attachment":"scroll","background-type":"","background-media":"","overlay-type":"","overlay-color":"","overlay-gradient":""}},"ast-content-background-meta":{"desktop":{"background-color":"var(--ast-global-color-5)","background-image":"","background-repeat":"repeat","background-position":"center center","background-size":"auto","background-attachment":"scroll","background-type":"","background-media":"","overlay-type":"","overlay-color":"","overlay-gradient":""},"tablet":{"background-color":"var(--ast-global-color-5)","background-image":"","background-repeat":"repeat","background-position":"center center","background-size":"auto","background-attachment":"scroll","background-type":"","background-media":"","overlay-type":"","overlay-color":"","overlay-gradient":""},"mobile":{"background-color":"var(--ast-global-color-5)","background-image":"","background-repeat":"repeat","background-position":"center center","background-size":"auto","background-attachment":"scroll","background-type":"","background-media":"","overlay-type":"","overlay-color":"","overlay-gradient":""}},"footnotes":""},"class_list":["post-12795","page","type-page","status-publish","hentry"],"yoast_head":"<!-- This site is optimized with the Yoast SEO plugin v27.0 - https:\/\/yoast.com\/product\/yoast-seo-wordpress\/ -->\n<title>Reabilitare \u015fi modernizare spa\u0163ii verzi \u015fi zone pietonale \u00een ora\u015ful Moldova Nou\u0103, Cod SMIS 328283 - Prim\u0103riaMoldovaNou\u0103.ro<\/title>\n<meta name=\"robots\" content=\"index, follow, max-snippet:-1, max-image-preview:large, max-video-preview:-1\" \/>\n<link rel=\"canonical\" href=\"https:\/\/primariamoldovanoua.ro\/index.php\/reabilitare-si-modernizare-spatii-verzi-si-zone-pietonale-in-orasul-moldova-noua-cod-smis-328283\/\" \/>\n<meta property=\"og:locale\" content=\"en_US\" \/>\n<meta property=\"og:type\" content=\"article\" \/>\n<meta property=\"og:title\" content=\"Reabilitare \u015fi modernizare spa\u0163ii verzi \u015fi zone pietonale \u00een ora\u015ful Moldova Nou\u0103, Cod SMIS 328283 - Prim\u0103riaMoldovaNou\u0103.ro\" \/>\n<meta property=\"og:description\" content=\"REABILITARE \u015eI MODERNIZARE SPA\u0162II VERZI \u015eI ZONE PIETONALE \u00ceN ORA\u015eUL MOLDOVA NOU\u0102 PRIN PROGRAMUL REGIONAL VEST 2021- 2027, Cod SMIS 328283 \u200b ANUNT &#8211; REABILITARE \u015eI MODERNIZARE SPA\u0162II VERZI \u015eI ZONE PIETONALE \u00ceN ORA\u015eUL MOLDOVA NOU\u0102 PRIN PROGRAMUL REGIONAL VEST 2021- 2027, Cod SMIS 328283 \u200b\u200b DESCRIEREA PROIECTULUI &#8211; REABILITARE \u015eI MODERNIZARE SPA\u0162II VERZI \u015eI [&hellip;]\" \/>\n<meta property=\"og:url\" content=\"https:\/\/primariamoldovanoua.ro\/index.php\/reabilitare-si-modernizare-spatii-verzi-si-zone-pietonale-in-orasul-moldova-noua-cod-smis-328283\/\" \/>\n<meta property=\"og:site_name\" content=\"Prim\u0103riaMoldovaNou\u0103.ro\" \/>\n<meta property=\"article:modified_time\" content=\"2025-10-29T11:54:52+00:00\" \/>\n<meta name=\"twitter:card\" content=\"summary_large_image\" \/>\n<meta name=\"twitter:label1\" content=\"Est. reading time\" \/>\n\t<meta name=\"twitter:data1\" content=\"1 minute\" \/>\n<script type=\"application\/ld+json\" class=\"yoast-schema-graph\">{\"@context\":\"https:\/\/schema.org\",\"@graph\":[{\"@type\":\"WebPage\",\"@id\":\"https:\/\/primariamoldovanoua.ro\/index.php\/reabilitare-si-modernizare-spatii-verzi-si-zone-pietonale-in-orasul-moldova-noua-cod-smis-328283\/\",\"url\":\"https:\/\/primariamoldovanoua.ro\/index.php\/reabilitare-si-modernizare-spatii-verzi-si-zone-pietonale-in-orasul-moldova-noua-cod-smis-328283\/\",\"name\":\"Reabilitare \u015fi modernizare spa\u0163ii verzi \u015fi zone pietonale \u00een ora\u015ful Moldova Nou\u0103, Cod SMIS 328283 - Prim\u0103riaMoldovaNou\u0103.ro\",\"isPartOf\":{\"@id\":\"https:\/\/primariamoldovanoua.ro\/#website\"},\"datePublished\":\"2025-10-29T11:36:50+00:00\",\"dateModified\":\"2025-10-29T11:54:52+00:00\",\"breadcrumb\":{\"@id\":\"https:\/\/primariamoldovanoua.ro\/index.php\/reabilitare-si-modernizare-spatii-verzi-si-zone-pietonale-in-orasul-moldova-noua-cod-smis-328283\/#breadcrumb\"},\"inLanguage\":\"en-US\",\"potentialAction\":[{\"@type\":\"ReadAction\",\"target\":[\"https:\/\/primariamoldovanoua.ro\/index.php\/reabilitare-si-modernizare-spatii-verzi-si-zone-pietonale-in-orasul-moldova-noua-cod-smis-328283\/\"]}]},{\"@type\":\"BreadcrumbList\",\"@id\":\"https:\/\/primariamoldovanoua.ro\/index.php\/reabilitare-si-modernizare-spatii-verzi-si-zone-pietonale-in-orasul-moldova-noua-cod-smis-328283\/#breadcrumb\",\"itemListElement\":[{\"@type\":\"ListItem\",\"position\":1,\"name\":\"Home\",\"item\":\"https:\/\/primariamoldovanoua.ro\/\"},{\"@type\":\"ListItem\",\"position\":2,\"name\":\"Reabilitare \u015fi modernizare spa\u0163ii verzi \u015fi zone pietonale \u00een ora\u015ful Moldova Nou\u0103, Cod SMIS 328283\"}]},{\"@type\":\"WebSite\",\"@id\":\"https:\/\/primariamoldovanoua.ro\/#website\",\"url\":\"https:\/\/primariamoldovanoua.ro\/\",\"name\":\"Prim\u0103riaMoldovaNou\u0103.ro\",\"description\":\"Site-ul oficial al UAT Moldova Nou\u0103, jude\u0163ul Cara\u015f-Severin\",\"publisher\":{\"@id\":\"https:\/\/primariamoldovanoua.ro\/#organization\"},\"potentialAction\":[{\"@type\":\"SearchAction\",\"target\":{\"@type\":\"EntryPoint\",\"urlTemplate\":\"https:\/\/primariamoldovanoua.ro\/?s={search_term_string}\"},\"query-input\":{\"@type\":\"PropertyValueSpecification\",\"valueRequired\":true,\"valueName\":\"search_term_string\"}}],\"inLanguage\":\"en-US\"},{\"@type\":\"Organization\",\"@id\":\"https:\/\/primariamoldovanoua.ro\/#organization\",\"name\":\"Prim\u0103riaMoldovaNou\u0103.ro\",\"url\":\"https:\/\/primariamoldovanoua.ro\/\",\"logo\":{\"@type\":\"ImageObject\",\"inLanguage\":\"en-US\",\"@id\":\"https:\/\/primariamoldovanoua.ro\/#\/schema\/logo\/image\/\",\"url\":\"https:\/\/primariamoldovanoua.ro\/wp-content\/uploads\/2021\/04\/cropped-Logo-Moldova-Noua-M-1.png\",\"contentUrl\":\"https:\/\/primariamoldovanoua.ro\/wp-content\/uploads\/2021\/04\/cropped-Logo-Moldova-Noua-M-1.png\",\"width\":158,\"height\":250,\"caption\":\"Prim\u0103riaMoldovaNou\u0103.ro\"},\"image\":{\"@id\":\"https:\/\/primariamoldovanoua.ro\/#\/schema\/logo\/image\/\"}}]}<\/script>\n<!-- \/ Yoast SEO plugin. -->","yoast_head_json":{"title":"Reabilitare \u015fi modernizare spa\u0163ii verzi \u015fi zone pietonale \u00een ora\u015ful Moldova Nou\u0103, Cod SMIS 328283 - Prim\u0103riaMoldovaNou\u0103.ro","robots":{"index":"index","follow":"follow","max-snippet":"max-snippet:-1","max-image-preview":"max-image-preview:large","max-video-preview":"max-video-preview:-1"},"canonical":"https:\/\/primariamoldovanoua.ro\/index.php\/reabilitare-si-modernizare-spatii-verzi-si-zone-pietonale-in-orasul-moldova-noua-cod-smis-328283\/","og_locale":"en_US","og_type":"article","og_title":"Reabilitare \u015fi modernizare spa\u0163ii verzi \u015fi zone pietonale \u00een ora\u015ful Moldova Nou\u0103, Cod SMIS 328283 - Prim\u0103riaMoldovaNou\u0103.ro","og_description":"REABILITARE \u015eI MODERNIZARE SPA\u0162II VERZI \u015eI ZONE PIETONALE \u00ceN ORA\u015eUL MOLDOVA NOU\u0102 PRIN PROGRAMUL REGIONAL VEST 2021- 2027, Cod SMIS 328283 \u200b ANUNT &#8211; REABILITARE \u015eI MODERNIZARE SPA\u0162II VERZI \u015eI ZONE PIETONALE \u00ceN ORA\u015eUL MOLDOVA NOU\u0102 PRIN PROGRAMUL REGIONAL VEST 2021- 2027, Cod SMIS 328283 \u200b\u200b DESCRIEREA PROIECTULUI &#8211; REABILITARE \u015eI MODERNIZARE SPA\u0162II VERZI \u015eI [&hellip;]","og_url":"https:\/\/primariamoldovanoua.ro\/index.php\/reabilitare-si-modernizare-spatii-verzi-si-zone-pietonale-in-orasul-moldova-noua-cod-smis-328283\/","og_site_name":"Prim\u0103riaMoldovaNou\u0103.ro","article_modified_time":"2025-10-29T11:54:52+00:00","twitter_card":"summary_large_image","twitter_misc":{"Est. reading time":"1 minute"},"schema":{"@context":"https:\/\/schema.org","@graph":[{"@type":"WebPage","@id":"https:\/\/primariamoldovanoua.ro\/index.php\/reabilitare-si-modernizare-spatii-verzi-si-zone-pietonale-in-orasul-moldova-noua-cod-smis-328283\/","url":"https:\/\/primariamoldovanoua.ro\/index.php\/reabilitare-si-modernizare-spatii-verzi-si-zone-pietonale-in-orasul-moldova-noua-cod-smis-328283\/","name":"Reabilitare \u015fi modernizare spa\u0163ii verzi \u015fi zone pietonale \u00een ora\u015ful Moldova Nou\u0103, Cod SMIS 328283 - Prim\u0103riaMoldovaNou\u0103.ro","isPartOf":{"@id":"https:\/\/primariamoldovanoua.ro\/#website"},"datePublished":"2025-10-29T11:36:50+00:00","dateModified":"2025-10-29T11:54:52+00:00","breadcrumb":{"@id":"https:\/\/primariamoldovanoua.ro\/index.php\/reabilitare-si-modernizare-spatii-verzi-si-zone-pietonale-in-orasul-moldova-noua-cod-smis-328283\/#breadcrumb"},"inLanguage":"en-US","potentialAction":[{"@type":"ReadAction","target":["https:\/\/primariamoldovanoua.ro\/index.php\/reabilitare-si-modernizare-spatii-verzi-si-zone-pietonale-in-orasul-moldova-noua-cod-smis-328283\/"]}]},{"@type":"BreadcrumbList","@id":"https:\/\/primariamoldovanoua.ro\/index.php\/reabilitare-si-modernizare-spatii-verzi-si-zone-pietonale-in-orasul-moldova-noua-cod-smis-328283\/#breadcrumb","itemListElement":[{"@type":"ListItem","position":1,"name":"Home","item":"https:\/\/primariamoldovanoua.ro\/"},{"@type":"ListItem","position":2,"name":"Reabilitare \u015fi modernizare spa\u0163ii verzi \u015fi zone pietonale \u00een ora\u015ful Moldova Nou\u0103, Cod SMIS 328283"}]},{"@type":"WebSite","@id":"https:\/\/primariamoldovanoua.ro\/#website","url":"https:\/\/primariamoldovanoua.ro\/","name":"Prim\u0103riaMoldovaNou\u0103.ro","description":"Site-ul oficial al UAT Moldova Nou\u0103, jude\u0163ul Cara\u015f-Severin","publisher":{"@id":"https:\/\/primariamoldovanoua.ro\/#organization"},"potentialAction":[{"@type":"SearchAction","target":{"@type":"EntryPoint","urlTemplate":"https:\/\/primariamoldovanoua.ro\/?s={search_term_string}"},"query-input":{"@type":"PropertyValueSpecification","valueRequired":true,"valueName":"search_term_string"}}],"inLanguage":"en-US"},{"@type":"Organization","@id":"https:\/\/primariamoldovanoua.ro\/#organization","name":"Prim\u0103riaMoldovaNou\u0103.ro","url":"https:\/\/primariamoldovanoua.ro\/","logo":{"@type":"ImageObject","inLanguage":"en-US","@id":"https:\/\/primariamoldovanoua.ro\/#\/schema\/logo\/image\/","url":"https:\/\/primariamoldovanoua.ro\/wp-content\/uploads\/2021\/04\/cropped-Logo-Moldova-Noua-M-1.png","contentUrl":"https:\/\/primariamoldovanoua.ro\/wp-content\/uploads\/2021\/04\/cropped-Logo-Moldova-Noua-M-1.png","width":158,"height":250,"caption":"Prim\u0103riaMoldovaNou\u0103.ro"},"image":{"@id":"https:\/\/primariamoldovanoua.ro\/#\/schema\/logo\/image\/"}}]}},"_links":{"self":[{"href":"https:\/\/primariamoldovanoua.ro\/index.php\/wp-json\/wp\/v2\/pages\/12795","targetHints":{"allow":["GET"]}}],"collection":[{"href":"https:\/\/primariamoldovanoua.ro\/index.php\/wp-json\/wp\/v2\/pages"}],"about":[{"href":"https:\/\/primariamoldovanoua.ro\/index.php\/wp-json\/wp\/v2\/types\/page"}],"author":[{"embeddable":true,"href":"https:\/\/primariamoldovanoua.ro\/index.php\/wp-json\/wp\/v2\/users\/5"}],"replies":[{"embeddable":true,"href":"https:\/\/primariamoldovanoua.ro\/index.php\/wp-json\/wp\/v2\/comments?post=12795"}],"version-history":[{"count":13,"href":"https:\/\/primariamoldovanoua.ro\/index.php\/wp-json\/wp\/v2\/pages\/12795\/revisions"}],"predecessor-version":[{"id":12823,"href":"https:\/\/primariamoldovanoua.ro\/index.php\/wp-json\/wp\/v2\/pages\/12795\/revisions\/12823"}],"wp:attachment":[{"href":"https:\/\/primariamoldovanoua.ro\/index.php\/wp-json\/wp\/v2\/media?parent=12795"}],"curies":[{"name":"wp","href":"https:\/\/api.w.org\/{rel}","templated":true}]}}