{"id":12806,"date":"2025-10-29T13:44:26","date_gmt":"2025-10-29T11:44:26","guid":{"rendered":"https:\/\/primariamoldovanoua.ro\/?page_id=12806"},"modified":"2025-10-29T14:00:42","modified_gmt":"2025-10-29T12:00:42","slug":"anunt_smis-328283","status":"publish","type":"page","link":"https:\/\/primariamoldovanoua.ro\/index.php\/anunt_smis-328283\/","title":{"rendered":"REABILITARE \u015eI MODERNIZARE SPA\u0162II VERZI \u015eI ZONE PIETONALE \u00ceN ORA\u015eUL MOLDOVA NOU\u0102 PRIN PROGRAMUL REGIONAL VEST 2021- 2027, Cod SMIS 328283 \u200b\u200b\u200b"},"content":{"rendered":"\t\t<div data-elementor-type=\"wp-page\" data-elementor-id=\"12806\" class=\"elementor elementor-12806\" data-elementor-post-type=\"page\">\n\t\t\t\t\t\t<section class=\"elementor-section elementor-top-section elementor-element elementor-element-6d9a613 elementor-section-boxed elementor-section-height-default elementor-section-height-default\" data-id=\"6d9a613\" data-element_type=\"section\">\n\t\t\t\t\t\t<div class=\"elementor-container elementor-column-gap-default\">\n\t\t\t\t\t<div class=\"elementor-column elementor-col-100 elementor-top-column elementor-element elementor-element-5df8619\" data-id=\"5df8619\" data-element_type=\"column\">\n\t\t\t<div class=\"elementor-widget-wrap elementor-element-populated\">\n\t\t\t\t\t\t<div class=\"elementor-element elementor-element-3572a57 elementor-widget elementor-widget-heading\" data-id=\"3572a57\" data-element_type=\"widget\" data-widget_type=\"heading.default\">\n\t\t\t\t<div class=\"elementor-widget-container\">\n\t\t\t\t\t<h2 class=\"elementor-heading-title elementor-size-default\">REABILITARE \u015eI MODERNIZARE SPA\u0162II VERZI \u015eI ZONE PIETONALE \u00ceN ORA\u015eUL MOLDOVA NOU\u0102 PRIN PROGRAMUL REGIONAL VEST 2021- 2027, Cod SMIS 328283 \u200b\u200b<\/h2>\t\t\t\t<\/div>\n\t\t\t\t<\/div>\n\t\t\t\t\t<\/div>\n\t\t<\/div>\n\t\t\t\t\t<\/div>\n\t\t<\/section>\n\t\t\t\t<section class=\"elementor-section elementor-top-section elementor-element elementor-element-9070d53 elementor-section-boxed elementor-section-height-default elementor-section-height-default\" data-id=\"9070d53\" data-element_type=\"section\">\n\t\t\t\t\t\t<div class=\"elementor-container elementor-column-gap-default\">\n\t\t\t\t\t<div class=\"elementor-column elementor-col-100 elementor-top-column elementor-element elementor-element-8126ce4\" data-id=\"8126ce4\" data-element_type=\"column\">\n\t\t\t<div class=\"elementor-widget-wrap elementor-element-populated\">\n\t\t\t\t\t\t<div class=\"elementor-element elementor-element-9227298 elementor-widget-divider--view-line elementor-widget elementor-widget-divider\" data-id=\"9227298\" data-element_type=\"widget\" data-widget_type=\"divider.default\">\n\t\t\t\t<div class=\"elementor-widget-container\">\n\t\t\t\t\t\t\t<div class=\"elementor-divider\">\n\t\t\t<span class=\"elementor-divider-separator\">\n\t\t\t\t\t\t<\/span>\n\t\t<\/div>\n\t\t\t\t\t\t<\/div>\n\t\t\t\t<\/div>\n\t\t\t\t\t<\/div>\n\t\t<\/div>\n\t\t\t\t\t<\/div>\n\t\t<\/section>\n\t\t\t\t<section class=\"elementor-section elementor-top-section elementor-element elementor-element-501c8c2 elementor-section-boxed elementor-section-height-default elementor-section-height-default\" data-id=\"501c8c2\" data-element_type=\"section\">\n\t\t\t\t\t\t<div class=\"elementor-container elementor-column-gap-default\">\n\t\t\t\t\t<div class=\"elementor-column elementor-col-100 elementor-top-column elementor-element elementor-element-de7af43\" data-id=\"de7af43\" data-element_type=\"column\">\n\t\t\t<div class=\"elementor-widget-wrap elementor-element-populated\">\n\t\t\t\t\t\t<div class=\"elementor-element elementor-element-06616ea elementor-widget elementor-widget-image\" data-id=\"06616ea\" data-element_type=\"widget\" data-widget_type=\"image.default\">\n\t\t\t\t<div class=\"elementor-widget-container\">\n\t\t\t\t\t\t\t\t\t\t\t\t\t\t\t<img fetchpriority=\"high\" decoding=\"async\" width=\"768\" height=\"768\" src=\"https:\/\/primariamoldovanoua.ro\/wp-content\/uploads\/2025\/10\/REGENERARE-URBANA-768x768.jpg\" class=\"attachment-medium_large size-medium_large wp-image-12809\" alt=\"\" srcset=\"https:\/\/primariamoldovanoua.ro\/wp-content\/uploads\/2025\/10\/REGENERARE-URBANA-768x768.jpg 768w, https:\/\/primariamoldovanoua.ro\/wp-content\/uploads\/2025\/10\/REGENERARE-URBANA-300x300.jpg 300w, https:\/\/primariamoldovanoua.ro\/wp-content\/uploads\/2025\/10\/REGENERARE-URBANA-1024x1024.jpg 1024w, https:\/\/primariamoldovanoua.ro\/wp-content\/uploads\/2025\/10\/REGENERARE-URBANA-150x150.jpg 150w, https:\/\/primariamoldovanoua.ro\/wp-content\/uploads\/2025\/10\/REGENERARE-URBANA.jpg 1080w\" sizes=\"(max-width: 768px) 100vw, 768px\" \/>\t\t\t\t\t\t\t\t\t\t\t\t\t\t\t<\/div>\n\t\t\t\t<\/div>\n\t\t\t\t\t<\/div>\n\t\t<\/div>\n\t\t\t\t\t<\/div>\n\t\t<\/section>\n\t\t\t\t<section class=\"elementor-section elementor-top-section elementor-element elementor-element-d91fb5f elementor-section-boxed elementor-section-height-default elementor-section-height-default\" data-id=\"d91fb5f\" data-element_type=\"section\">\n\t\t\t\t\t\t<div class=\"elementor-container elementor-column-gap-default\">\n\t\t\t\t\t<div class=\"elementor-column elementor-col-100 elementor-top-column elementor-element elementor-element-38ff6d1\" data-id=\"38ff6d1\" data-element_type=\"column\">\n\t\t\t<div class=\"elementor-widget-wrap elementor-element-populated\">\n\t\t\t\t\t\t<div class=\"elementor-element elementor-element-c5d7776 elementor-widget elementor-widget-text-editor\" data-id=\"c5d7776\" data-element_type=\"widget\" data-widget_type=\"text-editor.default\">\n\t\t\t\t<div class=\"elementor-widget-container\">\n\t\t\t\t\t\t\t\t\t<p><strong>Scopul proiectului <\/strong><\/p><p>Revitalizarea \u0219i regenerarea a 2 zone de pe raza Ora\u0219ului Moldova Nou\u0103 (Parcul Poporului \u0219i 10 scuaruri aferente blocurilor), acestea afl\u00e2ndu-se \u00een prezent \u00eentr-o stare avansat\u0103 de degradare.<\/p><p>Scopul proiectului este de a oferi cet\u0103\u021benilor spa\u021bii publice integrate, de \u00eenalt\u0103 calitate, sigure, care s\u0103 permit\u0103 interac\u021biunea cultural\u0103, social\u0103, ecologic\u0103 \u0219i economic\u0103. Totodat\u0103, prin realizarea proiectului, UAT Moldova Nou\u0103 contribuie la ini\u021biativa New European Bauhaus.<\/p><p><strong>Beneficiarii:<\/strong><\/p><ul><li>485 de locuitori la nivelul anului 2023 beneficiari direc\u021bi (tineri, copii, grupuri vulnerabile, participan\u021bi la activit\u0103\u021bi culturale \u0219i sportive)<\/li><li>To\u021bi locuitorii ora\u0219ului<\/li><li>Turi\u0219tii Ora\u0219ului Moldova Nou\u0103 (beneficiari indirec\u021bi)<\/li><li>Mediul de afaceri<\/li><\/ul><p><strong>Perioada de implementare<\/strong> a proiectului este de 36 luni: 30.09.2024 \u2013 30.09.2027 proiectul a beneficiaza de o finan\u021bare \u00een valoare total\u0103 de 17.616.376 lei, din care 13.973.037,lei reprezint\u0103 contribu\u021bia Uniunii Europene.<\/p><p><strong>Finan\u021bare:<\/strong><\/p><p><strong>Fonduri europene (FEDR) + buget local<\/strong><\/p><p><strong>Rezultat final:<\/strong><\/p><p>Proiectul reprezint\u0103 o oportunitate major\u0103 de a \u00eembun\u0103t\u0103\u0163i calitatea vie\u0163ii \u00een ora\u015f, de a transforma zone degradate \u00eentr-un mediu urban mai prietenos, verde \u015fi accesibil. \u00a0Dac\u0103 implementarea va fi realizat\u0103 eficient \u015fi \u00eentre\u0163inerea asigurat\u0103, impactul pe termen mediu \u015fi lung poate fi foarte pozitiv \u2014 at\u00e2t pentru locuitori, c\u00e2t \u0219i pentru dinamica urban\u0103 \u0219i economic\u0103 a ora\u015fului.<\/p><p><em>Con\u021binutul acestui material nu reprezint\u0103 \u00een mod obligatoriu pozi\u021bia oficial\u0103 a Uniunii Europene sau a ADR Vest.<\/em><\/p><p><em>Proiectul este cofinan\u021bat de Uniunea European\u0103, prin ADR Vest \u00een calitate de Autoritate de Management pentru Programul Regional Vest 2021-2027. Pentru informa\u021bii detaliate despre program, accesa\u021bi <a href=\"http:\/\/www.vest.ro\">www.vest.ro<\/a>.<\/em><\/p><p><em>Pentru informa\u021bii detaliate despre celelalte programe cofinan\u021bate de Uniunea European\u0103, v\u0103 invit\u0103m s\u0103 vizita\u021bi <a href=\"http:\/\/www.mfe.gov.ro\">www.mfe.gov.ro<\/a><\/em><\/p><p>\u00a0<\/p>\t\t\t\t\t\t\t\t<\/div>\n\t\t\t\t<\/div>\n\t\t\t\t\t<\/div>\n\t\t<\/div>\n\t\t\t\t\t<\/div>\n\t\t<\/section>\n\t\t\t\t<section class=\"elementor-section elementor-top-section elementor-element elementor-element-8b79f80 elementor-section-boxed elementor-section-height-default elementor-section-height-default\" data-id=\"8b79f80\" data-element_type=\"section\">\n\t\t\t\t\t\t<div class=\"elementor-container elementor-column-gap-default\">\n\t\t\t\t\t<div class=\"elementor-column elementor-col-100 elementor-top-column elementor-element elementor-element-42d8b81\" data-id=\"42d8b81\" data-element_type=\"column\">\n\t\t\t<div class=\"elementor-widget-wrap elementor-element-populated\">\n\t\t\t\t\t\t<div class=\"elementor-element elementor-element-8258144 elementor-widget-divider--view-line elementor-widget elementor-widget-divider\" data-id=\"8258144\" data-element_type=\"widget\" data-widget_type=\"divider.default\">\n\t\t\t\t<div class=\"elementor-widget-container\">\n\t\t\t\t\t\t\t<div class=\"elementor-divider\">\n\t\t\t<span class=\"elementor-divider-separator\">\n\t\t\t\t\t\t<\/span>\n\t\t<\/div>\n\t\t\t\t\t\t<\/div>\n\t\t\t\t<\/div>\n\t\t\t\t\t<\/div>\n\t\t<\/div>\n\t\t\t\t\t<\/div>\n\t\t<\/section>\n\t\t\t\t<\/div>\n\t\t","protected":false},"excerpt":{"rendered":"<p>REABILITARE \u015eI MODERNIZARE SPA\u0162II VERZI \u015eI ZONE PIETONALE \u00ceN ORA\u015eUL MOLDOVA NOU\u0102 PRIN PROGRAMUL REGIONAL VEST 2021- 2027, Cod SMIS 328283 \u200b\u200b Scopul proiectului Revitalizarea \u0219i regenerarea a 2 zone de pe raza Ora\u0219ului Moldova Nou\u0103 (Parcul Poporului \u0219i 10 scuaruri aferente blocurilor), acestea afl\u00e2ndu-se \u00een prezent \u00eentr-o stare avansat\u0103 de degradare. Scopul proiectului este [&hellip;]<\/p>\n","protected":false},"author":4,"featured_media":0,"parent":0,"menu_order":0,"comment_status":"closed","ping_status":"closed","template":"","meta":{"site-sidebar-layout":"no-sidebar","site-content-layout":"page-builder","ast-site-content-layout":"full-width-container","site-content-style":"default","site-sidebar-style":"default","ast-global-header-display":"","ast-banner-title-visibility":"","ast-main-header-display":"","ast-hfb-above-header-display":"","ast-hfb-below-header-display":"","ast-hfb-mobile-header-display":"","site-post-title":"disabled","ast-breadcrumbs-content":"","ast-featured-img":"disabled","footer-sml-layout":"","theme-transparent-header-meta":"","adv-header-id-meta":"","stick-header-meta":"","header-above-stick-meta":"","header-main-stick-meta":"","header-below-stick-meta":"","astra-migrate-meta-layouts":"set","ast-page-background-enabled":"default","ast-page-background-meta":{"desktop":{"background-color":"","background-image":"","background-repeat":"repeat","background-position":"center center","background-size":"auto","background-attachment":"scroll","background-type":"","background-media":"","overlay-type":"","overlay-color":"","overlay-gradient":""},"tablet":{"background-color":"","background-image":"","background-repeat":"repeat","background-position":"center center","background-size":"auto","background-attachment":"scroll","background-type":"","background-media":"","overlay-type":"","overlay-color":"","overlay-gradient":""},"mobile":{"background-color":"","background-image":"","background-repeat":"repeat","background-position":"center center","background-size":"auto","background-attachment":"scroll","background-type":"","background-media":"","overlay-type":"","overlay-color":"","overlay-gradient":""}},"ast-content-background-meta":{"desktop":{"background-color":"var(--ast-global-color-5)","background-image":"","background-repeat":"repeat","background-position":"center center","background-size":"auto","background-attachment":"scroll","background-type":"","background-media":"","overlay-type":"","overlay-color":"","overlay-gradient":""},"tablet":{"background-color":"var(--ast-global-color-5)","background-image":"","background-repeat":"repeat","background-position":"center center","background-size":"auto","background-attachment":"scroll","background-type":"","background-media":"","overlay-type":"","overlay-color":"","overlay-gradient":""},"mobile":{"background-color":"var(--ast-global-color-5)","background-image":"","background-repeat":"repeat","background-position":"center center","background-size":"auto","background-attachment":"scroll","background-type":"","background-media":"","overlay-type":"","overlay-color":"","overlay-gradient":""}},"footnotes":""},"class_list":["post-12806","page","type-page","status-publish","hentry"],"yoast_head":"<!-- This site is optimized with the Yoast SEO plugin v27.0 - https:\/\/yoast.com\/product\/yoast-seo-wordpress\/ -->\n<title>REABILITARE \u015eI MODERNIZARE SPA\u0162II VERZI \u015eI ZONE PIETONALE \u00ceN ORA\u015eUL MOLDOVA NOU\u0102 PRIN PROGRAMUL REGIONAL VEST 2021- 2027, Cod SMIS 328283 \u200b\u200b\u200b - Prim\u0103riaMoldovaNou\u0103.ro<\/title>\n<meta name=\"robots\" content=\"index, follow, max-snippet:-1, max-image-preview:large, max-video-preview:-1\" \/>\n<link rel=\"canonical\" href=\"https:\/\/primariamoldovanoua.ro\/index.php\/anunt_smis-328283\/\" \/>\n<meta property=\"og:locale\" content=\"en_US\" \/>\n<meta property=\"og:type\" content=\"article\" \/>\n<meta property=\"og:title\" content=\"REABILITARE \u015eI MODERNIZARE SPA\u0162II VERZI \u015eI ZONE PIETONALE \u00ceN ORA\u015eUL MOLDOVA NOU\u0102 PRIN PROGRAMUL REGIONAL VEST 2021- 2027, Cod SMIS 328283 \u200b\u200b\u200b - Prim\u0103riaMoldovaNou\u0103.ro\" \/>\n<meta property=\"og:description\" content=\"REABILITARE \u015eI MODERNIZARE SPA\u0162II VERZI \u015eI ZONE PIETONALE \u00ceN ORA\u015eUL MOLDOVA NOU\u0102 PRIN PROGRAMUL REGIONAL VEST 2021- 2027, Cod SMIS 328283 \u200b\u200b Scopul proiectului Revitalizarea \u0219i regenerarea a 2 zone de pe raza Ora\u0219ului Moldova Nou\u0103 (Parcul Poporului \u0219i 10 scuaruri aferente blocurilor), acestea afl\u00e2ndu-se \u00een prezent \u00eentr-o stare avansat\u0103 de degradare. Scopul proiectului este [&hellip;]\" \/>\n<meta property=\"og:url\" content=\"https:\/\/primariamoldovanoua.ro\/index.php\/anunt_smis-328283\/\" \/>\n<meta property=\"og:site_name\" content=\"Prim\u0103riaMoldovaNou\u0103.ro\" \/>\n<meta property=\"article:modified_time\" content=\"2025-10-29T12:00:42+00:00\" \/>\n<meta property=\"og:image\" content=\"https:\/\/primariamoldovanoua.ro\/wp-content\/uploads\/2025\/10\/REGENERARE-URBANA.jpg\" \/>\n\t<meta property=\"og:image:width\" content=\"1080\" \/>\n\t<meta property=\"og:image:height\" content=\"1080\" \/>\n\t<meta property=\"og:image:type\" content=\"image\/jpeg\" \/>\n<meta name=\"twitter:card\" content=\"summary_large_image\" \/>\n<meta name=\"twitter:label1\" content=\"Est. reading time\" \/>\n\t<meta name=\"twitter:data1\" content=\"2 minutes\" \/>\n<script type=\"application\/ld+json\" class=\"yoast-schema-graph\">{\"@context\":\"https:\/\/schema.org\",\"@graph\":[{\"@type\":\"WebPage\",\"@id\":\"https:\/\/primariamoldovanoua.ro\/index.php\/anunt_smis-328283\/\",\"url\":\"https:\/\/primariamoldovanoua.ro\/index.php\/anunt_smis-328283\/\",\"name\":\"REABILITARE \u015eI MODERNIZARE SPA\u0162II VERZI \u015eI ZONE PIETONALE \u00ceN ORA\u015eUL MOLDOVA NOU\u0102 PRIN PROGRAMUL REGIONAL VEST 2021- 2027, Cod SMIS 328283 \u200b\u200b\u200b - Prim\u0103riaMoldovaNou\u0103.ro\",\"isPartOf\":{\"@id\":\"https:\/\/primariamoldovanoua.ro\/#website\"},\"primaryImageOfPage\":{\"@id\":\"https:\/\/primariamoldovanoua.ro\/index.php\/anunt_smis-328283\/#primaryimage\"},\"image\":{\"@id\":\"https:\/\/primariamoldovanoua.ro\/index.php\/anunt_smis-328283\/#primaryimage\"},\"thumbnailUrl\":\"https:\/\/primariamoldovanoua.ro\/wp-content\/uploads\/2025\/10\/REGENERARE-URBANA-768x768.jpg\",\"datePublished\":\"2025-10-29T11:44:26+00:00\",\"dateModified\":\"2025-10-29T12:00:42+00:00\",\"breadcrumb\":{\"@id\":\"https:\/\/primariamoldovanoua.ro\/index.php\/anunt_smis-328283\/#breadcrumb\"},\"inLanguage\":\"en-US\",\"potentialAction\":[{\"@type\":\"ReadAction\",\"target\":[\"https:\/\/primariamoldovanoua.ro\/index.php\/anunt_smis-328283\/\"]}]},{\"@type\":\"ImageObject\",\"inLanguage\":\"en-US\",\"@id\":\"https:\/\/primariamoldovanoua.ro\/index.php\/anunt_smis-328283\/#primaryimage\",\"url\":\"https:\/\/primariamoldovanoua.ro\/wp-content\/uploads\/2025\/10\/REGENERARE-URBANA.jpg\",\"contentUrl\":\"https:\/\/primariamoldovanoua.ro\/wp-content\/uploads\/2025\/10\/REGENERARE-URBANA.jpg\",\"width\":1080,\"height\":1080},{\"@type\":\"BreadcrumbList\",\"@id\":\"https:\/\/primariamoldovanoua.ro\/index.php\/anunt_smis-328283\/#breadcrumb\",\"itemListElement\":[{\"@type\":\"ListItem\",\"position\":1,\"name\":\"Home\",\"item\":\"https:\/\/primariamoldovanoua.ro\/\"},{\"@type\":\"ListItem\",\"position\":2,\"name\":\"REABILITARE \u015eI MODERNIZARE SPA\u0162II VERZI \u015eI ZONE PIETONALE \u00ceN ORA\u015eUL MOLDOVA NOU\u0102 PRIN PROGRAMUL REGIONAL VEST 2021- 2027, Cod SMIS 328283 \u200b\u200b\u200b\"}]},{\"@type\":\"WebSite\",\"@id\":\"https:\/\/primariamoldovanoua.ro\/#website\",\"url\":\"https:\/\/primariamoldovanoua.ro\/\",\"name\":\"Prim\u0103riaMoldovaNou\u0103.ro\",\"description\":\"Site-ul oficial al UAT Moldova Nou\u0103, jude\u0163ul Cara\u015f-Severin\",\"publisher\":{\"@id\":\"https:\/\/primariamoldovanoua.ro\/#organization\"},\"potentialAction\":[{\"@type\":\"SearchAction\",\"target\":{\"@type\":\"EntryPoint\",\"urlTemplate\":\"https:\/\/primariamoldovanoua.ro\/?s={search_term_string}\"},\"query-input\":{\"@type\":\"PropertyValueSpecification\",\"valueRequired\":true,\"valueName\":\"search_term_string\"}}],\"inLanguage\":\"en-US\"},{\"@type\":\"Organization\",\"@id\":\"https:\/\/primariamoldovanoua.ro\/#organization\",\"name\":\"Prim\u0103riaMoldovaNou\u0103.ro\",\"url\":\"https:\/\/primariamoldovanoua.ro\/\",\"logo\":{\"@type\":\"ImageObject\",\"inLanguage\":\"en-US\",\"@id\":\"https:\/\/primariamoldovanoua.ro\/#\/schema\/logo\/image\/\",\"url\":\"https:\/\/primariamoldovanoua.ro\/wp-content\/uploads\/2021\/04\/cropped-Logo-Moldova-Noua-M-1.png\",\"contentUrl\":\"https:\/\/primariamoldovanoua.ro\/wp-content\/uploads\/2021\/04\/cropped-Logo-Moldova-Noua-M-1.png\",\"width\":158,\"height\":250,\"caption\":\"Prim\u0103riaMoldovaNou\u0103.ro\"},\"image\":{\"@id\":\"https:\/\/primariamoldovanoua.ro\/#\/schema\/logo\/image\/\"}}]}<\/script>\n<!-- \/ Yoast SEO plugin. -->","yoast_head_json":{"title":"REABILITARE \u015eI MODERNIZARE SPA\u0162II VERZI \u015eI ZONE PIETONALE \u00ceN ORA\u015eUL MOLDOVA NOU\u0102 PRIN PROGRAMUL REGIONAL VEST 2021- 2027, Cod SMIS 328283 \u200b\u200b\u200b - Prim\u0103riaMoldovaNou\u0103.ro","robots":{"index":"index","follow":"follow","max-snippet":"max-snippet:-1","max-image-preview":"max-image-preview:large","max-video-preview":"max-video-preview:-1"},"canonical":"https:\/\/primariamoldovanoua.ro\/index.php\/anunt_smis-328283\/","og_locale":"en_US","og_type":"article","og_title":"REABILITARE \u015eI MODERNIZARE SPA\u0162II VERZI \u015eI ZONE PIETONALE \u00ceN ORA\u015eUL MOLDOVA NOU\u0102 PRIN PROGRAMUL REGIONAL VEST 2021- 2027, Cod SMIS 328283 \u200b\u200b\u200b - Prim\u0103riaMoldovaNou\u0103.ro","og_description":"REABILITARE \u015eI MODERNIZARE SPA\u0162II VERZI \u015eI ZONE PIETONALE \u00ceN ORA\u015eUL MOLDOVA NOU\u0102 PRIN PROGRAMUL REGIONAL VEST 2021- 2027, Cod SMIS 328283 \u200b\u200b Scopul proiectului Revitalizarea \u0219i regenerarea a 2 zone de pe raza Ora\u0219ului Moldova Nou\u0103 (Parcul Poporului \u0219i 10 scuaruri aferente blocurilor), acestea afl\u00e2ndu-se \u00een prezent \u00eentr-o stare avansat\u0103 de degradare. Scopul proiectului este [&hellip;]","og_url":"https:\/\/primariamoldovanoua.ro\/index.php\/anunt_smis-328283\/","og_site_name":"Prim\u0103riaMoldovaNou\u0103.ro","article_modified_time":"2025-10-29T12:00:42+00:00","og_image":[{"width":1080,"height":1080,"url":"https:\/\/primariamoldovanoua.ro\/wp-content\/uploads\/2025\/10\/REGENERARE-URBANA.jpg","type":"image\/jpeg"}],"twitter_card":"summary_large_image","twitter_misc":{"Est. reading time":"2 minutes"},"schema":{"@context":"https:\/\/schema.org","@graph":[{"@type":"WebPage","@id":"https:\/\/primariamoldovanoua.ro\/index.php\/anunt_smis-328283\/","url":"https:\/\/primariamoldovanoua.ro\/index.php\/anunt_smis-328283\/","name":"REABILITARE \u015eI MODERNIZARE SPA\u0162II VERZI \u015eI ZONE PIETONALE \u00ceN ORA\u015eUL MOLDOVA NOU\u0102 PRIN PROGRAMUL REGIONAL VEST 2021- 2027, Cod SMIS 328283 \u200b\u200b\u200b - Prim\u0103riaMoldovaNou\u0103.ro","isPartOf":{"@id":"https:\/\/primariamoldovanoua.ro\/#website"},"primaryImageOfPage":{"@id":"https:\/\/primariamoldovanoua.ro\/index.php\/anunt_smis-328283\/#primaryimage"},"image":{"@id":"https:\/\/primariamoldovanoua.ro\/index.php\/anunt_smis-328283\/#primaryimage"},"thumbnailUrl":"https:\/\/primariamoldovanoua.ro\/wp-content\/uploads\/2025\/10\/REGENERARE-URBANA-768x768.jpg","datePublished":"2025-10-29T11:44:26+00:00","dateModified":"2025-10-29T12:00:42+00:00","breadcrumb":{"@id":"https:\/\/primariamoldovanoua.ro\/index.php\/anunt_smis-328283\/#breadcrumb"},"inLanguage":"en-US","potentialAction":[{"@type":"ReadAction","target":["https:\/\/primariamoldovanoua.ro\/index.php\/anunt_smis-328283\/"]}]},{"@type":"ImageObject","inLanguage":"en-US","@id":"https:\/\/primariamoldovanoua.ro\/index.php\/anunt_smis-328283\/#primaryimage","url":"https:\/\/primariamoldovanoua.ro\/wp-content\/uploads\/2025\/10\/REGENERARE-URBANA.jpg","contentUrl":"https:\/\/primariamoldovanoua.ro\/wp-content\/uploads\/2025\/10\/REGENERARE-URBANA.jpg","width":1080,"height":1080},{"@type":"BreadcrumbList","@id":"https:\/\/primariamoldovanoua.ro\/index.php\/anunt_smis-328283\/#breadcrumb","itemListElement":[{"@type":"ListItem","position":1,"name":"Home","item":"https:\/\/primariamoldovanoua.ro\/"},{"@type":"ListItem","position":2,"name":"REABILITARE \u015eI MODERNIZARE SPA\u0162II VERZI \u015eI ZONE PIETONALE \u00ceN ORA\u015eUL MOLDOVA NOU\u0102 PRIN PROGRAMUL REGIONAL VEST 2021- 2027, Cod SMIS 328283 \u200b\u200b\u200b"}]},{"@type":"WebSite","@id":"https:\/\/primariamoldovanoua.ro\/#website","url":"https:\/\/primariamoldovanoua.ro\/","name":"Prim\u0103riaMoldovaNou\u0103.ro","description":"Site-ul oficial al UAT Moldova Nou\u0103, jude\u0163ul Cara\u015f-Severin","publisher":{"@id":"https:\/\/primariamoldovanoua.ro\/#organization"},"potentialAction":[{"@type":"SearchAction","target":{"@type":"EntryPoint","urlTemplate":"https:\/\/primariamoldovanoua.ro\/?s={search_term_string}"},"query-input":{"@type":"PropertyValueSpecification","valueRequired":true,"valueName":"search_term_string"}}],"inLanguage":"en-US"},{"@type":"Organization","@id":"https:\/\/primariamoldovanoua.ro\/#organization","name":"Prim\u0103riaMoldovaNou\u0103.ro","url":"https:\/\/primariamoldovanoua.ro\/","logo":{"@type":"ImageObject","inLanguage":"en-US","@id":"https:\/\/primariamoldovanoua.ro\/#\/schema\/logo\/image\/","url":"https:\/\/primariamoldovanoua.ro\/wp-content\/uploads\/2021\/04\/cropped-Logo-Moldova-Noua-M-1.png","contentUrl":"https:\/\/primariamoldovanoua.ro\/wp-content\/uploads\/2021\/04\/cropped-Logo-Moldova-Noua-M-1.png","width":158,"height":250,"caption":"Prim\u0103riaMoldovaNou\u0103.ro"},"image":{"@id":"https:\/\/primariamoldovanoua.ro\/#\/schema\/logo\/image\/"}}]}},"_links":{"self":[{"href":"https:\/\/primariamoldovanoua.ro\/index.php\/wp-json\/wp\/v2\/pages\/12806","targetHints":{"allow":["GET"]}}],"collection":[{"href":"https:\/\/primariamoldovanoua.ro\/index.php\/wp-json\/wp\/v2\/pages"}],"about":[{"href":"https:\/\/primariamoldovanoua.ro\/index.php\/wp-json\/wp\/v2\/types\/page"}],"author":[{"embeddable":true,"href":"https:\/\/primariamoldovanoua.ro\/index.php\/wp-json\/wp\/v2\/users\/4"}],"replies":[{"embeddable":true,"href":"https:\/\/primariamoldovanoua.ro\/index.php\/wp-json\/wp\/v2\/comments?post=12806"}],"version-history":[{"count":10,"href":"https:\/\/primariamoldovanoua.ro\/index.php\/wp-json\/wp\/v2\/pages\/12806\/revisions"}],"predecessor-version":[{"id":12827,"href":"https:\/\/primariamoldovanoua.ro\/index.php\/wp-json\/wp\/v2\/pages\/12806\/revisions\/12827"}],"wp:attachment":[{"href":"https:\/\/primariamoldovanoua.ro\/index.php\/wp-json\/wp\/v2\/media?parent=12806"}],"curies":[{"name":"wp","href":"https:\/\/api.w.org\/{rel}","templated":true}]}}