{"id":13428,"date":"2026-02-12T16:32:39","date_gmt":"2026-02-12T14:32:39","guid":{"rendered":"https:\/\/primariamoldovanoua.ro\/?page_id=13428"},"modified":"2026-02-12T16:36:05","modified_gmt":"2026-02-12T14:36:05","slug":"eficientizare-energetica-in-cladiri-rezidentiale-bloc-nr-12-strada-alexandru-ioan-cuza-oras-moldova-nouacod-smis-347200","status":"publish","type":"page","link":"https:\/\/primariamoldovanoua.ro\/index.php\/eficientizare-energetica-in-cladiri-rezidentiale-bloc-nr-12-strada-alexandru-ioan-cuza-oras-moldova-nouacod-smis-347200\/","title":{"rendered":"\u201eEFICIENTIZARE ENERGETIC\u0102 \u00ceN CL\u0102DIRI REZIDEN\u021aIALE- BLOC NR. 12, STRADA ALEXANDRU IOAN CUZA, ORA\u0218 MOLDOVA NOU\u0102\u201dCod SMIS: 347200"},"content":{"rendered":"\n<ol class=\"wp-block-list\">\n<li><a href=\"https:\/\/primariamoldovanoua.ro\/index.php\/2026\/02\/12\/eficientizareenergeticaincladirirezidentiale-blocnr-12stradaalexandru-ioan-cuza-oras-moldova-noua\/\">ANUNT \u201eEFICIENTIZARE ENERGETIC\u0102 \u00ceN CL\u0102DIRI REZIDEN\u021aIALE- BLOC NR. 12, STRADA ALEXANDRU IOAN CUZA, ORA\u0218 MOLDOVA NOU\u0102\u201d Cod SMIS: 347200<\/a><\/li>\n\n\n\n<li><a href=\"https:\/\/primariamoldovanoua.ro\/wp-content\/uploads\/2026\/02\/6.-Descriere-proiect-bl-12.pdf\">DESCRIERE PROIECT \u201eEFICIENTIZARE ENERGETIC\u0102 \u00ceN CL\u0102DIRI REZIDEN\u021aIALE- BLOC NR. 12, STRADA ALEXANDRU IOAN CUZA, ORA\u0218 MOLDOVA NOU\u0102\u201d Cod SMIS: 347200<\/a><\/li>\n<\/ol>\n\n\n\n<p><\/p>\n","protected":false},"excerpt":{"rendered":"","protected":false},"author":6,"featured_media":0,"parent":0,"menu_order":0,"comment_status":"closed","ping_status":"closed","template":"","meta":{"site-sidebar-layout":"default","site-content-layout":"","ast-site-content-layout":"default","site-content-style":"default","site-sidebar-style":"default","ast-global-header-display":"","ast-banner-title-visibility":"","ast-main-header-display":"","ast-hfb-above-header-display":"","ast-hfb-below-header-display":"","ast-hfb-mobile-header-display":"","site-post-title":"","ast-breadcrumbs-content":"","ast-featured-img":"","footer-sml-layout":"","theme-transparent-header-meta":"","adv-header-id-meta":"","stick-header-meta":"","header-above-stick-meta":"","header-main-stick-meta":"","header-below-stick-meta":"","astra-migrate-meta-layouts":"set","ast-page-background-enabled":"default","ast-page-background-meta":{"desktop":{"background-color":"","background-image":"","background-repeat":"repeat","background-position":"center center","background-size":"auto","background-attachment":"scroll","background-type":"","background-media":"","overlay-type":"","overlay-color":"","overlay-gradient":""},"tablet":{"background-color":"","background-image":"","background-repeat":"repeat","background-position":"center center","background-size":"auto","background-attachment":"scroll","background-type":"","background-media":"","overlay-type":"","overlay-color":"","overlay-gradient":""},"mobile":{"background-color":"","background-image":"","background-repeat":"repeat","background-position":"center center","background-size":"auto","background-attachment":"scroll","background-type":"","background-media":"","overlay-type":"","overlay-color":"","overlay-gradient":""}},"ast-content-background-meta":{"desktop":{"background-color":"var(--ast-global-color-5)","background-image":"","background-repeat":"repeat","background-position":"center center","background-size":"auto","background-attachment":"scroll","background-type":"","background-media":"","overlay-type":"","overlay-color":"","overlay-gradient":""},"tablet":{"background-color":"var(--ast-global-color-5)","background-image":"","background-repeat":"repeat","background-position":"center center","background-size":"auto","background-attachment":"scroll","background-type":"","background-media":"","overlay-type":"","overlay-color":"","overlay-gradient":""},"mobile":{"background-color":"var(--ast-global-color-5)","background-image":"","background-repeat":"repeat","background-position":"center center","background-size":"auto","background-attachment":"scroll","background-type":"","background-media":"","overlay-type":"","overlay-color":"","overlay-gradient":""}},"footnotes":""},"class_list":["post-13428","page","type-page","status-publish","hentry"],"yoast_head":"<!-- This site is optimized with the Yoast SEO plugin v27.0 - https:\/\/yoast.com\/product\/yoast-seo-wordpress\/ -->\n<title>\u201eEFICIENTIZARE ENERGETIC\u0102 \u00ceN CL\u0102DIRI REZIDEN\u021aIALE- BLOC NR. 12, STRADA ALEXANDRU IOAN CUZA, ORA\u0218 MOLDOVA NOU\u0102\u201dCod SMIS: 347200 - Prim\u0103riaMoldovaNou\u0103.ro<\/title>\n<meta name=\"robots\" content=\"index, follow, max-snippet:-1, max-image-preview:large, max-video-preview:-1\" \/>\n<link rel=\"canonical\" href=\"https:\/\/primariamoldovanoua.ro\/index.php\/eficientizare-energetica-in-cladiri-rezidentiale-bloc-nr-12-strada-alexandru-ioan-cuza-oras-moldova-nouacod-smis-347200\/\" \/>\n<meta property=\"og:locale\" content=\"en_US\" \/>\n<meta property=\"og:type\" content=\"article\" \/>\n<meta property=\"og:title\" content=\"\u201eEFICIENTIZARE ENERGETIC\u0102 \u00ceN CL\u0102DIRI REZIDEN\u021aIALE- BLOC NR. 12, STRADA ALEXANDRU IOAN CUZA, ORA\u0218 MOLDOVA NOU\u0102\u201dCod SMIS: 347200 - Prim\u0103riaMoldovaNou\u0103.ro\" \/>\n<meta property=\"og:url\" content=\"https:\/\/primariamoldovanoua.ro\/index.php\/eficientizare-energetica-in-cladiri-rezidentiale-bloc-nr-12-strada-alexandru-ioan-cuza-oras-moldova-nouacod-smis-347200\/\" \/>\n<meta property=\"og:site_name\" content=\"Prim\u0103riaMoldovaNou\u0103.ro\" \/>\n<meta property=\"article:modified_time\" content=\"2026-02-12T14:36:05+00:00\" \/>\n<meta name=\"twitter:card\" content=\"summary_large_image\" \/>\n<meta name=\"twitter:label1\" content=\"Est. reading time\" \/>\n\t<meta name=\"twitter:data1\" content=\"1 minute\" \/>\n<script type=\"application\/ld+json\" class=\"yoast-schema-graph\">{\"@context\":\"https:\/\/schema.org\",\"@graph\":[{\"@type\":\"WebPage\",\"@id\":\"https:\/\/primariamoldovanoua.ro\/index.php\/eficientizare-energetica-in-cladiri-rezidentiale-bloc-nr-12-strada-alexandru-ioan-cuza-oras-moldova-nouacod-smis-347200\/\",\"url\":\"https:\/\/primariamoldovanoua.ro\/index.php\/eficientizare-energetica-in-cladiri-rezidentiale-bloc-nr-12-strada-alexandru-ioan-cuza-oras-moldova-nouacod-smis-347200\/\",\"name\":\"\u201eEFICIENTIZARE ENERGETIC\u0102 \u00ceN CL\u0102DIRI REZIDEN\u021aIALE- BLOC NR. 12, STRADA ALEXANDRU IOAN CUZA, ORA\u0218 MOLDOVA NOU\u0102\u201dCod SMIS: 347200 - Prim\u0103riaMoldovaNou\u0103.ro\",\"isPartOf\":{\"@id\":\"https:\/\/primariamoldovanoua.ro\/#website\"},\"datePublished\":\"2026-02-12T14:32:39+00:00\",\"dateModified\":\"2026-02-12T14:36:05+00:00\",\"breadcrumb\":{\"@id\":\"https:\/\/primariamoldovanoua.ro\/index.php\/eficientizare-energetica-in-cladiri-rezidentiale-bloc-nr-12-strada-alexandru-ioan-cuza-oras-moldova-nouacod-smis-347200\/#breadcrumb\"},\"inLanguage\":\"en-US\",\"potentialAction\":[{\"@type\":\"ReadAction\",\"target\":[\"https:\/\/primariamoldovanoua.ro\/index.php\/eficientizare-energetica-in-cladiri-rezidentiale-bloc-nr-12-strada-alexandru-ioan-cuza-oras-moldova-nouacod-smis-347200\/\"]}]},{\"@type\":\"BreadcrumbList\",\"@id\":\"https:\/\/primariamoldovanoua.ro\/index.php\/eficientizare-energetica-in-cladiri-rezidentiale-bloc-nr-12-strada-alexandru-ioan-cuza-oras-moldova-nouacod-smis-347200\/#breadcrumb\",\"itemListElement\":[{\"@type\":\"ListItem\",\"position\":1,\"name\":\"Home\",\"item\":\"https:\/\/primariamoldovanoua.ro\/\"},{\"@type\":\"ListItem\",\"position\":2,\"name\":\"\u201eEFICIENTIZARE ENERGETIC\u0102 \u00ceN CL\u0102DIRI REZIDEN\u021aIALE- BLOC NR. 12, STRADA ALEXANDRU IOAN CUZA, ORA\u0218 MOLDOVA NOU\u0102\u201dCod SMIS: 347200\"}]},{\"@type\":\"WebSite\",\"@id\":\"https:\/\/primariamoldovanoua.ro\/#website\",\"url\":\"https:\/\/primariamoldovanoua.ro\/\",\"name\":\"Prim\u0103riaMoldovaNou\u0103.ro\",\"description\":\"Site-ul oficial al UAT Moldova Nou\u0103, jude\u0163ul Cara\u015f-Severin\",\"publisher\":{\"@id\":\"https:\/\/primariamoldovanoua.ro\/#organization\"},\"potentialAction\":[{\"@type\":\"SearchAction\",\"target\":{\"@type\":\"EntryPoint\",\"urlTemplate\":\"https:\/\/primariamoldovanoua.ro\/?s={search_term_string}\"},\"query-input\":{\"@type\":\"PropertyValueSpecification\",\"valueRequired\":true,\"valueName\":\"search_term_string\"}}],\"inLanguage\":\"en-US\"},{\"@type\":\"Organization\",\"@id\":\"https:\/\/primariamoldovanoua.ro\/#organization\",\"name\":\"Prim\u0103riaMoldovaNou\u0103.ro\",\"url\":\"https:\/\/primariamoldovanoua.ro\/\",\"logo\":{\"@type\":\"ImageObject\",\"inLanguage\":\"en-US\",\"@id\":\"https:\/\/primariamoldovanoua.ro\/#\/schema\/logo\/image\/\",\"url\":\"https:\/\/primariamoldovanoua.ro\/wp-content\/uploads\/2021\/04\/cropped-Logo-Moldova-Noua-M-1.png\",\"contentUrl\":\"https:\/\/primariamoldovanoua.ro\/wp-content\/uploads\/2021\/04\/cropped-Logo-Moldova-Noua-M-1.png\",\"width\":158,\"height\":250,\"caption\":\"Prim\u0103riaMoldovaNou\u0103.ro\"},\"image\":{\"@id\":\"https:\/\/primariamoldovanoua.ro\/#\/schema\/logo\/image\/\"}}]}<\/script>\n<!-- \/ Yoast SEO plugin. -->","yoast_head_json":{"title":"\u201eEFICIENTIZARE ENERGETIC\u0102 \u00ceN CL\u0102DIRI REZIDEN\u021aIALE- BLOC NR. 12, STRADA ALEXANDRU IOAN CUZA, ORA\u0218 MOLDOVA NOU\u0102\u201dCod SMIS: 347200 - Prim\u0103riaMoldovaNou\u0103.ro","robots":{"index":"index","follow":"follow","max-snippet":"max-snippet:-1","max-image-preview":"max-image-preview:large","max-video-preview":"max-video-preview:-1"},"canonical":"https:\/\/primariamoldovanoua.ro\/index.php\/eficientizare-energetica-in-cladiri-rezidentiale-bloc-nr-12-strada-alexandru-ioan-cuza-oras-moldova-nouacod-smis-347200\/","og_locale":"en_US","og_type":"article","og_title":"\u201eEFICIENTIZARE ENERGETIC\u0102 \u00ceN CL\u0102DIRI REZIDEN\u021aIALE- BLOC NR. 12, STRADA ALEXANDRU IOAN CUZA, ORA\u0218 MOLDOVA NOU\u0102\u201dCod SMIS: 347200 - Prim\u0103riaMoldovaNou\u0103.ro","og_url":"https:\/\/primariamoldovanoua.ro\/index.php\/eficientizare-energetica-in-cladiri-rezidentiale-bloc-nr-12-strada-alexandru-ioan-cuza-oras-moldova-nouacod-smis-347200\/","og_site_name":"Prim\u0103riaMoldovaNou\u0103.ro","article_modified_time":"2026-02-12T14:36:05+00:00","twitter_card":"summary_large_image","twitter_misc":{"Est. reading time":"1 minute"},"schema":{"@context":"https:\/\/schema.org","@graph":[{"@type":"WebPage","@id":"https:\/\/primariamoldovanoua.ro\/index.php\/eficientizare-energetica-in-cladiri-rezidentiale-bloc-nr-12-strada-alexandru-ioan-cuza-oras-moldova-nouacod-smis-347200\/","url":"https:\/\/primariamoldovanoua.ro\/index.php\/eficientizare-energetica-in-cladiri-rezidentiale-bloc-nr-12-strada-alexandru-ioan-cuza-oras-moldova-nouacod-smis-347200\/","name":"\u201eEFICIENTIZARE ENERGETIC\u0102 \u00ceN CL\u0102DIRI REZIDEN\u021aIALE- BLOC NR. 12, STRADA ALEXANDRU IOAN CUZA, ORA\u0218 MOLDOVA NOU\u0102\u201dCod SMIS: 347200 - Prim\u0103riaMoldovaNou\u0103.ro","isPartOf":{"@id":"https:\/\/primariamoldovanoua.ro\/#website"},"datePublished":"2026-02-12T14:32:39+00:00","dateModified":"2026-02-12T14:36:05+00:00","breadcrumb":{"@id":"https:\/\/primariamoldovanoua.ro\/index.php\/eficientizare-energetica-in-cladiri-rezidentiale-bloc-nr-12-strada-alexandru-ioan-cuza-oras-moldova-nouacod-smis-347200\/#breadcrumb"},"inLanguage":"en-US","potentialAction":[{"@type":"ReadAction","target":["https:\/\/primariamoldovanoua.ro\/index.php\/eficientizare-energetica-in-cladiri-rezidentiale-bloc-nr-12-strada-alexandru-ioan-cuza-oras-moldova-nouacod-smis-347200\/"]}]},{"@type":"BreadcrumbList","@id":"https:\/\/primariamoldovanoua.ro\/index.php\/eficientizare-energetica-in-cladiri-rezidentiale-bloc-nr-12-strada-alexandru-ioan-cuza-oras-moldova-nouacod-smis-347200\/#breadcrumb","itemListElement":[{"@type":"ListItem","position":1,"name":"Home","item":"https:\/\/primariamoldovanoua.ro\/"},{"@type":"ListItem","position":2,"name":"\u201eEFICIENTIZARE ENERGETIC\u0102 \u00ceN CL\u0102DIRI REZIDEN\u021aIALE- BLOC NR. 12, STRADA ALEXANDRU IOAN CUZA, ORA\u0218 MOLDOVA NOU\u0102\u201dCod SMIS: 347200"}]},{"@type":"WebSite","@id":"https:\/\/primariamoldovanoua.ro\/#website","url":"https:\/\/primariamoldovanoua.ro\/","name":"Prim\u0103riaMoldovaNou\u0103.ro","description":"Site-ul oficial al UAT Moldova Nou\u0103, jude\u0163ul Cara\u015f-Severin","publisher":{"@id":"https:\/\/primariamoldovanoua.ro\/#organization"},"potentialAction":[{"@type":"SearchAction","target":{"@type":"EntryPoint","urlTemplate":"https:\/\/primariamoldovanoua.ro\/?s={search_term_string}"},"query-input":{"@type":"PropertyValueSpecification","valueRequired":true,"valueName":"search_term_string"}}],"inLanguage":"en-US"},{"@type":"Organization","@id":"https:\/\/primariamoldovanoua.ro\/#organization","name":"Prim\u0103riaMoldovaNou\u0103.ro","url":"https:\/\/primariamoldovanoua.ro\/","logo":{"@type":"ImageObject","inLanguage":"en-US","@id":"https:\/\/primariamoldovanoua.ro\/#\/schema\/logo\/image\/","url":"https:\/\/primariamoldovanoua.ro\/wp-content\/uploads\/2021\/04\/cropped-Logo-Moldova-Noua-M-1.png","contentUrl":"https:\/\/primariamoldovanoua.ro\/wp-content\/uploads\/2021\/04\/cropped-Logo-Moldova-Noua-M-1.png","width":158,"height":250,"caption":"Prim\u0103riaMoldovaNou\u0103.ro"},"image":{"@id":"https:\/\/primariamoldovanoua.ro\/#\/schema\/logo\/image\/"}}]}},"_links":{"self":[{"href":"https:\/\/primariamoldovanoua.ro\/index.php\/wp-json\/wp\/v2\/pages\/13428","targetHints":{"allow":["GET"]}}],"collection":[{"href":"https:\/\/primariamoldovanoua.ro\/index.php\/wp-json\/wp\/v2\/pages"}],"about":[{"href":"https:\/\/primariamoldovanoua.ro\/index.php\/wp-json\/wp\/v2\/types\/page"}],"author":[{"embeddable":true,"href":"https:\/\/primariamoldovanoua.ro\/index.php\/wp-json\/wp\/v2\/users\/6"}],"replies":[{"embeddable":true,"href":"https:\/\/primariamoldovanoua.ro\/index.php\/wp-json\/wp\/v2\/comments?post=13428"}],"version-history":[{"count":3,"href":"https:\/\/primariamoldovanoua.ro\/index.php\/wp-json\/wp\/v2\/pages\/13428\/revisions"}],"predecessor-version":[{"id":13434,"href":"https:\/\/primariamoldovanoua.ro\/index.php\/wp-json\/wp\/v2\/pages\/13428\/revisions\/13434"}],"wp:attachment":[{"href":"https:\/\/primariamoldovanoua.ro\/index.php\/wp-json\/wp\/v2\/media?parent=13428"}],"curies":[{"name":"wp","href":"https:\/\/api.w.org\/{rel}","templated":true}]}}