{"id":13473,"date":"2026-02-13T10:21:21","date_gmt":"2026-02-13T08:21:21","guid":{"rendered":"https:\/\/primariamoldovanoua.ro\/?page_id=13473"},"modified":"2026-02-13T10:26:40","modified_gmt":"2026-02-13T08:26:40","slug":"imbunatatirea-calitatii-vietii-pentru-locuitorii-orasului-moldova-noua-din-zona-adiacenta-scolii-gimnaziale-sofia-arcancod-smis-324195-2","status":"publish","type":"page","link":"https:\/\/primariamoldovanoua.ro\/index.php\/imbunatatirea-calitatii-vietii-pentru-locuitorii-orasului-moldova-noua-din-zona-adiacenta-scolii-gimnaziale-sofia-arcancod-smis-324195-2\/","title":{"rendered":"\u201e\u00cembunata\u021birea calit\u0103\u021bii vie\u021bii pentru locuitorii ora\u0219ului Moldova Nou\u0103 din zona adiacent\u0103 \u0218colii Gimnaziale Sofia Arcan\u201dCod SMIS:\u00a0324195"},"content":{"rendered":"\n<figure class=\"wp-block-image size-large\"><img fetchpriority=\"high\" decoding=\"async\" width=\"1024\" height=\"1024\" src=\"https:\/\/primariamoldovanoua.ro\/wp-content\/uploads\/2026\/02\/SofiaArcan-1024x1024.jpeg\" alt=\"\" class=\"wp-image-13474\" srcset=\"https:\/\/primariamoldovanoua.ro\/wp-content\/uploads\/2026\/02\/SofiaArcan-1024x1024.jpeg 1024w, https:\/\/primariamoldovanoua.ro\/wp-content\/uploads\/2026\/02\/SofiaArcan-300x300.jpeg 300w, https:\/\/primariamoldovanoua.ro\/wp-content\/uploads\/2026\/02\/SofiaArcan-150x150.jpeg 150w, https:\/\/primariamoldovanoua.ro\/wp-content\/uploads\/2026\/02\/SofiaArcan-768x768.jpeg 768w, https:\/\/primariamoldovanoua.ro\/wp-content\/uploads\/2026\/02\/SofiaArcan.jpeg 1080w\" sizes=\"(max-width: 1024px) 100vw, 1024px\" \/><\/figure>\n\n\n\n<p><strong>Prezentare proiect:<\/strong><\/p>\n\n\n\n<p><strong>Numele beneficiarului<\/strong><strong>: <\/strong>&nbsp;UAT ORA\u0218UL MOLDOVA NOU\u0102<\/p>\n\n\n\n<p><strong>UNITATEA ADMINISTRATIV TERITORIAL\u0102 ORA\u0218UL MOLDOVA NOU\u0102<\/strong> implementeaz\u0103 proiectul \u201e\u00cembunata\u021birea calit\u0103\u021bii vie\u021bii pentru locuitorii ora\u0219ului Moldova Nou\u0103 din zona adiacent\u0103 \u0218colii Gimnaziale Sofia Arcan&#8221; cod SMIS:<a> <\/a>324195, <strong>\u00a0prin Programul Regional Vest 2021-2027, \u00een baza contractului de finan\u021bare\u00a0 nr. 41\/05.07.2024.<\/strong>\u00a0\u00a0\u00a0<\/p>\n\n\n\n<p>&nbsp;<strong>Obiectivul general al proiectului: <\/strong>\u201e\u00cembunata\u021birea calit\u0103\u021bii vie\u021bii pentru locuitorii ora\u0219ului Moldova Nou\u0103 din zona adiacent\u0103 \u0218colii Gimnaziale Sofia Arcan&#8221; cod SMIS: 324195, \u00eel reprezint\u0103 oferirea de sprijin pentru revitalizarea fizica, economica si sociala a comunitatilor defavorizate din Orasul Moldova Noua, judetul Caras Severin, prin modernizarea, reabilitarea si dotarea infrastructurii educationale pentru invatamantul general obligatoriu in cadrul Scolii Gimnaziale SOFIA ARCAN, precum si prin modernizarea si reabilitarea drumurilor publice, parcarilor, parcurilor si spatiile verzi din zona adiacenta Scolii Gimnaziale SOFIA ARCAN. Implementarea proiectului va contribui la realizarea Obiectivului specific 13.1 al Prioritatii de Investitii 9b intrucat prin intermediul acestuia se are in vedere revitalizarea fizica, sociala si economica a comunitatilor defavorizate din Orasul Moldova Noua.<\/p>\n\n\n\n<p><strong>Obiective specifice:<\/strong><\/p>\n\n\n\n<ol class=\"wp-block-list\">\n<li>Modernizarea, reabilitarea si dotarea Scolii Gimnaziale SOFIA ARCAN<\/li>\n\n\n\n<li>Modernizarea si reabilitarea drumurilor publice, parcarilor, parcurilor si spatiile verzi din zona adiacenta Scolii Gimnaziale SOFIA ARCAN.<\/li>\n\n\n\n<li>Crearea de facilit\u0103\u0163i \/ adaptarea infrastructurii\/ echipamentelor pentru accesul persoanelor cu dizabilit\u0103\u0163i.<\/li>\n\n\n\n<li>Execu\u0163ia de lucr\u0103ri \u00een vederea conform\u0103rii construc\u0163iilor existente la normativele \u00een vigoare cu privire la protec\u0163ia \u00eempotriva incendiilor<\/li>\n<\/ol>\n\n\n\n<p><strong>Prin implementarea acestui proiect se urm\u0103re\u0219te<\/strong>:<\/p>\n\n\n\n<p>&nbsp;\ud83d\udeb8 &nbsp;Cre\u0219terea gradului de siguran\u021b\u0103 pentru pietoni, \u00een special pentru elevi;<\/p>\n\n\n\n<p>&nbsp; \ud83c\udfeb&nbsp; \u00cembun\u0103t\u0103\u021birea condi\u021biilor de acces c\u0103tre unitatea de \u00eenv\u0103\u021b\u0103m\u00e2nt;<\/p>\n\n\n\n<p>&nbsp; \ud83c\udf33&nbsp;&nbsp; Modernizarea \u0219i valorificarea spa\u021biului public;<\/p>\n\n\n\n<p>&nbsp; \u267b\ufe0f &nbsp;&nbsp;Stimularea dezvolt\u0103rii urbane durabile;<\/p>\n\n\n\n<p>&nbsp; \ud83c\udf1f &nbsp;Cre\u0219terea calit\u0103\u021bii vie\u021bii pentru locuitorii din zon\u0103.<\/p>\n\n\n\n<p>Proiectul contribuie la atingerea obiectivelor privind tranzi\u021bia c\u0103tre o economie verde, eficient\u0103 din punct de vedere energetic \u0219i cu emisii reduse de carbon, \u00een conformitate cu politicile na\u021bionale \u0219i europene \u00een domeniul eficien\u021bei energetice.<\/p>\n\n\n\n<p><strong>\u2705<\/strong><strong> Beneficiari direc\u021bi:<\/strong> Sunt persoanele care utilizeaz\u0103 \u00een mod direct infrastructura \u0219i spa\u021biile modernizate:<\/p>\n\n\n\n<p>\ud83d\udc67\ud83d\udc66 &nbsp;Elevii \u0218colii Gimnaziale \u201eSofia Arcan\u201d<\/p>\n\n\n\n<p>&nbsp;\ud83d\udc69\u200d\ud83c\udfeb &nbsp;&nbsp;&nbsp;&nbsp;&nbsp;Cadrele didactice \u0219i personalul auxiliar al \u0219colii<\/p>\n\n\n\n<p>\ud83d\udc68\u200d\ud83d\udc69\u200d\ud83d\udc67\u200d\ud83d\udc66 &nbsp;&nbsp;&nbsp;&nbsp;P\u0103rin\u021bii \u0219i apar\u021bin\u0103torii elevilor<\/p>\n\n\n\n<p>&nbsp; \ud83d\udeb6\u200d\u2642\ufe0f &nbsp;&nbsp;&nbsp;&nbsp;&nbsp;&nbsp;Locuitorii din zona adiacent\u0103 proiectului<\/p>\n\n\n\n<p>&nbsp;\u267f &nbsp;&nbsp;&nbsp;&nbsp;&nbsp;Persoanele cu mobilitate redus\u0103, prin \u00eembun\u0103t\u0103\u021birea accesibilit\u0103\u021bii<\/p>\n\n\n\n<p>\ud83c\udf0d <strong>Beneficiari indirec\u021bi:<\/strong> Sunt persoanele \u0219i entit\u0103\u021bile care beneficiaz\u0103 pe termen mediu \u0219i lung de efectele proiectului:<\/p>\n\n\n\n<p>&nbsp;\ud83c\udfd8\ufe0f &nbsp;\u00centreaga comunitate a ora\u0219ului Moldova Nou\u0103<\/p>\n\n\n\n<p>\ud83c\udfe2 &nbsp;Autoritatea public\u0103 local\u0103, prin modernizarea infrastructurii urbane<\/p>\n\n\n\n<p>\ud83d\udecd\ufe0f &nbsp;Agen\u021bii economici din zon\u0103, prin cre\u0219terea atractivit\u0103\u021bii \u0219i accesibilit\u0103\u021bii<\/p>\n\n\n\n<p>\ud83c\udf31 &nbsp;Comunitatea local\u0103 \u00een ansamblu, prin cre\u0219terea calit\u0103\u021bii mediului urban \u0219i dezvoltare durabil\u0103<\/p>\n\n\n\n<p><strong>Rezultatul final<\/strong> const\u0103 \u00een modernizarea \u0219i reconfigurarea zonei adiacente \u0218colii Gimnaziale \u201eSofia Arcan\u201d, prin realizarea unor interven\u021bii integrate care asigur\u0103 siguran\u021b\u0103, accesibilitate \u0219i cre\u0219terea calit\u0103\u021bii vie\u021bii pentru comunitatea local\u0103.<\/p>\n\n\n\n<p><em>Con\u021binutul acestui material nu reprezint\u0103 \u00een mod obligatoriu pozi\u021bia oficial\u0103 a Uniunii Europene sau a ADR Vest.<\/em><\/p>\n\n\n\n<p><em>Proiectul este cofinan\u021bat de Uniunea European\u0103, prin ADR Vest \u00een calitate de Autoritate de Management pentru Programul Regional Vest 2021-2027. Pentru informa\u021bii detaliate despre program, accesa\u021bi <a href=\"https:\/\/vest.ro\">www.vest.ro<\/a>.<\/em><\/p>\n\n\n\n<p><em>\u00a0Pentru informa\u021bii detaliate despre celelalte programe cofinan\u021bate de Uniunea European\u0103, v\u0103 invit\u0103m s\u0103 vizita\u021bi <a href=\"https:\/\/mfe.gov.ro\" type=\"link\" id=\"https:\/\/mfe.gov.ro\">www.mfe.gov.ro<\/a><\/em><\/p>\n","protected":false},"excerpt":{"rendered":"<p>Prezentare proiect: Numele beneficiarului: &nbsp;UAT ORA\u0218UL MOLDOVA NOU\u0102 UNITATEA ADMINISTRATIV TERITORIAL\u0102 ORA\u0218UL MOLDOVA NOU\u0102 implementeaz\u0103 proiectul \u201e\u00cembunata\u021birea calit\u0103\u021bii vie\u021bii pentru locuitorii ora\u0219ului Moldova Nou\u0103 din zona adiacent\u0103 \u0218colii Gimnaziale Sofia Arcan&#8221; cod SMIS: 324195, \u00a0prin Programul Regional Vest 2021-2027, \u00een baza contractului de finan\u021bare\u00a0 nr. 41\/05.07.2024.\u00a0\u00a0\u00a0 &nbsp;Obiectivul general al proiectului: \u201e\u00cembunata\u021birea calit\u0103\u021bii vie\u021bii pentru locuitorii [&hellip;]<\/p>\n","protected":false},"author":6,"featured_media":0,"parent":0,"menu_order":0,"comment_status":"closed","ping_status":"closed","template":"","meta":{"site-sidebar-layout":"default","site-content-layout":"","ast-site-content-layout":"default","site-content-style":"default","site-sidebar-style":"default","ast-global-header-display":"","ast-banner-title-visibility":"","ast-main-header-display":"","ast-hfb-above-header-display":"","ast-hfb-below-header-display":"","ast-hfb-mobile-header-display":"","site-post-title":"","ast-breadcrumbs-content":"","ast-featured-img":"","footer-sml-layout":"","theme-transparent-header-meta":"","adv-header-id-meta":"","stick-header-meta":"","header-above-stick-meta":"","header-main-stick-meta":"","header-below-stick-meta":"","astra-migrate-meta-layouts":"set","ast-page-background-enabled":"default","ast-page-background-meta":{"desktop":{"background-color":"","background-image":"","background-repeat":"repeat","background-position":"center center","background-size":"auto","background-attachment":"scroll","background-type":"","background-media":"","overlay-type":"","overlay-color":"","overlay-gradient":""},"tablet":{"background-color":"","background-image":"","background-repeat":"repeat","background-position":"center center","background-size":"auto","background-attachment":"scroll","background-type":"","background-media":"","overlay-type":"","overlay-color":"","overlay-gradient":""},"mobile":{"background-color":"","background-image":"","background-repeat":"repeat","background-position":"center center","background-size":"auto","background-attachment":"scroll","background-type":"","background-media":"","overlay-type":"","overlay-color":"","overlay-gradient":""}},"ast-content-background-meta":{"desktop":{"background-color":"var(--ast-global-color-5)","background-image":"","background-repeat":"repeat","background-position":"center center","background-size":"auto","background-attachment":"scroll","background-type":"","background-media":"","overlay-type":"","overlay-color":"","overlay-gradient":""},"tablet":{"background-color":"var(--ast-global-color-5)","background-image":"","background-repeat":"repeat","background-position":"center center","background-size":"auto","background-attachment":"scroll","background-type":"","background-media":"","overlay-type":"","overlay-color":"","overlay-gradient":""},"mobile":{"background-color":"var(--ast-global-color-5)","background-image":"","background-repeat":"repeat","background-position":"center center","background-size":"auto","background-attachment":"scroll","background-type":"","background-media":"","overlay-type":"","overlay-color":"","overlay-gradient":""}},"footnotes":""},"class_list":["post-13473","page","type-page","status-publish","hentry"],"yoast_head":"<!-- This site is optimized with the Yoast SEO plugin v27.0 - https:\/\/yoast.com\/product\/yoast-seo-wordpress\/ -->\n<title>\u201e\u00cembunata\u021birea calit\u0103\u021bii vie\u021bii pentru locuitorii ora\u0219ului Moldova Nou\u0103 din zona adiacent\u0103 \u0218colii Gimnaziale Sofia Arcan\u201dCod SMIS:\u00a0324195 - Prim\u0103riaMoldovaNou\u0103.ro<\/title>\n<meta name=\"robots\" content=\"index, follow, max-snippet:-1, max-image-preview:large, max-video-preview:-1\" \/>\n<link rel=\"canonical\" href=\"https:\/\/primariamoldovanoua.ro\/index.php\/imbunatatirea-calitatii-vietii-pentru-locuitorii-orasului-moldova-noua-din-zona-adiacenta-scolii-gimnaziale-sofia-arcancod-smis-324195-2\/\" \/>\n<meta property=\"og:locale\" content=\"en_US\" \/>\n<meta property=\"og:type\" content=\"article\" \/>\n<meta property=\"og:title\" content=\"\u201e\u00cembunata\u021birea calit\u0103\u021bii vie\u021bii pentru locuitorii ora\u0219ului Moldova Nou\u0103 din zona adiacent\u0103 \u0218colii Gimnaziale Sofia Arcan\u201dCod SMIS:\u00a0324195 - Prim\u0103riaMoldovaNou\u0103.ro\" \/>\n<meta property=\"og:description\" content=\"Prezentare proiect: Numele beneficiarului: &nbsp;UAT ORA\u0218UL MOLDOVA NOU\u0102 UNITATEA ADMINISTRATIV TERITORIAL\u0102 ORA\u0218UL MOLDOVA NOU\u0102 implementeaz\u0103 proiectul \u201e\u00cembunata\u021birea calit\u0103\u021bii vie\u021bii pentru locuitorii ora\u0219ului Moldova Nou\u0103 din zona adiacent\u0103 \u0218colii Gimnaziale Sofia Arcan&#8221; cod SMIS: 324195, \u00a0prin Programul Regional Vest 2021-2027, \u00een baza contractului de finan\u021bare\u00a0 nr. 41\/05.07.2024.\u00a0\u00a0\u00a0 &nbsp;Obiectivul general al proiectului: \u201e\u00cembunata\u021birea calit\u0103\u021bii vie\u021bii pentru locuitorii [&hellip;]\" \/>\n<meta property=\"og:url\" content=\"https:\/\/primariamoldovanoua.ro\/index.php\/imbunatatirea-calitatii-vietii-pentru-locuitorii-orasului-moldova-noua-din-zona-adiacenta-scolii-gimnaziale-sofia-arcancod-smis-324195-2\/\" \/>\n<meta property=\"og:site_name\" content=\"Prim\u0103riaMoldovaNou\u0103.ro\" \/>\n<meta property=\"article:modified_time\" content=\"2026-02-13T08:26:40+00:00\" \/>\n<meta property=\"og:image\" content=\"https:\/\/primariamoldovanoua.ro\/wp-content\/uploads\/2026\/02\/SofiaArcan.jpeg\" \/>\n\t<meta property=\"og:image:width\" content=\"1080\" \/>\n\t<meta property=\"og:image:height\" content=\"1080\" \/>\n\t<meta property=\"og:image:type\" content=\"image\/jpeg\" \/>\n<meta name=\"twitter:card\" content=\"summary_large_image\" \/>\n<meta name=\"twitter:label1\" content=\"Est. reading time\" \/>\n\t<meta name=\"twitter:data1\" content=\"3 minutes\" \/>\n<script type=\"application\/ld+json\" class=\"yoast-schema-graph\">{\"@context\":\"https:\/\/schema.org\",\"@graph\":[{\"@type\":\"WebPage\",\"@id\":\"https:\/\/primariamoldovanoua.ro\/index.php\/imbunatatirea-calitatii-vietii-pentru-locuitorii-orasului-moldova-noua-din-zona-adiacenta-scolii-gimnaziale-sofia-arcancod-smis-324195-2\/\",\"url\":\"https:\/\/primariamoldovanoua.ro\/index.php\/imbunatatirea-calitatii-vietii-pentru-locuitorii-orasului-moldova-noua-din-zona-adiacenta-scolii-gimnaziale-sofia-arcancod-smis-324195-2\/\",\"name\":\"\u201e\u00cembunata\u021birea calit\u0103\u021bii vie\u021bii pentru locuitorii ora\u0219ului Moldova Nou\u0103 din zona adiacent\u0103 \u0218colii Gimnaziale Sofia Arcan\u201dCod SMIS:\u00a0324195 - Prim\u0103riaMoldovaNou\u0103.ro\",\"isPartOf\":{\"@id\":\"https:\/\/primariamoldovanoua.ro\/#website\"},\"primaryImageOfPage\":{\"@id\":\"https:\/\/primariamoldovanoua.ro\/index.php\/imbunatatirea-calitatii-vietii-pentru-locuitorii-orasului-moldova-noua-din-zona-adiacenta-scolii-gimnaziale-sofia-arcancod-smis-324195-2\/#primaryimage\"},\"image\":{\"@id\":\"https:\/\/primariamoldovanoua.ro\/index.php\/imbunatatirea-calitatii-vietii-pentru-locuitorii-orasului-moldova-noua-din-zona-adiacenta-scolii-gimnaziale-sofia-arcancod-smis-324195-2\/#primaryimage\"},\"thumbnailUrl\":\"https:\/\/primariamoldovanoua.ro\/wp-content\/uploads\/2026\/02\/SofiaArcan-1024x1024.jpeg\",\"datePublished\":\"2026-02-13T08:21:21+00:00\",\"dateModified\":\"2026-02-13T08:26:40+00:00\",\"breadcrumb\":{\"@id\":\"https:\/\/primariamoldovanoua.ro\/index.php\/imbunatatirea-calitatii-vietii-pentru-locuitorii-orasului-moldova-noua-din-zona-adiacenta-scolii-gimnaziale-sofia-arcancod-smis-324195-2\/#breadcrumb\"},\"inLanguage\":\"en-US\",\"potentialAction\":[{\"@type\":\"ReadAction\",\"target\":[\"https:\/\/primariamoldovanoua.ro\/index.php\/imbunatatirea-calitatii-vietii-pentru-locuitorii-orasului-moldova-noua-din-zona-adiacenta-scolii-gimnaziale-sofia-arcancod-smis-324195-2\/\"]}]},{\"@type\":\"ImageObject\",\"inLanguage\":\"en-US\",\"@id\":\"https:\/\/primariamoldovanoua.ro\/index.php\/imbunatatirea-calitatii-vietii-pentru-locuitorii-orasului-moldova-noua-din-zona-adiacenta-scolii-gimnaziale-sofia-arcancod-smis-324195-2\/#primaryimage\",\"url\":\"https:\/\/primariamoldovanoua.ro\/wp-content\/uploads\/2026\/02\/SofiaArcan.jpeg\",\"contentUrl\":\"https:\/\/primariamoldovanoua.ro\/wp-content\/uploads\/2026\/02\/SofiaArcan.jpeg\",\"width\":1080,\"height\":1080},{\"@type\":\"BreadcrumbList\",\"@id\":\"https:\/\/primariamoldovanoua.ro\/index.php\/imbunatatirea-calitatii-vietii-pentru-locuitorii-orasului-moldova-noua-din-zona-adiacenta-scolii-gimnaziale-sofia-arcancod-smis-324195-2\/#breadcrumb\",\"itemListElement\":[{\"@type\":\"ListItem\",\"position\":1,\"name\":\"Home\",\"item\":\"https:\/\/primariamoldovanoua.ro\/\"},{\"@type\":\"ListItem\",\"position\":2,\"name\":\"\u201e\u00cembunata\u021birea calit\u0103\u021bii vie\u021bii pentru locuitorii ora\u0219ului Moldova Nou\u0103 din zona adiacent\u0103 \u0218colii Gimnaziale Sofia Arcan\u201dCod SMIS:\u00a0324195\"}]},{\"@type\":\"WebSite\",\"@id\":\"https:\/\/primariamoldovanoua.ro\/#website\",\"url\":\"https:\/\/primariamoldovanoua.ro\/\",\"name\":\"Prim\u0103riaMoldovaNou\u0103.ro\",\"description\":\"Site-ul oficial al UAT Moldova Nou\u0103, jude\u0163ul Cara\u015f-Severin\",\"publisher\":{\"@id\":\"https:\/\/primariamoldovanoua.ro\/#organization\"},\"potentialAction\":[{\"@type\":\"SearchAction\",\"target\":{\"@type\":\"EntryPoint\",\"urlTemplate\":\"https:\/\/primariamoldovanoua.ro\/?s={search_term_string}\"},\"query-input\":{\"@type\":\"PropertyValueSpecification\",\"valueRequired\":true,\"valueName\":\"search_term_string\"}}],\"inLanguage\":\"en-US\"},{\"@type\":\"Organization\",\"@id\":\"https:\/\/primariamoldovanoua.ro\/#organization\",\"name\":\"Prim\u0103riaMoldovaNou\u0103.ro\",\"url\":\"https:\/\/primariamoldovanoua.ro\/\",\"logo\":{\"@type\":\"ImageObject\",\"inLanguage\":\"en-US\",\"@id\":\"https:\/\/primariamoldovanoua.ro\/#\/schema\/logo\/image\/\",\"url\":\"https:\/\/primariamoldovanoua.ro\/wp-content\/uploads\/2021\/04\/cropped-Logo-Moldova-Noua-M-1.png\",\"contentUrl\":\"https:\/\/primariamoldovanoua.ro\/wp-content\/uploads\/2021\/04\/cropped-Logo-Moldova-Noua-M-1.png\",\"width\":158,\"height\":250,\"caption\":\"Prim\u0103riaMoldovaNou\u0103.ro\"},\"image\":{\"@id\":\"https:\/\/primariamoldovanoua.ro\/#\/schema\/logo\/image\/\"}}]}<\/script>\n<!-- \/ Yoast SEO plugin. -->","yoast_head_json":{"title":"\u201e\u00cembunata\u021birea calit\u0103\u021bii vie\u021bii pentru locuitorii ora\u0219ului Moldova Nou\u0103 din zona adiacent\u0103 \u0218colii Gimnaziale Sofia Arcan\u201dCod SMIS:\u00a0324195 - Prim\u0103riaMoldovaNou\u0103.ro","robots":{"index":"index","follow":"follow","max-snippet":"max-snippet:-1","max-image-preview":"max-image-preview:large","max-video-preview":"max-video-preview:-1"},"canonical":"https:\/\/primariamoldovanoua.ro\/index.php\/imbunatatirea-calitatii-vietii-pentru-locuitorii-orasului-moldova-noua-din-zona-adiacenta-scolii-gimnaziale-sofia-arcancod-smis-324195-2\/","og_locale":"en_US","og_type":"article","og_title":"\u201e\u00cembunata\u021birea calit\u0103\u021bii vie\u021bii pentru locuitorii ora\u0219ului Moldova Nou\u0103 din zona adiacent\u0103 \u0218colii Gimnaziale Sofia Arcan\u201dCod SMIS:\u00a0324195 - Prim\u0103riaMoldovaNou\u0103.ro","og_description":"Prezentare proiect: Numele beneficiarului: &nbsp;UAT ORA\u0218UL MOLDOVA NOU\u0102 UNITATEA ADMINISTRATIV TERITORIAL\u0102 ORA\u0218UL MOLDOVA NOU\u0102 implementeaz\u0103 proiectul \u201e\u00cembunata\u021birea calit\u0103\u021bii vie\u021bii pentru locuitorii ora\u0219ului Moldova Nou\u0103 din zona adiacent\u0103 \u0218colii Gimnaziale Sofia Arcan&#8221; cod SMIS: 324195, \u00a0prin Programul Regional Vest 2021-2027, \u00een baza contractului de finan\u021bare\u00a0 nr. 41\/05.07.2024.\u00a0\u00a0\u00a0 &nbsp;Obiectivul general al proiectului: \u201e\u00cembunata\u021birea calit\u0103\u021bii vie\u021bii pentru locuitorii [&hellip;]","og_url":"https:\/\/primariamoldovanoua.ro\/index.php\/imbunatatirea-calitatii-vietii-pentru-locuitorii-orasului-moldova-noua-din-zona-adiacenta-scolii-gimnaziale-sofia-arcancod-smis-324195-2\/","og_site_name":"Prim\u0103riaMoldovaNou\u0103.ro","article_modified_time":"2026-02-13T08:26:40+00:00","og_image":[{"width":1080,"height":1080,"url":"https:\/\/primariamoldovanoua.ro\/wp-content\/uploads\/2026\/02\/SofiaArcan.jpeg","type":"image\/jpeg"}],"twitter_card":"summary_large_image","twitter_misc":{"Est. reading time":"3 minutes"},"schema":{"@context":"https:\/\/schema.org","@graph":[{"@type":"WebPage","@id":"https:\/\/primariamoldovanoua.ro\/index.php\/imbunatatirea-calitatii-vietii-pentru-locuitorii-orasului-moldova-noua-din-zona-adiacenta-scolii-gimnaziale-sofia-arcancod-smis-324195-2\/","url":"https:\/\/primariamoldovanoua.ro\/index.php\/imbunatatirea-calitatii-vietii-pentru-locuitorii-orasului-moldova-noua-din-zona-adiacenta-scolii-gimnaziale-sofia-arcancod-smis-324195-2\/","name":"\u201e\u00cembunata\u021birea calit\u0103\u021bii vie\u021bii pentru locuitorii ora\u0219ului Moldova Nou\u0103 din zona adiacent\u0103 \u0218colii Gimnaziale Sofia Arcan\u201dCod SMIS:\u00a0324195 - Prim\u0103riaMoldovaNou\u0103.ro","isPartOf":{"@id":"https:\/\/primariamoldovanoua.ro\/#website"},"primaryImageOfPage":{"@id":"https:\/\/primariamoldovanoua.ro\/index.php\/imbunatatirea-calitatii-vietii-pentru-locuitorii-orasului-moldova-noua-din-zona-adiacenta-scolii-gimnaziale-sofia-arcancod-smis-324195-2\/#primaryimage"},"image":{"@id":"https:\/\/primariamoldovanoua.ro\/index.php\/imbunatatirea-calitatii-vietii-pentru-locuitorii-orasului-moldova-noua-din-zona-adiacenta-scolii-gimnaziale-sofia-arcancod-smis-324195-2\/#primaryimage"},"thumbnailUrl":"https:\/\/primariamoldovanoua.ro\/wp-content\/uploads\/2026\/02\/SofiaArcan-1024x1024.jpeg","datePublished":"2026-02-13T08:21:21+00:00","dateModified":"2026-02-13T08:26:40+00:00","breadcrumb":{"@id":"https:\/\/primariamoldovanoua.ro\/index.php\/imbunatatirea-calitatii-vietii-pentru-locuitorii-orasului-moldova-noua-din-zona-adiacenta-scolii-gimnaziale-sofia-arcancod-smis-324195-2\/#breadcrumb"},"inLanguage":"en-US","potentialAction":[{"@type":"ReadAction","target":["https:\/\/primariamoldovanoua.ro\/index.php\/imbunatatirea-calitatii-vietii-pentru-locuitorii-orasului-moldova-noua-din-zona-adiacenta-scolii-gimnaziale-sofia-arcancod-smis-324195-2\/"]}]},{"@type":"ImageObject","inLanguage":"en-US","@id":"https:\/\/primariamoldovanoua.ro\/index.php\/imbunatatirea-calitatii-vietii-pentru-locuitorii-orasului-moldova-noua-din-zona-adiacenta-scolii-gimnaziale-sofia-arcancod-smis-324195-2\/#primaryimage","url":"https:\/\/primariamoldovanoua.ro\/wp-content\/uploads\/2026\/02\/SofiaArcan.jpeg","contentUrl":"https:\/\/primariamoldovanoua.ro\/wp-content\/uploads\/2026\/02\/SofiaArcan.jpeg","width":1080,"height":1080},{"@type":"BreadcrumbList","@id":"https:\/\/primariamoldovanoua.ro\/index.php\/imbunatatirea-calitatii-vietii-pentru-locuitorii-orasului-moldova-noua-din-zona-adiacenta-scolii-gimnaziale-sofia-arcancod-smis-324195-2\/#breadcrumb","itemListElement":[{"@type":"ListItem","position":1,"name":"Home","item":"https:\/\/primariamoldovanoua.ro\/"},{"@type":"ListItem","position":2,"name":"\u201e\u00cembunata\u021birea calit\u0103\u021bii vie\u021bii pentru locuitorii ora\u0219ului Moldova Nou\u0103 din zona adiacent\u0103 \u0218colii Gimnaziale Sofia Arcan\u201dCod SMIS:\u00a0324195"}]},{"@type":"WebSite","@id":"https:\/\/primariamoldovanoua.ro\/#website","url":"https:\/\/primariamoldovanoua.ro\/","name":"Prim\u0103riaMoldovaNou\u0103.ro","description":"Site-ul oficial al UAT Moldova Nou\u0103, jude\u0163ul Cara\u015f-Severin","publisher":{"@id":"https:\/\/primariamoldovanoua.ro\/#organization"},"potentialAction":[{"@type":"SearchAction","target":{"@type":"EntryPoint","urlTemplate":"https:\/\/primariamoldovanoua.ro\/?s={search_term_string}"},"query-input":{"@type":"PropertyValueSpecification","valueRequired":true,"valueName":"search_term_string"}}],"inLanguage":"en-US"},{"@type":"Organization","@id":"https:\/\/primariamoldovanoua.ro\/#organization","name":"Prim\u0103riaMoldovaNou\u0103.ro","url":"https:\/\/primariamoldovanoua.ro\/","logo":{"@type":"ImageObject","inLanguage":"en-US","@id":"https:\/\/primariamoldovanoua.ro\/#\/schema\/logo\/image\/","url":"https:\/\/primariamoldovanoua.ro\/wp-content\/uploads\/2021\/04\/cropped-Logo-Moldova-Noua-M-1.png","contentUrl":"https:\/\/primariamoldovanoua.ro\/wp-content\/uploads\/2021\/04\/cropped-Logo-Moldova-Noua-M-1.png","width":158,"height":250,"caption":"Prim\u0103riaMoldovaNou\u0103.ro"},"image":{"@id":"https:\/\/primariamoldovanoua.ro\/#\/schema\/logo\/image\/"}}]}},"_links":{"self":[{"href":"https:\/\/primariamoldovanoua.ro\/index.php\/wp-json\/wp\/v2\/pages\/13473","targetHints":{"allow":["GET"]}}],"collection":[{"href":"https:\/\/primariamoldovanoua.ro\/index.php\/wp-json\/wp\/v2\/pages"}],"about":[{"href":"https:\/\/primariamoldovanoua.ro\/index.php\/wp-json\/wp\/v2\/types\/page"}],"author":[{"embeddable":true,"href":"https:\/\/primariamoldovanoua.ro\/index.php\/wp-json\/wp\/v2\/users\/6"}],"replies":[{"embeddable":true,"href":"https:\/\/primariamoldovanoua.ro\/index.php\/wp-json\/wp\/v2\/comments?post=13473"}],"version-history":[{"count":2,"href":"https:\/\/primariamoldovanoua.ro\/index.php\/wp-json\/wp\/v2\/pages\/13473\/revisions"}],"predecessor-version":[{"id":13477,"href":"https:\/\/primariamoldovanoua.ro\/index.php\/wp-json\/wp\/v2\/pages\/13473\/revisions\/13477"}],"wp:attachment":[{"href":"https:\/\/primariamoldovanoua.ro\/index.php\/wp-json\/wp\/v2\/media?parent=13473"}],"curies":[{"name":"wp","href":"https:\/\/api.w.org\/{rel}","templated":true}]}}