{"id":13498,"date":"2026-02-13T11:00:45","date_gmt":"2026-02-13T09:00:45","guid":{"rendered":"https:\/\/primariamoldovanoua.ro\/?page_id=13498"},"modified":"2026-02-13T11:00:46","modified_gmt":"2026-02-13T09:00:46","slug":"eficientizare-energetica-in-cladiri-rezidentiale-bloc-nr-50-strada-sfanta-varvara-oras-moldova-noua","status":"publish","type":"page","link":"https:\/\/primariamoldovanoua.ro\/index.php\/eficientizare-energetica-in-cladiri-rezidentiale-bloc-nr-50-strada-sfanta-varvara-oras-moldova-noua\/","title":{"rendered":"\u201eEFICIENTIZARE ENERGETIC\u0102 \u00ceN CL\u0102DIRI REZIDEN\u021aIALE- BLOC NR. 50, STRADA SF\u00c2NTA VARVARA, ORA\u0218 MOLDOVA NOU\u0102\u201d"},"content":{"rendered":"\n<figure class=\"wp-block-image size-large\"><img fetchpriority=\"high\" decoding=\"async\" width=\"1024\" height=\"1024\" src=\"https:\/\/primariamoldovanoua.ro\/wp-content\/uploads\/2026\/02\/bl50-1024x1024.jpeg\" alt=\"\" class=\"wp-image-13499\" srcset=\"https:\/\/primariamoldovanoua.ro\/wp-content\/uploads\/2026\/02\/bl50-1024x1024.jpeg 1024w, https:\/\/primariamoldovanoua.ro\/wp-content\/uploads\/2026\/02\/bl50-300x300.jpeg 300w, https:\/\/primariamoldovanoua.ro\/wp-content\/uploads\/2026\/02\/bl50-150x150.jpeg 150w, https:\/\/primariamoldovanoua.ro\/wp-content\/uploads\/2026\/02\/bl50-768x768.jpeg 768w, https:\/\/primariamoldovanoua.ro\/wp-content\/uploads\/2026\/02\/bl50.jpeg 1080w\" sizes=\"(max-width: 1024px) 100vw, 1024px\" \/><\/figure>\n\n\n\n<p><strong>Cod SMIS: 347148<\/strong><\/p>\n\n\n\n<p><strong>Prezentare proiect:<\/strong><\/p>\n\n\n\n<p><strong>Numele beneficiarului<\/strong><strong>: <\/strong>&nbsp;UAT ORA\u0218UL MOLDOVA NOU\u0102<\/p>\n\n\n\n<p><strong>UNITATEA ADMINISTRATIV TERITORIAL\u0102 ORA\u0218UL MOLDOVA NOU\u0102<\/strong> implementeaz\u0103 proiectul \u201eEficientizare energetic\u0103 \u00een cl\u0103diri reziden\u021biale &#8211; bloc nr.50, Strada Sf\u00e2nta Varvara Ora\u0219 Moldova Nou\u0103&#8221; cod SMIS: 347148, <strong>\u00a0prin Programul Regional Vest 2021-2027, \u00een baza contractului de finan\u021bare\u00a0 nr. 313\/14.11.2025.<\/strong>\u00a0\u00a0\u00a0<\/p>\n\n\n\n<p><strong>Obiectivul general al proiectului: <\/strong>\u201e Eficientizare energetic\u0103 \u00een cl\u0103diri reziden\u021biale &#8211; bloc nr. 50, Strada Sf\u00e2nta Varvara Ora\u0219 Moldova Nou\u0103&#8221; cod SMIS: 347148, \u00eel reprezint\u0103 \u00eembun\u0103t\u0103\u0163irea condi\u0163iilor de locuire din Orasul Moldova Noua, reducerea emisiilor de C02 \u015fi a consumului de energie prin reabilitarea energetica a componentei Bloc 50, Str. Sf\u00e2nta Varvara din Orasul Moldova Noua. Prin obiectivele, activitatile, indicatorii si rezultatele obtinute, proiectul investitional este complementar cu Obiectivul Interven\u021biei Regionale 3.1.A Eficien\u021b\u0103 energetic\u0103 \u00een cl\u0103diri reziden\u021biale, respectiv cu Obiectivul de politic\u0103 2 &#8211; O Europ\u0103 mai verde, rezilient\u0103, cu emisii reduse de dioxid de carbon care trece la o economie cu zero emisii de carbon, prin promovarea tranzi\u021biei c\u0103tre o energie curat\u0103 \u0219i echitabil\u0103, a investi\u021biilor verzi \u0219i albastre, a economiei circulare, a atenu\u0103rii schimb\u0103rilor climatice si adapt\u0103rii la acestea, a prevenirii \u0219i gestion\u0103rii riscurilor \u0219i a mobilit\u0103\u021bii urbane sustenabile.<\/p>\n\n\n\n<p>&nbsp;&nbsp; <strong>Obiective specifice:<\/strong><\/p>\n\n\n\n<ol class=\"wp-block-list\">\n<li>Imbunatatirea performantei energetice pentru un numar de 40 locuinte..<\/li>\n<\/ol>\n\n\n\n<ul class=\"wp-block-list\">\n<li>Obtinerea unei economii energetice de minimum 40% \u00een urma interven\u021biilor realizate in cadrul proiectului.<\/li>\n<\/ul>\n\n\n\n<ul class=\"wp-block-list\">\n<li>Reducerea emisiilor de CO2 cu minimum 40% in urma interventiilor realizate in cadrul proiectului.<\/li>\n<\/ul>\n\n\n\n<p>&nbsp;\ud83e\uddf1&nbsp; &nbsp;Izolarea termic\u0103 a fa\u021badei \u0219i a pere\u021bilor exteriori<\/p>\n\n\n\n<p>\ud83c\udfe0&nbsp;&nbsp; Termoizolarea plan\u0219eului peste ultimul nivel<\/p>\n\n\n\n<p>\ud83d\udeaa&nbsp;&nbsp; \u00cenlocuirea t\u00e2mpl\u0103riei exterioare cu t\u00e2mpl\u0103rie performant\u0103 din punct de vedere &nbsp;&nbsp;&nbsp;&nbsp;&nbsp;&nbsp;&nbsp;energetic<\/p>\n\n\n\n<p>\ud83d\udd25&nbsp;&nbsp; Modernizarea sistemului de \u00eenc\u0103lzire \u0219i\/sau a instala\u021biilor aferente<\/p>\n\n\n\n<p>\ud83c\udf1e Instalarea de echipamente eficiente energetic \u0219i, dup\u0103 caz, utilizarea surselor regenerabile de energie<\/p>\n\n\n\n<p>&nbsp;&nbsp;&nbsp;&nbsp; \u2692\ufe0f Lucr\u0103ri conexe pentru cre\u0219terea performan\u021bei energetice \u0219i conformarea la cerin\u021bele actuale de siguran\u021b\u0103 \u0219i confort<\/p>\n\n\n\n<p>Prin realizarea investi\u021biei se urm\u0103re\u0219te:<\/p>\n\n\n\n<p>\ud83d\udca1&nbsp;&nbsp; reducerea consumului anual de energie primar\u0103;<\/p>\n\n\n\n<p>\ud83c\udf33 &nbsp;diminuarea costurilor cu \u00eenc\u0103lzirea pentru locatari;<\/p>\n\n\n\n<p>\ud83d\udd25&nbsp; &nbsp;\u00eembun\u0103t\u0103\u021birea confortului termic;<\/p>\n\n\n\n<p>\ud83c\udf3f&nbsp; reducerea emisiilor de CO\u2082;<\/p>\n\n\n\n<p>\ud83c\udfe0&nbsp;&nbsp; cre\u0219terea duratei de via\u021b\u0103 a cl\u0103dirii \u0219i \u00eembun\u0103t\u0103\u021birea aspectului urban.<\/p>\n\n\n\n<p>Proiectul contribuie la atingerea obiectivelor privind tranzi\u021bia c\u0103tre o economie verde, eficient\u0103 din punct de vedere energetic \u0219i cu emisii reduse de carbon, \u00een conformitate cu politicile na\u021bionale \u0219i europene \u00een domeniul eficien\u021bei energetice.<\/p>\n\n\n\n<p><strong>Beneficiarii direc\u021bi<\/strong> ai proiectului sunt Membrii asociatiilor de proprietari de la blocul nr. 50, Str. Sfanta Varvara, Orasul Moldova Noua (cca. 40 familii).<\/p>\n\n\n\n<p><strong>Beneficiari indirecti:<\/strong> Comunitatea locala prin faptul ca va beneficia de un exemplu de buna practica atat din punct de vedere estetic, cat si, mai ales, un exemplu de buna practica in ceea ce priveste beneficiile economice ale eficientei energetice (9.278 locuitori, conform datelor de la ultimul recensamant din anul 2021.<\/p>\n\n\n\n<p><strong>Rezultat final:<\/strong><strong><\/strong><\/p>\n\n\n\n<p>Un ora\u0219 mai atractiv, mai modern \u0219i mai prietenos cu locuitorii s\u0103i, preg\u0103tit pentru dezvoltare durabil\u0103 \u0219i integrare european\u0103.<\/p>\n\n\n\n<p><em>Con\u021binutul acestui material nu reprezint\u0103 \u00een mod obligatoriu pozi\u021bia oficial\u0103 a Uniunii Europene sau a ADR Vest.<\/em><\/p>\n\n\n\n<p><em>Proiectul este cofinan\u021bat de Uniunea European\u0103, prin ADR Vest \u00een calitate de Autoritate de Management pentru Programul Regional Vest 2021-2027. Pentru informa\u021bii detaliate despre program, accesa\u021bi <\/em><a href=\"https:\/\/vest.ro\/\"><em>www.vest.ro<\/em><\/a><em>.<\/em><\/p>\n\n\n\n<p><em>Pentru informa\u021bii detaliate despre celelalte programe cofinan\u021bate de Uniunea European\u0103, v\u0103 invit\u0103m s\u0103 vizita\u021bi <a href=\"https:\/\/mfe.gov.ro\/\">www.mfe.gov.ro<\/a><\/em><\/p>\n\n\n\n<p><\/p>\n","protected":false},"excerpt":{"rendered":"<p>Cod SMIS: 347148 Prezentare proiect: Numele beneficiarului: &nbsp;UAT ORA\u0218UL MOLDOVA NOU\u0102 UNITATEA ADMINISTRATIV TERITORIAL\u0102 ORA\u0218UL MOLDOVA NOU\u0102 implementeaz\u0103 proiectul \u201eEficientizare energetic\u0103 \u00een cl\u0103diri reziden\u021biale &#8211; bloc nr.50, Strada Sf\u00e2nta Varvara Ora\u0219 Moldova Nou\u0103&#8221; cod SMIS: 347148, \u00a0prin Programul Regional Vest 2021-2027, \u00een baza contractului de finan\u021bare\u00a0 nr. 313\/14.11.2025.\u00a0\u00a0\u00a0 Obiectivul general al proiectului: \u201e Eficientizare energetic\u0103 [&hellip;]<\/p>\n","protected":false},"author":6,"featured_media":0,"parent":0,"menu_order":0,"comment_status":"closed","ping_status":"closed","template":"","meta":{"site-sidebar-layout":"default","site-content-layout":"","ast-site-content-layout":"default","site-content-style":"default","site-sidebar-style":"default","ast-global-header-display":"","ast-banner-title-visibility":"","ast-main-header-display":"","ast-hfb-above-header-display":"","ast-hfb-below-header-display":"","ast-hfb-mobile-header-display":"","site-post-title":"","ast-breadcrumbs-content":"","ast-featured-img":"","footer-sml-layout":"","theme-transparent-header-meta":"","adv-header-id-meta":"","stick-header-meta":"","header-above-stick-meta":"","header-main-stick-meta":"","header-below-stick-meta":"","astra-migrate-meta-layouts":"set","ast-page-background-enabled":"default","ast-page-background-meta":{"desktop":{"background-color":"","background-image":"","background-repeat":"repeat","background-position":"center center","background-size":"auto","background-attachment":"scroll","background-type":"","background-media":"","overlay-type":"","overlay-color":"","overlay-gradient":""},"tablet":{"background-color":"","background-image":"","background-repeat":"repeat","background-position":"center center","background-size":"auto","background-attachment":"scroll","background-type":"","background-media":"","overlay-type":"","overlay-color":"","overlay-gradient":""},"mobile":{"background-color":"","background-image":"","background-repeat":"repeat","background-position":"center center","background-size":"auto","background-attachment":"scroll","background-type":"","background-media":"","overlay-type":"","overlay-color":"","overlay-gradient":""}},"ast-content-background-meta":{"desktop":{"background-color":"var(--ast-global-color-5)","background-image":"","background-repeat":"repeat","background-position":"center center","background-size":"auto","background-attachment":"scroll","background-type":"","background-media":"","overlay-type":"","overlay-color":"","overlay-gradient":""},"tablet":{"background-color":"var(--ast-global-color-5)","background-image":"","background-repeat":"repeat","background-position":"center center","background-size":"auto","background-attachment":"scroll","background-type":"","background-media":"","overlay-type":"","overlay-color":"","overlay-gradient":""},"mobile":{"background-color":"var(--ast-global-color-5)","background-image":"","background-repeat":"repeat","background-position":"center center","background-size":"auto","background-attachment":"scroll","background-type":"","background-media":"","overlay-type":"","overlay-color":"","overlay-gradient":""}},"footnotes":""},"class_list":["post-13498","page","type-page","status-publish","hentry"],"yoast_head":"<!-- This site is optimized with the Yoast SEO plugin v27.0 - https:\/\/yoast.com\/product\/yoast-seo-wordpress\/ -->\n<title>\u201eEFICIENTIZARE ENERGETIC\u0102 \u00ceN CL\u0102DIRI REZIDEN\u021aIALE- BLOC NR. 50, STRADA SF\u00c2NTA VARVARA, ORA\u0218 MOLDOVA NOU\u0102\u201d - Prim\u0103riaMoldovaNou\u0103.ro<\/title>\n<meta name=\"robots\" content=\"index, follow, max-snippet:-1, max-image-preview:large, max-video-preview:-1\" \/>\n<link rel=\"canonical\" href=\"https:\/\/primariamoldovanoua.ro\/index.php\/eficientizare-energetica-in-cladiri-rezidentiale-bloc-nr-50-strada-sfanta-varvara-oras-moldova-noua\/\" \/>\n<meta property=\"og:locale\" content=\"en_US\" \/>\n<meta property=\"og:type\" content=\"article\" \/>\n<meta property=\"og:title\" content=\"\u201eEFICIENTIZARE ENERGETIC\u0102 \u00ceN CL\u0102DIRI REZIDEN\u021aIALE- BLOC NR. 50, STRADA SF\u00c2NTA VARVARA, ORA\u0218 MOLDOVA NOU\u0102\u201d - Prim\u0103riaMoldovaNou\u0103.ro\" \/>\n<meta property=\"og:description\" content=\"Cod SMIS: 347148 Prezentare proiect: Numele beneficiarului: &nbsp;UAT ORA\u0218UL MOLDOVA NOU\u0102 UNITATEA ADMINISTRATIV TERITORIAL\u0102 ORA\u0218UL MOLDOVA NOU\u0102 implementeaz\u0103 proiectul \u201eEficientizare energetic\u0103 \u00een cl\u0103diri reziden\u021biale &#8211; bloc nr.50, Strada Sf\u00e2nta Varvara Ora\u0219 Moldova Nou\u0103&#8221; cod SMIS: 347148, \u00a0prin Programul Regional Vest 2021-2027, \u00een baza contractului de finan\u021bare\u00a0 nr. 313\/14.11.2025.\u00a0\u00a0\u00a0 Obiectivul general al proiectului: \u201e Eficientizare energetic\u0103 [&hellip;]\" \/>\n<meta property=\"og:url\" content=\"https:\/\/primariamoldovanoua.ro\/index.php\/eficientizare-energetica-in-cladiri-rezidentiale-bloc-nr-50-strada-sfanta-varvara-oras-moldova-noua\/\" \/>\n<meta property=\"og:site_name\" content=\"Prim\u0103riaMoldovaNou\u0103.ro\" \/>\n<meta property=\"article:modified_time\" content=\"2026-02-13T09:00:46+00:00\" \/>\n<meta property=\"og:image\" content=\"https:\/\/primariamoldovanoua.ro\/wp-content\/uploads\/2026\/02\/bl50.jpeg\" \/>\n\t<meta property=\"og:image:width\" content=\"1080\" \/>\n\t<meta property=\"og:image:height\" content=\"1080\" \/>\n\t<meta property=\"og:image:type\" content=\"image\/jpeg\" \/>\n<meta name=\"twitter:card\" content=\"summary_large_image\" \/>\n<meta name=\"twitter:label1\" content=\"Est. reading time\" \/>\n\t<meta name=\"twitter:data1\" content=\"3 minutes\" \/>\n<script type=\"application\/ld+json\" class=\"yoast-schema-graph\">{\"@context\":\"https:\/\/schema.org\",\"@graph\":[{\"@type\":\"WebPage\",\"@id\":\"https:\/\/primariamoldovanoua.ro\/index.php\/eficientizare-energetica-in-cladiri-rezidentiale-bloc-nr-50-strada-sfanta-varvara-oras-moldova-noua\/\",\"url\":\"https:\/\/primariamoldovanoua.ro\/index.php\/eficientizare-energetica-in-cladiri-rezidentiale-bloc-nr-50-strada-sfanta-varvara-oras-moldova-noua\/\",\"name\":\"\u201eEFICIENTIZARE ENERGETIC\u0102 \u00ceN CL\u0102DIRI REZIDEN\u021aIALE- BLOC NR. 50, STRADA SF\u00c2NTA VARVARA, ORA\u0218 MOLDOVA NOU\u0102\u201d - Prim\u0103riaMoldovaNou\u0103.ro\",\"isPartOf\":{\"@id\":\"https:\/\/primariamoldovanoua.ro\/#website\"},\"primaryImageOfPage\":{\"@id\":\"https:\/\/primariamoldovanoua.ro\/index.php\/eficientizare-energetica-in-cladiri-rezidentiale-bloc-nr-50-strada-sfanta-varvara-oras-moldova-noua\/#primaryimage\"},\"image\":{\"@id\":\"https:\/\/primariamoldovanoua.ro\/index.php\/eficientizare-energetica-in-cladiri-rezidentiale-bloc-nr-50-strada-sfanta-varvara-oras-moldova-noua\/#primaryimage\"},\"thumbnailUrl\":\"https:\/\/primariamoldovanoua.ro\/wp-content\/uploads\/2026\/02\/bl50-1024x1024.jpeg\",\"datePublished\":\"2026-02-13T09:00:45+00:00\",\"dateModified\":\"2026-02-13T09:00:46+00:00\",\"breadcrumb\":{\"@id\":\"https:\/\/primariamoldovanoua.ro\/index.php\/eficientizare-energetica-in-cladiri-rezidentiale-bloc-nr-50-strada-sfanta-varvara-oras-moldova-noua\/#breadcrumb\"},\"inLanguage\":\"en-US\",\"potentialAction\":[{\"@type\":\"ReadAction\",\"target\":[\"https:\/\/primariamoldovanoua.ro\/index.php\/eficientizare-energetica-in-cladiri-rezidentiale-bloc-nr-50-strada-sfanta-varvara-oras-moldova-noua\/\"]}]},{\"@type\":\"ImageObject\",\"inLanguage\":\"en-US\",\"@id\":\"https:\/\/primariamoldovanoua.ro\/index.php\/eficientizare-energetica-in-cladiri-rezidentiale-bloc-nr-50-strada-sfanta-varvara-oras-moldova-noua\/#primaryimage\",\"url\":\"https:\/\/primariamoldovanoua.ro\/wp-content\/uploads\/2026\/02\/bl50.jpeg\",\"contentUrl\":\"https:\/\/primariamoldovanoua.ro\/wp-content\/uploads\/2026\/02\/bl50.jpeg\",\"width\":1080,\"height\":1080},{\"@type\":\"BreadcrumbList\",\"@id\":\"https:\/\/primariamoldovanoua.ro\/index.php\/eficientizare-energetica-in-cladiri-rezidentiale-bloc-nr-50-strada-sfanta-varvara-oras-moldova-noua\/#breadcrumb\",\"itemListElement\":[{\"@type\":\"ListItem\",\"position\":1,\"name\":\"Home\",\"item\":\"https:\/\/primariamoldovanoua.ro\/\"},{\"@type\":\"ListItem\",\"position\":2,\"name\":\"\u201eEFICIENTIZARE ENERGETIC\u0102 \u00ceN CL\u0102DIRI REZIDEN\u021aIALE- BLOC NR. 50, STRADA SF\u00c2NTA VARVARA, ORA\u0218 MOLDOVA NOU\u0102\u201d\"}]},{\"@type\":\"WebSite\",\"@id\":\"https:\/\/primariamoldovanoua.ro\/#website\",\"url\":\"https:\/\/primariamoldovanoua.ro\/\",\"name\":\"Prim\u0103riaMoldovaNou\u0103.ro\",\"description\":\"Site-ul oficial al UAT Moldova Nou\u0103, jude\u0163ul Cara\u015f-Severin\",\"publisher\":{\"@id\":\"https:\/\/primariamoldovanoua.ro\/#organization\"},\"potentialAction\":[{\"@type\":\"SearchAction\",\"target\":{\"@type\":\"EntryPoint\",\"urlTemplate\":\"https:\/\/primariamoldovanoua.ro\/?s={search_term_string}\"},\"query-input\":{\"@type\":\"PropertyValueSpecification\",\"valueRequired\":true,\"valueName\":\"search_term_string\"}}],\"inLanguage\":\"en-US\"},{\"@type\":\"Organization\",\"@id\":\"https:\/\/primariamoldovanoua.ro\/#organization\",\"name\":\"Prim\u0103riaMoldovaNou\u0103.ro\",\"url\":\"https:\/\/primariamoldovanoua.ro\/\",\"logo\":{\"@type\":\"ImageObject\",\"inLanguage\":\"en-US\",\"@id\":\"https:\/\/primariamoldovanoua.ro\/#\/schema\/logo\/image\/\",\"url\":\"https:\/\/primariamoldovanoua.ro\/wp-content\/uploads\/2021\/04\/cropped-Logo-Moldova-Noua-M-1.png\",\"contentUrl\":\"https:\/\/primariamoldovanoua.ro\/wp-content\/uploads\/2021\/04\/cropped-Logo-Moldova-Noua-M-1.png\",\"width\":158,\"height\":250,\"caption\":\"Prim\u0103riaMoldovaNou\u0103.ro\"},\"image\":{\"@id\":\"https:\/\/primariamoldovanoua.ro\/#\/schema\/logo\/image\/\"}}]}<\/script>\n<!-- \/ Yoast SEO plugin. -->","yoast_head_json":{"title":"\u201eEFICIENTIZARE ENERGETIC\u0102 \u00ceN CL\u0102DIRI REZIDEN\u021aIALE- BLOC NR. 50, STRADA SF\u00c2NTA VARVARA, ORA\u0218 MOLDOVA NOU\u0102\u201d - Prim\u0103riaMoldovaNou\u0103.ro","robots":{"index":"index","follow":"follow","max-snippet":"max-snippet:-1","max-image-preview":"max-image-preview:large","max-video-preview":"max-video-preview:-1"},"canonical":"https:\/\/primariamoldovanoua.ro\/index.php\/eficientizare-energetica-in-cladiri-rezidentiale-bloc-nr-50-strada-sfanta-varvara-oras-moldova-noua\/","og_locale":"en_US","og_type":"article","og_title":"\u201eEFICIENTIZARE ENERGETIC\u0102 \u00ceN CL\u0102DIRI REZIDEN\u021aIALE- BLOC NR. 50, STRADA SF\u00c2NTA VARVARA, ORA\u0218 MOLDOVA NOU\u0102\u201d - Prim\u0103riaMoldovaNou\u0103.ro","og_description":"Cod SMIS: 347148 Prezentare proiect: Numele beneficiarului: &nbsp;UAT ORA\u0218UL MOLDOVA NOU\u0102 UNITATEA ADMINISTRATIV TERITORIAL\u0102 ORA\u0218UL MOLDOVA NOU\u0102 implementeaz\u0103 proiectul \u201eEficientizare energetic\u0103 \u00een cl\u0103diri reziden\u021biale &#8211; bloc nr.50, Strada Sf\u00e2nta Varvara Ora\u0219 Moldova Nou\u0103&#8221; cod SMIS: 347148, \u00a0prin Programul Regional Vest 2021-2027, \u00een baza contractului de finan\u021bare\u00a0 nr. 313\/14.11.2025.\u00a0\u00a0\u00a0 Obiectivul general al proiectului: \u201e Eficientizare energetic\u0103 [&hellip;]","og_url":"https:\/\/primariamoldovanoua.ro\/index.php\/eficientizare-energetica-in-cladiri-rezidentiale-bloc-nr-50-strada-sfanta-varvara-oras-moldova-noua\/","og_site_name":"Prim\u0103riaMoldovaNou\u0103.ro","article_modified_time":"2026-02-13T09:00:46+00:00","og_image":[{"width":1080,"height":1080,"url":"https:\/\/primariamoldovanoua.ro\/wp-content\/uploads\/2026\/02\/bl50.jpeg","type":"image\/jpeg"}],"twitter_card":"summary_large_image","twitter_misc":{"Est. reading time":"3 minutes"},"schema":{"@context":"https:\/\/schema.org","@graph":[{"@type":"WebPage","@id":"https:\/\/primariamoldovanoua.ro\/index.php\/eficientizare-energetica-in-cladiri-rezidentiale-bloc-nr-50-strada-sfanta-varvara-oras-moldova-noua\/","url":"https:\/\/primariamoldovanoua.ro\/index.php\/eficientizare-energetica-in-cladiri-rezidentiale-bloc-nr-50-strada-sfanta-varvara-oras-moldova-noua\/","name":"\u201eEFICIENTIZARE ENERGETIC\u0102 \u00ceN CL\u0102DIRI REZIDEN\u021aIALE- BLOC NR. 50, STRADA SF\u00c2NTA VARVARA, ORA\u0218 MOLDOVA NOU\u0102\u201d - Prim\u0103riaMoldovaNou\u0103.ro","isPartOf":{"@id":"https:\/\/primariamoldovanoua.ro\/#website"},"primaryImageOfPage":{"@id":"https:\/\/primariamoldovanoua.ro\/index.php\/eficientizare-energetica-in-cladiri-rezidentiale-bloc-nr-50-strada-sfanta-varvara-oras-moldova-noua\/#primaryimage"},"image":{"@id":"https:\/\/primariamoldovanoua.ro\/index.php\/eficientizare-energetica-in-cladiri-rezidentiale-bloc-nr-50-strada-sfanta-varvara-oras-moldova-noua\/#primaryimage"},"thumbnailUrl":"https:\/\/primariamoldovanoua.ro\/wp-content\/uploads\/2026\/02\/bl50-1024x1024.jpeg","datePublished":"2026-02-13T09:00:45+00:00","dateModified":"2026-02-13T09:00:46+00:00","breadcrumb":{"@id":"https:\/\/primariamoldovanoua.ro\/index.php\/eficientizare-energetica-in-cladiri-rezidentiale-bloc-nr-50-strada-sfanta-varvara-oras-moldova-noua\/#breadcrumb"},"inLanguage":"en-US","potentialAction":[{"@type":"ReadAction","target":["https:\/\/primariamoldovanoua.ro\/index.php\/eficientizare-energetica-in-cladiri-rezidentiale-bloc-nr-50-strada-sfanta-varvara-oras-moldova-noua\/"]}]},{"@type":"ImageObject","inLanguage":"en-US","@id":"https:\/\/primariamoldovanoua.ro\/index.php\/eficientizare-energetica-in-cladiri-rezidentiale-bloc-nr-50-strada-sfanta-varvara-oras-moldova-noua\/#primaryimage","url":"https:\/\/primariamoldovanoua.ro\/wp-content\/uploads\/2026\/02\/bl50.jpeg","contentUrl":"https:\/\/primariamoldovanoua.ro\/wp-content\/uploads\/2026\/02\/bl50.jpeg","width":1080,"height":1080},{"@type":"BreadcrumbList","@id":"https:\/\/primariamoldovanoua.ro\/index.php\/eficientizare-energetica-in-cladiri-rezidentiale-bloc-nr-50-strada-sfanta-varvara-oras-moldova-noua\/#breadcrumb","itemListElement":[{"@type":"ListItem","position":1,"name":"Home","item":"https:\/\/primariamoldovanoua.ro\/"},{"@type":"ListItem","position":2,"name":"\u201eEFICIENTIZARE ENERGETIC\u0102 \u00ceN CL\u0102DIRI REZIDEN\u021aIALE- BLOC NR. 50, STRADA SF\u00c2NTA VARVARA, ORA\u0218 MOLDOVA NOU\u0102\u201d"}]},{"@type":"WebSite","@id":"https:\/\/primariamoldovanoua.ro\/#website","url":"https:\/\/primariamoldovanoua.ro\/","name":"Prim\u0103riaMoldovaNou\u0103.ro","description":"Site-ul oficial al UAT Moldova Nou\u0103, jude\u0163ul Cara\u015f-Severin","publisher":{"@id":"https:\/\/primariamoldovanoua.ro\/#organization"},"potentialAction":[{"@type":"SearchAction","target":{"@type":"EntryPoint","urlTemplate":"https:\/\/primariamoldovanoua.ro\/?s={search_term_string}"},"query-input":{"@type":"PropertyValueSpecification","valueRequired":true,"valueName":"search_term_string"}}],"inLanguage":"en-US"},{"@type":"Organization","@id":"https:\/\/primariamoldovanoua.ro\/#organization","name":"Prim\u0103riaMoldovaNou\u0103.ro","url":"https:\/\/primariamoldovanoua.ro\/","logo":{"@type":"ImageObject","inLanguage":"en-US","@id":"https:\/\/primariamoldovanoua.ro\/#\/schema\/logo\/image\/","url":"https:\/\/primariamoldovanoua.ro\/wp-content\/uploads\/2021\/04\/cropped-Logo-Moldova-Noua-M-1.png","contentUrl":"https:\/\/primariamoldovanoua.ro\/wp-content\/uploads\/2021\/04\/cropped-Logo-Moldova-Noua-M-1.png","width":158,"height":250,"caption":"Prim\u0103riaMoldovaNou\u0103.ro"},"image":{"@id":"https:\/\/primariamoldovanoua.ro\/#\/schema\/logo\/image\/"}}]}},"_links":{"self":[{"href":"https:\/\/primariamoldovanoua.ro\/index.php\/wp-json\/wp\/v2\/pages\/13498","targetHints":{"allow":["GET"]}}],"collection":[{"href":"https:\/\/primariamoldovanoua.ro\/index.php\/wp-json\/wp\/v2\/pages"}],"about":[{"href":"https:\/\/primariamoldovanoua.ro\/index.php\/wp-json\/wp\/v2\/types\/page"}],"author":[{"embeddable":true,"href":"https:\/\/primariamoldovanoua.ro\/index.php\/wp-json\/wp\/v2\/users\/6"}],"replies":[{"embeddable":true,"href":"https:\/\/primariamoldovanoua.ro\/index.php\/wp-json\/wp\/v2\/comments?post=13498"}],"version-history":[{"count":1,"href":"https:\/\/primariamoldovanoua.ro\/index.php\/wp-json\/wp\/v2\/pages\/13498\/revisions"}],"predecessor-version":[{"id":13500,"href":"https:\/\/primariamoldovanoua.ro\/index.php\/wp-json\/wp\/v2\/pages\/13498\/revisions\/13500"}],"wp:attachment":[{"href":"https:\/\/primariamoldovanoua.ro\/index.php\/wp-json\/wp\/v2\/media?parent=13498"}],"curies":[{"name":"wp","href":"https:\/\/api.w.org\/{rel}","templated":true}]}}