{"id":13515,"date":"2026-02-19T09:11:43","date_gmt":"2026-02-19T07:11:43","guid":{"rendered":"https:\/\/primariamoldovanoua.ro\/?page_id=13515"},"modified":"2026-02-19T09:11:43","modified_gmt":"2026-02-19T07:11:43","slug":"reabilitare-si-modernizare-scoala-gimnaziala-alexandru-moisi-moldova-noua-sala-de-sport-si-dependinte-cod-smis-324182","status":"publish","type":"page","link":"https:\/\/primariamoldovanoua.ro\/index.php\/reabilitare-si-modernizare-scoala-gimnaziala-alexandru-moisi-moldova-noua-sala-de-sport-si-dependinte-cod-smis-324182\/","title":{"rendered":"\u201eReabilitare \u0219i modernizare \u0218coala Gimnazial\u0103 \u00abAlexandru Moisi\u00bb Moldova Nou\u0103 \u2013 Sala de sport \u0219i dependin\u021be\u201d, Cod SMIS 324182"},"content":{"rendered":"\n<figure class=\"wp-block-image size-large\"><img fetchpriority=\"high\" decoding=\"async\" width=\"1024\" height=\"1024\" src=\"https:\/\/primariamoldovanoua.ro\/wp-content\/uploads\/2026\/02\/ALMOISI-1024x1024.jpeg\" alt=\"\" class=\"wp-image-13516\" srcset=\"https:\/\/primariamoldovanoua.ro\/wp-content\/uploads\/2026\/02\/ALMOISI-1024x1024.jpeg 1024w, https:\/\/primariamoldovanoua.ro\/wp-content\/uploads\/2026\/02\/ALMOISI-300x300.jpeg 300w, https:\/\/primariamoldovanoua.ro\/wp-content\/uploads\/2026\/02\/ALMOISI-150x150.jpeg 150w, https:\/\/primariamoldovanoua.ro\/wp-content\/uploads\/2026\/02\/ALMOISI-768x768.jpeg 768w, https:\/\/primariamoldovanoua.ro\/wp-content\/uploads\/2026\/02\/ALMOISI.jpeg 1080w\" sizes=\"(max-width: 1024px) 100vw, 1024px\" \/><\/figure>\n\n\n\n<ol style=\"list-style-type:upper-roman\" class=\"wp-block-list\">\n<li><strong>Prezentare proiect:<\/strong><\/li>\n<\/ol>\n\n\n\n<p><strong>Numele beneficiarului<\/strong><strong>: <\/strong>&nbsp;UAT ORA\u0218UL MOLDOVA NOU\u0102<\/p>\n\n\n\n<p><strong>UNITATEA ADMINISTRATIV TERITORIAL\u0102 ORA\u0218UL MOLDOVA NOU\u0102<\/strong> implementeaz\u0103 proiectul \u201eReabilitare, modernizare Scoala Gimnazial\u0103 \u201dAlexandru Moisi\u201d Moldova Nou\u0103, Sala de sport \u0219i dependin\u021be\u201d, din cadrul Programului Operational Regional 2014-2020, Cod SMIS 324371 finan\u021bat prin REGIO &#8211; Programul Opera\u021bional Regional 2014-2020 \u2013 etapa 1 \u0219i prin Programul Regional Vest 2021-2027 \u2013 etapa 2, \u00een baza contractului de finan\u021bare&nbsp; nr. 61\/18.07.2024.<\/p>\n\n\n\n<p><strong>Obiectivul general al proiectului:<\/strong> crearea unui mediu educa\u021bional modern, sigur \u0219i adaptat standardelor actuale privind desf\u0103\u0219urarea procesului instructiv-educativ \u0219i a activit\u0103\u021bilor sportive.<strong><\/strong><\/p>\n\n\n\n<p><strong>Obiective specifice:<\/strong><\/p>\n\n\n\n<ul class=\"wp-block-list\">\n<li>Reabilitarea structural\u0103 \u0219i func\u021bional\u0103 a cl\u0103dirii \u0219colii;<\/li>\n\n\n\n<li>Modernizarea s\u0103lii de sport pentru desf\u0103\u0219urarea activit\u0103\u021bilor fizice \u00een condi\u021bii optime;<\/li>\n\n\n\n<li>Reabilitarea \u0219i dotarea spa\u021biilor anexe (grupuri sanitare, vestiare, spa\u021bii tehnice);<\/li>\n\n\n\n<li>Cre\u0219terea eficien\u021bei energetice a cl\u0103dirii prin lucr\u0103ri de izolare termic\u0103, \u00eenlocuirea\u00a0 t\u00e2mpl\u0103riei \u0219i modernizarea instala\u021biilor;<\/li>\n\n\n\n<li>\u00cembun\u0103t\u0103\u021birea condi\u021biilor de siguran\u021b\u0103 \u0219i accesibilitate pentru elevi \u0219i personal.<\/li>\n<\/ul>\n\n\n\n<p><strong>\ud83c\udfaf<\/strong><strong> Beneficiari direc\u021bi<\/strong><\/p>\n\n\n\n<p><a>\ud83d\udc67\ud83d\udc66<\/a> <strong>&nbsp; <\/strong>Elevii unit\u0103\u021bii de \u00eenv\u0103\u021b\u0103m\u00e2nt \u2013 care beneficiaz\u0103 de condi\u021bii \u00eembun\u0103t\u0103\u021bite &nbsp;&nbsp;&nbsp;&nbsp;de studiu \u0219i desf\u0103\u0219urare a activit\u0103\u021bilor sportive;<\/p>\n\n\n\n<p>\ud83d\udc69\u200d\ud83c\udfeb &nbsp;&nbsp;&nbsp;&nbsp;&nbsp;&nbsp;&nbsp;&nbsp;Cadrele didactice \u0219i personalul auxiliar \u2013 care \u00ee\u0219i desf\u0103\u0219oar\u0103 activitatea \u00eentr-un mediu modern, sigur \u0219i eficient energetic;<\/p>\n\n\n\n<p>\ud83d\udc69\u200d\ud83c\udfeb&nbsp;&nbsp;&nbsp;&nbsp;&nbsp; &nbsp; Personalul administrativ \u2013 prin \u00eembun\u0103t\u0103\u021birea condi\u021biilor de lucru \u0219i a infrastructurii tehnice.<\/p>\n\n\n\n<p>&nbsp;\ud83c\udf0d &nbsp;<strong>Beneficiarii indirec\u021bi<\/strong> ai proiectului sunt:<\/p>\n\n\n\n<p>\ud83d\udc68\u200d\ud83d\udc69\u200d\ud83d\udc67\u200d\ud83d\udc66 &nbsp;&nbsp;P\u0103rin\u021bii \u0219i familiile elevilor \u2013 prin cre\u0219terea siguran\u021bei \u0219i calit\u0103\u021bii actului &nbsp;educa\u021bional;<\/p>\n\n\n\n<p>&nbsp;\ud83c\udfd8\ufe0f&nbsp;&nbsp; Comunitatea local\u0103 \u2013 prin modernizarea infrastructurii educa\u021bionale \u0219i cre\u0219terea atractivit\u0103\u021bii ora\u0219ului;<\/p>\n\n\n\n<p>&nbsp;\ud83c\udfe2 &nbsp;&nbsp;&nbsp;&nbsp;Autoritatea public\u0103 local\u0103 \u2013 prin eficientizarea costurilor de \u00eentre\u021binere &nbsp;&nbsp;\u0219i reducerea consumului de energie;<\/p>\n\n\n\n<p>&nbsp; \ud83d\udeb6\u200d\u2642\ufe0f&nbsp;&nbsp; Viitorii elevi ai unit\u0103\u021bii de \u00eenv\u0103\u021b\u0103m\u00e2nt, care vor beneficia de o infrastructur\u0103 modernizat\u0103 pe termen lung.<\/p>\n\n\n\n<p><strong>&nbsp;&nbsp;&nbsp; &nbsp;&nbsp;&nbsp;&nbsp; Rezultat final:<\/strong><\/p>\n\n\n\n<p>Prin implementarea proiectului se urm\u0103re\u0219te reducerea consumului de energie, cre\u0219terea confortului termic \u0219i \u00eembun\u0103t\u0103\u021birea condi\u021biilor de studiu \u0219i desf\u0103\u0219urare a activit\u0103\u021bilor sportive, contribuind astfel la cre\u0219terea calit\u0103\u021bii actului educa\u021bional \u0219i la dezvoltarea armonioas\u0103 a elevilor. Proiectul reprezint\u0103 o investi\u021bie strategic\u0103 \u00een infrastructura educa\u021bional\u0103 local\u0103 \u0219i \u00een viitorul comunit\u0103\u021bii.<\/p>\n\n\n\n<p><em>Con\u021binutul acestui material nu reprezint\u0103 \u00een mod obligatoriu pozi\u021bia oficial\u0103 a Uniunii Europene sau a ADR Vest.<\/em><\/p>\n\n\n\n<p><em>Proiectul este cofinan\u021bat de Uniunea European\u0103, prin ADR Vest \u00een calitate de Autoritate de Management pentru Programul Regional Vest 2021-2027. Pentru informa\u021bii detaliate despre program, accesa\u021bi <a href=\"https:\/\/vest.ro\">www.vest.ro<\/a>.<\/em><\/p>\n\n\n\n<p><em>\u00a0Pentru informa\u021bii detaliate despre celelalte programe cofinan\u021bate de Uniunea European\u0103, v\u0103 invit\u0103m s\u0103 vizita\u021bi <a href=\"https:\/\/mfe.gov.ro\">www.mfe.gov.ro<\/a><\/em><\/p>\n","protected":false},"excerpt":{"rendered":"<p>Numele beneficiarului: &nbsp;UAT ORA\u0218UL MOLDOVA NOU\u0102 UNITATEA ADMINISTRATIV TERITORIAL\u0102 ORA\u0218UL MOLDOVA NOU\u0102 implementeaz\u0103 proiectul \u201eReabilitare, modernizare Scoala Gimnazial\u0103 \u201dAlexandru Moisi\u201d Moldova Nou\u0103, Sala de sport \u0219i dependin\u021be\u201d, din cadrul Programului Operational Regional 2014-2020, Cod SMIS 324371 finan\u021bat prin REGIO &#8211; Programul Opera\u021bional Regional 2014-2020 \u2013 etapa 1 \u0219i prin Programul Regional Vest 2021-2027 \u2013 etapa [&hellip;]<\/p>\n","protected":false},"author":6,"featured_media":0,"parent":0,"menu_order":0,"comment_status":"closed","ping_status":"closed","template":"","meta":{"site-sidebar-layout":"default","site-content-layout":"","ast-site-content-layout":"default","site-content-style":"default","site-sidebar-style":"default","ast-global-header-display":"","ast-banner-title-visibility":"","ast-main-header-display":"","ast-hfb-above-header-display":"","ast-hfb-below-header-display":"","ast-hfb-mobile-header-display":"","site-post-title":"","ast-breadcrumbs-content":"","ast-featured-img":"","footer-sml-layout":"","theme-transparent-header-meta":"","adv-header-id-meta":"","stick-header-meta":"","header-above-stick-meta":"","header-main-stick-meta":"","header-below-stick-meta":"","astra-migrate-meta-layouts":"set","ast-page-background-enabled":"default","ast-page-background-meta":{"desktop":{"background-color":"","background-image":"","background-repeat":"repeat","background-position":"center center","background-size":"auto","background-attachment":"scroll","background-type":"","background-media":"","overlay-type":"","overlay-color":"","overlay-gradient":""},"tablet":{"background-color":"","background-image":"","background-repeat":"repeat","background-position":"center center","background-size":"auto","background-attachment":"scroll","background-type":"","background-media":"","overlay-type":"","overlay-color":"","overlay-gradient":""},"mobile":{"background-color":"","background-image":"","background-repeat":"repeat","background-position":"center center","background-size":"auto","background-attachment":"scroll","background-type":"","background-media":"","overlay-type":"","overlay-color":"","overlay-gradient":""}},"ast-content-background-meta":{"desktop":{"background-color":"var(--ast-global-color-5)","background-image":"","background-repeat":"repeat","background-position":"center center","background-size":"auto","background-attachment":"scroll","background-type":"","background-media":"","overlay-type":"","overlay-color":"","overlay-gradient":""},"tablet":{"background-color":"var(--ast-global-color-5)","background-image":"","background-repeat":"repeat","background-position":"center center","background-size":"auto","background-attachment":"scroll","background-type":"","background-media":"","overlay-type":"","overlay-color":"","overlay-gradient":""},"mobile":{"background-color":"var(--ast-global-color-5)","background-image":"","background-repeat":"repeat","background-position":"center center","background-size":"auto","background-attachment":"scroll","background-type":"","background-media":"","overlay-type":"","overlay-color":"","overlay-gradient":""}},"footnotes":""},"class_list":["post-13515","page","type-page","status-publish","hentry"],"yoast_head":"<!-- This site is optimized with the Yoast SEO plugin v27.0 - https:\/\/yoast.com\/product\/yoast-seo-wordpress\/ -->\n<title>\u201eReabilitare \u0219i modernizare \u0218coala Gimnazial\u0103 \u00abAlexandru Moisi\u00bb Moldova Nou\u0103 \u2013 Sala de sport \u0219i dependin\u021be\u201d, Cod SMIS 324182 - Prim\u0103riaMoldovaNou\u0103.ro<\/title>\n<meta name=\"robots\" content=\"index, follow, max-snippet:-1, max-image-preview:large, max-video-preview:-1\" \/>\n<link rel=\"canonical\" href=\"https:\/\/primariamoldovanoua.ro\/index.php\/reabilitare-si-modernizare-scoala-gimnaziala-alexandru-moisi-moldova-noua-sala-de-sport-si-dependinte-cod-smis-324182\/\" \/>\n<meta property=\"og:locale\" content=\"en_US\" \/>\n<meta property=\"og:type\" content=\"article\" \/>\n<meta property=\"og:title\" content=\"\u201eReabilitare \u0219i modernizare \u0218coala Gimnazial\u0103 \u00abAlexandru Moisi\u00bb Moldova Nou\u0103 \u2013 Sala de sport \u0219i dependin\u021be\u201d, Cod SMIS 324182 - Prim\u0103riaMoldovaNou\u0103.ro\" \/>\n<meta property=\"og:description\" content=\"Numele beneficiarului: &nbsp;UAT ORA\u0218UL MOLDOVA NOU\u0102 UNITATEA ADMINISTRATIV TERITORIAL\u0102 ORA\u0218UL MOLDOVA NOU\u0102 implementeaz\u0103 proiectul \u201eReabilitare, modernizare Scoala Gimnazial\u0103 \u201dAlexandru Moisi\u201d Moldova Nou\u0103, Sala de sport \u0219i dependin\u021be\u201d, din cadrul Programului Operational Regional 2014-2020, Cod SMIS 324371 finan\u021bat prin REGIO &#8211; Programul Opera\u021bional Regional 2014-2020 \u2013 etapa 1 \u0219i prin Programul Regional Vest 2021-2027 \u2013 etapa [&hellip;]\" \/>\n<meta property=\"og:url\" content=\"https:\/\/primariamoldovanoua.ro\/index.php\/reabilitare-si-modernizare-scoala-gimnaziala-alexandru-moisi-moldova-noua-sala-de-sport-si-dependinte-cod-smis-324182\/\" \/>\n<meta property=\"og:site_name\" content=\"Prim\u0103riaMoldovaNou\u0103.ro\" \/>\n<meta property=\"og:image\" content=\"https:\/\/primariamoldovanoua.ro\/wp-content\/uploads\/2026\/02\/ALMOISI.jpeg\" \/>\n\t<meta property=\"og:image:width\" content=\"1080\" \/>\n\t<meta property=\"og:image:height\" content=\"1080\" \/>\n\t<meta property=\"og:image:type\" content=\"image\/jpeg\" \/>\n<meta name=\"twitter:card\" content=\"summary_large_image\" \/>\n<meta name=\"twitter:label1\" content=\"Est. reading time\" \/>\n\t<meta name=\"twitter:data1\" content=\"2 minutes\" \/>\n<script type=\"application\/ld+json\" class=\"yoast-schema-graph\">{\"@context\":\"https:\/\/schema.org\",\"@graph\":[{\"@type\":\"WebPage\",\"@id\":\"https:\/\/primariamoldovanoua.ro\/index.php\/reabilitare-si-modernizare-scoala-gimnaziala-alexandru-moisi-moldova-noua-sala-de-sport-si-dependinte-cod-smis-324182\/\",\"url\":\"https:\/\/primariamoldovanoua.ro\/index.php\/reabilitare-si-modernizare-scoala-gimnaziala-alexandru-moisi-moldova-noua-sala-de-sport-si-dependinte-cod-smis-324182\/\",\"name\":\"\u201eReabilitare \u0219i modernizare \u0218coala Gimnazial\u0103 \u00abAlexandru Moisi\u00bb Moldova Nou\u0103 \u2013 Sala de sport \u0219i dependin\u021be\u201d, Cod SMIS 324182 - Prim\u0103riaMoldovaNou\u0103.ro\",\"isPartOf\":{\"@id\":\"https:\/\/primariamoldovanoua.ro\/#website\"},\"primaryImageOfPage\":{\"@id\":\"https:\/\/primariamoldovanoua.ro\/index.php\/reabilitare-si-modernizare-scoala-gimnaziala-alexandru-moisi-moldova-noua-sala-de-sport-si-dependinte-cod-smis-324182\/#primaryimage\"},\"image\":{\"@id\":\"https:\/\/primariamoldovanoua.ro\/index.php\/reabilitare-si-modernizare-scoala-gimnaziala-alexandru-moisi-moldova-noua-sala-de-sport-si-dependinte-cod-smis-324182\/#primaryimage\"},\"thumbnailUrl\":\"https:\/\/primariamoldovanoua.ro\/wp-content\/uploads\/2026\/02\/ALMOISI-1024x1024.jpeg\",\"datePublished\":\"2026-02-19T07:11:43+00:00\",\"breadcrumb\":{\"@id\":\"https:\/\/primariamoldovanoua.ro\/index.php\/reabilitare-si-modernizare-scoala-gimnaziala-alexandru-moisi-moldova-noua-sala-de-sport-si-dependinte-cod-smis-324182\/#breadcrumb\"},\"inLanguage\":\"en-US\",\"potentialAction\":[{\"@type\":\"ReadAction\",\"target\":[\"https:\/\/primariamoldovanoua.ro\/index.php\/reabilitare-si-modernizare-scoala-gimnaziala-alexandru-moisi-moldova-noua-sala-de-sport-si-dependinte-cod-smis-324182\/\"]}]},{\"@type\":\"ImageObject\",\"inLanguage\":\"en-US\",\"@id\":\"https:\/\/primariamoldovanoua.ro\/index.php\/reabilitare-si-modernizare-scoala-gimnaziala-alexandru-moisi-moldova-noua-sala-de-sport-si-dependinte-cod-smis-324182\/#primaryimage\",\"url\":\"https:\/\/primariamoldovanoua.ro\/wp-content\/uploads\/2026\/02\/ALMOISI.jpeg\",\"contentUrl\":\"https:\/\/primariamoldovanoua.ro\/wp-content\/uploads\/2026\/02\/ALMOISI.jpeg\",\"width\":1080,\"height\":1080},{\"@type\":\"BreadcrumbList\",\"@id\":\"https:\/\/primariamoldovanoua.ro\/index.php\/reabilitare-si-modernizare-scoala-gimnaziala-alexandru-moisi-moldova-noua-sala-de-sport-si-dependinte-cod-smis-324182\/#breadcrumb\",\"itemListElement\":[{\"@type\":\"ListItem\",\"position\":1,\"name\":\"Home\",\"item\":\"https:\/\/primariamoldovanoua.ro\/\"},{\"@type\":\"ListItem\",\"position\":2,\"name\":\"\u201eReabilitare \u0219i modernizare \u0218coala Gimnazial\u0103 \u00abAlexandru Moisi\u00bb Moldova Nou\u0103 \u2013 Sala de sport \u0219i dependin\u021be\u201d, Cod SMIS 324182\"}]},{\"@type\":\"WebSite\",\"@id\":\"https:\/\/primariamoldovanoua.ro\/#website\",\"url\":\"https:\/\/primariamoldovanoua.ro\/\",\"name\":\"Prim\u0103riaMoldovaNou\u0103.ro\",\"description\":\"Site-ul oficial al UAT Moldova Nou\u0103, jude\u0163ul Cara\u015f-Severin\",\"publisher\":{\"@id\":\"https:\/\/primariamoldovanoua.ro\/#organization\"},\"potentialAction\":[{\"@type\":\"SearchAction\",\"target\":{\"@type\":\"EntryPoint\",\"urlTemplate\":\"https:\/\/primariamoldovanoua.ro\/?s={search_term_string}\"},\"query-input\":{\"@type\":\"PropertyValueSpecification\",\"valueRequired\":true,\"valueName\":\"search_term_string\"}}],\"inLanguage\":\"en-US\"},{\"@type\":\"Organization\",\"@id\":\"https:\/\/primariamoldovanoua.ro\/#organization\",\"name\":\"Prim\u0103riaMoldovaNou\u0103.ro\",\"url\":\"https:\/\/primariamoldovanoua.ro\/\",\"logo\":{\"@type\":\"ImageObject\",\"inLanguage\":\"en-US\",\"@id\":\"https:\/\/primariamoldovanoua.ro\/#\/schema\/logo\/image\/\",\"url\":\"https:\/\/primariamoldovanoua.ro\/wp-content\/uploads\/2021\/04\/cropped-Logo-Moldova-Noua-M-1.png\",\"contentUrl\":\"https:\/\/primariamoldovanoua.ro\/wp-content\/uploads\/2021\/04\/cropped-Logo-Moldova-Noua-M-1.png\",\"width\":158,\"height\":250,\"caption\":\"Prim\u0103riaMoldovaNou\u0103.ro\"},\"image\":{\"@id\":\"https:\/\/primariamoldovanoua.ro\/#\/schema\/logo\/image\/\"}}]}<\/script>\n<!-- \/ Yoast SEO plugin. -->","yoast_head_json":{"title":"\u201eReabilitare \u0219i modernizare \u0218coala Gimnazial\u0103 \u00abAlexandru Moisi\u00bb Moldova Nou\u0103 \u2013 Sala de sport \u0219i dependin\u021be\u201d, Cod SMIS 324182 - Prim\u0103riaMoldovaNou\u0103.ro","robots":{"index":"index","follow":"follow","max-snippet":"max-snippet:-1","max-image-preview":"max-image-preview:large","max-video-preview":"max-video-preview:-1"},"canonical":"https:\/\/primariamoldovanoua.ro\/index.php\/reabilitare-si-modernizare-scoala-gimnaziala-alexandru-moisi-moldova-noua-sala-de-sport-si-dependinte-cod-smis-324182\/","og_locale":"en_US","og_type":"article","og_title":"\u201eReabilitare \u0219i modernizare \u0218coala Gimnazial\u0103 \u00abAlexandru Moisi\u00bb Moldova Nou\u0103 \u2013 Sala de sport \u0219i dependin\u021be\u201d, Cod SMIS 324182 - Prim\u0103riaMoldovaNou\u0103.ro","og_description":"Numele beneficiarului: &nbsp;UAT ORA\u0218UL MOLDOVA NOU\u0102 UNITATEA ADMINISTRATIV TERITORIAL\u0102 ORA\u0218UL MOLDOVA NOU\u0102 implementeaz\u0103 proiectul \u201eReabilitare, modernizare Scoala Gimnazial\u0103 \u201dAlexandru Moisi\u201d Moldova Nou\u0103, Sala de sport \u0219i dependin\u021be\u201d, din cadrul Programului Operational Regional 2014-2020, Cod SMIS 324371 finan\u021bat prin REGIO &#8211; Programul Opera\u021bional Regional 2014-2020 \u2013 etapa 1 \u0219i prin Programul Regional Vest 2021-2027 \u2013 etapa [&hellip;]","og_url":"https:\/\/primariamoldovanoua.ro\/index.php\/reabilitare-si-modernizare-scoala-gimnaziala-alexandru-moisi-moldova-noua-sala-de-sport-si-dependinte-cod-smis-324182\/","og_site_name":"Prim\u0103riaMoldovaNou\u0103.ro","og_image":[{"width":1080,"height":1080,"url":"https:\/\/primariamoldovanoua.ro\/wp-content\/uploads\/2026\/02\/ALMOISI.jpeg","type":"image\/jpeg"}],"twitter_card":"summary_large_image","twitter_misc":{"Est. reading time":"2 minutes"},"schema":{"@context":"https:\/\/schema.org","@graph":[{"@type":"WebPage","@id":"https:\/\/primariamoldovanoua.ro\/index.php\/reabilitare-si-modernizare-scoala-gimnaziala-alexandru-moisi-moldova-noua-sala-de-sport-si-dependinte-cod-smis-324182\/","url":"https:\/\/primariamoldovanoua.ro\/index.php\/reabilitare-si-modernizare-scoala-gimnaziala-alexandru-moisi-moldova-noua-sala-de-sport-si-dependinte-cod-smis-324182\/","name":"\u201eReabilitare \u0219i modernizare \u0218coala Gimnazial\u0103 \u00abAlexandru Moisi\u00bb Moldova Nou\u0103 \u2013 Sala de sport \u0219i dependin\u021be\u201d, Cod SMIS 324182 - Prim\u0103riaMoldovaNou\u0103.ro","isPartOf":{"@id":"https:\/\/primariamoldovanoua.ro\/#website"},"primaryImageOfPage":{"@id":"https:\/\/primariamoldovanoua.ro\/index.php\/reabilitare-si-modernizare-scoala-gimnaziala-alexandru-moisi-moldova-noua-sala-de-sport-si-dependinte-cod-smis-324182\/#primaryimage"},"image":{"@id":"https:\/\/primariamoldovanoua.ro\/index.php\/reabilitare-si-modernizare-scoala-gimnaziala-alexandru-moisi-moldova-noua-sala-de-sport-si-dependinte-cod-smis-324182\/#primaryimage"},"thumbnailUrl":"https:\/\/primariamoldovanoua.ro\/wp-content\/uploads\/2026\/02\/ALMOISI-1024x1024.jpeg","datePublished":"2026-02-19T07:11:43+00:00","breadcrumb":{"@id":"https:\/\/primariamoldovanoua.ro\/index.php\/reabilitare-si-modernizare-scoala-gimnaziala-alexandru-moisi-moldova-noua-sala-de-sport-si-dependinte-cod-smis-324182\/#breadcrumb"},"inLanguage":"en-US","potentialAction":[{"@type":"ReadAction","target":["https:\/\/primariamoldovanoua.ro\/index.php\/reabilitare-si-modernizare-scoala-gimnaziala-alexandru-moisi-moldova-noua-sala-de-sport-si-dependinte-cod-smis-324182\/"]}]},{"@type":"ImageObject","inLanguage":"en-US","@id":"https:\/\/primariamoldovanoua.ro\/index.php\/reabilitare-si-modernizare-scoala-gimnaziala-alexandru-moisi-moldova-noua-sala-de-sport-si-dependinte-cod-smis-324182\/#primaryimage","url":"https:\/\/primariamoldovanoua.ro\/wp-content\/uploads\/2026\/02\/ALMOISI.jpeg","contentUrl":"https:\/\/primariamoldovanoua.ro\/wp-content\/uploads\/2026\/02\/ALMOISI.jpeg","width":1080,"height":1080},{"@type":"BreadcrumbList","@id":"https:\/\/primariamoldovanoua.ro\/index.php\/reabilitare-si-modernizare-scoala-gimnaziala-alexandru-moisi-moldova-noua-sala-de-sport-si-dependinte-cod-smis-324182\/#breadcrumb","itemListElement":[{"@type":"ListItem","position":1,"name":"Home","item":"https:\/\/primariamoldovanoua.ro\/"},{"@type":"ListItem","position":2,"name":"\u201eReabilitare \u0219i modernizare \u0218coala Gimnazial\u0103 \u00abAlexandru Moisi\u00bb Moldova Nou\u0103 \u2013 Sala de sport \u0219i dependin\u021be\u201d, Cod SMIS 324182"}]},{"@type":"WebSite","@id":"https:\/\/primariamoldovanoua.ro\/#website","url":"https:\/\/primariamoldovanoua.ro\/","name":"Prim\u0103riaMoldovaNou\u0103.ro","description":"Site-ul oficial al UAT Moldova Nou\u0103, jude\u0163ul Cara\u015f-Severin","publisher":{"@id":"https:\/\/primariamoldovanoua.ro\/#organization"},"potentialAction":[{"@type":"SearchAction","target":{"@type":"EntryPoint","urlTemplate":"https:\/\/primariamoldovanoua.ro\/?s={search_term_string}"},"query-input":{"@type":"PropertyValueSpecification","valueRequired":true,"valueName":"search_term_string"}}],"inLanguage":"en-US"},{"@type":"Organization","@id":"https:\/\/primariamoldovanoua.ro\/#organization","name":"Prim\u0103riaMoldovaNou\u0103.ro","url":"https:\/\/primariamoldovanoua.ro\/","logo":{"@type":"ImageObject","inLanguage":"en-US","@id":"https:\/\/primariamoldovanoua.ro\/#\/schema\/logo\/image\/","url":"https:\/\/primariamoldovanoua.ro\/wp-content\/uploads\/2021\/04\/cropped-Logo-Moldova-Noua-M-1.png","contentUrl":"https:\/\/primariamoldovanoua.ro\/wp-content\/uploads\/2021\/04\/cropped-Logo-Moldova-Noua-M-1.png","width":158,"height":250,"caption":"Prim\u0103riaMoldovaNou\u0103.ro"},"image":{"@id":"https:\/\/primariamoldovanoua.ro\/#\/schema\/logo\/image\/"}}]}},"_links":{"self":[{"href":"https:\/\/primariamoldovanoua.ro\/index.php\/wp-json\/wp\/v2\/pages\/13515","targetHints":{"allow":["GET"]}}],"collection":[{"href":"https:\/\/primariamoldovanoua.ro\/index.php\/wp-json\/wp\/v2\/pages"}],"about":[{"href":"https:\/\/primariamoldovanoua.ro\/index.php\/wp-json\/wp\/v2\/types\/page"}],"author":[{"embeddable":true,"href":"https:\/\/primariamoldovanoua.ro\/index.php\/wp-json\/wp\/v2\/users\/6"}],"replies":[{"embeddable":true,"href":"https:\/\/primariamoldovanoua.ro\/index.php\/wp-json\/wp\/v2\/comments?post=13515"}],"version-history":[{"count":1,"href":"https:\/\/primariamoldovanoua.ro\/index.php\/wp-json\/wp\/v2\/pages\/13515\/revisions"}],"predecessor-version":[{"id":13517,"href":"https:\/\/primariamoldovanoua.ro\/index.php\/wp-json\/wp\/v2\/pages\/13515\/revisions\/13517"}],"wp:attachment":[{"href":"https:\/\/primariamoldovanoua.ro\/index.php\/wp-json\/wp\/v2\/media?parent=13515"}],"curies":[{"name":"wp","href":"https:\/\/api.w.org\/{rel}","templated":true}]}}