{"id":13690,"date":"2026-03-26T16:33:44","date_gmt":"2026-03-26T14:33:44","guid":{"rendered":"https:\/\/primariamoldovanoua.ro\/?page_id=13690"},"modified":"2026-03-26T16:42:07","modified_gmt":"2026-03-26T14:42:07","slug":"revitalizare-si-regenerare-urbana-in-orasul-moldova-noua-prin-programul-regional-vest-2021-2027-cod-smis-336181","status":"publish","type":"page","link":"https:\/\/primariamoldovanoua.ro\/index.php\/revitalizare-si-regenerare-urbana-in-orasul-moldova-noua-prin-programul-regional-vest-2021-2027-cod-smis-336181\/","title":{"rendered":"REVITALIZARE \u0218I REGENERARE URBAN\u0102 \u00ceN ORA\u0218UL MOLDOVA NOU\u0102 PRIN PROGRAMUL REGIONAL VEST 2021- 2027\u2019\u2019\u00a0Cod SMIS\u00a0336181"},"content":{"rendered":"\n<figure class=\"wp-block-image size-large\"><img fetchpriority=\"high\" decoding=\"async\" width=\"1024\" height=\"1024\" src=\"https:\/\/primariamoldovanoua.ro\/wp-content\/uploads\/2026\/03\/INV--1024x1024.jpeg\" alt=\"\" class=\"wp-image-13697\" srcset=\"https:\/\/primariamoldovanoua.ro\/wp-content\/uploads\/2026\/03\/INV--1024x1024.jpeg 1024w, https:\/\/primariamoldovanoua.ro\/wp-content\/uploads\/2026\/03\/INV--300x300.jpeg 300w, https:\/\/primariamoldovanoua.ro\/wp-content\/uploads\/2026\/03\/INV--150x150.jpeg 150w, https:\/\/primariamoldovanoua.ro\/wp-content\/uploads\/2026\/03\/INV--768x768.jpeg 768w, https:\/\/primariamoldovanoua.ro\/wp-content\/uploads\/2026\/03\/INV-.jpeg 1080w\" sizes=\"(max-width: 1024px) 100vw, 1024px\" \/><\/figure>\n\n\n\n<ol class=\"wp-block-list\">\n<li><a href=\"https:\/\/primariamoldovanoua.ro\/wp-content\/uploads\/2026\/03\/REVITALIZARE-SI-REGENERARE-URBANA-IN-ORASUL-MOLDOVA-NOUA.pdf\">ANUNT &#8211; REVITALIZARE \u0218I REGENERARE URBAN\u0102 \u00ceN ORA\u0218UL MOLDOVA NOU\u0102, Cod SMIS\u00a0336181<\/a><\/li>\n\n\n\n<li><a href=\"https:\/\/primariamoldovanoua.ro\/wp-content\/uploads\/2026\/03\/Descriere-proiect.pdf\">DESCRIERE PROIECT<\/a><\/li>\n<\/ol>\n\n\n\n<p><\/p>\n","protected":false},"excerpt":{"rendered":"","protected":false},"author":6,"featured_media":0,"parent":0,"menu_order":0,"comment_status":"closed","ping_status":"closed","template":"elementor_theme","meta":{"site-sidebar-layout":"default","site-content-layout":"","ast-site-content-layout":"default","site-content-style":"default","site-sidebar-style":"default","ast-global-header-display":"","ast-banner-title-visibility":"","ast-main-header-display":"","ast-hfb-above-header-display":"","ast-hfb-below-header-display":"","ast-hfb-mobile-header-display":"","site-post-title":"","ast-breadcrumbs-content":"","ast-featured-img":"","footer-sml-layout":"","theme-transparent-header-meta":"","adv-header-id-meta":"","stick-header-meta":"","header-above-stick-meta":"","header-main-stick-meta":"","header-below-stick-meta":"","astra-migrate-meta-layouts":"set","ast-page-background-enabled":"default","ast-page-background-meta":{"desktop":{"background-color":"","background-image":"","background-repeat":"repeat","background-position":"center center","background-size":"auto","background-attachment":"scroll","background-type":"","background-media":"","overlay-type":"","overlay-color":"","overlay-gradient":""},"tablet":{"background-color":"","background-image":"","background-repeat":"repeat","background-position":"center center","background-size":"auto","background-attachment":"scroll","background-type":"","background-media":"","overlay-type":"","overlay-color":"","overlay-gradient":""},"mobile":{"background-color":"","background-image":"","background-repeat":"repeat","background-position":"center center","background-size":"auto","background-attachment":"scroll","background-type":"","background-media":"","overlay-type":"","overlay-color":"","overlay-gradient":""}},"ast-content-background-meta":{"desktop":{"background-color":"var(--ast-global-color-5)","background-image":"","background-repeat":"repeat","background-position":"center center","background-size":"auto","background-attachment":"scroll","background-type":"","background-media":"","overlay-type":"","overlay-color":"","overlay-gradient":""},"tablet":{"background-color":"var(--ast-global-color-5)","background-image":"","background-repeat":"repeat","background-position":"center center","background-size":"auto","background-attachment":"scroll","background-type":"","background-media":"","overlay-type":"","overlay-color":"","overlay-gradient":""},"mobile":{"background-color":"var(--ast-global-color-5)","background-image":"","background-repeat":"repeat","background-position":"center center","background-size":"auto","background-attachment":"scroll","background-type":"","background-media":"","overlay-type":"","overlay-color":"","overlay-gradient":""}},"footnotes":""},"class_list":["post-13690","page","type-page","status-publish","hentry"],"yoast_head":"<!-- This site is optimized with the Yoast SEO plugin v27.0 - https:\/\/yoast.com\/product\/yoast-seo-wordpress\/ -->\n<title>REVITALIZARE \u0218I REGENERARE URBAN\u0102 \u00ceN ORA\u0218UL MOLDOVA NOU\u0102 PRIN PROGRAMUL REGIONAL VEST 2021- 2027\u2019\u2019\u00a0Cod SMIS\u00a0336181 - Prim\u0103riaMoldovaNou\u0103.ro<\/title>\n<meta name=\"robots\" content=\"index, follow, max-snippet:-1, max-image-preview:large, max-video-preview:-1\" \/>\n<link rel=\"canonical\" href=\"https:\/\/primariamoldovanoua.ro\/index.php\/revitalizare-si-regenerare-urbana-in-orasul-moldova-noua-prin-programul-regional-vest-2021-2027-cod-smis-336181\/\" \/>\n<meta property=\"og:locale\" content=\"en_US\" \/>\n<meta property=\"og:type\" content=\"article\" \/>\n<meta property=\"og:title\" content=\"REVITALIZARE \u0218I REGENERARE URBAN\u0102 \u00ceN ORA\u0218UL MOLDOVA NOU\u0102 PRIN PROGRAMUL REGIONAL VEST 2021- 2027\u2019\u2019\u00a0Cod SMIS\u00a0336181 - Prim\u0103riaMoldovaNou\u0103.ro\" \/>\n<meta property=\"og:url\" content=\"https:\/\/primariamoldovanoua.ro\/index.php\/revitalizare-si-regenerare-urbana-in-orasul-moldova-noua-prin-programul-regional-vest-2021-2027-cod-smis-336181\/\" \/>\n<meta property=\"og:site_name\" content=\"Prim\u0103riaMoldovaNou\u0103.ro\" \/>\n<meta property=\"article:modified_time\" content=\"2026-03-26T14:42:07+00:00\" \/>\n<meta property=\"og:image\" content=\"https:\/\/primariamoldovanoua.ro\/wp-content\/uploads\/2026\/03\/INV-.jpeg\" \/>\n\t<meta property=\"og:image:width\" content=\"1080\" \/>\n\t<meta property=\"og:image:height\" content=\"1080\" \/>\n\t<meta property=\"og:image:type\" content=\"image\/jpeg\" \/>\n<meta name=\"twitter:card\" content=\"summary_large_image\" \/>\n<meta name=\"twitter:label1\" content=\"Est. reading time\" \/>\n\t<meta name=\"twitter:data1\" content=\"1 minute\" \/>\n<script type=\"application\/ld+json\" class=\"yoast-schema-graph\">{\"@context\":\"https:\/\/schema.org\",\"@graph\":[{\"@type\":\"WebPage\",\"@id\":\"https:\/\/primariamoldovanoua.ro\/index.php\/revitalizare-si-regenerare-urbana-in-orasul-moldova-noua-prin-programul-regional-vest-2021-2027-cod-smis-336181\/\",\"url\":\"https:\/\/primariamoldovanoua.ro\/index.php\/revitalizare-si-regenerare-urbana-in-orasul-moldova-noua-prin-programul-regional-vest-2021-2027-cod-smis-336181\/\",\"name\":\"REVITALIZARE \u0218I REGENERARE URBAN\u0102 \u00ceN ORA\u0218UL MOLDOVA NOU\u0102 PRIN PROGRAMUL REGIONAL VEST 2021- 2027\u2019\u2019\u00a0Cod SMIS\u00a0336181 - Prim\u0103riaMoldovaNou\u0103.ro\",\"isPartOf\":{\"@id\":\"https:\/\/primariamoldovanoua.ro\/#website\"},\"primaryImageOfPage\":{\"@id\":\"https:\/\/primariamoldovanoua.ro\/index.php\/revitalizare-si-regenerare-urbana-in-orasul-moldova-noua-prin-programul-regional-vest-2021-2027-cod-smis-336181\/#primaryimage\"},\"image\":{\"@id\":\"https:\/\/primariamoldovanoua.ro\/index.php\/revitalizare-si-regenerare-urbana-in-orasul-moldova-noua-prin-programul-regional-vest-2021-2027-cod-smis-336181\/#primaryimage\"},\"thumbnailUrl\":\"https:\/\/primariamoldovanoua.ro\/wp-content\/uploads\/2026\/03\/INV--1024x1024.jpeg\",\"datePublished\":\"2026-03-26T14:33:44+00:00\",\"dateModified\":\"2026-03-26T14:42:07+00:00\",\"breadcrumb\":{\"@id\":\"https:\/\/primariamoldovanoua.ro\/index.php\/revitalizare-si-regenerare-urbana-in-orasul-moldova-noua-prin-programul-regional-vest-2021-2027-cod-smis-336181\/#breadcrumb\"},\"inLanguage\":\"en-US\",\"potentialAction\":[{\"@type\":\"ReadAction\",\"target\":[\"https:\/\/primariamoldovanoua.ro\/index.php\/revitalizare-si-regenerare-urbana-in-orasul-moldova-noua-prin-programul-regional-vest-2021-2027-cod-smis-336181\/\"]}]},{\"@type\":\"ImageObject\",\"inLanguage\":\"en-US\",\"@id\":\"https:\/\/primariamoldovanoua.ro\/index.php\/revitalizare-si-regenerare-urbana-in-orasul-moldova-noua-prin-programul-regional-vest-2021-2027-cod-smis-336181\/#primaryimage\",\"url\":\"https:\/\/primariamoldovanoua.ro\/wp-content\/uploads\/2026\/03\/INV-.jpeg\",\"contentUrl\":\"https:\/\/primariamoldovanoua.ro\/wp-content\/uploads\/2026\/03\/INV-.jpeg\",\"width\":1080,\"height\":1080},{\"@type\":\"BreadcrumbList\",\"@id\":\"https:\/\/primariamoldovanoua.ro\/index.php\/revitalizare-si-regenerare-urbana-in-orasul-moldova-noua-prin-programul-regional-vest-2021-2027-cod-smis-336181\/#breadcrumb\",\"itemListElement\":[{\"@type\":\"ListItem\",\"position\":1,\"name\":\"Home\",\"item\":\"https:\/\/primariamoldovanoua.ro\/\"},{\"@type\":\"ListItem\",\"position\":2,\"name\":\"REVITALIZARE \u0218I REGENERARE URBAN\u0102 \u00ceN ORA\u0218UL MOLDOVA NOU\u0102 PRIN PROGRAMUL REGIONAL VEST 2021- 2027\u2019\u2019\u00a0Cod SMIS\u00a0336181\"}]},{\"@type\":\"WebSite\",\"@id\":\"https:\/\/primariamoldovanoua.ro\/#website\",\"url\":\"https:\/\/primariamoldovanoua.ro\/\",\"name\":\"Prim\u0103riaMoldovaNou\u0103.ro\",\"description\":\"Site-ul oficial al UAT Moldova Nou\u0103, jude\u0163ul Cara\u015f-Severin\",\"publisher\":{\"@id\":\"https:\/\/primariamoldovanoua.ro\/#organization\"},\"potentialAction\":[{\"@type\":\"SearchAction\",\"target\":{\"@type\":\"EntryPoint\",\"urlTemplate\":\"https:\/\/primariamoldovanoua.ro\/?s={search_term_string}\"},\"query-input\":{\"@type\":\"PropertyValueSpecification\",\"valueRequired\":true,\"valueName\":\"search_term_string\"}}],\"inLanguage\":\"en-US\"},{\"@type\":\"Organization\",\"@id\":\"https:\/\/primariamoldovanoua.ro\/#organization\",\"name\":\"Prim\u0103riaMoldovaNou\u0103.ro\",\"url\":\"https:\/\/primariamoldovanoua.ro\/\",\"logo\":{\"@type\":\"ImageObject\",\"inLanguage\":\"en-US\",\"@id\":\"https:\/\/primariamoldovanoua.ro\/#\/schema\/logo\/image\/\",\"url\":\"https:\/\/primariamoldovanoua.ro\/wp-content\/uploads\/2021\/04\/cropped-Logo-Moldova-Noua-M-1.png\",\"contentUrl\":\"https:\/\/primariamoldovanoua.ro\/wp-content\/uploads\/2021\/04\/cropped-Logo-Moldova-Noua-M-1.png\",\"width\":158,\"height\":250,\"caption\":\"Prim\u0103riaMoldovaNou\u0103.ro\"},\"image\":{\"@id\":\"https:\/\/primariamoldovanoua.ro\/#\/schema\/logo\/image\/\"}}]}<\/script>\n<!-- \/ Yoast SEO plugin. -->","yoast_head_json":{"title":"REVITALIZARE \u0218I REGENERARE URBAN\u0102 \u00ceN ORA\u0218UL MOLDOVA NOU\u0102 PRIN PROGRAMUL REGIONAL VEST 2021- 2027\u2019\u2019\u00a0Cod SMIS\u00a0336181 - Prim\u0103riaMoldovaNou\u0103.ro","robots":{"index":"index","follow":"follow","max-snippet":"max-snippet:-1","max-image-preview":"max-image-preview:large","max-video-preview":"max-video-preview:-1"},"canonical":"https:\/\/primariamoldovanoua.ro\/index.php\/revitalizare-si-regenerare-urbana-in-orasul-moldova-noua-prin-programul-regional-vest-2021-2027-cod-smis-336181\/","og_locale":"en_US","og_type":"article","og_title":"REVITALIZARE \u0218I REGENERARE URBAN\u0102 \u00ceN ORA\u0218UL MOLDOVA NOU\u0102 PRIN PROGRAMUL REGIONAL VEST 2021- 2027\u2019\u2019\u00a0Cod SMIS\u00a0336181 - Prim\u0103riaMoldovaNou\u0103.ro","og_url":"https:\/\/primariamoldovanoua.ro\/index.php\/revitalizare-si-regenerare-urbana-in-orasul-moldova-noua-prin-programul-regional-vest-2021-2027-cod-smis-336181\/","og_site_name":"Prim\u0103riaMoldovaNou\u0103.ro","article_modified_time":"2026-03-26T14:42:07+00:00","og_image":[{"width":1080,"height":1080,"url":"https:\/\/primariamoldovanoua.ro\/wp-content\/uploads\/2026\/03\/INV-.jpeg","type":"image\/jpeg"}],"twitter_card":"summary_large_image","twitter_misc":{"Est. reading time":"1 minute"},"schema":{"@context":"https:\/\/schema.org","@graph":[{"@type":"WebPage","@id":"https:\/\/primariamoldovanoua.ro\/index.php\/revitalizare-si-regenerare-urbana-in-orasul-moldova-noua-prin-programul-regional-vest-2021-2027-cod-smis-336181\/","url":"https:\/\/primariamoldovanoua.ro\/index.php\/revitalizare-si-regenerare-urbana-in-orasul-moldova-noua-prin-programul-regional-vest-2021-2027-cod-smis-336181\/","name":"REVITALIZARE \u0218I REGENERARE URBAN\u0102 \u00ceN ORA\u0218UL MOLDOVA NOU\u0102 PRIN PROGRAMUL REGIONAL VEST 2021- 2027\u2019\u2019\u00a0Cod SMIS\u00a0336181 - Prim\u0103riaMoldovaNou\u0103.ro","isPartOf":{"@id":"https:\/\/primariamoldovanoua.ro\/#website"},"primaryImageOfPage":{"@id":"https:\/\/primariamoldovanoua.ro\/index.php\/revitalizare-si-regenerare-urbana-in-orasul-moldova-noua-prin-programul-regional-vest-2021-2027-cod-smis-336181\/#primaryimage"},"image":{"@id":"https:\/\/primariamoldovanoua.ro\/index.php\/revitalizare-si-regenerare-urbana-in-orasul-moldova-noua-prin-programul-regional-vest-2021-2027-cod-smis-336181\/#primaryimage"},"thumbnailUrl":"https:\/\/primariamoldovanoua.ro\/wp-content\/uploads\/2026\/03\/INV--1024x1024.jpeg","datePublished":"2026-03-26T14:33:44+00:00","dateModified":"2026-03-26T14:42:07+00:00","breadcrumb":{"@id":"https:\/\/primariamoldovanoua.ro\/index.php\/revitalizare-si-regenerare-urbana-in-orasul-moldova-noua-prin-programul-regional-vest-2021-2027-cod-smis-336181\/#breadcrumb"},"inLanguage":"en-US","potentialAction":[{"@type":"ReadAction","target":["https:\/\/primariamoldovanoua.ro\/index.php\/revitalizare-si-regenerare-urbana-in-orasul-moldova-noua-prin-programul-regional-vest-2021-2027-cod-smis-336181\/"]}]},{"@type":"ImageObject","inLanguage":"en-US","@id":"https:\/\/primariamoldovanoua.ro\/index.php\/revitalizare-si-regenerare-urbana-in-orasul-moldova-noua-prin-programul-regional-vest-2021-2027-cod-smis-336181\/#primaryimage","url":"https:\/\/primariamoldovanoua.ro\/wp-content\/uploads\/2026\/03\/INV-.jpeg","contentUrl":"https:\/\/primariamoldovanoua.ro\/wp-content\/uploads\/2026\/03\/INV-.jpeg","width":1080,"height":1080},{"@type":"BreadcrumbList","@id":"https:\/\/primariamoldovanoua.ro\/index.php\/revitalizare-si-regenerare-urbana-in-orasul-moldova-noua-prin-programul-regional-vest-2021-2027-cod-smis-336181\/#breadcrumb","itemListElement":[{"@type":"ListItem","position":1,"name":"Home","item":"https:\/\/primariamoldovanoua.ro\/"},{"@type":"ListItem","position":2,"name":"REVITALIZARE \u0218I REGENERARE URBAN\u0102 \u00ceN ORA\u0218UL MOLDOVA NOU\u0102 PRIN PROGRAMUL REGIONAL VEST 2021- 2027\u2019\u2019\u00a0Cod SMIS\u00a0336181"}]},{"@type":"WebSite","@id":"https:\/\/primariamoldovanoua.ro\/#website","url":"https:\/\/primariamoldovanoua.ro\/","name":"Prim\u0103riaMoldovaNou\u0103.ro","description":"Site-ul oficial al UAT Moldova Nou\u0103, jude\u0163ul Cara\u015f-Severin","publisher":{"@id":"https:\/\/primariamoldovanoua.ro\/#organization"},"potentialAction":[{"@type":"SearchAction","target":{"@type":"EntryPoint","urlTemplate":"https:\/\/primariamoldovanoua.ro\/?s={search_term_string}"},"query-input":{"@type":"PropertyValueSpecification","valueRequired":true,"valueName":"search_term_string"}}],"inLanguage":"en-US"},{"@type":"Organization","@id":"https:\/\/primariamoldovanoua.ro\/#organization","name":"Prim\u0103riaMoldovaNou\u0103.ro","url":"https:\/\/primariamoldovanoua.ro\/","logo":{"@type":"ImageObject","inLanguage":"en-US","@id":"https:\/\/primariamoldovanoua.ro\/#\/schema\/logo\/image\/","url":"https:\/\/primariamoldovanoua.ro\/wp-content\/uploads\/2021\/04\/cropped-Logo-Moldova-Noua-M-1.png","contentUrl":"https:\/\/primariamoldovanoua.ro\/wp-content\/uploads\/2021\/04\/cropped-Logo-Moldova-Noua-M-1.png","width":158,"height":250,"caption":"Prim\u0103riaMoldovaNou\u0103.ro"},"image":{"@id":"https:\/\/primariamoldovanoua.ro\/#\/schema\/logo\/image\/"}}]}},"_links":{"self":[{"href":"https:\/\/primariamoldovanoua.ro\/index.php\/wp-json\/wp\/v2\/pages\/13690","targetHints":{"allow":["GET"]}}],"collection":[{"href":"https:\/\/primariamoldovanoua.ro\/index.php\/wp-json\/wp\/v2\/pages"}],"about":[{"href":"https:\/\/primariamoldovanoua.ro\/index.php\/wp-json\/wp\/v2\/types\/page"}],"author":[{"embeddable":true,"href":"https:\/\/primariamoldovanoua.ro\/index.php\/wp-json\/wp\/v2\/users\/6"}],"replies":[{"embeddable":true,"href":"https:\/\/primariamoldovanoua.ro\/index.php\/wp-json\/wp\/v2\/comments?post=13690"}],"version-history":[{"count":4,"href":"https:\/\/primariamoldovanoua.ro\/index.php\/wp-json\/wp\/v2\/pages\/13690\/revisions"}],"predecessor-version":[{"id":13700,"href":"https:\/\/primariamoldovanoua.ro\/index.php\/wp-json\/wp\/v2\/pages\/13690\/revisions\/13700"}],"wp:attachment":[{"href":"https:\/\/primariamoldovanoua.ro\/index.php\/wp-json\/wp\/v2\/media?parent=13690"}],"curies":[{"name":"wp","href":"https:\/\/api.w.org\/{rel}","templated":true}]}}