{"id":1551,"date":"2017-02-02T15:48:40","date_gmt":"2017-02-02T13:48:40","guid":{"rendered":"https:\/\/primariamoldovanoua.ro\/?page_id=1551"},"modified":"2017-02-02T15:48:40","modified_gmt":"2017-02-02T13:48:40","slug":"proiecte-cu-finantare-de-la-uniunea-europeana-2","status":"publish","type":"page","link":"https:\/\/primariamoldovanoua.ro\/index.php\/departamente\/investitii\/proiecte-de-investitii\/proiecte-cu-finantare-de-la-uniunea-europeana-2\/","title":{"rendered":"Cu finan\u021bare UE"},"content":{"rendered":"<ul>\n<li>\n<h3><strong><span id=\"yui_3_16_0_ym19_1_1499852107869_5691\"><i>Challenge and opportunity for tourism development in our common county<\/i><\/span><\/strong><\/h3>\n<h4><a href=\"https:\/\/1drv.ms\/u\/s!AqOVfvTqmTPE8Q1_-DYiOWfHhmkr\">&#8211;\u00a0<strong><em>Organization of events &#8211;\u00a02\/eMS RORS 24\u00a0<\/em><\/strong><\/a><\/h4>\n<h4><a href=\"https:\/\/1drv.ms\/u\/s!AqOVfvTqmTPE8ROH4noLUvppbCpG\"><strong><em>&#8211; Urban furniture &#8211;\u00a0<\/em><\/strong><em><strong>5\/ <\/strong>eMS RORS 24<\/em><\/a><\/h4>\n<h4><a href=\"https:\/\/1drv.ms\/u\/s!AqOVfvTqmTPE8RZF0CnKoQIRySc4\"><strong>&#8211; Translation and interpretation &#8211; 1\/eMS RORS 38<\/strong><\/a><\/h4>\n<h4><strong><a href=\"https:\/\/1drv.ms\/u\/s!AqOVfvTqmTPE8RfIvfHJw-MRF8xJ\"><em>&#8211; <\/em><em>Media campaign <\/em><em>&#8211; 4\/eMS <\/em><em>RORS<\/em><em> 24<\/em><\/a><\/strong><\/h4>\n<h4><a href=\"https:\/\/1drv.ms\/u\/s!AqOVfvTqmTPE8R9U-k35nqVBFRbf\"><strong><em>&#8211; Information and publicity &#8211; 3\/eMS RORS 24<\/em><\/strong><\/a><\/h4>\n<h4><a href=\"https:\/\/1drv.ms\/u\/s!AqOVfvTqmTPE8SAGaVTt2-2IG5OC\"><strong><em>&#8211; Popular costumes &#8211; 6\/eMS RORS<\/em> 24<\/strong><\/a><\/h4>\n<\/li>\n<li>\n<h3><span id=\"yui_3_16_0_ym19_1_1503032638701_32473\"><b id=\"yui_3_16_0_ym19_1_1503032638701_32636\"><i id=\"yui_3_16_0_ym19_1_1503032638701_32635\">Systems for emergency preparedness<\/i><\/b><\/span><\/h3>\n<h4><a href=\"https:\/\/1drv.ms\/u\/s!AqOVfvTqmTPE8Q8dZwCqto-pdQZB\">&#8211;\u00a0<span id=\"yui_3_16_0_ym19_1_1503032638701_32477\"><b>Assistance in public procurement activities &#8211;\u00a0<\/b><\/span><i id=\"yui_3_16_0_ym19_1_1503032638701_32480\" style=\"font-size: medium; font-weight: 400;\"><b><span id=\"yui_3_16_0_ym19_1_1503032638701_32481\">1<\/span><span id=\"yui_3_16_0_ym19_1_1503032638701_32484\" lang=\"EN-GB\">\/eMS\u00a0<\/span><span id=\"yui_3_16_0_ym19_1_1503032638701_32485\" lang=\"SL\">RORS<\/span><\/b><\/i><span id=\"yui_3_16_0_ym19_1_1503032638701_32486\" lang=\"EN-GB\">\u00a038<\/span><\/a><\/h4>\n<h4><a href=\"https:\/\/1drv.ms\/u\/s!AqOVfvTqmTPE8RAMRkg83BFyv22N\">&#8211; Support services in elaboration of reimbursement claims &#8211; 2\/eMS RORS 38<\/a><\/h4>\n<h4><a href=\"https:\/\/1drv.ms\/u\/s!AqOVfvTqmTPE8RFzxKgRnpXJbBvx\">&#8211;\u00a0<span id=\"yui_3_16_0_ym19_1_1506318225061_5467\"><b id=\"yui_3_16_0_ym19_1_1506318225061_5466\"><i id=\"yui_3_16_0_ym19_1_1506318225061_5465\">Information and publicity &#8211; 3\/eMS RORS<\/i><\/b> 38<\/span><\/a><\/h4>\n<h4><a href=\"https:\/\/1drv.ms\/u\/s!AqOVfvTqmTPE8R7atk4dKcopN-Zt\">&#8211;\u00a0<b id=\"yui_3_16_0_ym19_1_1506318225061_7685\"><em>Translation<\/em><i id=\"yui_3_16_0_ym19_1_1506318225061_7686\"> &#8211; 4\/eMS RORS<\/i><\/b> 38<\/a><\/h4>\n<h4><a href=\"https:\/\/1drv.ms\/u\/s!AqOVfvTqmTPE8UURBqbLnC9ffF5y\"><em><strong>&#8211;\u00a0Training for school children &#8211; 6\/eMS RORS 38<\/strong><\/em><\/a><\/h4>\n<\/li>\n<\/ul>\n<h4><span id=\"ydpa76a7f0eyiv5715623428yui_3_16_0_ym19_1_1506318225061_7684\"><b id=\"ydpa76a7f0eyiv5715623428yui_3_16_0_ym19_1_1506318225061_7685\"><i id=\"ydpa76a7f0eyiv5715623428yui_3_16_0_ym19_1_1506318225061_7686\">\u00a0 \u00a0 \u00a0 \u00a0\u00a0<a href=\"https:\/\/1drv.ms\/u\/s!AjlAnhSvdAJTgVId3T0BXVEyVNcL\">&#8211; Equipment for emergency situation &#8211; 5\/eMS RORS 38, Lot 3 and Lot 4<\/a><\/i><\/b><\/span><\/h4>\n<h4>\u00a0 \u00a0 \u00a0 <span id=\"ydpa76a7f0eyiv5715623428yui_3_16_0_ym19_1_1506318225061_7684\"><b id=\"ydpa76a7f0eyiv5715623428yui_3_16_0_ym19_1_1506318225061_7685\"><i id=\"ydpa76a7f0eyiv5715623428yui_3_16_0_ym19_1_1506318225061_7686\">\u00a0 \u00a0<a href=\"https:\/\/1drv.ms\/u\/s!AjlAnhSvdAJTgUy1FefDBewt245Z\">&#8211; Project impact study &#8211; 8\/eMS RORS 38<\/a><\/i><\/b><\/span><\/h4>\n<h4>\u00a0 \u00a0 \u00a0<span id=\"ydpa76a7f0eyiv5715623428yui_3_16_0_ym19_1_1506318225061_7684\"><b id=\"ydpa76a7f0eyiv5715623428yui_3_16_0_ym19_1_1506318225061_7685\"><i id=\"ydpa76a7f0eyiv5715623428yui_3_16_0_ym19_1_1506318225061_7686\"><a href=\"https:\/\/1drv.ms\/u\/s!AjlAnhSvdAJTgU-A846h22-9lqIs\">\u00a0 \u00a0 &#8211; Common joint exercise &#8211; 9\/eMS RORS 38<\/a><\/i><\/b><\/span><\/h4>\n<ul>\n<li>\n<h3><strong><em>Reabilitare energetica gradinita cu program prelungit \u201dSf. Stelian\u201d Moldova Noua<\/em><\/strong><\/h3>\n<\/li>\n<\/ul>\n<h4>\u00a0 \u00a0 \u00a0 \u00a0\u00a0<span id=\"ydpa76a7f0eyiv5715623428yui_3_16_0_ym19_1_1506318225061_7684\"><b id=\"ydpa76a7f0eyiv5715623428yui_3_16_0_ym19_1_1506318225061_7685\"><i id=\"ydpa76a7f0eyiv5715623428yui_3_16_0_ym19_1_1506318225061_7686\"><a href=\"https:\/\/primariamoldovanoua.ro\/wp-content\/uploads\/2019\/02\/Descriere-Proiect-Gradinita-Sf-Stelian.doc\">&#8211; Prezentarea proiectului<\/a><\/i><\/b><\/span><\/h4>\n<ul>\n<li>\n<h3><strong><em>Reabilitare, modernizare \u0218coala Gimnaziala \u201dAlexandru Moisi\u201d Moldova Noua, Sala de sport si dependinte<\/em><\/strong>\u00a0 \u00a0 \u00a0 \u00a0 \u00a0<\/h3>\n<h4><span id=\"ydpa76a7f0eyiv5715623428yui_3_16_0_ym19_1_1506318225061_7684\"><b id=\"ydpa76a7f0eyiv5715623428yui_3_16_0_ym19_1_1506318225061_7685\"><i id=\"ydpa76a7f0eyiv5715623428yui_3_16_0_ym19_1_1506318225061_7686\"><a href=\"https:\/\/primariamoldovanoua.ro\/wp-content\/uploads\/2019\/02\/Descriere-Proiect-Scoala-Al-Moisi.doc\">&#8211; Prezentarea proiectului<\/a><\/i><\/b><\/span><\/h4>\n<\/li>\n<li>\n<h3><strong><em>Modern technologies for monitoring land covered with waste in order to restore their initial use<\/em><\/strong><\/h3>\n<\/li>\n<\/ul>\n<h4>\u00a0 \u00a0 \u00a0 \u00a0<span id=\"ydpa76a7f0eyiv5715623428yui_3_16_0_ym19_1_1506318225061_7684\"><b id=\"ydpa76a7f0eyiv5715623428yui_3_16_0_ym19_1_1506318225061_7685\"><i id=\"ydpa76a7f0eyiv5715623428yui_3_16_0_ym19_1_1506318225061_7686\"><a href=\"https:\/\/primariamoldovanoua.ro\/wp-content\/uploads\/2019\/11\/Documentatie-Organization-of-the-events.docx\">&#8211; Organization of the events &#8211; 1 \/ eMS RORS 365<\/a><\/i><\/b><\/span><\/h4>\n<p>\u00a0 \u00a0 \u00a0 \u00a0 \u00a0 \u00a0 \u00a0 \u00a0*<span id=\"ydpa76a7f0eyiv5715623428yui_3_16_0_ym19_1_1506318225061_7684\"><b id=\"ydpa76a7f0eyiv5715623428yui_3_16_0_ym19_1_1506318225061_7685\"><i id=\"ydpa76a7f0eyiv5715623428yui_3_16_0_ym19_1_1506318225061_7686\"><a href=\"https:\/\/primariamoldovanoua.ro\/wp-content\/uploads\/2019\/11\/Clarification-no.-1.doc\">Clarification no. 1<\/a><\/i><\/b><\/span><\/p>\n<h4>\u00a0 \u00a0 \u00a0 \u00a0<span id=\"ydpa76a7f0eyiv5715623428yui_3_16_0_ym19_1_1506318225061_7684\"><b id=\"ydpa76a7f0eyiv5715623428yui_3_16_0_ym19_1_1506318225061_7685\"><i id=\"ydpa76a7f0eyiv5715623428yui_3_16_0_ym19_1_1506318225061_7686\"><a href=\"https:\/\/primariamoldovanoua.ro\/wp-content\/uploads\/2019\/11\/Services-for-preparation-of-documents-for-acquisitions-rev.1-4-eMS-RORS-365.docx\">&#8211; Services for preparation of documents for acquisitions &#8211; 4 \/ eMS RORS 365<\/a><\/i><\/b><\/span><\/h4>\n<h4><span id=\"ydpa76a7f0eyiv5715623428yui_3_16_0_ym19_1_1506318225061_7684\"><b id=\"ydpa76a7f0eyiv5715623428yui_3_16_0_ym19_1_1506318225061_7685\"><a href=\"https:\/\/1drv.ms\/u\/s!AjlAnhSvdAJTgViKBWpAapOvLeEI?e=L1yuQT\">\u00a0 \u00a0 \u00a0 <\/a><i id=\"ydpa76a7f0eyiv5715623428yui_3_16_0_ym19_1_1506318225061_7686\"><a href=\"https:\/\/1drv.ms\/u\/s!AjlAnhSvdAJTgVq2fdFC9dh7smAO?e=ePykWw\" target=\"_blank\" rel=\"noopener noreferrer\">\u00a0&#8211; Acquisition of a front loader &#8211; 5 \/ eMS RORS 365<\/a><\/i><\/b><\/span><\/h4>\n<h4><span id=\"ydpa76a7f0eyiv5715623428yui_3_16_0_ym19_1_1506318225061_7684\"><b id=\"ydpa76a7f0eyiv5715623428yui_3_16_0_ym19_1_1506318225061_7685\"><a href=\"https:\/\/1drv.ms\/u\/s!AjlAnhSvdAJTgViKBWpAapOvLeEI?e=L1yuQT\">\u00a0 \u00a0 \u00a0 <\/a><i id=\"ydpa76a7f0eyiv5715623428yui_3_16_0_ym19_1_1506318225061_7686\"><a href=\"https:\/\/primariamoldovanoua.ro\/wp-content\/uploads\/2019\/11\/Documentatie-Soil-and-water-testing-equipment.doc\">\u00a0&#8211; Soil and water testing equipment &#8211; 6 \/ eMS RORS 365<\/a><\/i><\/b><\/span><\/h4>\n<h4>\u00a0 \u00a0 \u00a0 \u00a0<span id=\"ydpa76a7f0eyiv5715623428yui_3_16_0_ym19_1_1506318225061_7684\"><b id=\"ydpa76a7f0eyiv5715623428yui_3_16_0_ym19_1_1506318225061_7685\"><i id=\"ydpa76a7f0eyiv5715623428yui_3_16_0_ym19_1_1506318225061_7686\"><a href=\"https:\/\/primariamoldovanoua.ro\/wp-content\/uploads\/2019\/11\/7-eMS-RORS-365-Expenditure-on-upgrading-the-building-for-storage-of-machinery-and-equipment-1.doc\">&#8211; Expenditure on upgrading the building for storage of machinery and equipment &#8211; 7 \/ eMS RORS 365<\/a><\/i><\/b><\/span><\/h4>\n<h4>\u00a0 \u00a0 \u00a0 \u00a0<span id=\"ydpa76a7f0eyiv5715623428yui_3_16_0_ym19_1_1506318225061_7684\"><b id=\"ydpa76a7f0eyiv5715623428yui_3_16_0_ym19_1_1506318225061_7685\"><i id=\"ydpa76a7f0eyiv5715623428yui_3_16_0_ym19_1_1506318225061_7686\"><a href=\"https:\/\/1drv.ms\/u\/s!AjlAnhSvdAJTgV1QOhLZAJSGjETo?e=DjNHZr\">&#8211; Acquisition off-road pickup truck 1 pcs. &#8211; 8 \/ eMS RORS 365<\/a><\/i><\/b><\/span><\/h4>\n<p>\u00a0 \u00a0 \u00a0 \u00a0 \u00a0 \u00a0 \u00a0 \u00a0*<span id=\"ydpa76a7f0eyiv5715623428yui_3_16_0_ym19_1_1506318225061_7684\"><b id=\"ydpa76a7f0eyiv5715623428yui_3_16_0_ym19_1_1506318225061_7685\"><i id=\"ydpa76a7f0eyiv5715623428yui_3_16_0_ym19_1_1506318225061_7686\"><a href=\"https:\/\/primariamoldovanoua.ro\/wp-content\/uploads\/2019\/11\/Clarification-1-pickup-truck.pdf\">Clarification no. 1<\/a><\/i><\/b><\/span><\/p>\n<h4><span id=\"ydpa76a7f0eyiv5715623428yui_3_16_0_ym19_1_1506318225061_7684\"><b id=\"ydpa76a7f0eyiv5715623428yui_3_16_0_ym19_1_1506318225061_7685\"><i id=\"ydpa76a7f0eyiv5715623428yui_3_16_0_ym19_1_1506318225061_7686\"><a href=\"https:\/\/1drv.ms\/u\/s!AjlAnhSvdAJTgVsdI7enj3HrE0z-?e=ugcThe\">\u00a0 \u00a0 \u00a0 \u00a0&#8211; <strong><em>Acquisition professional drones 2 pcs<\/em><\/strong> &#8211; 9 \/ eMS RORS 365<\/a><\/i><\/b><\/span><\/h4>\n<h4><span id=\"ydpa76a7f0eyiv5715623428yui_3_16_0_ym19_1_1506318225061_7684\"><b id=\"ydpa76a7f0eyiv5715623428yui_3_16_0_ym19_1_1506318225061_7685\"><i id=\"ydpa76a7f0eyiv5715623428yui_3_16_0_ym19_1_1506318225061_7686\"><a href=\"https:\/\/primariamoldovanoua.ro\/wp-content\/uploads\/2020\/10\/10-eMS-RORS-365-Works-on-waste-area-sanitations.docx\">\u00a0 \u00a0 \u00a0 \u00a0&#8211; Works on waste area sanitations\u00a0&#8211; 10 \/ eMS RORS 365<\/a><\/i><\/b><\/span><\/h4>\n<p>\u00a0<\/p>\n\n\n<p><\/p>\n","protected":false},"excerpt":{"rendered":"<p>Challenge and opportunity for tourism development in our common county &#8211;\u00a0Organization of events &#8211;\u00a02\/eMS RORS 24\u00a0 &#8211; Urban furniture &#8211;\u00a05\/ eMS RORS 24 &#8211; Translation and interpretation &#8211; 1\/eMS RORS 38 &#8211; Media campaign &#8211; 4\/eMS RORS 24 &#8211; Information and publicity &#8211; 3\/eMS RORS 24 &#8211; Popular costumes &#8211; 6\/eMS RORS 24 Systems for [&hellip;]<\/p>\n","protected":false},"author":1,"featured_media":0,"parent":1538,"menu_order":0,"comment_status":"closed","ping_status":"closed","template":"","meta":{"site-sidebar-layout":"default","site-content-layout":"","ast-site-content-layout":"","site-content-style":"default","site-sidebar-style":"default","ast-global-header-display":"","ast-banner-title-visibility":"","ast-main-header-display":"","ast-hfb-above-header-display":"","ast-hfb-below-header-display":"","ast-hfb-mobile-header-display":"","site-post-title":"","ast-breadcrumbs-content":"","ast-featured-img":"","footer-sml-layout":"","theme-transparent-header-meta":"","adv-header-id-meta":"","stick-header-meta":"","header-above-stick-meta":"","header-main-stick-meta":"","header-below-stick-meta":"","astra-migrate-meta-layouts":"default","ast-page-background-enabled":"default","ast-page-background-meta":{"desktop":{"background-color":"","background-image":"","background-repeat":"repeat","background-position":"center center","background-size":"auto","background-attachment":"scroll","background-type":"","background-media":"","overlay-type":"","overlay-color":"","overlay-gradient":""},"tablet":{"background-color":"","background-image":"","background-repeat":"repeat","background-position":"center center","background-size":"auto","background-attachment":"scroll","background-type":"","background-media":"","overlay-type":"","overlay-color":"","overlay-gradient":""},"mobile":{"background-color":"","background-image":"","background-repeat":"repeat","background-position":"center center","background-size":"auto","background-attachment":"scroll","background-type":"","background-media":"","overlay-type":"","overlay-color":"","overlay-gradient":""}},"ast-content-background-meta":{"desktop":{"background-color":"var(--ast-global-color-5)","background-image":"","background-repeat":"repeat","background-position":"center center","background-size":"auto","background-attachment":"scroll","background-type":"","background-media":"","overlay-type":"","overlay-color":"","overlay-gradient":""},"tablet":{"background-color":"var(--ast-global-color-5)","background-image":"","background-repeat":"repeat","background-position":"center center","background-size":"auto","background-attachment":"scroll","background-type":"","background-media":"","overlay-type":"","overlay-color":"","overlay-gradient":""},"mobile":{"background-color":"var(--ast-global-color-5)","background-image":"","background-repeat":"repeat","background-position":"center center","background-size":"auto","background-attachment":"scroll","background-type":"","background-media":"","overlay-type":"","overlay-color":"","overlay-gradient":""}},"footnotes":""},"class_list":["post-1551","page","type-page","status-publish","hentry"],"yoast_head":"<!-- This site is optimized with the Yoast SEO plugin v27.0 - https:\/\/yoast.com\/product\/yoast-seo-wordpress\/ -->\n<title>Cu finan\u021bare UE - Prim\u0103riaMoldovaNou\u0103.ro<\/title>\n<meta name=\"robots\" content=\"index, follow, max-snippet:-1, max-image-preview:large, max-video-preview:-1\" \/>\n<link rel=\"canonical\" href=\"https:\/\/primariamoldovanoua.ro\/index.php\/departamente\/investitii\/proiecte-de-investitii\/proiecte-cu-finantare-de-la-uniunea-europeana-2\/\" \/>\n<meta property=\"og:locale\" content=\"en_US\" \/>\n<meta property=\"og:type\" content=\"article\" \/>\n<meta property=\"og:title\" content=\"Cu finan\u021bare UE - Prim\u0103riaMoldovaNou\u0103.ro\" \/>\n<meta property=\"og:description\" content=\"Challenge and opportunity for tourism development in our common county &#8211;\u00a0Organization of events &#8211;\u00a02\/eMS RORS 24\u00a0 &#8211; Urban furniture &#8211;\u00a05\/ eMS RORS 24 &#8211; Translation and interpretation &#8211; 1\/eMS RORS 38 &#8211; Media campaign &#8211; 4\/eMS RORS 24 &#8211; Information and publicity &#8211; 3\/eMS RORS 24 &#8211; Popular costumes &#8211; 6\/eMS RORS 24 Systems for [&hellip;]\" \/>\n<meta property=\"og:url\" content=\"https:\/\/primariamoldovanoua.ro\/index.php\/departamente\/investitii\/proiecte-de-investitii\/proiecte-cu-finantare-de-la-uniunea-europeana-2\/\" \/>\n<meta property=\"og:site_name\" content=\"Prim\u0103riaMoldovaNou\u0103.ro\" \/>\n<meta name=\"twitter:card\" content=\"summary_large_image\" \/>\n<meta name=\"twitter:label1\" content=\"Est. reading time\" \/>\n\t<meta name=\"twitter:data1\" content=\"1 minute\" \/>\n<script type=\"application\/ld+json\" class=\"yoast-schema-graph\">{\"@context\":\"https:\/\/schema.org\",\"@graph\":[{\"@type\":\"WebPage\",\"@id\":\"https:\/\/primariamoldovanoua.ro\/index.php\/departamente\/investitii\/proiecte-de-investitii\/proiecte-cu-finantare-de-la-uniunea-europeana-2\/\",\"url\":\"https:\/\/primariamoldovanoua.ro\/index.php\/departamente\/investitii\/proiecte-de-investitii\/proiecte-cu-finantare-de-la-uniunea-europeana-2\/\",\"name\":\"Cu finan\u021bare UE - Prim\u0103riaMoldovaNou\u0103.ro\",\"isPartOf\":{\"@id\":\"https:\/\/primariamoldovanoua.ro\/#website\"},\"datePublished\":\"2017-02-02T13:48:40+00:00\",\"breadcrumb\":{\"@id\":\"https:\/\/primariamoldovanoua.ro\/index.php\/departamente\/investitii\/proiecte-de-investitii\/proiecte-cu-finantare-de-la-uniunea-europeana-2\/#breadcrumb\"},\"inLanguage\":\"en-US\",\"potentialAction\":[{\"@type\":\"ReadAction\",\"target\":[\"https:\/\/primariamoldovanoua.ro\/index.php\/departamente\/investitii\/proiecte-de-investitii\/proiecte-cu-finantare-de-la-uniunea-europeana-2\/\"]}]},{\"@type\":\"BreadcrumbList\",\"@id\":\"https:\/\/primariamoldovanoua.ro\/index.php\/departamente\/investitii\/proiecte-de-investitii\/proiecte-cu-finantare-de-la-uniunea-europeana-2\/#breadcrumb\",\"itemListElement\":[{\"@type\":\"ListItem\",\"position\":1,\"name\":\"Home\",\"item\":\"https:\/\/primariamoldovanoua.ro\/\"},{\"@type\":\"ListItem\",\"position\":2,\"name\":\"Departamente\",\"item\":\"https:\/\/primariamoldovanoua.ro\/index.php\/departamente\/\"},{\"@type\":\"ListItem\",\"position\":3,\"name\":\"Investi\u021bii\",\"item\":\"https:\/\/primariamoldovanoua.ro\/index.php\/departamente\/investitii\/\"},{\"@type\":\"ListItem\",\"position\":4,\"name\":\"Proiecte de investi\u021bii\",\"item\":\"https:\/\/primariamoldovanoua.ro\/index.php\/departamente\/investitii\/proiecte-de-investitii\/\"},{\"@type\":\"ListItem\",\"position\":5,\"name\":\"Cu finan\u021bare UE\"}]},{\"@type\":\"WebSite\",\"@id\":\"https:\/\/primariamoldovanoua.ro\/#website\",\"url\":\"https:\/\/primariamoldovanoua.ro\/\",\"name\":\"Prim\u0103riaMoldovaNou\u0103.ro\",\"description\":\"Site-ul oficial al UAT Moldova Nou\u0103, jude\u0163ul Cara\u015f-Severin\",\"publisher\":{\"@id\":\"https:\/\/primariamoldovanoua.ro\/#organization\"},\"potentialAction\":[{\"@type\":\"SearchAction\",\"target\":{\"@type\":\"EntryPoint\",\"urlTemplate\":\"https:\/\/primariamoldovanoua.ro\/?s={search_term_string}\"},\"query-input\":{\"@type\":\"PropertyValueSpecification\",\"valueRequired\":true,\"valueName\":\"search_term_string\"}}],\"inLanguage\":\"en-US\"},{\"@type\":\"Organization\",\"@id\":\"https:\/\/primariamoldovanoua.ro\/#organization\",\"name\":\"Prim\u0103riaMoldovaNou\u0103.ro\",\"url\":\"https:\/\/primariamoldovanoua.ro\/\",\"logo\":{\"@type\":\"ImageObject\",\"inLanguage\":\"en-US\",\"@id\":\"https:\/\/primariamoldovanoua.ro\/#\/schema\/logo\/image\/\",\"url\":\"https:\/\/primariamoldovanoua.ro\/wp-content\/uploads\/2021\/04\/cropped-Logo-Moldova-Noua-M-1.png\",\"contentUrl\":\"https:\/\/primariamoldovanoua.ro\/wp-content\/uploads\/2021\/04\/cropped-Logo-Moldova-Noua-M-1.png\",\"width\":158,\"height\":250,\"caption\":\"Prim\u0103riaMoldovaNou\u0103.ro\"},\"image\":{\"@id\":\"https:\/\/primariamoldovanoua.ro\/#\/schema\/logo\/image\/\"}}]}<\/script>\n<!-- \/ Yoast SEO plugin. -->","yoast_head_json":{"title":"Cu finan\u021bare UE - Prim\u0103riaMoldovaNou\u0103.ro","robots":{"index":"index","follow":"follow","max-snippet":"max-snippet:-1","max-image-preview":"max-image-preview:large","max-video-preview":"max-video-preview:-1"},"canonical":"https:\/\/primariamoldovanoua.ro\/index.php\/departamente\/investitii\/proiecte-de-investitii\/proiecte-cu-finantare-de-la-uniunea-europeana-2\/","og_locale":"en_US","og_type":"article","og_title":"Cu finan\u021bare UE - Prim\u0103riaMoldovaNou\u0103.ro","og_description":"Challenge and opportunity for tourism development in our common county &#8211;\u00a0Organization of events &#8211;\u00a02\/eMS RORS 24\u00a0 &#8211; Urban furniture &#8211;\u00a05\/ eMS RORS 24 &#8211; Translation and interpretation &#8211; 1\/eMS RORS 38 &#8211; Media campaign &#8211; 4\/eMS RORS 24 &#8211; Information and publicity &#8211; 3\/eMS RORS 24 &#8211; Popular costumes &#8211; 6\/eMS RORS 24 Systems for [&hellip;]","og_url":"https:\/\/primariamoldovanoua.ro\/index.php\/departamente\/investitii\/proiecte-de-investitii\/proiecte-cu-finantare-de-la-uniunea-europeana-2\/","og_site_name":"Prim\u0103riaMoldovaNou\u0103.ro","twitter_card":"summary_large_image","twitter_misc":{"Est. reading time":"1 minute"},"schema":{"@context":"https:\/\/schema.org","@graph":[{"@type":"WebPage","@id":"https:\/\/primariamoldovanoua.ro\/index.php\/departamente\/investitii\/proiecte-de-investitii\/proiecte-cu-finantare-de-la-uniunea-europeana-2\/","url":"https:\/\/primariamoldovanoua.ro\/index.php\/departamente\/investitii\/proiecte-de-investitii\/proiecte-cu-finantare-de-la-uniunea-europeana-2\/","name":"Cu finan\u021bare UE - Prim\u0103riaMoldovaNou\u0103.ro","isPartOf":{"@id":"https:\/\/primariamoldovanoua.ro\/#website"},"datePublished":"2017-02-02T13:48:40+00:00","breadcrumb":{"@id":"https:\/\/primariamoldovanoua.ro\/index.php\/departamente\/investitii\/proiecte-de-investitii\/proiecte-cu-finantare-de-la-uniunea-europeana-2\/#breadcrumb"},"inLanguage":"en-US","potentialAction":[{"@type":"ReadAction","target":["https:\/\/primariamoldovanoua.ro\/index.php\/departamente\/investitii\/proiecte-de-investitii\/proiecte-cu-finantare-de-la-uniunea-europeana-2\/"]}]},{"@type":"BreadcrumbList","@id":"https:\/\/primariamoldovanoua.ro\/index.php\/departamente\/investitii\/proiecte-de-investitii\/proiecte-cu-finantare-de-la-uniunea-europeana-2\/#breadcrumb","itemListElement":[{"@type":"ListItem","position":1,"name":"Home","item":"https:\/\/primariamoldovanoua.ro\/"},{"@type":"ListItem","position":2,"name":"Departamente","item":"https:\/\/primariamoldovanoua.ro\/index.php\/departamente\/"},{"@type":"ListItem","position":3,"name":"Investi\u021bii","item":"https:\/\/primariamoldovanoua.ro\/index.php\/departamente\/investitii\/"},{"@type":"ListItem","position":4,"name":"Proiecte de investi\u021bii","item":"https:\/\/primariamoldovanoua.ro\/index.php\/departamente\/investitii\/proiecte-de-investitii\/"},{"@type":"ListItem","position":5,"name":"Cu finan\u021bare UE"}]},{"@type":"WebSite","@id":"https:\/\/primariamoldovanoua.ro\/#website","url":"https:\/\/primariamoldovanoua.ro\/","name":"Prim\u0103riaMoldovaNou\u0103.ro","description":"Site-ul oficial al UAT Moldova Nou\u0103, jude\u0163ul Cara\u015f-Severin","publisher":{"@id":"https:\/\/primariamoldovanoua.ro\/#organization"},"potentialAction":[{"@type":"SearchAction","target":{"@type":"EntryPoint","urlTemplate":"https:\/\/primariamoldovanoua.ro\/?s={search_term_string}"},"query-input":{"@type":"PropertyValueSpecification","valueRequired":true,"valueName":"search_term_string"}}],"inLanguage":"en-US"},{"@type":"Organization","@id":"https:\/\/primariamoldovanoua.ro\/#organization","name":"Prim\u0103riaMoldovaNou\u0103.ro","url":"https:\/\/primariamoldovanoua.ro\/","logo":{"@type":"ImageObject","inLanguage":"en-US","@id":"https:\/\/primariamoldovanoua.ro\/#\/schema\/logo\/image\/","url":"https:\/\/primariamoldovanoua.ro\/wp-content\/uploads\/2021\/04\/cropped-Logo-Moldova-Noua-M-1.png","contentUrl":"https:\/\/primariamoldovanoua.ro\/wp-content\/uploads\/2021\/04\/cropped-Logo-Moldova-Noua-M-1.png","width":158,"height":250,"caption":"Prim\u0103riaMoldovaNou\u0103.ro"},"image":{"@id":"https:\/\/primariamoldovanoua.ro\/#\/schema\/logo\/image\/"}}]}},"_links":{"self":[{"href":"https:\/\/primariamoldovanoua.ro\/index.php\/wp-json\/wp\/v2\/pages\/1551","targetHints":{"allow":["GET"]}}],"collection":[{"href":"https:\/\/primariamoldovanoua.ro\/index.php\/wp-json\/wp\/v2\/pages"}],"about":[{"href":"https:\/\/primariamoldovanoua.ro\/index.php\/wp-json\/wp\/v2\/types\/page"}],"author":[{"embeddable":true,"href":"https:\/\/primariamoldovanoua.ro\/index.php\/wp-json\/wp\/v2\/users\/1"}],"replies":[{"embeddable":true,"href":"https:\/\/primariamoldovanoua.ro\/index.php\/wp-json\/wp\/v2\/comments?post=1551"}],"version-history":[{"count":0,"href":"https:\/\/primariamoldovanoua.ro\/index.php\/wp-json\/wp\/v2\/pages\/1551\/revisions"}],"up":[{"embeddable":true,"href":"https:\/\/primariamoldovanoua.ro\/index.php\/wp-json\/wp\/v2\/pages\/1538"}],"wp:attachment":[{"href":"https:\/\/primariamoldovanoua.ro\/index.php\/wp-json\/wp\/v2\/media?parent=1551"}],"curies":[{"name":"wp","href":"https:\/\/api.w.org\/{rel}","templated":true}]}}