{"id":156,"date":"2016-09-08T10:19:07","date_gmt":"2016-09-08T07:19:07","guid":{"rendered":"https:\/\/primariamoldovanoua.ro\/?page_id=156"},"modified":"2016-09-08T10:19:07","modified_gmt":"2016-09-08T07:19:07","slug":"home","status":"publish","type":"page","link":"https:\/\/primariamoldovanoua.ro\/index.php\/home\/","title":{"rendered":"Home"},"content":{"rendered":"<p>\t\t\t\t<a href=\"#\" target=\"_self\" itemprop=\"url\" rel=\"noopener\"><br \/>\n\t\t\t\t<img decoding=\"async\" src=\"https:\/\/primariamoldovanoua.ro\/wp-content\/uploads\/2016\/09\/home-1.jpg\" alt=\"home-1\" itemprop=\"image\"  \/><br \/>\n\t\t\t\t<\/a><\/p>\n<h3><a href=\"#\" target=\"_self\" rel=\"noopener\">Product \/ Service #1<\/a><\/h3>\n<p>Whatever your company is most known for should go right here, whether that&#8217;s bratwurst or baseball caps or vampire bat removal.<\/p>\n<p><a href=\"#\" target=\"_self\" rel=\"noopener\">Learn More<\/a><br \/>\n\t\t\t\t<a href=\"#\" target=\"_self\" itemprop=\"url\" rel=\"noopener\"><br \/>\n\t\t\t\t<img decoding=\"async\" src=\"https:\/\/primariamoldovanoua.ro\/wp-content\/uploads\/2016\/09\/home-2.jpg\" alt=\"home-2\" itemprop=\"image\"  \/><br \/>\n\t\t\t\t<\/a><\/p>\n<h3><a href=\"#\" target=\"_self\" rel=\"noopener\">Product \/ Service #2<\/a><\/h3>\n<p>What&#8217;s another popular item you have for sale or trade? Talk about it here in glowing, memorable terms so site visitors have to have it.<\/p>\n<p><a href=\"#\" target=\"_self\" rel=\"noopener\">Learn More<\/a><br \/>\n\t\t\t\t<a href=\"#\" target=\"_self\" itemprop=\"url\" rel=\"noopener\"><br \/>\n\t\t\t\t<img decoding=\"async\" src=\"https:\/\/primariamoldovanoua.ro\/wp-content\/uploads\/2016\/09\/home-3.jpg\" alt=\"home-3\" itemprop=\"image\"  \/><br \/>\n\t\t\t\t<\/a><\/p>\n<h3><a href=\"#\" target=\"_self\" rel=\"noopener\">Product \/ Service #3<\/a><\/h3>\n<p>Don&#8217;t think of this product or service as your third favorite, think of it as the bronze medalist in an Olympic medals sweep of great products\/services.<\/p>\n<p><a href=\"#\" target=\"_self\" rel=\"noopener\">Learn More<\/a>\t\t <\/p>\n<h3>Your Main Message<\/h3>\n<p>Use this space to tell people what your company does and why and how it does it. What&#8217;re you known for? Who likes you? What&#8217;s your number one competitive advantage?<\/p>\n<p>Include all the things that make your business unique and better than the competition. Do you have a patented 13-step process for taxidermy that results in the most lifelike stuffed owls? You gotta mention that.<\/p>\n<p>Other good things to weave into this copy include: awards won, distinctions given, number of products sold, company philosophy (just keep it short), interesting company history bits, and anything that makes a reader think you&#8217;d be awesome to do business with.<\/p>\n<p>\t\t\t\t<img decoding=\"async\" src=\"https:\/\/primariamoldovanoua.ro\/wp-content\/uploads\/2016\/09\/home-4.jpg\" alt=\"home-4\" itemprop=\"image\"  \/><\/p>\n<h3>Next Steps&#8230;<\/h3>\n<p>This is should be a prospective customer&#8217;s number one call to action, e.g., requesting a quote or perusing your product catalog.<\/p>\n<p>\t<a href=\"\" target=\"_self\" role=\"button\" rel=\"noopener\"><br \/>\n\t\t\t\t\t\tCall to Action<br \/>\n\t\t\t\t\t<\/a><\/p>\n","protected":false},"excerpt":{"rendered":"<p>Product \/ Service #1 Whatever your company is most known for should go right here, whether that&#8217;s bratwurst or baseball caps or vampire bat removal. Learn More Product \/ Service #2 What&#8217;s another popular item you have for sale or trade? Talk about it here in glowing, memorable terms so site visitors have to have [&hellip;]<\/p>\n","protected":false},"author":1,"featured_media":0,"parent":0,"menu_order":0,"comment_status":"closed","ping_status":"closed","template":"","meta":{"site-sidebar-layout":"default","site-content-layout":"","ast-site-content-layout":"","site-content-style":"default","site-sidebar-style":"default","ast-global-header-display":"","ast-banner-title-visibility":"","ast-main-header-display":"","ast-hfb-above-header-display":"","ast-hfb-below-header-display":"","ast-hfb-mobile-header-display":"","site-post-title":"","ast-breadcrumbs-content":"","ast-featured-img":"","footer-sml-layout":"","theme-transparent-header-meta":"","adv-header-id-meta":"","stick-header-meta":"","header-above-stick-meta":"","header-main-stick-meta":"","header-below-stick-meta":"","astra-migrate-meta-layouts":"default","ast-page-background-enabled":"default","ast-page-background-meta":{"desktop":{"background-color":"","background-image":"","background-repeat":"repeat","background-position":"center center","background-size":"auto","background-attachment":"scroll","background-type":"","background-media":"","overlay-type":"","overlay-color":"","overlay-gradient":""},"tablet":{"background-color":"","background-image":"","background-repeat":"repeat","background-position":"center center","background-size":"auto","background-attachment":"scroll","background-type":"","background-media":"","overlay-type":"","overlay-color":"","overlay-gradient":""},"mobile":{"background-color":"","background-image":"","background-repeat":"repeat","background-position":"center center","background-size":"auto","background-attachment":"scroll","background-type":"","background-media":"","overlay-type":"","overlay-color":"","overlay-gradient":""}},"ast-content-background-meta":{"desktop":{"background-color":"var(--ast-global-color-5)","background-image":"","background-repeat":"repeat","background-position":"center center","background-size":"auto","background-attachment":"scroll","background-type":"","background-media":"","overlay-type":"","overlay-color":"","overlay-gradient":""},"tablet":{"background-color":"var(--ast-global-color-5)","background-image":"","background-repeat":"repeat","background-position":"center center","background-size":"auto","background-attachment":"scroll","background-type":"","background-media":"","overlay-type":"","overlay-color":"","overlay-gradient":""},"mobile":{"background-color":"var(--ast-global-color-5)","background-image":"","background-repeat":"repeat","background-position":"center center","background-size":"auto","background-attachment":"scroll","background-type":"","background-media":"","overlay-type":"","overlay-color":"","overlay-gradient":""}},"footnotes":""},"class_list":["post-156","page","type-page","status-publish","hentry"],"yoast_head":"<!-- This site is optimized with the Yoast SEO plugin v27.0 - https:\/\/yoast.com\/product\/yoast-seo-wordpress\/ -->\n<title>Home - Prim\u0103riaMoldovaNou\u0103.ro<\/title>\n<meta name=\"robots\" content=\"index, follow, max-snippet:-1, max-image-preview:large, max-video-preview:-1\" \/>\n<link rel=\"canonical\" href=\"https:\/\/primariamoldovanoua.ro\/index.php\/home\/\" \/>\n<meta property=\"og:locale\" content=\"en_US\" \/>\n<meta property=\"og:type\" content=\"article\" \/>\n<meta property=\"og:title\" content=\"Home - Prim\u0103riaMoldovaNou\u0103.ro\" \/>\n<meta property=\"og:description\" content=\"Product \/ Service #1 Whatever your company is most known for should go right here, whether that&#8217;s bratwurst or baseball caps or vampire bat removal. Learn More Product \/ Service #2 What&#8217;s another popular item you have for sale or trade? Talk about it here in glowing, memorable terms so site visitors have to have [&hellip;]\" \/>\n<meta property=\"og:url\" content=\"https:\/\/primariamoldovanoua.ro\/index.php\/home\/\" \/>\n<meta property=\"og:site_name\" content=\"Prim\u0103riaMoldovaNou\u0103.ro\" \/>\n<meta property=\"og:image\" content=\"https:\/\/primariamoldovanoua.ro\/wp-content\/uploads\/2016\/09\/home-1.jpg\" \/>\n<meta name=\"twitter:card\" content=\"summary_large_image\" \/>\n<meta name=\"twitter:label1\" content=\"Est. reading time\" \/>\n\t<meta name=\"twitter:data1\" content=\"1 minute\" \/>\n<script type=\"application\/ld+json\" class=\"yoast-schema-graph\">{\"@context\":\"https:\/\/schema.org\",\"@graph\":[{\"@type\":\"WebPage\",\"@id\":\"https:\/\/primariamoldovanoua.ro\/index.php\/home\/\",\"url\":\"https:\/\/primariamoldovanoua.ro\/index.php\/home\/\",\"name\":\"Home - Prim\u0103riaMoldovaNou\u0103.ro\",\"isPartOf\":{\"@id\":\"https:\/\/primariamoldovanoua.ro\/#website\"},\"primaryImageOfPage\":{\"@id\":\"https:\/\/primariamoldovanoua.ro\/index.php\/home\/#primaryimage\"},\"image\":{\"@id\":\"https:\/\/primariamoldovanoua.ro\/index.php\/home\/#primaryimage\"},\"thumbnailUrl\":\"https:\/\/primariamoldovanoua.ro\/wp-content\/uploads\/2016\/09\/home-1.jpg\",\"datePublished\":\"2016-09-08T07:19:07+00:00\",\"breadcrumb\":{\"@id\":\"https:\/\/primariamoldovanoua.ro\/index.php\/home\/#breadcrumb\"},\"inLanguage\":\"en-US\",\"potentialAction\":[{\"@type\":\"ReadAction\",\"target\":[\"https:\/\/primariamoldovanoua.ro\/index.php\/home\/\"]}]},{\"@type\":\"ImageObject\",\"inLanguage\":\"en-US\",\"@id\":\"https:\/\/primariamoldovanoua.ro\/index.php\/home\/#primaryimage\",\"url\":\"https:\/\/primariamoldovanoua.ro\/wp-content\/uploads\/2016\/09\/home-1.jpg\",\"contentUrl\":\"https:\/\/primariamoldovanoua.ro\/wp-content\/uploads\/2016\/09\/home-1.jpg\",\"width\":1920,\"height\":1277},{\"@type\":\"BreadcrumbList\",\"@id\":\"https:\/\/primariamoldovanoua.ro\/index.php\/home\/#breadcrumb\",\"itemListElement\":[{\"@type\":\"ListItem\",\"position\":1,\"name\":\"Home\",\"item\":\"https:\/\/primariamoldovanoua.ro\/\"},{\"@type\":\"ListItem\",\"position\":2,\"name\":\"Home\"}]},{\"@type\":\"WebSite\",\"@id\":\"https:\/\/primariamoldovanoua.ro\/#website\",\"url\":\"https:\/\/primariamoldovanoua.ro\/\",\"name\":\"Prim\u0103riaMoldovaNou\u0103.ro\",\"description\":\"Site-ul oficial al UAT Moldova Nou\u0103, jude\u0163ul Cara\u015f-Severin\",\"publisher\":{\"@id\":\"https:\/\/primariamoldovanoua.ro\/#organization\"},\"potentialAction\":[{\"@type\":\"SearchAction\",\"target\":{\"@type\":\"EntryPoint\",\"urlTemplate\":\"https:\/\/primariamoldovanoua.ro\/?s={search_term_string}\"},\"query-input\":{\"@type\":\"PropertyValueSpecification\",\"valueRequired\":true,\"valueName\":\"search_term_string\"}}],\"inLanguage\":\"en-US\"},{\"@type\":\"Organization\",\"@id\":\"https:\/\/primariamoldovanoua.ro\/#organization\",\"name\":\"Prim\u0103riaMoldovaNou\u0103.ro\",\"url\":\"https:\/\/primariamoldovanoua.ro\/\",\"logo\":{\"@type\":\"ImageObject\",\"inLanguage\":\"en-US\",\"@id\":\"https:\/\/primariamoldovanoua.ro\/#\/schema\/logo\/image\/\",\"url\":\"https:\/\/primariamoldovanoua.ro\/wp-content\/uploads\/2021\/04\/cropped-Logo-Moldova-Noua-M-1.png\",\"contentUrl\":\"https:\/\/primariamoldovanoua.ro\/wp-content\/uploads\/2021\/04\/cropped-Logo-Moldova-Noua-M-1.png\",\"width\":158,\"height\":250,\"caption\":\"Prim\u0103riaMoldovaNou\u0103.ro\"},\"image\":{\"@id\":\"https:\/\/primariamoldovanoua.ro\/#\/schema\/logo\/image\/\"}}]}<\/script>\n<!-- \/ Yoast SEO plugin. -->","yoast_head_json":{"title":"Home - Prim\u0103riaMoldovaNou\u0103.ro","robots":{"index":"index","follow":"follow","max-snippet":"max-snippet:-1","max-image-preview":"max-image-preview:large","max-video-preview":"max-video-preview:-1"},"canonical":"https:\/\/primariamoldovanoua.ro\/index.php\/home\/","og_locale":"en_US","og_type":"article","og_title":"Home - Prim\u0103riaMoldovaNou\u0103.ro","og_description":"Product \/ Service #1 Whatever your company is most known for should go right here, whether that&#8217;s bratwurst or baseball caps or vampire bat removal. Learn More Product \/ Service #2 What&#8217;s another popular item you have for sale or trade? Talk about it here in glowing, memorable terms so site visitors have to have [&hellip;]","og_url":"https:\/\/primariamoldovanoua.ro\/index.php\/home\/","og_site_name":"Prim\u0103riaMoldovaNou\u0103.ro","og_image":[{"url":"https:\/\/primariamoldovanoua.ro\/wp-content\/uploads\/2016\/09\/home-1.jpg","type":"","width":"","height":""}],"twitter_card":"summary_large_image","twitter_misc":{"Est. reading time":"1 minute"},"schema":{"@context":"https:\/\/schema.org","@graph":[{"@type":"WebPage","@id":"https:\/\/primariamoldovanoua.ro\/index.php\/home\/","url":"https:\/\/primariamoldovanoua.ro\/index.php\/home\/","name":"Home - Prim\u0103riaMoldovaNou\u0103.ro","isPartOf":{"@id":"https:\/\/primariamoldovanoua.ro\/#website"},"primaryImageOfPage":{"@id":"https:\/\/primariamoldovanoua.ro\/index.php\/home\/#primaryimage"},"image":{"@id":"https:\/\/primariamoldovanoua.ro\/index.php\/home\/#primaryimage"},"thumbnailUrl":"https:\/\/primariamoldovanoua.ro\/wp-content\/uploads\/2016\/09\/home-1.jpg","datePublished":"2016-09-08T07:19:07+00:00","breadcrumb":{"@id":"https:\/\/primariamoldovanoua.ro\/index.php\/home\/#breadcrumb"},"inLanguage":"en-US","potentialAction":[{"@type":"ReadAction","target":["https:\/\/primariamoldovanoua.ro\/index.php\/home\/"]}]},{"@type":"ImageObject","inLanguage":"en-US","@id":"https:\/\/primariamoldovanoua.ro\/index.php\/home\/#primaryimage","url":"https:\/\/primariamoldovanoua.ro\/wp-content\/uploads\/2016\/09\/home-1.jpg","contentUrl":"https:\/\/primariamoldovanoua.ro\/wp-content\/uploads\/2016\/09\/home-1.jpg","width":1920,"height":1277},{"@type":"BreadcrumbList","@id":"https:\/\/primariamoldovanoua.ro\/index.php\/home\/#breadcrumb","itemListElement":[{"@type":"ListItem","position":1,"name":"Home","item":"https:\/\/primariamoldovanoua.ro\/"},{"@type":"ListItem","position":2,"name":"Home"}]},{"@type":"WebSite","@id":"https:\/\/primariamoldovanoua.ro\/#website","url":"https:\/\/primariamoldovanoua.ro\/","name":"Prim\u0103riaMoldovaNou\u0103.ro","description":"Site-ul oficial al UAT Moldova Nou\u0103, jude\u0163ul Cara\u015f-Severin","publisher":{"@id":"https:\/\/primariamoldovanoua.ro\/#organization"},"potentialAction":[{"@type":"SearchAction","target":{"@type":"EntryPoint","urlTemplate":"https:\/\/primariamoldovanoua.ro\/?s={search_term_string}"},"query-input":{"@type":"PropertyValueSpecification","valueRequired":true,"valueName":"search_term_string"}}],"inLanguage":"en-US"},{"@type":"Organization","@id":"https:\/\/primariamoldovanoua.ro\/#organization","name":"Prim\u0103riaMoldovaNou\u0103.ro","url":"https:\/\/primariamoldovanoua.ro\/","logo":{"@type":"ImageObject","inLanguage":"en-US","@id":"https:\/\/primariamoldovanoua.ro\/#\/schema\/logo\/image\/","url":"https:\/\/primariamoldovanoua.ro\/wp-content\/uploads\/2021\/04\/cropped-Logo-Moldova-Noua-M-1.png","contentUrl":"https:\/\/primariamoldovanoua.ro\/wp-content\/uploads\/2021\/04\/cropped-Logo-Moldova-Noua-M-1.png","width":158,"height":250,"caption":"Prim\u0103riaMoldovaNou\u0103.ro"},"image":{"@id":"https:\/\/primariamoldovanoua.ro\/#\/schema\/logo\/image\/"}}]}},"_links":{"self":[{"href":"https:\/\/primariamoldovanoua.ro\/index.php\/wp-json\/wp\/v2\/pages\/156","targetHints":{"allow":["GET"]}}],"collection":[{"href":"https:\/\/primariamoldovanoua.ro\/index.php\/wp-json\/wp\/v2\/pages"}],"about":[{"href":"https:\/\/primariamoldovanoua.ro\/index.php\/wp-json\/wp\/v2\/types\/page"}],"author":[{"embeddable":true,"href":"https:\/\/primariamoldovanoua.ro\/index.php\/wp-json\/wp\/v2\/users\/1"}],"replies":[{"embeddable":true,"href":"https:\/\/primariamoldovanoua.ro\/index.php\/wp-json\/wp\/v2\/comments?post=156"}],"version-history":[{"count":0,"href":"https:\/\/primariamoldovanoua.ro\/index.php\/wp-json\/wp\/v2\/pages\/156\/revisions"}],"wp:attachment":[{"href":"https:\/\/primariamoldovanoua.ro\/index.php\/wp-json\/wp\/v2\/media?parent=156"}],"curies":[{"name":"wp","href":"https:\/\/api.w.org\/{rel}","templated":true}]}}