{"id":160,"date":"2016-09-08T10:19:07","date_gmt":"2016-09-08T07:19:07","guid":{"rendered":"https:\/\/primariamoldovanoua.ro\/?page_id=160"},"modified":"2016-09-08T10:19:07","modified_gmt":"2016-09-08T07:19:07","slug":"portfolio","status":"publish","type":"page","link":"https:\/\/primariamoldovanoua.ro\/index.php\/portfolio\/","title":{"rendered":"Portfolio"},"content":{"rendered":"<p>\t\t\t<img decoding=\"async\" src=\"https:\/\/primariamoldovanoua.ro\/wp-content\/uploads\/2016\/09\/portfolio-1a.jpg\" alt=\"\" \/><br \/>\n\t\t\t<img decoding=\"async\" src=\"https:\/\/primariamoldovanoua.ro\/wp-content\/uploads\/2016\/09\/portfolio-1b.jpg\" alt=\"\" \/><br \/>\n\t\t\t<img decoding=\"async\" src=\"https:\/\/primariamoldovanoua.ro\/wp-content\/uploads\/2016\/09\/portfolio-1c.jpg\" alt=\"\" \/><br \/>\n\t\t\t\t<a href=\"#\"><svg version=\"1.1\" xmlns=\"http:\/\/www.w3.org\/2000\/svg\" xmlns:xlink=\"http:\/\/www.w3.org\/1999\/xlink\" viewBox=\"0 0 512 512\">\n<path d=\"M398.572,104.287L246.857,256.001l151.715,151.714c3.617,3.618,5.428,7.904,5.428,12.856c0,4.953-1.811,9.238-5.428,12.857 l-47.428,47.428c-3.619,3.619-7.904,5.428-12.857,5.428s-9.238-1.809-12.857-5.428l-212-212c-3.619-3.618-5.428-7.904-5.428-12.856 c0-4.953,1.81-9.238,5.428-12.857l212-212c3.619-3.618,7.904-5.428,12.857-5.428s9.238,1.81,12.857,5.428l47.428,47.429 C402.189,82.19,404,86.476,404,91.428c0,4.953-1.811,9.238-5.428,12.857V104.287z\"\/>\n<\/svg><br \/>\n<\/a><br \/>\n\t\t\t\t<a href=\"#\"><svg version=\"1.1\" xmlns=\"http:\/\/www.w3.org\/2000\/svg\" xmlns:xlink=\"http:\/\/www.w3.org\/1999\/xlink\" viewBox=\"0 0 512 512\">\n<path d=\"M113.428,407.713l151.715-151.714L113.428,104.285c-3.617-3.618-5.428-7.904-5.428-12.856c0-4.953,1.811-9.238,5.428-12.857 l47.428-47.428c3.619-3.619,7.904-5.428,12.857-5.428s9.238,1.809,12.857,5.428l212,212c3.619,3.618,5.429,7.904,5.429,12.856 c0,4.953-1.81,9.238-5.429,12.857l-212,212c-3.619,3.618-7.904,5.428-12.857,5.428s-9.238-1.81-12.857-5.428l-47.428-47.429 c-3.617-3.618-5.428-7.904-5.428-12.856c0-4.953,1.811-9.238,5.428-12.857V407.713z\"\/>\n<\/svg><br \/>\n<\/a><\/p>\n<h4>Product \/ Service Categories<\/h4>\n<h2>Project Name<\/h2>\n<p>Talk about this portfolio piece&#8211;who you did it for and why, plus what the results were (potential customers love to hear about real-world results). Discuss any unique facets of the project&#8211;was it accomplished under an impossible deadline?&#8211;and show how your business went above and beyond to make the impossible happen.<\/p>\n<p>\t\t\t<img decoding=\"async\" src=\"https:\/\/primariamoldovanoua.ro\/wp-content\/uploads\/2016\/09\/portfolio-2a.jpg\" alt=\"\" \/><br \/>\n\t\t\t<img decoding=\"async\" src=\"https:\/\/primariamoldovanoua.ro\/wp-content\/uploads\/2016\/09\/portfolio-2b.jpg\" alt=\"\" \/><br \/>\n\t\t\t<img decoding=\"async\" src=\"https:\/\/primariamoldovanoua.ro\/wp-content\/uploads\/2016\/09\/portfolio-2c.jpg\" alt=\"\" \/><br \/>\n\t\t\t<img decoding=\"async\" src=\"https:\/\/primariamoldovanoua.ro\/wp-content\/uploads\/2016\/09\/portfolio-2d.jpg\" alt=\"\" \/><br \/>\n\t\t\t\t<a href=\"#\"><svg version=\"1.1\" xmlns=\"http:\/\/www.w3.org\/2000\/svg\" xmlns:xlink=\"http:\/\/www.w3.org\/1999\/xlink\" viewBox=\"0 0 512 512\">\n<path d=\"M398.572,104.287L246.857,256.001l151.715,151.714c3.617,3.618,5.428,7.904,5.428,12.856c0,4.953-1.811,9.238-5.428,12.857 l-47.428,47.428c-3.619,3.619-7.904,5.428-12.857,5.428s-9.238-1.809-12.857-5.428l-212-212c-3.619-3.618-5.428-7.904-5.428-12.856 c0-4.953,1.81-9.238,5.428-12.857l212-212c3.619-3.618,7.904-5.428,12.857-5.428s9.238,1.81,12.857,5.428l47.428,47.429 C402.189,82.19,404,86.476,404,91.428c0,4.953-1.811,9.238-5.428,12.857V104.287z\"\/>\n<\/svg><br \/>\n<\/a><br \/>\n\t\t\t\t<a href=\"#\"><svg version=\"1.1\" xmlns=\"http:\/\/www.w3.org\/2000\/svg\" xmlns:xlink=\"http:\/\/www.w3.org\/1999\/xlink\" viewBox=\"0 0 512 512\">\n<path d=\"M113.428,407.713l151.715-151.714L113.428,104.285c-3.617-3.618-5.428-7.904-5.428-12.856c0-4.953,1.811-9.238,5.428-12.857 l47.428-47.428c3.619-3.619,7.904-5.428,12.857-5.428s9.238,1.809,12.857,5.428l212,212c3.619,3.618,5.429,7.904,5.429,12.856 c0,4.953-1.81,9.238-5.429,12.857l-212,212c-3.619,3.618-7.904,5.428-12.857,5.428s-9.238-1.81-12.857-5.428l-47.428-47.429 c-3.617-3.618-5.428-7.904-5.428-12.856c0-4.953,1.811-9.238,5.428-12.857V407.713z\"\/>\n<\/svg><br \/>\n<\/a><\/p>\n<h4>Product \/ Service Categories<\/h4>\n<h2>Project Name<\/h2>\n<p>Talk about this portfolio piece&#8211;who you did it for and why, plus what the results were (potential customers love to hear about real-world results). Discuss any unique facets of the project&#8211;was it accomplished under an impossible deadline?&#8211;and show how your business went above and beyond to make the impossible happen.<\/p>\n","protected":false},"excerpt":{"rendered":"<p>Product \/ Service Categories Project Name Talk about this portfolio piece&#8211;who you did it for and why, plus what the results were (potential customers love to hear about real-world results). Discuss any unique facets of the project&#8211;was it accomplished under an impossible deadline?&#8211;and show how your business went above and beyond to make the impossible [&hellip;]<\/p>\n","protected":false},"author":1,"featured_media":0,"parent":0,"menu_order":0,"comment_status":"closed","ping_status":"closed","template":"","meta":{"site-sidebar-layout":"default","site-content-layout":"","ast-site-content-layout":"","site-content-style":"default","site-sidebar-style":"default","ast-global-header-display":"","ast-banner-title-visibility":"","ast-main-header-display":"","ast-hfb-above-header-display":"","ast-hfb-below-header-display":"","ast-hfb-mobile-header-display":"","site-post-title":"","ast-breadcrumbs-content":"","ast-featured-img":"","footer-sml-layout":"","theme-transparent-header-meta":"","adv-header-id-meta":"","stick-header-meta":"","header-above-stick-meta":"","header-main-stick-meta":"","header-below-stick-meta":"","astra-migrate-meta-layouts":"default","ast-page-background-enabled":"default","ast-page-background-meta":{"desktop":{"background-color":"","background-image":"","background-repeat":"repeat","background-position":"center center","background-size":"auto","background-attachment":"scroll","background-type":"","background-media":"","overlay-type":"","overlay-color":"","overlay-gradient":""},"tablet":{"background-color":"","background-image":"","background-repeat":"repeat","background-position":"center center","background-size":"auto","background-attachment":"scroll","background-type":"","background-media":"","overlay-type":"","overlay-color":"","overlay-gradient":""},"mobile":{"background-color":"","background-image":"","background-repeat":"repeat","background-position":"center center","background-size":"auto","background-attachment":"scroll","background-type":"","background-media":"","overlay-type":"","overlay-color":"","overlay-gradient":""}},"ast-content-background-meta":{"desktop":{"background-color":"var(--ast-global-color-5)","background-image":"","background-repeat":"repeat","background-position":"center center","background-size":"auto","background-attachment":"scroll","background-type":"","background-media":"","overlay-type":"","overlay-color":"","overlay-gradient":""},"tablet":{"background-color":"var(--ast-global-color-5)","background-image":"","background-repeat":"repeat","background-position":"center center","background-size":"auto","background-attachment":"scroll","background-type":"","background-media":"","overlay-type":"","overlay-color":"","overlay-gradient":""},"mobile":{"background-color":"var(--ast-global-color-5)","background-image":"","background-repeat":"repeat","background-position":"center center","background-size":"auto","background-attachment":"scroll","background-type":"","background-media":"","overlay-type":"","overlay-color":"","overlay-gradient":""}},"footnotes":""},"class_list":["post-160","page","type-page","status-publish","hentry"],"yoast_head":"<!-- This site is optimized with the Yoast SEO plugin v27.0 - https:\/\/yoast.com\/product\/yoast-seo-wordpress\/ -->\n<title>Portfolio - Prim\u0103riaMoldovaNou\u0103.ro<\/title>\n<meta name=\"robots\" content=\"index, follow, max-snippet:-1, max-image-preview:large, max-video-preview:-1\" \/>\n<link rel=\"canonical\" href=\"https:\/\/primariamoldovanoua.ro\/index.php\/portfolio\/\" \/>\n<meta property=\"og:locale\" content=\"en_US\" \/>\n<meta property=\"og:type\" content=\"article\" \/>\n<meta property=\"og:title\" content=\"Portfolio - Prim\u0103riaMoldovaNou\u0103.ro\" \/>\n<meta property=\"og:description\" content=\"Product \/ Service Categories Project Name Talk about this portfolio piece&#8211;who you did it for and why, plus what the results were (potential customers love to hear about real-world results). Discuss any unique facets of the project&#8211;was it accomplished under an impossible deadline?&#8211;and show how your business went above and beyond to make the impossible [&hellip;]\" \/>\n<meta property=\"og:url\" content=\"https:\/\/primariamoldovanoua.ro\/index.php\/portfolio\/\" \/>\n<meta property=\"og:site_name\" content=\"Prim\u0103riaMoldovaNou\u0103.ro\" \/>\n<meta property=\"og:image\" content=\"https:\/\/primariamoldovanoua.ro\/wp-content\/uploads\/2016\/09\/portfolio-1a.jpg\" \/>\n<meta name=\"twitter:card\" content=\"summary_large_image\" \/>\n<meta name=\"twitter:label1\" content=\"Est. reading time\" \/>\n\t<meta name=\"twitter:data1\" content=\"1 minute\" \/>\n<script type=\"application\/ld+json\" class=\"yoast-schema-graph\">{\"@context\":\"https:\/\/schema.org\",\"@graph\":[{\"@type\":\"WebPage\",\"@id\":\"https:\/\/primariamoldovanoua.ro\/index.php\/portfolio\/\",\"url\":\"https:\/\/primariamoldovanoua.ro\/index.php\/portfolio\/\",\"name\":\"Portfolio - Prim\u0103riaMoldovaNou\u0103.ro\",\"isPartOf\":{\"@id\":\"https:\/\/primariamoldovanoua.ro\/#website\"},\"primaryImageOfPage\":{\"@id\":\"https:\/\/primariamoldovanoua.ro\/index.php\/portfolio\/#primaryimage\"},\"image\":{\"@id\":\"https:\/\/primariamoldovanoua.ro\/index.php\/portfolio\/#primaryimage\"},\"thumbnailUrl\":\"https:\/\/primariamoldovanoua.ro\/wp-content\/uploads\/2016\/09\/portfolio-1a.jpg\",\"datePublished\":\"2016-09-08T07:19:07+00:00\",\"breadcrumb\":{\"@id\":\"https:\/\/primariamoldovanoua.ro\/index.php\/portfolio\/#breadcrumb\"},\"inLanguage\":\"en-US\",\"potentialAction\":[{\"@type\":\"ReadAction\",\"target\":[\"https:\/\/primariamoldovanoua.ro\/index.php\/portfolio\/\"]}]},{\"@type\":\"ImageObject\",\"inLanguage\":\"en-US\",\"@id\":\"https:\/\/primariamoldovanoua.ro\/index.php\/portfolio\/#primaryimage\",\"url\":\"https:\/\/primariamoldovanoua.ro\/wp-content\/uploads\/2016\/09\/portfolio-1a.jpg\",\"contentUrl\":\"https:\/\/primariamoldovanoua.ro\/wp-content\/uploads\/2016\/09\/portfolio-1a.jpg\",\"width\":1600,\"height\":1060},{\"@type\":\"BreadcrumbList\",\"@id\":\"https:\/\/primariamoldovanoua.ro\/index.php\/portfolio\/#breadcrumb\",\"itemListElement\":[{\"@type\":\"ListItem\",\"position\":1,\"name\":\"Home\",\"item\":\"https:\/\/primariamoldovanoua.ro\/\"},{\"@type\":\"ListItem\",\"position\":2,\"name\":\"Portfolio\"}]},{\"@type\":\"WebSite\",\"@id\":\"https:\/\/primariamoldovanoua.ro\/#website\",\"url\":\"https:\/\/primariamoldovanoua.ro\/\",\"name\":\"Prim\u0103riaMoldovaNou\u0103.ro\",\"description\":\"Site-ul oficial al UAT Moldova Nou\u0103, jude\u0163ul Cara\u015f-Severin\",\"publisher\":{\"@id\":\"https:\/\/primariamoldovanoua.ro\/#organization\"},\"potentialAction\":[{\"@type\":\"SearchAction\",\"target\":{\"@type\":\"EntryPoint\",\"urlTemplate\":\"https:\/\/primariamoldovanoua.ro\/?s={search_term_string}\"},\"query-input\":{\"@type\":\"PropertyValueSpecification\",\"valueRequired\":true,\"valueName\":\"search_term_string\"}}],\"inLanguage\":\"en-US\"},{\"@type\":\"Organization\",\"@id\":\"https:\/\/primariamoldovanoua.ro\/#organization\",\"name\":\"Prim\u0103riaMoldovaNou\u0103.ro\",\"url\":\"https:\/\/primariamoldovanoua.ro\/\",\"logo\":{\"@type\":\"ImageObject\",\"inLanguage\":\"en-US\",\"@id\":\"https:\/\/primariamoldovanoua.ro\/#\/schema\/logo\/image\/\",\"url\":\"https:\/\/primariamoldovanoua.ro\/wp-content\/uploads\/2021\/04\/cropped-Logo-Moldova-Noua-M-1.png\",\"contentUrl\":\"https:\/\/primariamoldovanoua.ro\/wp-content\/uploads\/2021\/04\/cropped-Logo-Moldova-Noua-M-1.png\",\"width\":158,\"height\":250,\"caption\":\"Prim\u0103riaMoldovaNou\u0103.ro\"},\"image\":{\"@id\":\"https:\/\/primariamoldovanoua.ro\/#\/schema\/logo\/image\/\"}}]}<\/script>\n<!-- \/ Yoast SEO plugin. -->","yoast_head_json":{"title":"Portfolio - Prim\u0103riaMoldovaNou\u0103.ro","robots":{"index":"index","follow":"follow","max-snippet":"max-snippet:-1","max-image-preview":"max-image-preview:large","max-video-preview":"max-video-preview:-1"},"canonical":"https:\/\/primariamoldovanoua.ro\/index.php\/portfolio\/","og_locale":"en_US","og_type":"article","og_title":"Portfolio - Prim\u0103riaMoldovaNou\u0103.ro","og_description":"Product \/ Service Categories Project Name Talk about this portfolio piece&#8211;who you did it for and why, plus what the results were (potential customers love to hear about real-world results). Discuss any unique facets of the project&#8211;was it accomplished under an impossible deadline?&#8211;and show how your business went above and beyond to make the impossible [&hellip;]","og_url":"https:\/\/primariamoldovanoua.ro\/index.php\/portfolio\/","og_site_name":"Prim\u0103riaMoldovaNou\u0103.ro","og_image":[{"url":"https:\/\/primariamoldovanoua.ro\/wp-content\/uploads\/2016\/09\/portfolio-1a.jpg","type":"","width":"","height":""}],"twitter_card":"summary_large_image","twitter_misc":{"Est. reading time":"1 minute"},"schema":{"@context":"https:\/\/schema.org","@graph":[{"@type":"WebPage","@id":"https:\/\/primariamoldovanoua.ro\/index.php\/portfolio\/","url":"https:\/\/primariamoldovanoua.ro\/index.php\/portfolio\/","name":"Portfolio - Prim\u0103riaMoldovaNou\u0103.ro","isPartOf":{"@id":"https:\/\/primariamoldovanoua.ro\/#website"},"primaryImageOfPage":{"@id":"https:\/\/primariamoldovanoua.ro\/index.php\/portfolio\/#primaryimage"},"image":{"@id":"https:\/\/primariamoldovanoua.ro\/index.php\/portfolio\/#primaryimage"},"thumbnailUrl":"https:\/\/primariamoldovanoua.ro\/wp-content\/uploads\/2016\/09\/portfolio-1a.jpg","datePublished":"2016-09-08T07:19:07+00:00","breadcrumb":{"@id":"https:\/\/primariamoldovanoua.ro\/index.php\/portfolio\/#breadcrumb"},"inLanguage":"en-US","potentialAction":[{"@type":"ReadAction","target":["https:\/\/primariamoldovanoua.ro\/index.php\/portfolio\/"]}]},{"@type":"ImageObject","inLanguage":"en-US","@id":"https:\/\/primariamoldovanoua.ro\/index.php\/portfolio\/#primaryimage","url":"https:\/\/primariamoldovanoua.ro\/wp-content\/uploads\/2016\/09\/portfolio-1a.jpg","contentUrl":"https:\/\/primariamoldovanoua.ro\/wp-content\/uploads\/2016\/09\/portfolio-1a.jpg","width":1600,"height":1060},{"@type":"BreadcrumbList","@id":"https:\/\/primariamoldovanoua.ro\/index.php\/portfolio\/#breadcrumb","itemListElement":[{"@type":"ListItem","position":1,"name":"Home","item":"https:\/\/primariamoldovanoua.ro\/"},{"@type":"ListItem","position":2,"name":"Portfolio"}]},{"@type":"WebSite","@id":"https:\/\/primariamoldovanoua.ro\/#website","url":"https:\/\/primariamoldovanoua.ro\/","name":"Prim\u0103riaMoldovaNou\u0103.ro","description":"Site-ul oficial al UAT Moldova Nou\u0103, jude\u0163ul Cara\u015f-Severin","publisher":{"@id":"https:\/\/primariamoldovanoua.ro\/#organization"},"potentialAction":[{"@type":"SearchAction","target":{"@type":"EntryPoint","urlTemplate":"https:\/\/primariamoldovanoua.ro\/?s={search_term_string}"},"query-input":{"@type":"PropertyValueSpecification","valueRequired":true,"valueName":"search_term_string"}}],"inLanguage":"en-US"},{"@type":"Organization","@id":"https:\/\/primariamoldovanoua.ro\/#organization","name":"Prim\u0103riaMoldovaNou\u0103.ro","url":"https:\/\/primariamoldovanoua.ro\/","logo":{"@type":"ImageObject","inLanguage":"en-US","@id":"https:\/\/primariamoldovanoua.ro\/#\/schema\/logo\/image\/","url":"https:\/\/primariamoldovanoua.ro\/wp-content\/uploads\/2021\/04\/cropped-Logo-Moldova-Noua-M-1.png","contentUrl":"https:\/\/primariamoldovanoua.ro\/wp-content\/uploads\/2021\/04\/cropped-Logo-Moldova-Noua-M-1.png","width":158,"height":250,"caption":"Prim\u0103riaMoldovaNou\u0103.ro"},"image":{"@id":"https:\/\/primariamoldovanoua.ro\/#\/schema\/logo\/image\/"}}]}},"_links":{"self":[{"href":"https:\/\/primariamoldovanoua.ro\/index.php\/wp-json\/wp\/v2\/pages\/160","targetHints":{"allow":["GET"]}}],"collection":[{"href":"https:\/\/primariamoldovanoua.ro\/index.php\/wp-json\/wp\/v2\/pages"}],"about":[{"href":"https:\/\/primariamoldovanoua.ro\/index.php\/wp-json\/wp\/v2\/types\/page"}],"author":[{"embeddable":true,"href":"https:\/\/primariamoldovanoua.ro\/index.php\/wp-json\/wp\/v2\/users\/1"}],"replies":[{"embeddable":true,"href":"https:\/\/primariamoldovanoua.ro\/index.php\/wp-json\/wp\/v2\/comments?post=160"}],"version-history":[{"count":0,"href":"https:\/\/primariamoldovanoua.ro\/index.php\/wp-json\/wp\/v2\/pages\/160\/revisions"}],"wp:attachment":[{"href":"https:\/\/primariamoldovanoua.ro\/index.php\/wp-json\/wp\/v2\/media?parent=160"}],"curies":[{"name":"wp","href":"https:\/\/api.w.org\/{rel}","templated":true}]}}