{"id":4592,"date":"2020-02-07T11:39:58","date_gmt":"2020-02-07T09:39:58","guid":{"rendered":"https:\/\/primariamoldovanoua.ro\/?page_id=4592"},"modified":"2020-02-07T11:39:58","modified_gmt":"2020-02-07T09:39:58","slug":"arhiva-urbanism-2019","status":"publish","type":"page","link":"https:\/\/primariamoldovanoua.ro\/index.php\/arhiva-urbanism-2019\/","title":{"rendered":"Arhiva Urbanism 2019"},"content":{"rendered":"\n<p>  <span style=\"text-decoration: underline;\">Autorizatii de Construire emise in Februarie 2019 &#8211; <a href=\"https:\/\/primariamoldovanoua.ro\/wp-content\/uploads\/2019\/03\/AUTORIZATII-CU-februarie-1.docx\">DESCARC\u0102<\/a> <\/span><\/p>\n\n\n\n<p>1) Certificate urbanism emise in luna Martie 2019 &#8211; <a href=\"https:\/\/primariamoldovanoua.ro\/wp-content\/uploads\/2019\/04\/Certificate-Urbanism-si-AC-martie-2019.docx\">DESCARC\u0102<\/a><\/p>\n\n\n\n<p>2) Certificate urbanism emise in luna Aprilie 2019 &#8211; <a href=\"https:\/\/primariamoldovanoua.ro\/wp-content\/uploads\/2019\/06\/CERTIFICATE-SI-AUTORIZATII-EMISE-IN-LUNA-APRILIE.pdf\">DESCARC\u0102<\/a><\/p>\n\n\n\n<p>3) Certificate urbanism emise in luna Mai 2019 &#8211; <a href=\"https:\/\/primariamoldovanoua.ro\/wp-content\/uploads\/2019\/06\/CERTIFICATE-SI-AUTORIZATII-EMISE-IN-LUNA-MAI-2019.pdf\">DESCARC\u0102<\/a><\/p>\n\n\n\n<p>4) Certificate urbanism emise in luna Iunie 2019 &#8211; <a href=\"https:\/\/primariamoldovanoua.ro\/wp-content\/uploads\/2019\/07\/CERTIFICATE-SI-AUTORIZATII-EMISE-IN-LUNA-IUNIE-2019-site.pdf\">DESCARC\u0102<\/a><\/p>\n\n\n\n<p>5)Certificate urbanism emise in luna Iulie 2019 &#8211; <a href=\"https:\/\/primariamoldovanoua.ro\/wp-content\/uploads\/2019\/08\/CERTIFICATE-SI-AUTORIZATII-EMISE-IN-LUNA-IULIE-2019..pdf\">DESCARC\u0102<\/a><\/p>\n\n\n\n<p>6)Certificate urbanism emise in luna August 2019 &#8211; <a href=\"https:\/\/primariamoldovanoua.ro\/wp-content\/uploads\/2019\/09\/CERTIFICATE-SI-AUTORIZATII-EMISE-IN-LUNA-August-2019-1.docx\">DESCARC\u0102<\/a><\/p>\n\n\n\n<p>7)Certificate urbanism emise in luna Septembrie 2019 &#8211; <a href=\"https:\/\/primariamoldovanoua.ro\/wp-content\/uploads\/2019\/10\/Certificate-si-autorizatii-emise-in-luna-septembrie-2019.pdf\">DESCARC\u0102<\/a><\/p>\n\n\n\n<p>8)Certificate urbanism emise in luna Octombrie 2019 &#8211; <a href=\"https:\/\/primariamoldovanoua.ro\/wp-content\/uploads\/2019\/11\/CERTIFICATE-SI-AUTORIZATII-EMISE-IN-LUNA-OCTOMBRIE-2019.pdf\">DESCARC\u0102<\/a><\/p>\n\n\n\n<p>9)Certificate urbanism emise in luna Noiembrie 2019 &#8211; <a href=\"https:\/\/primariamoldovanoua.ro\/wp-content\/uploads\/2019\/11\/Certificate-de-U-si-Ac-Noiembrie-2019.pdf\">DESCARC\u0102<\/a><\/p>\n\n\n\n<p>10)Certificate urbanism emise in luna Decembrie&nbsp; 2019 &#8211; <a href=\"https:\/\/primariamoldovanoua.ro\/wp-content\/uploads\/2019\/11\/Certificate-de-urb.-si-Autorizatii-emise-in-Decembrie-2019.pdf\">DESCARC\u0102<\/a><\/p>\n","protected":false},"excerpt":{"rendered":"<p>Autorizatii de Construire emise in Februarie 2019 &#8211; DESCARC\u0102 1) Certificate urbanism emise in luna Martie 2019 &#8211; DESCARC\u0102 2) Certificate urbanism emise in luna Aprilie 2019 &#8211; DESCARC\u0102 3) Certificate urbanism emise in luna Mai 2019 &#8211; DESCARC\u0102 4) Certificate urbanism emise in luna Iunie 2019 &#8211; DESCARC\u0102 5)Certificate urbanism emise in luna Iulie [&hellip;]<\/p>\n","protected":false},"author":1,"featured_media":0,"parent":0,"menu_order":0,"comment_status":"closed","ping_status":"closed","template":"","meta":{"site-sidebar-layout":"default","site-content-layout":"","ast-site-content-layout":"","site-content-style":"default","site-sidebar-style":"default","ast-global-header-display":"","ast-banner-title-visibility":"","ast-main-header-display":"","ast-hfb-above-header-display":"","ast-hfb-below-header-display":"","ast-hfb-mobile-header-display":"","site-post-title":"","ast-breadcrumbs-content":"","ast-featured-img":"","footer-sml-layout":"","theme-transparent-header-meta":"","adv-header-id-meta":"","stick-header-meta":"","header-above-stick-meta":"","header-main-stick-meta":"","header-below-stick-meta":"","astra-migrate-meta-layouts":"default","ast-page-background-enabled":"default","ast-page-background-meta":{"desktop":{"background-color":"","background-image":"","background-repeat":"repeat","background-position":"center center","background-size":"auto","background-attachment":"scroll","background-type":"","background-media":"","overlay-type":"","overlay-color":"","overlay-gradient":""},"tablet":{"background-color":"","background-image":"","background-repeat":"repeat","background-position":"center center","background-size":"auto","background-attachment":"scroll","background-type":"","background-media":"","overlay-type":"","overlay-color":"","overlay-gradient":""},"mobile":{"background-color":"","background-image":"","background-repeat":"repeat","background-position":"center center","background-size":"auto","background-attachment":"scroll","background-type":"","background-media":"","overlay-type":"","overlay-color":"","overlay-gradient":""}},"ast-content-background-meta":{"desktop":{"background-color":"var(--ast-global-color-5)","background-image":"","background-repeat":"repeat","background-position":"center center","background-size":"auto","background-attachment":"scroll","background-type":"","background-media":"","overlay-type":"","overlay-color":"","overlay-gradient":""},"tablet":{"background-color":"var(--ast-global-color-5)","background-image":"","background-repeat":"repeat","background-position":"center center","background-size":"auto","background-attachment":"scroll","background-type":"","background-media":"","overlay-type":"","overlay-color":"","overlay-gradient":""},"mobile":{"background-color":"var(--ast-global-color-5)","background-image":"","background-repeat":"repeat","background-position":"center center","background-size":"auto","background-attachment":"scroll","background-type":"","background-media":"","overlay-type":"","overlay-color":"","overlay-gradient":""}},"footnotes":""},"class_list":["post-4592","page","type-page","status-publish","hentry"],"yoast_head":"<!-- This site is optimized with the Yoast SEO plugin v27.0 - https:\/\/yoast.com\/product\/yoast-seo-wordpress\/ -->\n<title>Arhiva Urbanism 2019 - Prim\u0103riaMoldovaNou\u0103.ro<\/title>\n<meta name=\"robots\" content=\"index, follow, max-snippet:-1, max-image-preview:large, max-video-preview:-1\" \/>\n<link rel=\"canonical\" href=\"https:\/\/primariamoldovanoua.ro\/index.php\/arhiva-urbanism-2019\/\" \/>\n<meta property=\"og:locale\" content=\"en_US\" \/>\n<meta property=\"og:type\" content=\"article\" \/>\n<meta property=\"og:title\" content=\"Arhiva Urbanism 2019 - Prim\u0103riaMoldovaNou\u0103.ro\" \/>\n<meta property=\"og:description\" content=\"Autorizatii de Construire emise in Februarie 2019 &#8211; DESCARC\u0102 1) Certificate urbanism emise in luna Martie 2019 &#8211; DESCARC\u0102 2) Certificate urbanism emise in luna Aprilie 2019 &#8211; DESCARC\u0102 3) Certificate urbanism emise in luna Mai 2019 &#8211; DESCARC\u0102 4) Certificate urbanism emise in luna Iunie 2019 &#8211; DESCARC\u0102 5)Certificate urbanism emise in luna Iulie [&hellip;]\" \/>\n<meta property=\"og:url\" content=\"https:\/\/primariamoldovanoua.ro\/index.php\/arhiva-urbanism-2019\/\" \/>\n<meta property=\"og:site_name\" content=\"Prim\u0103riaMoldovaNou\u0103.ro\" \/>\n<meta name=\"twitter:card\" content=\"summary_large_image\" \/>\n<script type=\"application\/ld+json\" class=\"yoast-schema-graph\">{\"@context\":\"https:\/\/schema.org\",\"@graph\":[{\"@type\":\"WebPage\",\"@id\":\"https:\/\/primariamoldovanoua.ro\/index.php\/arhiva-urbanism-2019\/\",\"url\":\"https:\/\/primariamoldovanoua.ro\/index.php\/arhiva-urbanism-2019\/\",\"name\":\"Arhiva Urbanism 2019 - Prim\u0103riaMoldovaNou\u0103.ro\",\"isPartOf\":{\"@id\":\"https:\/\/primariamoldovanoua.ro\/#website\"},\"datePublished\":\"2020-02-07T09:39:58+00:00\",\"breadcrumb\":{\"@id\":\"https:\/\/primariamoldovanoua.ro\/index.php\/arhiva-urbanism-2019\/#breadcrumb\"},\"inLanguage\":\"en-US\",\"potentialAction\":[{\"@type\":\"ReadAction\",\"target\":[\"https:\/\/primariamoldovanoua.ro\/index.php\/arhiva-urbanism-2019\/\"]}]},{\"@type\":\"BreadcrumbList\",\"@id\":\"https:\/\/primariamoldovanoua.ro\/index.php\/arhiva-urbanism-2019\/#breadcrumb\",\"itemListElement\":[{\"@type\":\"ListItem\",\"position\":1,\"name\":\"Home\",\"item\":\"https:\/\/primariamoldovanoua.ro\/\"},{\"@type\":\"ListItem\",\"position\":2,\"name\":\"Arhiva Urbanism 2019\"}]},{\"@type\":\"WebSite\",\"@id\":\"https:\/\/primariamoldovanoua.ro\/#website\",\"url\":\"https:\/\/primariamoldovanoua.ro\/\",\"name\":\"Prim\u0103riaMoldovaNou\u0103.ro\",\"description\":\"Site-ul oficial al UAT Moldova Nou\u0103, jude\u0163ul Cara\u015f-Severin\",\"publisher\":{\"@id\":\"https:\/\/primariamoldovanoua.ro\/#organization\"},\"potentialAction\":[{\"@type\":\"SearchAction\",\"target\":{\"@type\":\"EntryPoint\",\"urlTemplate\":\"https:\/\/primariamoldovanoua.ro\/?s={search_term_string}\"},\"query-input\":{\"@type\":\"PropertyValueSpecification\",\"valueRequired\":true,\"valueName\":\"search_term_string\"}}],\"inLanguage\":\"en-US\"},{\"@type\":\"Organization\",\"@id\":\"https:\/\/primariamoldovanoua.ro\/#organization\",\"name\":\"Prim\u0103riaMoldovaNou\u0103.ro\",\"url\":\"https:\/\/primariamoldovanoua.ro\/\",\"logo\":{\"@type\":\"ImageObject\",\"inLanguage\":\"en-US\",\"@id\":\"https:\/\/primariamoldovanoua.ro\/#\/schema\/logo\/image\/\",\"url\":\"https:\/\/primariamoldovanoua.ro\/wp-content\/uploads\/2021\/04\/cropped-Logo-Moldova-Noua-M-1.png\",\"contentUrl\":\"https:\/\/primariamoldovanoua.ro\/wp-content\/uploads\/2021\/04\/cropped-Logo-Moldova-Noua-M-1.png\",\"width\":158,\"height\":250,\"caption\":\"Prim\u0103riaMoldovaNou\u0103.ro\"},\"image\":{\"@id\":\"https:\/\/primariamoldovanoua.ro\/#\/schema\/logo\/image\/\"}}]}<\/script>\n<!-- \/ Yoast SEO plugin. -->","yoast_head_json":{"title":"Arhiva Urbanism 2019 - Prim\u0103riaMoldovaNou\u0103.ro","robots":{"index":"index","follow":"follow","max-snippet":"max-snippet:-1","max-image-preview":"max-image-preview:large","max-video-preview":"max-video-preview:-1"},"canonical":"https:\/\/primariamoldovanoua.ro\/index.php\/arhiva-urbanism-2019\/","og_locale":"en_US","og_type":"article","og_title":"Arhiva Urbanism 2019 - Prim\u0103riaMoldovaNou\u0103.ro","og_description":"Autorizatii de Construire emise in Februarie 2019 &#8211; DESCARC\u0102 1) Certificate urbanism emise in luna Martie 2019 &#8211; DESCARC\u0102 2) Certificate urbanism emise in luna Aprilie 2019 &#8211; DESCARC\u0102 3) Certificate urbanism emise in luna Mai 2019 &#8211; DESCARC\u0102 4) Certificate urbanism emise in luna Iunie 2019 &#8211; DESCARC\u0102 5)Certificate urbanism emise in luna Iulie [&hellip;]","og_url":"https:\/\/primariamoldovanoua.ro\/index.php\/arhiva-urbanism-2019\/","og_site_name":"Prim\u0103riaMoldovaNou\u0103.ro","twitter_card":"summary_large_image","schema":{"@context":"https:\/\/schema.org","@graph":[{"@type":"WebPage","@id":"https:\/\/primariamoldovanoua.ro\/index.php\/arhiva-urbanism-2019\/","url":"https:\/\/primariamoldovanoua.ro\/index.php\/arhiva-urbanism-2019\/","name":"Arhiva Urbanism 2019 - Prim\u0103riaMoldovaNou\u0103.ro","isPartOf":{"@id":"https:\/\/primariamoldovanoua.ro\/#website"},"datePublished":"2020-02-07T09:39:58+00:00","breadcrumb":{"@id":"https:\/\/primariamoldovanoua.ro\/index.php\/arhiva-urbanism-2019\/#breadcrumb"},"inLanguage":"en-US","potentialAction":[{"@type":"ReadAction","target":["https:\/\/primariamoldovanoua.ro\/index.php\/arhiva-urbanism-2019\/"]}]},{"@type":"BreadcrumbList","@id":"https:\/\/primariamoldovanoua.ro\/index.php\/arhiva-urbanism-2019\/#breadcrumb","itemListElement":[{"@type":"ListItem","position":1,"name":"Home","item":"https:\/\/primariamoldovanoua.ro\/"},{"@type":"ListItem","position":2,"name":"Arhiva Urbanism 2019"}]},{"@type":"WebSite","@id":"https:\/\/primariamoldovanoua.ro\/#website","url":"https:\/\/primariamoldovanoua.ro\/","name":"Prim\u0103riaMoldovaNou\u0103.ro","description":"Site-ul oficial al UAT Moldova Nou\u0103, jude\u0163ul Cara\u015f-Severin","publisher":{"@id":"https:\/\/primariamoldovanoua.ro\/#organization"},"potentialAction":[{"@type":"SearchAction","target":{"@type":"EntryPoint","urlTemplate":"https:\/\/primariamoldovanoua.ro\/?s={search_term_string}"},"query-input":{"@type":"PropertyValueSpecification","valueRequired":true,"valueName":"search_term_string"}}],"inLanguage":"en-US"},{"@type":"Organization","@id":"https:\/\/primariamoldovanoua.ro\/#organization","name":"Prim\u0103riaMoldovaNou\u0103.ro","url":"https:\/\/primariamoldovanoua.ro\/","logo":{"@type":"ImageObject","inLanguage":"en-US","@id":"https:\/\/primariamoldovanoua.ro\/#\/schema\/logo\/image\/","url":"https:\/\/primariamoldovanoua.ro\/wp-content\/uploads\/2021\/04\/cropped-Logo-Moldova-Noua-M-1.png","contentUrl":"https:\/\/primariamoldovanoua.ro\/wp-content\/uploads\/2021\/04\/cropped-Logo-Moldova-Noua-M-1.png","width":158,"height":250,"caption":"Prim\u0103riaMoldovaNou\u0103.ro"},"image":{"@id":"https:\/\/primariamoldovanoua.ro\/#\/schema\/logo\/image\/"}}]}},"_links":{"self":[{"href":"https:\/\/primariamoldovanoua.ro\/index.php\/wp-json\/wp\/v2\/pages\/4592","targetHints":{"allow":["GET"]}}],"collection":[{"href":"https:\/\/primariamoldovanoua.ro\/index.php\/wp-json\/wp\/v2\/pages"}],"about":[{"href":"https:\/\/primariamoldovanoua.ro\/index.php\/wp-json\/wp\/v2\/types\/page"}],"author":[{"embeddable":true,"href":"https:\/\/primariamoldovanoua.ro\/index.php\/wp-json\/wp\/v2\/users\/1"}],"replies":[{"embeddable":true,"href":"https:\/\/primariamoldovanoua.ro\/index.php\/wp-json\/wp\/v2\/comments?post=4592"}],"version-history":[{"count":0,"href":"https:\/\/primariamoldovanoua.ro\/index.php\/wp-json\/wp\/v2\/pages\/4592\/revisions"}],"wp:attachment":[{"href":"https:\/\/primariamoldovanoua.ro\/index.php\/wp-json\/wp\/v2\/media?parent=4592"}],"curies":[{"name":"wp","href":"https:\/\/api.w.org\/{rel}","templated":true}]}}