{"id":665,"date":"2014-07-10T09:42:19","date_gmt":"2014-07-10T09:42:19","guid":{"rendered":"http:\/\/crunchpress.net\/demo\/politicize\/?page_id=255"},"modified":"2014-07-10T09:42:19","modified_gmt":"2014-07-10T09:42:19","slug":"tabs","status":"publish","type":"page","link":"https:\/\/primariamoldovanoua.ro\/index.php\/shortcodes\/tabs\/","title":{"rendered":"Tabs"},"content":{"rendered":"<p>[title size=&#8221;h2&#8243;]TABS[\/title]<\/p>\n<p>[tab]<br \/>\n[tab_item title=&#8221;TAB 1&#8243;]Lorem ipsum dolor sit amet, consectetur adipiscing elit. Aenean condimentum hendrerit mattis. Suspendisse turpis ante, condimentum eget elit vitae, ultricies hendrerit ligula. Integer quis sem nec velit placerat ultricies quis sed magna. Suspendisse placerat elit non. lectus pulvinar, vitae lobortis tortor accumsan. Suspendisse vel nulla ultricies, tincidunt urna at, commodo nibh. Mauris feugiat justo in est tincidunt laoreet. Lorem ipsum dolor sit amet, consectetur adipiscing elit. Aenean condimentum hendrerit mattis. Suspendisse turpis ante, condimentum eget elit vitae. Integer quis sem nec velit placerat ultricies quis sed magna.[\/tab_item]<br \/>\n[tab_item title=&#8221;TAB 2&#8243;]Lorem ipsum dolor sit amet, consectetur adipiscing elit. Aenean condimentum hendrerit mattis. Suspendisse turpis ante, condimentum eget elit vitae, ultricies hendrerit ligula. Integer quis sem nec velit placerat ultricies quis sed magna. Suspendisse placerat elit non. lectus pulvinar, vitae lobortis tortor accumsan. Suspendisse vel nulla ultricies, tincidunt urna at, commodo nibh. Mauris feugiat justo in est tincidunt laoreet. Lorem ipsum dolor sit amet, consectetur adipiscing elit. Aenean condimentum hendrerit mattis. Suspendisse turpis ante, condimentum eget elit vitae. Integer quis sem nec velit placerat ultricies quis sed magna.[\/tab_item]<br \/>\n[tab_item title=&#8221;TAB 3&#8243;]Lorem ipsum dolor sit amet, consectetur adipiscing elit. Aenean condimentum hendrerit mattis. Suspendisse turpis ante, condimentum eget elit vitae, ultricies hendrerit ligula. Integer quis sem nec velit placerat ultricies quis sed magna. Suspendisse placerat elit non. lectus pulvinar, vitae lobortis tortor accumsan. Suspendisse vel nulla ultricies, tincidunt urna at, commodo nibh. Mauris feugiat justo in est tincidunt laoreet. Lorem ipsum dolor sit amet, consectetur adipiscing elit. Aenean condimentum hendrerit mattis. Suspendisse turpis ante, condimentum eget elit vitae. Integer quis sem nec velit placerat ultricies quis sed magna.[\/tab_item]<br \/>\n[tab_item title=&#8221;TAB 4&#8243;]Lorem ipsum dolor sit amet, consectetur adipiscing elit. Aenean condimentum hendrerit mattis. Suspendisse turpis ante, condimentum eget elit vitae, ultricies hendrerit ligula. Integer quis sem nec velit placerat ultricies quis sed magna. Suspendisse placerat elit non. lectus pulvinar, vitae lobortis tortor accumsan. Suspendisse vel nulla ultricies, tincidunt urna at, commodo nibh. Mauris feugiat justo in est tincidunt laoreet. Lorem ipsum dolor sit amet, consectetur adipiscing elit. Aenean condimentum hendrerit mattis. Suspendisse turpis ante, condimentum eget elit vitae. Integer quis sem nec velit placerat ultricies quis sed magna.[\/tab_item]<br \/>\n[tab_item title=&#8221;TAB 5&#8243;]Lorem ipsum dolor sit amet, consectetur adipiscing elit. Aenean condimentum hendrerit mattis. Suspendisse turpis ante, condimentum eget elit vitae, ultricies hendrerit ligula. Integer quis sem nec velit placerat ultricies quis sed magna. Suspendisse placerat elit non. lectus pulvinar, vitae lobortis tortor accumsan. Suspendisse vel nulla ultricies, tincidunt urna at, commodo nibh. Mauris feugiat justo in est tincidunt laoreet. Lorem ipsum dolor sit amet, consectetur adipiscing elit. Aenean condimentum hendrerit mattis. Suspendisse turpis ante, condimentum eget elit vitae. Integer quis sem nec velit placerat ultricies quis sed magna.[\/tab_item]<br \/>\n[\/tab]<\/p>\n<h2 class=\"h-style\">TABS CODE GOES HERE<\/h2>\n<p>[code]<\/p>\n<pre class=\"brush: html;\">[tab]\n[tab_item title=\"TAB 1\"]Lorem ipsum dolor sit amet, consectetur adipiscing elit. Aenean condimentum hendrerit mattis. Suspendisse turpis ante, condimentum eget elit vitae, ultricies hendrerit ligula. Integer quis sem nec velit placerat ultricies quis sed magna. Suspendisse placerat elit non. lectus pulvinar, vitae lobortis tortor accumsan. Suspendisse vel nulla ultricies, tincidunt urna at, commodo nibh. Mauris feugiat justo in est tincidunt laoreet. Lorem ipsum dolor sit amet, consectetur adipiscing elit. Aenean condimentum hendrerit mattis. Suspendisse turpis ante, condimentum eget elit vitae. Integer quis sem nec velit placerat ultricies quis sed magna.[\/tab_item]\n[\/tab]<\/pre>\n<p>[\/code]<\/p>\n<h2 class=\"h-style\">CUSTOMIZATION OPTIONS<\/h2>\n<ul>\n<li>Ut varius nisl vel eros congue imperdiet.<\/li>\n<li>Vestibulum quis odio hendrerit interdum ac eu dui.<\/li>\n<li>Curabitur aliquet velit sit amet auctor placerat.<\/li>\n<li>Ut varius nisl vel eros congue imperdiet.<\/li>\n<li>Curabitur volutpat odio vitae sagittis suscipit.<\/li>\n<\/ul>\n","protected":false},"excerpt":{"rendered":"<p>[title size=&#8221;h2&#8243;]TABS[\/title] [tab] [tab_item title=&#8221;TAB 1&#8243;]Lorem ipsum dolor sit amet, consectetur adipiscing elit. Aenean condimentum hendrerit mattis. Suspendisse turpis ante, condimentum eget elit vitae, ultricies hendrerit ligula. Integer quis sem nec velit placerat ultricies quis sed magna. Suspendisse placerat elit non. lectus pulvinar, vitae lobortis tortor accumsan. Suspendisse vel nulla ultricies, tincidunt urna at, commodo [&hellip;]<\/p>\n","protected":false},"author":1,"featured_media":0,"parent":664,"menu_order":0,"comment_status":"open","ping_status":"closed","template":"","meta":{"site-sidebar-layout":"default","site-content-layout":"","ast-site-content-layout":"","site-content-style":"default","site-sidebar-style":"default","ast-global-header-display":"","ast-banner-title-visibility":"","ast-main-header-display":"","ast-hfb-above-header-display":"","ast-hfb-below-header-display":"","ast-hfb-mobile-header-display":"","site-post-title":"","ast-breadcrumbs-content":"","ast-featured-img":"","footer-sml-layout":"","theme-transparent-header-meta":"","adv-header-id-meta":"","stick-header-meta":"","header-above-stick-meta":"","header-main-stick-meta":"","header-below-stick-meta":"","astra-migrate-meta-layouts":"default","ast-page-background-enabled":"default","ast-page-background-meta":{"desktop":{"background-color":"","background-image":"","background-repeat":"repeat","background-position":"center center","background-size":"auto","background-attachment":"scroll","background-type":"","background-media":"","overlay-type":"","overlay-color":"","overlay-gradient":""},"tablet":{"background-color":"","background-image":"","background-repeat":"repeat","background-position":"center center","background-size":"auto","background-attachment":"scroll","background-type":"","background-media":"","overlay-type":"","overlay-color":"","overlay-gradient":""},"mobile":{"background-color":"","background-image":"","background-repeat":"repeat","background-position":"center center","background-size":"auto","background-attachment":"scroll","background-type":"","background-media":"","overlay-type":"","overlay-color":"","overlay-gradient":""}},"ast-content-background-meta":{"desktop":{"background-color":"var(--ast-global-color-5)","background-image":"","background-repeat":"repeat","background-position":"center center","background-size":"auto","background-attachment":"scroll","background-type":"","background-media":"","overlay-type":"","overlay-color":"","overlay-gradient":""},"tablet":{"background-color":"var(--ast-global-color-5)","background-image":"","background-repeat":"repeat","background-position":"center center","background-size":"auto","background-attachment":"scroll","background-type":"","background-media":"","overlay-type":"","overlay-color":"","overlay-gradient":""},"mobile":{"background-color":"var(--ast-global-color-5)","background-image":"","background-repeat":"repeat","background-position":"center center","background-size":"auto","background-attachment":"scroll","background-type":"","background-media":"","overlay-type":"","overlay-color":"","overlay-gradient":""}},"footnotes":""},"class_list":["post-665","page","type-page","status-publish","hentry"],"yoast_head":"<!-- This site is optimized with the Yoast SEO plugin v27.0 - https:\/\/yoast.com\/product\/yoast-seo-wordpress\/ -->\n<title>Tabs - Prim\u0103riaMoldovaNou\u0103.ro<\/title>\n<meta name=\"robots\" content=\"index, follow, max-snippet:-1, max-image-preview:large, max-video-preview:-1\" \/>\n<link rel=\"canonical\" href=\"https:\/\/primariamoldovanoua.ro\/index.php\/shortcodes\/tabs\/\" \/>\n<meta property=\"og:locale\" content=\"en_US\" \/>\n<meta property=\"og:type\" content=\"article\" \/>\n<meta property=\"og:title\" content=\"Tabs - Prim\u0103riaMoldovaNou\u0103.ro\" \/>\n<meta property=\"og:description\" content=\"[title size=&#8221;h2&#8243;]TABS[\/title] [tab] [tab_item title=&#8221;TAB 1&#8243;]Lorem ipsum dolor sit amet, consectetur adipiscing elit. Aenean condimentum hendrerit mattis. Suspendisse turpis ante, condimentum eget elit vitae, ultricies hendrerit ligula. Integer quis sem nec velit placerat ultricies quis sed magna. Suspendisse placerat elit non. lectus pulvinar, vitae lobortis tortor accumsan. Suspendisse vel nulla ultricies, tincidunt urna at, commodo [&hellip;]\" \/>\n<meta property=\"og:url\" content=\"https:\/\/primariamoldovanoua.ro\/index.php\/shortcodes\/tabs\/\" \/>\n<meta property=\"og:site_name\" content=\"Prim\u0103riaMoldovaNou\u0103.ro\" \/>\n<meta name=\"twitter:card\" content=\"summary_large_image\" \/>\n<meta name=\"twitter:label1\" content=\"Est. reading time\" \/>\n\t<meta name=\"twitter:data1\" content=\"3 minutes\" \/>\n<script type=\"application\/ld+json\" class=\"yoast-schema-graph\">{\"@context\":\"https:\/\/schema.org\",\"@graph\":[{\"@type\":\"WebPage\",\"@id\":\"https:\/\/primariamoldovanoua.ro\/index.php\/shortcodes\/tabs\/\",\"url\":\"https:\/\/primariamoldovanoua.ro\/index.php\/shortcodes\/tabs\/\",\"name\":\"Tabs - Prim\u0103riaMoldovaNou\u0103.ro\",\"isPartOf\":{\"@id\":\"https:\/\/primariamoldovanoua.ro\/#website\"},\"datePublished\":\"2014-07-10T09:42:19+00:00\",\"breadcrumb\":{\"@id\":\"https:\/\/primariamoldovanoua.ro\/index.php\/shortcodes\/tabs\/#breadcrumb\"},\"inLanguage\":\"en-US\",\"potentialAction\":[{\"@type\":\"ReadAction\",\"target\":[\"https:\/\/primariamoldovanoua.ro\/index.php\/shortcodes\/tabs\/\"]}]},{\"@type\":\"BreadcrumbList\",\"@id\":\"https:\/\/primariamoldovanoua.ro\/index.php\/shortcodes\/tabs\/#breadcrumb\",\"itemListElement\":[{\"@type\":\"ListItem\",\"position\":1,\"name\":\"Home\",\"item\":\"https:\/\/primariamoldovanoua.ro\/\"},{\"@type\":\"ListItem\",\"position\":2,\"name\":\"Shortcodes\",\"item\":\"https:\/\/primariamoldovanoua.ro\/index.php\/shortcodes\/\"},{\"@type\":\"ListItem\",\"position\":3,\"name\":\"Tabs\"}]},{\"@type\":\"WebSite\",\"@id\":\"https:\/\/primariamoldovanoua.ro\/#website\",\"url\":\"https:\/\/primariamoldovanoua.ro\/\",\"name\":\"Prim\u0103riaMoldovaNou\u0103.ro\",\"description\":\"Site-ul oficial al UAT Moldova Nou\u0103, jude\u0163ul Cara\u015f-Severin\",\"publisher\":{\"@id\":\"https:\/\/primariamoldovanoua.ro\/#organization\"},\"potentialAction\":[{\"@type\":\"SearchAction\",\"target\":{\"@type\":\"EntryPoint\",\"urlTemplate\":\"https:\/\/primariamoldovanoua.ro\/?s={search_term_string}\"},\"query-input\":{\"@type\":\"PropertyValueSpecification\",\"valueRequired\":true,\"valueName\":\"search_term_string\"}}],\"inLanguage\":\"en-US\"},{\"@type\":\"Organization\",\"@id\":\"https:\/\/primariamoldovanoua.ro\/#organization\",\"name\":\"Prim\u0103riaMoldovaNou\u0103.ro\",\"url\":\"https:\/\/primariamoldovanoua.ro\/\",\"logo\":{\"@type\":\"ImageObject\",\"inLanguage\":\"en-US\",\"@id\":\"https:\/\/primariamoldovanoua.ro\/#\/schema\/logo\/image\/\",\"url\":\"https:\/\/primariamoldovanoua.ro\/wp-content\/uploads\/2021\/04\/cropped-Logo-Moldova-Noua-M-1.png\",\"contentUrl\":\"https:\/\/primariamoldovanoua.ro\/wp-content\/uploads\/2021\/04\/cropped-Logo-Moldova-Noua-M-1.png\",\"width\":158,\"height\":250,\"caption\":\"Prim\u0103riaMoldovaNou\u0103.ro\"},\"image\":{\"@id\":\"https:\/\/primariamoldovanoua.ro\/#\/schema\/logo\/image\/\"}}]}<\/script>\n<!-- \/ Yoast SEO plugin. -->","yoast_head_json":{"title":"Tabs - Prim\u0103riaMoldovaNou\u0103.ro","robots":{"index":"index","follow":"follow","max-snippet":"max-snippet:-1","max-image-preview":"max-image-preview:large","max-video-preview":"max-video-preview:-1"},"canonical":"https:\/\/primariamoldovanoua.ro\/index.php\/shortcodes\/tabs\/","og_locale":"en_US","og_type":"article","og_title":"Tabs - Prim\u0103riaMoldovaNou\u0103.ro","og_description":"[title size=&#8221;h2&#8243;]TABS[\/title] [tab] [tab_item title=&#8221;TAB 1&#8243;]Lorem ipsum dolor sit amet, consectetur adipiscing elit. Aenean condimentum hendrerit mattis. Suspendisse turpis ante, condimentum eget elit vitae, ultricies hendrerit ligula. Integer quis sem nec velit placerat ultricies quis sed magna. Suspendisse placerat elit non. lectus pulvinar, vitae lobortis tortor accumsan. Suspendisse vel nulla ultricies, tincidunt urna at, commodo [&hellip;]","og_url":"https:\/\/primariamoldovanoua.ro\/index.php\/shortcodes\/tabs\/","og_site_name":"Prim\u0103riaMoldovaNou\u0103.ro","twitter_card":"summary_large_image","twitter_misc":{"Est. reading time":"3 minutes"},"schema":{"@context":"https:\/\/schema.org","@graph":[{"@type":"WebPage","@id":"https:\/\/primariamoldovanoua.ro\/index.php\/shortcodes\/tabs\/","url":"https:\/\/primariamoldovanoua.ro\/index.php\/shortcodes\/tabs\/","name":"Tabs - Prim\u0103riaMoldovaNou\u0103.ro","isPartOf":{"@id":"https:\/\/primariamoldovanoua.ro\/#website"},"datePublished":"2014-07-10T09:42:19+00:00","breadcrumb":{"@id":"https:\/\/primariamoldovanoua.ro\/index.php\/shortcodes\/tabs\/#breadcrumb"},"inLanguage":"en-US","potentialAction":[{"@type":"ReadAction","target":["https:\/\/primariamoldovanoua.ro\/index.php\/shortcodes\/tabs\/"]}]},{"@type":"BreadcrumbList","@id":"https:\/\/primariamoldovanoua.ro\/index.php\/shortcodes\/tabs\/#breadcrumb","itemListElement":[{"@type":"ListItem","position":1,"name":"Home","item":"https:\/\/primariamoldovanoua.ro\/"},{"@type":"ListItem","position":2,"name":"Shortcodes","item":"https:\/\/primariamoldovanoua.ro\/index.php\/shortcodes\/"},{"@type":"ListItem","position":3,"name":"Tabs"}]},{"@type":"WebSite","@id":"https:\/\/primariamoldovanoua.ro\/#website","url":"https:\/\/primariamoldovanoua.ro\/","name":"Prim\u0103riaMoldovaNou\u0103.ro","description":"Site-ul oficial al UAT Moldova Nou\u0103, jude\u0163ul Cara\u015f-Severin","publisher":{"@id":"https:\/\/primariamoldovanoua.ro\/#organization"},"potentialAction":[{"@type":"SearchAction","target":{"@type":"EntryPoint","urlTemplate":"https:\/\/primariamoldovanoua.ro\/?s={search_term_string}"},"query-input":{"@type":"PropertyValueSpecification","valueRequired":true,"valueName":"search_term_string"}}],"inLanguage":"en-US"},{"@type":"Organization","@id":"https:\/\/primariamoldovanoua.ro\/#organization","name":"Prim\u0103riaMoldovaNou\u0103.ro","url":"https:\/\/primariamoldovanoua.ro\/","logo":{"@type":"ImageObject","inLanguage":"en-US","@id":"https:\/\/primariamoldovanoua.ro\/#\/schema\/logo\/image\/","url":"https:\/\/primariamoldovanoua.ro\/wp-content\/uploads\/2021\/04\/cropped-Logo-Moldova-Noua-M-1.png","contentUrl":"https:\/\/primariamoldovanoua.ro\/wp-content\/uploads\/2021\/04\/cropped-Logo-Moldova-Noua-M-1.png","width":158,"height":250,"caption":"Prim\u0103riaMoldovaNou\u0103.ro"},"image":{"@id":"https:\/\/primariamoldovanoua.ro\/#\/schema\/logo\/image\/"}}]}},"_links":{"self":[{"href":"https:\/\/primariamoldovanoua.ro\/index.php\/wp-json\/wp\/v2\/pages\/665","targetHints":{"allow":["GET"]}}],"collection":[{"href":"https:\/\/primariamoldovanoua.ro\/index.php\/wp-json\/wp\/v2\/pages"}],"about":[{"href":"https:\/\/primariamoldovanoua.ro\/index.php\/wp-json\/wp\/v2\/types\/page"}],"author":[{"embeddable":true,"href":"https:\/\/primariamoldovanoua.ro\/index.php\/wp-json\/wp\/v2\/users\/1"}],"replies":[{"embeddable":true,"href":"https:\/\/primariamoldovanoua.ro\/index.php\/wp-json\/wp\/v2\/comments?post=665"}],"version-history":[{"count":0,"href":"https:\/\/primariamoldovanoua.ro\/index.php\/wp-json\/wp\/v2\/pages\/665\/revisions"}],"up":[{"embeddable":true,"href":"https:\/\/primariamoldovanoua.ro\/index.php\/wp-json\/wp\/v2\/pages\/664"}],"wp:attachment":[{"href":"https:\/\/primariamoldovanoua.ro\/index.php\/wp-json\/wp\/v2\/media?parent=665"}],"curies":[{"name":"wp","href":"https:\/\/api.w.org\/{rel}","templated":true}]}}