{"id":6718,"date":"2021-07-07T10:28:17","date_gmt":"2021-07-07T08:28:17","guid":{"rendered":"https:\/\/primariamoldovanoua.ro\/?page_id=6718"},"modified":"2021-07-07T10:28:17","modified_gmt":"2021-07-07T08:28:17","slug":"arhiva-2021","status":"publish","type":"page","link":"https:\/\/primariamoldovanoua.ro\/index.php\/arhiva-2021\/","title":{"rendered":"Arhiv\u0103 2021"},"content":{"rendered":"\n<h4 class=\"wp-block-heading\"><strong>PRIMAR:<\/strong><\/h4>\n\n\n\n<ul class=\"wp-block-list\"><li>Chis\u0103li\u0163\u0103 Ion<\/li><\/ul>\n\n\n\n<h4 class=\"wp-block-heading\"><strong>VICEPRIMAR:<\/strong><\/h4>\n\n\n\n<ul class=\"wp-block-list\"><li><a href=\"https:\/\/1drv.ms\/b\/s!Avvp6NIeJUPlkTeWODapF4piTTyY?e=eUhqw5\">Moise\u0219 Victor Adrian<\/a><\/li><\/ul>\n\n\n\n<h4 class=\"wp-block-heading\"><strong>SECRETAR:<\/strong><\/h4>\n\n\n\n<ul class=\"wp-block-list\"><li><a href=\"https:\/\/1drv.ms\/b\/s!Avvp6NIeJUPlkSGjPoRZSrlZeYjy?e=vLrRG9\">Ciovela Florin<\/a><\/li><\/ul>\n\n\n\n<h4 class=\"wp-block-heading\"><span style=\"color: #000000;\"><strong>CONSILIUL LOCAL:<\/strong><\/span><\/h4>\n\n\n\n<ul class=\"wp-block-list\"><li>&nbsp;<\/li><\/ul>\n\n\n\n<h4 class=\"wp-block-heading\"><strong>CITY MANAGER<\/strong><\/h4>\n\n\n\n<ul class=\"wp-block-list\"><li>Alm\u0103jan Lavinia<\/li><\/ul>\n\n\n\n<h4 class=\"wp-block-heading\"><strong>CONSILIER JURIDIC:<\/strong><\/h4>\n\n\n\n<ul class=\"wp-block-list\"><li><a href=\"https:\/\/1drv.ms\/b\/s!Avvp6NIeJUPlkSInb4elHNSeAqpx?e=eV76Dt\">Ciovela Mihaela<\/a><\/li><li><a href=\"https:\/\/1drv.ms\/b\/s!Avvp6NIeJUPlkUoAFj-MfGPzeHof?e=8fkLKP\">Stefanovici Casiana Maria<\/a><\/li><li><a href=\"https:\/\/1drv.ms\/b\/s!Avvp6NIeJUPlkTZ8RFQl8iTMBcN6?e=dDqxkw\">Mirovici Lorena<\/a><\/li><\/ul>\n\n\n\n<h4 class=\"wp-block-heading\"><strong>\u0218EFI SERVICII \u0218I BIROU:<\/strong><\/h4>\n\n\n\n<ul class=\"wp-block-list\"><li><a href=\"https:\/\/1drv.ms\/b\/s!Avvp6NIeJUPlkR0vnvkYioS-xgNH?e=A5I6kx\">Chis\u0103li\u021b\u0103 Marta<\/a><\/li><li><a href=\"https:\/\/1drv.ms\/b\/s!Avvp6NIeJUPlkRoeW8319jEAQVX-?e=9LlLv3\">Bratu Liviu<\/a><\/li><li><a href=\"https:\/\/1drv.ms\/b\/s!Avvp6NIeJUPlkTxrJsNtG8vj4m1M?e=SzAnVf\">Nistoran Dumitru<\/a><\/li><li><a href=\"https:\/\/1drv.ms\/b\/s!Avvp6NIeJUPlkU3iQ8Vz_F7B3esa?e=4G1CEn\">Szekely Radmila<\/a><\/li><li><a href=\"https:\/\/1drv.ms\/b\/s!Avvp6NIeJUPlkR4RLdyPK_nJxP4x?e=avYt0G\">C\u00e2npeanu Mirela<\/a><\/li><\/ul>\n\n\n\n<h4 class=\"wp-block-heading\"><strong>INSPECTORI:<\/strong><\/h4>\n\n\n\n<ul class=\"wp-block-list\"><li><a href=\"https:\/\/1drv.ms\/b\/s!Avvp6NIeJUPlkRw1CBFU730-LtEP?e=WKOZsA\">Blidariu&nbsp;Daniel<\/a><\/li><li><a href=\"https:\/\/1drv.ms\/b\/s!Avvp6NIeJUPlkReTkSY3eCzTUQIh\">Bencze Laszlo Ocsi<\/a><\/li><li><a href=\"https:\/\/1drv.ms\/b\/s!Avvp6NIeJUPlkSWEIHWjfxavKKzv?e=N9ErrM\">Constantinovici Lavinia<\/a><\/li><li><a href=\"https:\/\/1drv.ms\/b\/s!Avvp6NIeJUPlkSYOHjod49aZCHUz?e=qRpAdV\">Craiovan Lavinia<\/a><\/li><li><a href=\"https:\/\/1drv.ms\/b\/s!Avvp6NIeJUPlkSiBcCXfBIzLsiDc?e=Mlp4Th\">Dascalu Aura<\/a><\/li><li><a href=\"https:\/\/1drv.ms\/b\/s!Avvp6NIeJUPlkS1gPVBwVqKH-o4R?e=NthFW2\">Grecu Madelina<\/a><\/li><li><a href=\"https:\/\/1drv.ms\/b\/s!Avvp6NIeJUPlkTS2vPd4oGVEeqqP?e=H0JXVr\">Milivoievici Cai\u021ba<\/a><\/li><li><a href=\"https:\/\/1drv.ms\/b\/s!Avvp6NIeJUPlkTiuCBOsGwAqYumN?e=egCSLg\">N\u0103stase Alina Ramona<\/a><\/li><li><a href=\"https:\/\/1drv.ms\/b\/s!Avvp6NIeJUPlkT51GaWbZFMJ5n-V?e=ALmljs\">Nistoran Ilie<\/a><\/li><li><a href=\"https:\/\/1drv.ms\/b\/s!Avvp6NIeJUPlkUDLlM9Bk23csPKT?e=YvCiSv\">Novacovici Ramona<\/a><\/li><li><a href=\"https:\/\/1drv.ms\/b\/s!Avvp6NIeJUPlkUa7-SA-MSV3czVL?e=6hGxjq\">Sporea Mara<\/a><\/li><li><a href=\"https:\/\/1drv.ms\/b\/s!Avvp6NIeJUPlkUiDVjiE-cCpMBfB?e=3qR0LC\">Stanoevici Victor<\/a><\/li><li><a href=\"https:\/\/1drv.ms\/b\/s!Avvp6NIeJUPlkU_xEwvTr80_NSO-?e=SsqyMz\">Tism\u0103nariu Loredana<\/a><\/li><li><a href=\"https:\/\/1drv.ms\/b\/s!Avvp6NIeJUPlkVGOo_jI0oxcraN_?e=SzOICp\">Tismanaru Nicolae<\/a><\/li><li><a href=\"https:\/\/1drv.ms\/b\/s!Avvp6NIeJUPlkVWd5C9VLaS9pXCm?e=pGfT47\">Tuculia Esminca<\/a><\/li><\/ul>\n\n\n\n<h4 class=\"wp-block-heading\"><strong>REFEREN\u021aI:<\/strong><\/h4>\n\n\n\n<ul class=\"wp-block-list\"><li><a href=\"https:\/\/1drv.ms\/b\/s!Avvp6NIeJUPlkSmg5oU6Ls2BHsM0?e=fM5pjG\">Crenicean Adriana<\/a><\/li><li><a href=\"https:\/\/1drv.ms\/b\/s!Avvp6NIeJUPlkTEC4E6IQVKEnvvP?e=YRen5k\">Ghiba Constantin<\/a><\/li><li><a href=\"https:\/\/1drv.ms\/b\/s!Avvp6NIeJUPlkS6ynLKGPoU0zfHV?e=bxYgGk\">Iacob Viorica<\/a><\/li><li><a href=\"https:\/\/1drv.ms\/b\/s!Avvp6NIeJUPlkTM5zyjAvZvui_JK?e=VkKpmg\">Mihai Silvia<\/a><\/li><li><a href=\"https:\/\/1drv.ms\/b\/s!Avvp6NIeJUPlkTowsFUOj_xUP4Vz?e=xSKLLO\">Muntean Sorina Loredana<\/a><\/li><li><a href=\"https:\/\/1drv.ms\/b\/s!Avvp6NIeJUPlkT2z2HLAW5BbxfKH?e=PXBSqB\">Nicola Camelia<\/a><\/li><li><a href=\"https:\/\/1drv.ms\/b\/s!Avvp6NIeJUPlkUFS7kcFDhO4FGxk?e=yY0JTl\">Pascu Coarci<\/a><\/li><li><a href=\"https:\/\/1drv.ms\/b\/s!Avvp6NIeJUPlkUPei45aHN15U-aa?e=LJ0JbC\">Popovici Liliana<\/a><\/li><li><a href=\"https:\/\/1drv.ms\/b\/s!Avvp6NIeJUPlkUzUB1mgq8CvQFK2?e=caRbsA\">Stroia Ion<\/a><\/li><li><a href=\"https:\/\/1drv.ms\/b\/s!Avvp6NIeJUPlkU5dLoZRzRbkQKyi?e=FGiggu\">Tismanariu Ionica<\/a><\/li><li><a href=\"https:\/\/1drv.ms\/b\/s!Avvp6NIeJUPlkVB6YjYJ2qoWXFPo?e=qEu7gv\">Tismonariu Mihaela<\/a><\/li><\/ul>\n\n\n\n<h4 class=\"wp-block-heading\"><strong>POLI\u021aIA LOCAL\u0102:<\/strong><\/h4>\n\n\n\n<ul class=\"wp-block-list\"><li><a href=\"https:\/\/1drv.ms\/b\/s!Avvp6NIeJUPlkR-yrd1Ude8h0alN?e=aleGdf\">Chiseli\u021b\u0103 Ilie<\/a><\/li><li><a href=\"https:\/\/1drv.ms\/b\/s!Avvp6NIeJUPlkSM1CRnYJuNfPbx3?e=j5TarN\">C\u00eerpean Gheorghe<\/a><\/li><li><a href=\"https:\/\/1drv.ms\/b\/s!Avvp6NIeJUPlkSuRZGXhIf-1ht5o?e=6Wolmg\">Enache Dumitru<\/a><\/li><li><a href=\"https:\/\/1drv.ms\/b\/s!Avvp6NIeJUPlkS9zdf-8mdtgS894?e=wPcNfQ\">Iancovici Vladimir<\/a><\/li><li><a href=\"https:\/\/1drv.ms\/b\/s!Avvp6NIeJUPlkTl24X2rsHvdVVrA?e=fahvM2\">Neag Ghi\u021b\u0103 Petric\u0103<\/a><\/li><li><a href=\"https:\/\/1drv.ms\/b\/s!Avvp6NIeJUPlkTuC3OTyWfTD2kl3?e=S9MMEd\">Nicolici Goran<\/a><\/li><li><a href=\"https:\/\/1drv.ms\/b\/s!Avvp6NIeJUPlkUJdpX9ofqWvtJaF?e=hDUvrg\">Petraru Gheorghe<\/a><\/li><li><a href=\"https:\/\/1drv.ms\/b\/s!Avvp6NIeJUPlkURBAQjAKNhThhxb?e=yf0L9w\">Retezan Gheorghe<\/a><\/li><li><a href=\"https:\/\/1drv.ms\/b\/s!Avvp6NIeJUPlkUmLkdHhLIESB4Uv?e=km6MIB\">Stefanovici Adrian Marius<\/a><\/li><li><a href=\"https:\/\/1drv.ms\/b\/s!Avvp6NIeJUPlkUs5NB6tbbunSjqp?e=EnajR5\">Stoicovici Ovidiu<\/a><\/li><li><a href=\"https:\/\/1drv.ms\/b\/s!Avvp6NIeJUPlkVLRvZ9BC8zsob-f?e=1Dl4XN\">Toran Gheorghe<\/a><\/li><li><a href=\"https:\/\/1drv.ms\/b\/s!Avvp6NIeJUPlkVQK0pcJyx-y_MFg?e=PvSkEb\">Tudos\u0103 Daniel<\/a><\/li><li><a href=\"https:\/\/1drv.ms\/b\/s!Avvp6NIeJUPlkVewiVTLU-aUDYBW?e=O2TTQo\">Vig Ioan Daniel<\/a><\/li><\/ul>\n","protected":false},"excerpt":{"rendered":"<p>PRIMAR: Chis\u0103li\u0163\u0103 Ion VICEPRIMAR: Moise\u0219 Victor Adrian SECRETAR: Ciovela Florin CONSILIUL LOCAL: &nbsp; CITY MANAGER Alm\u0103jan Lavinia CONSILIER JURIDIC: Ciovela Mihaela Stefanovici Casiana Maria Mirovici Lorena \u0218EFI SERVICII \u0218I BIROU: Chis\u0103li\u021b\u0103 Marta Bratu Liviu Nistoran Dumitru Szekely Radmila C\u00e2npeanu Mirela INSPECTORI: Blidariu&nbsp;Daniel Bencze Laszlo Ocsi Constantinovici Lavinia Craiovan Lavinia Dascalu Aura Grecu Madelina Milivoievici Cai\u021ba [&hellip;]<\/p>\n","protected":false},"author":3,"featured_media":0,"parent":0,"menu_order":0,"comment_status":"closed","ping_status":"closed","template":"","meta":{"site-sidebar-layout":"default","site-content-layout":"default","ast-site-content-layout":"","site-content-style":"default","site-sidebar-style":"default","ast-global-header-display":"","ast-banner-title-visibility":"","ast-main-header-display":"","ast-hfb-above-header-display":"","ast-hfb-below-header-display":"","ast-hfb-mobile-header-display":"","site-post-title":"","ast-breadcrumbs-content":"","ast-featured-img":"","footer-sml-layout":"","theme-transparent-header-meta":"default","adv-header-id-meta":"","stick-header-meta":"default","header-above-stick-meta":"","header-main-stick-meta":"","header-below-stick-meta":"","astra-migrate-meta-layouts":"default","ast-page-background-enabled":"default","ast-page-background-meta":{"desktop":{"background-color":"","background-image":"","background-repeat":"repeat","background-position":"center center","background-size":"auto","background-attachment":"scroll","background-type":"","background-media":"","overlay-type":"","overlay-color":"","overlay-gradient":""},"tablet":{"background-color":"","background-image":"","background-repeat":"repeat","background-position":"center center","background-size":"auto","background-attachment":"scroll","background-type":"","background-media":"","overlay-type":"","overlay-color":"","overlay-gradient":""},"mobile":{"background-color":"","background-image":"","background-repeat":"repeat","background-position":"center center","background-size":"auto","background-attachment":"scroll","background-type":"","background-media":"","overlay-type":"","overlay-color":"","overlay-gradient":""}},"ast-content-background-meta":{"desktop":{"background-color":"var(--ast-global-color-5)","background-image":"","background-repeat":"repeat","background-position":"center center","background-size":"auto","background-attachment":"scroll","background-type":"","background-media":"","overlay-type":"","overlay-color":"","overlay-gradient":""},"tablet":{"background-color":"var(--ast-global-color-5)","background-image":"","background-repeat":"repeat","background-position":"center center","background-size":"auto","background-attachment":"scroll","background-type":"","background-media":"","overlay-type":"","overlay-color":"","overlay-gradient":""},"mobile":{"background-color":"var(--ast-global-color-5)","background-image":"","background-repeat":"repeat","background-position":"center center","background-size":"auto","background-attachment":"scroll","background-type":"","background-media":"","overlay-type":"","overlay-color":"","overlay-gradient":""}},"footnotes":""},"class_list":["post-6718","page","type-page","status-publish","hentry"],"yoast_head":"<!-- This site is optimized with the Yoast SEO plugin v27.0 - https:\/\/yoast.com\/product\/yoast-seo-wordpress\/ -->\n<title>Arhiv\u0103 2021 - Prim\u0103riaMoldovaNou\u0103.ro<\/title>\n<meta name=\"robots\" content=\"index, follow, max-snippet:-1, max-image-preview:large, max-video-preview:-1\" \/>\n<link rel=\"canonical\" href=\"https:\/\/primariamoldovanoua.ro\/index.php\/arhiva-2021\/\" \/>\n<meta property=\"og:locale\" content=\"en_US\" \/>\n<meta property=\"og:type\" content=\"article\" \/>\n<meta property=\"og:title\" content=\"Arhiv\u0103 2021 - Prim\u0103riaMoldovaNou\u0103.ro\" \/>\n<meta property=\"og:description\" content=\"PRIMAR: Chis\u0103li\u0163\u0103 Ion VICEPRIMAR: Moise\u0219 Victor Adrian SECRETAR: Ciovela Florin CONSILIUL LOCAL: &nbsp; CITY MANAGER Alm\u0103jan Lavinia CONSILIER JURIDIC: Ciovela Mihaela Stefanovici Casiana Maria Mirovici Lorena \u0218EFI SERVICII \u0218I BIROU: Chis\u0103li\u021b\u0103 Marta Bratu Liviu Nistoran Dumitru Szekely Radmila C\u00e2npeanu Mirela INSPECTORI: Blidariu&nbsp;Daniel Bencze Laszlo Ocsi Constantinovici Lavinia Craiovan Lavinia Dascalu Aura Grecu Madelina Milivoievici Cai\u021ba [&hellip;]\" \/>\n<meta property=\"og:url\" content=\"https:\/\/primariamoldovanoua.ro\/index.php\/arhiva-2021\/\" \/>\n<meta property=\"og:site_name\" content=\"Prim\u0103riaMoldovaNou\u0103.ro\" \/>\n<meta name=\"twitter:card\" content=\"summary_large_image\" \/>\n<script type=\"application\/ld+json\" class=\"yoast-schema-graph\">{\"@context\":\"https:\/\/schema.org\",\"@graph\":[{\"@type\":\"WebPage\",\"@id\":\"https:\/\/primariamoldovanoua.ro\/index.php\/arhiva-2021\/\",\"url\":\"https:\/\/primariamoldovanoua.ro\/index.php\/arhiva-2021\/\",\"name\":\"Arhiv\u0103 2021 - Prim\u0103riaMoldovaNou\u0103.ro\",\"isPartOf\":{\"@id\":\"https:\/\/primariamoldovanoua.ro\/#website\"},\"datePublished\":\"2021-07-07T08:28:17+00:00\",\"breadcrumb\":{\"@id\":\"https:\/\/primariamoldovanoua.ro\/index.php\/arhiva-2021\/#breadcrumb\"},\"inLanguage\":\"en-US\",\"potentialAction\":[{\"@type\":\"ReadAction\",\"target\":[\"https:\/\/primariamoldovanoua.ro\/index.php\/arhiva-2021\/\"]}]},{\"@type\":\"BreadcrumbList\",\"@id\":\"https:\/\/primariamoldovanoua.ro\/index.php\/arhiva-2021\/#breadcrumb\",\"itemListElement\":[{\"@type\":\"ListItem\",\"position\":1,\"name\":\"Home\",\"item\":\"https:\/\/primariamoldovanoua.ro\/\"},{\"@type\":\"ListItem\",\"position\":2,\"name\":\"Arhiv\u0103 2021\"}]},{\"@type\":\"WebSite\",\"@id\":\"https:\/\/primariamoldovanoua.ro\/#website\",\"url\":\"https:\/\/primariamoldovanoua.ro\/\",\"name\":\"Prim\u0103riaMoldovaNou\u0103.ro\",\"description\":\"Site-ul oficial al UAT Moldova Nou\u0103, jude\u0163ul Cara\u015f-Severin\",\"publisher\":{\"@id\":\"https:\/\/primariamoldovanoua.ro\/#organization\"},\"potentialAction\":[{\"@type\":\"SearchAction\",\"target\":{\"@type\":\"EntryPoint\",\"urlTemplate\":\"https:\/\/primariamoldovanoua.ro\/?s={search_term_string}\"},\"query-input\":{\"@type\":\"PropertyValueSpecification\",\"valueRequired\":true,\"valueName\":\"search_term_string\"}}],\"inLanguage\":\"en-US\"},{\"@type\":\"Organization\",\"@id\":\"https:\/\/primariamoldovanoua.ro\/#organization\",\"name\":\"Prim\u0103riaMoldovaNou\u0103.ro\",\"url\":\"https:\/\/primariamoldovanoua.ro\/\",\"logo\":{\"@type\":\"ImageObject\",\"inLanguage\":\"en-US\",\"@id\":\"https:\/\/primariamoldovanoua.ro\/#\/schema\/logo\/image\/\",\"url\":\"https:\/\/primariamoldovanoua.ro\/wp-content\/uploads\/2021\/04\/cropped-Logo-Moldova-Noua-M-1.png\",\"contentUrl\":\"https:\/\/primariamoldovanoua.ro\/wp-content\/uploads\/2021\/04\/cropped-Logo-Moldova-Noua-M-1.png\",\"width\":158,\"height\":250,\"caption\":\"Prim\u0103riaMoldovaNou\u0103.ro\"},\"image\":{\"@id\":\"https:\/\/primariamoldovanoua.ro\/#\/schema\/logo\/image\/\"}}]}<\/script>\n<!-- \/ Yoast SEO plugin. -->","yoast_head_json":{"title":"Arhiv\u0103 2021 - Prim\u0103riaMoldovaNou\u0103.ro","robots":{"index":"index","follow":"follow","max-snippet":"max-snippet:-1","max-image-preview":"max-image-preview:large","max-video-preview":"max-video-preview:-1"},"canonical":"https:\/\/primariamoldovanoua.ro\/index.php\/arhiva-2021\/","og_locale":"en_US","og_type":"article","og_title":"Arhiv\u0103 2021 - Prim\u0103riaMoldovaNou\u0103.ro","og_description":"PRIMAR: Chis\u0103li\u0163\u0103 Ion VICEPRIMAR: Moise\u0219 Victor Adrian SECRETAR: Ciovela Florin CONSILIUL LOCAL: &nbsp; CITY MANAGER Alm\u0103jan Lavinia CONSILIER JURIDIC: Ciovela Mihaela Stefanovici Casiana Maria Mirovici Lorena \u0218EFI SERVICII \u0218I BIROU: Chis\u0103li\u021b\u0103 Marta Bratu Liviu Nistoran Dumitru Szekely Radmila C\u00e2npeanu Mirela INSPECTORI: Blidariu&nbsp;Daniel Bencze Laszlo Ocsi Constantinovici Lavinia Craiovan Lavinia Dascalu Aura Grecu Madelina Milivoievici Cai\u021ba [&hellip;]","og_url":"https:\/\/primariamoldovanoua.ro\/index.php\/arhiva-2021\/","og_site_name":"Prim\u0103riaMoldovaNou\u0103.ro","twitter_card":"summary_large_image","schema":{"@context":"https:\/\/schema.org","@graph":[{"@type":"WebPage","@id":"https:\/\/primariamoldovanoua.ro\/index.php\/arhiva-2021\/","url":"https:\/\/primariamoldovanoua.ro\/index.php\/arhiva-2021\/","name":"Arhiv\u0103 2021 - Prim\u0103riaMoldovaNou\u0103.ro","isPartOf":{"@id":"https:\/\/primariamoldovanoua.ro\/#website"},"datePublished":"2021-07-07T08:28:17+00:00","breadcrumb":{"@id":"https:\/\/primariamoldovanoua.ro\/index.php\/arhiva-2021\/#breadcrumb"},"inLanguage":"en-US","potentialAction":[{"@type":"ReadAction","target":["https:\/\/primariamoldovanoua.ro\/index.php\/arhiva-2021\/"]}]},{"@type":"BreadcrumbList","@id":"https:\/\/primariamoldovanoua.ro\/index.php\/arhiva-2021\/#breadcrumb","itemListElement":[{"@type":"ListItem","position":1,"name":"Home","item":"https:\/\/primariamoldovanoua.ro\/"},{"@type":"ListItem","position":2,"name":"Arhiv\u0103 2021"}]},{"@type":"WebSite","@id":"https:\/\/primariamoldovanoua.ro\/#website","url":"https:\/\/primariamoldovanoua.ro\/","name":"Prim\u0103riaMoldovaNou\u0103.ro","description":"Site-ul oficial al UAT Moldova Nou\u0103, jude\u0163ul Cara\u015f-Severin","publisher":{"@id":"https:\/\/primariamoldovanoua.ro\/#organization"},"potentialAction":[{"@type":"SearchAction","target":{"@type":"EntryPoint","urlTemplate":"https:\/\/primariamoldovanoua.ro\/?s={search_term_string}"},"query-input":{"@type":"PropertyValueSpecification","valueRequired":true,"valueName":"search_term_string"}}],"inLanguage":"en-US"},{"@type":"Organization","@id":"https:\/\/primariamoldovanoua.ro\/#organization","name":"Prim\u0103riaMoldovaNou\u0103.ro","url":"https:\/\/primariamoldovanoua.ro\/","logo":{"@type":"ImageObject","inLanguage":"en-US","@id":"https:\/\/primariamoldovanoua.ro\/#\/schema\/logo\/image\/","url":"https:\/\/primariamoldovanoua.ro\/wp-content\/uploads\/2021\/04\/cropped-Logo-Moldova-Noua-M-1.png","contentUrl":"https:\/\/primariamoldovanoua.ro\/wp-content\/uploads\/2021\/04\/cropped-Logo-Moldova-Noua-M-1.png","width":158,"height":250,"caption":"Prim\u0103riaMoldovaNou\u0103.ro"},"image":{"@id":"https:\/\/primariamoldovanoua.ro\/#\/schema\/logo\/image\/"}}]}},"_links":{"self":[{"href":"https:\/\/primariamoldovanoua.ro\/index.php\/wp-json\/wp\/v2\/pages\/6718","targetHints":{"allow":["GET"]}}],"collection":[{"href":"https:\/\/primariamoldovanoua.ro\/index.php\/wp-json\/wp\/v2\/pages"}],"about":[{"href":"https:\/\/primariamoldovanoua.ro\/index.php\/wp-json\/wp\/v2\/types\/page"}],"author":[{"embeddable":true,"href":"https:\/\/primariamoldovanoua.ro\/index.php\/wp-json\/wp\/v2\/users\/3"}],"replies":[{"embeddable":true,"href":"https:\/\/primariamoldovanoua.ro\/index.php\/wp-json\/wp\/v2\/comments?post=6718"}],"version-history":[{"count":0,"href":"https:\/\/primariamoldovanoua.ro\/index.php\/wp-json\/wp\/v2\/pages\/6718\/revisions"}],"wp:attachment":[{"href":"https:\/\/primariamoldovanoua.ro\/index.php\/wp-json\/wp\/v2\/media?parent=6718"}],"curies":[{"name":"wp","href":"https:\/\/api.w.org\/{rel}","templated":true}]}}