{"id":849,"date":"2016-09-15T13:15:28","date_gmt":"2016-09-15T10:15:28","guid":{"rendered":"https:\/\/primariamoldovanoua.ro\/?page_id=849"},"modified":"2024-11-11T10:18:32","modified_gmt":"2024-11-11T08:18:32","slug":"urbanism","status":"publish","type":"page","link":"https:\/\/primariamoldovanoua.ro\/index.php\/departamente\/urbanism\/","title":{"rendered":"Urbanism"},"content":{"rendered":"<p>\u00a0<\/p>\n<p>\u00a0<\/p>\n<p><strong>&#8211;<\/strong>\u00a0<strong>Bencze Laszlo Ocsi &#8211;\u00a0 inspector\u00a0 clasa 1 grad superior<\/strong><\/p>\n<p><strong>&#8211; Cornescu Nicolae &#8211; referent<\/strong><\/p>\n<p>Contact:\u00a0<a href=\"mailto:urbanism@primariamoldovanoua.ro\" target=\"_blank\" rel=\"noopener\"><span style=\"font-weight: 400;\">urbanism@primariamoldovanoua.ro<\/span><\/a><\/p>\n<h2><strong>INFORMA\u0162II DE INTERES PUBLIC<\/strong><\/h2>\n<p>1) Cerere aviz sapatura &#8211; <a href=\"https:\/\/primariamoldovanoua.ro\/wp-content\/uploads\/2022\/04\/Cerere-Aviz-sapatura-Nou.docx\">DESCARC\u0102<\/a><\/p>\n<p>2) Formular pentru calculul taxei de refacere &#8211; <a href=\"https:\/\/primariamoldovanoua.ro\/wp-content\/uploads\/2022\/04\/Anexa-nr8-formular-calcul-refacere.docx\">DESCARC\u0102<\/a><\/p>\n<p>3) Documente necesare pentru notificare Agentie Protectia Mediului &#8211; <a href=\"https:\/\/primariamoldovanoua.ro\/wp-content\/uploads\/2019\/03\/Documente-necesare-pentru-Aviz-Protectia-Mediului.docx\">DESCARC\u0102<\/a><\/p>\n<p>4) Cerere pentru emitere certificat urbanism &#8211; <a href=\"https:\/\/primariamoldovanoua.ro\/wp-content\/uploads\/2018\/07\/Cerere-CU.docx\">DESCARC\u0102<\/a><\/p>\n<p>5) Cerere prelungire certificat urbanism &#8211; <a href=\"https:\/\/primariamoldovanoua.ro\/wp-content\/uploads\/2018\/07\/Cerere-prelungire-CU.docx\">DESCARC\u0102<\/a><\/p>\n<p>6) Cerere emitere autorizatie de construire &#8211; <a href=\"https:\/\/primariamoldovanoua.ro\/wp-content\/uploads\/2018\/07\/cerere-AC.docx\">DESCARC\u0102<\/a><\/p>\n<p>7) Cerere prelungire autorizatie de construire &#8211; <a href=\"https:\/\/primariamoldovanoua.ro\/wp-content\/uploads\/2018\/07\/Cerere-prelungire-AC.docx\">DESCARC\u0102<\/a><\/p>\n<p>8) Cerere eliberare certificate de nomenclatura stradala si adresa &#8211; <a href=\"https:\/\/primariamoldovanoua.ro\/wp-content\/uploads\/2018\/07\/Cerere-eliberare-nomenclatura-stadala.docx\">DESCARC\u0102<\/a><\/p>\n<p>9) Comunicare incepere lucrari( catre ISC) &#8211; <a href=\"https:\/\/primariamoldovanoua.ro\/wp-content\/uploads\/2018\/07\/COMUNICARE-INCEPERE-L.docx\">DESCARC\u0102<\/a><\/p>\n<p>10) Comunicare incepere lucrari (catre Primarie) &#8211; <a href=\"https:\/\/primariamoldovanoua.ro\/wp-content\/uploads\/2018\/07\/Comunicare-incepere-primarie.docx\">DESCARC\u0102<\/a><\/p>\n<p>11) Declaratie privind valoarea reala a lucrarilor &#8211; <a href=\"https:\/\/primariamoldovanoua.ro\/wp-content\/uploads\/2018\/07\/declaratie-valoare.docx\">DESCARC\u0102<\/a><\/p>\n<p>12) Model panou identificare &#8211; <a href=\"https:\/\/primariamoldovanoua.ro\/wp-content\/uploads\/2018\/07\/MODEL-panou-identificare.docx\">DESCARC\u0102<\/a><\/p>\n<p>13) Proces verbal de receptie la terminarea lucrarilor &#8211; <a href=\"https:\/\/primariamoldovanoua.ro\/wp-content\/uploads\/2018\/07\/proces-verbal-de-receptie-la-terminare-lucrari.docx\">DESCARC\u0102<\/a><\/p>\n<p>14) Documente necesare obtinerii certificatului de urbanism si autorizatiei de construire\/desfiintare &#8211; <a href=\"https:\/\/primariamoldovanoua.ro\/wp-content\/uploads\/2018\/07\/Documentele-necesare-emiterii-certificatului-de-urbanism-\u015fi-autoriza\u0163iei-de-construire-1.docx\">DESCARC\u0102<\/a><\/p>\n<p>15) Memoriu general aferent planului urbanistic general &#8211; <a href=\"https:\/\/www.primariamoldovanoua.ro\/wp-content\/uploads\/2022\/03\/2_MEMORIU_GENERAL_Moldova_Noua-21_07_2021.pdf\" target=\"_blank\" rel=\"noreferrer noopener\">DESCARC\u0102<\/a><\/p>\n<p>16) Regulamentul local de urbanism aferent planului urbanistic general &#8211;\u00a0<a href=\"https:\/\/www.primariamoldovanoua.ro\/wp-content\/uploads\/2022\/03\/3_REGULAMENT_LOCAL_DE_URBANISM_Moldova_Noua-21_07_2021.pdf\" target=\"_blank\" rel=\"noreferrer noopener\">DESCARC\u0102<\/a><\/p>\n<p>17) Reglement\u0103ri edilitare iulie 2021 &#8211; <a href=\"https:\/\/www.primariamoldovanoua.ro\/wp-content\/uploads\/2022\/03\/PUG_MOLDOVA_NOUA-reglementari_edilitare_iulie2021-5PNPF+situri+winkraft.pdf\" target=\"_blank\" rel=\"noreferrer noopener\">DESCARC\u0102<\/a><\/p>\n<p>18) P.U.G. Moldova Nou\u0103 \u2013 \u00eencadrare \u00een teritoriu octombrie 2021 &#8211; <a href=\"https:\/\/www.primariamoldovanoua.ro\/wp-content\/uploads\/2022\/03\/PUG_MOLDOVA_NOUA-incadrare_in_teritoriu_octombrie2021.pdf\" target=\"_blank\" rel=\"noreferrer noopener\">DESCARC\u0102<\/a><\/p>\n<p>19) P.U.G. Moldova Nou\u0103 \u2013 situa\u0163ia existent\u0103 octombrie 2021 &#8211; <a href=\"https:\/\/www.primariamoldovanoua.ro\/wp-content\/uploads\/2022\/03\/PUG_MOLDOVA_NOUA-situatia_existenta_octombrie2021.pdf\" target=\"_blank\" rel=\"noreferrer noopener\">DESCARC\u0102<\/a><\/p>\n<p>20) P.U.G. Moldova Nou\u0103 \u2013 UTR propuse octombrie 2021 &#8211; <a href=\"https:\/\/www.primariamoldovanoua.ro\/wp-content\/uploads\/2022\/03\/PUG_MOLDOVA_NOUA-UTR_propuse_octombrie2021-5PNPF+situri+winkraft.pdf\" target=\"_blank\" rel=\"noreferrer noopener\">DESCARC\u0102<\/a><\/p>\n<p>21) P.U.G. Moldova Nou\u0103 \u2013 zonificare propus\u0103 &#8211; <a href=\"https:\/\/www.primariamoldovanoua.ro\/wp-content\/uploads\/2022\/03\/PUG_MOLDOVA_NOUA-zonificare%20propusa-aprilie2021-ver-fin-PNPF-iulie2021.pdf\" target=\"_blank\" rel=\"noreferrer noopener\">DESCARC\u0102<\/a><\/p>\n<p>22) Regulament local de urbanism &#8211; <a href=\"https:\/\/primariamoldovanoua.ro\/wp-content\/uploads\/2022\/07\/Regulament-Local-de-Urbanism.pdf\" target=\"_blank\" rel=\"noreferrer noopener\">DESCARC\u0102<\/a><\/p>\n<p>23) Modific\u0103ri valabilitate autoriza\u0163ie de construire\/desfiin\u0163are &#8211; <a href=\"https:\/\/primariamoldovanoua.ro\/index.php\/2022\/11\/01\/modificari-valabilitate-autorizatie-de-construire-desfiintare\/\" target=\"_blank\" rel=\"noreferrer noopener\">DESCARC\u0102<\/a><\/p>\n\n\n<p>24) Cerere tip &#8211; certificat de atestare a edific\u0103rii-extinderii construc\u0163ie &#8211; <a href=\"https:\/\/primariamoldovanoua.ro\/wp-content\/uploads\/2023\/10\/CERERE-TIP-CERTIFICAT-DE-ATESTARE-A-EDIFICARII-EXTINDERII-CONSTRUCTIE.docx\" target=\"_blank\" rel=\"noreferrer noopener\">DESCARC\u0102<\/a><\/p>\n\n\n\n<p>25) Formular F.16 comunicare privind \u00eencheierea execu\u0163iei lucr\u0103rilor &#8211; <a href=\"https:\/\/primariamoldovanoua.ro\/wp-content\/uploads\/2023\/10\/Formular-F.16-Comunicare-privind-incheierea-executiei-lucrarilor.pdf\" target=\"_blank\" rel=\"noreferrer noopener\">DESCARC\u0102<\/a><\/p>\n\n\n<\/p>\n\n\n<p>&nbsp;<\/p>\n","protected":false},"excerpt":{"rendered":"<p>\u00a0 \u00a0 &#8211;\u00a0Bencze Laszlo Ocsi &#8211;\u00a0 inspector\u00a0 clasa 1 grad superior &#8211; Cornescu Nicolae &#8211; referent Contact:\u00a0urbanism@primariamoldovanoua.ro INFORMA\u0162II DE INTERES PUBLIC 1) Cerere aviz sapatura &#8211; DESCARC\u0102 2) Formular pentru calculul taxei de refacere &#8211; DESCARC\u0102 3) Documente necesare pentru notificare Agentie Protectia Mediului &#8211; DESCARC\u0102 4) Cerere pentru emitere certificat urbanism &#8211; DESCARC\u0102 5) [&hellip;]<\/p>\n","protected":false},"author":1,"featured_media":0,"parent":368,"menu_order":0,"comment_status":"closed","ping_status":"closed","template":"","meta":{"site-sidebar-layout":"default","site-content-layout":"default","ast-site-content-layout":"default","site-content-style":"default","site-sidebar-style":"default","ast-global-header-display":"","ast-banner-title-visibility":"","ast-main-header-display":"","ast-hfb-above-header-display":"","ast-hfb-below-header-display":"","ast-hfb-mobile-header-display":"","site-post-title":"","ast-breadcrumbs-content":"","ast-featured-img":"","footer-sml-layout":"","theme-transparent-header-meta":"default","adv-header-id-meta":"","stick-header-meta":"default","header-above-stick-meta":"","header-main-stick-meta":"","header-below-stick-meta":"","astra-migrate-meta-layouts":"set","ast-page-background-enabled":"default","ast-page-background-meta":{"desktop":{"background-color":"","background-image":"","background-repeat":"repeat","background-position":"center center","background-size":"auto","background-attachment":"scroll","background-type":"","background-media":"","overlay-type":"","overlay-color":"","overlay-gradient":""},"tablet":{"background-color":"","background-image":"","background-repeat":"repeat","background-position":"center center","background-size":"auto","background-attachment":"scroll","background-type":"","background-media":"","overlay-type":"","overlay-color":"","overlay-gradient":""},"mobile":{"background-color":"","background-image":"","background-repeat":"repeat","background-position":"center center","background-size":"auto","background-attachment":"scroll","background-type":"","background-media":"","overlay-type":"","overlay-color":"","overlay-gradient":""}},"ast-content-background-meta":{"desktop":{"background-color":"var(--ast-global-color-5)","background-image":"","background-repeat":"repeat","background-position":"center center","background-size":"auto","background-attachment":"scroll","background-type":"","background-media":"","overlay-type":"","overlay-color":"","overlay-gradient":""},"tablet":{"background-color":"var(--ast-global-color-5)","background-image":"","background-repeat":"repeat","background-position":"center center","background-size":"auto","background-attachment":"scroll","background-type":"","background-media":"","overlay-type":"","overlay-color":"","overlay-gradient":""},"mobile":{"background-color":"var(--ast-global-color-5)","background-image":"","background-repeat":"repeat","background-position":"center center","background-size":"auto","background-attachment":"scroll","background-type":"","background-media":"","overlay-type":"","overlay-color":"","overlay-gradient":""}},"footnotes":""},"class_list":["post-849","page","type-page","status-publish","hentry"],"yoast_head":"<!-- This site is optimized with the Yoast SEO plugin v27.0 - https:\/\/yoast.com\/product\/yoast-seo-wordpress\/ -->\n<title>Urbanism - Prim\u0103riaMoldovaNou\u0103.ro<\/title>\n<meta name=\"robots\" content=\"index, follow, max-snippet:-1, max-image-preview:large, max-video-preview:-1\" \/>\n<link rel=\"canonical\" href=\"https:\/\/primariamoldovanoua.ro\/index.php\/departamente\/urbanism\/\" \/>\n<meta property=\"og:locale\" content=\"en_US\" \/>\n<meta property=\"og:type\" content=\"article\" \/>\n<meta property=\"og:title\" content=\"Urbanism - Prim\u0103riaMoldovaNou\u0103.ro\" \/>\n<meta property=\"og:description\" content=\"\u00a0 \u00a0 &#8211;\u00a0Bencze Laszlo Ocsi &#8211;\u00a0 inspector\u00a0 clasa 1 grad superior &#8211; Cornescu Nicolae &#8211; referent Contact:\u00a0urbanism@primariamoldovanoua.ro INFORMA\u0162II DE INTERES PUBLIC 1) Cerere aviz sapatura &#8211; DESCARC\u0102 2) Formular pentru calculul taxei de refacere &#8211; DESCARC\u0102 3) Documente necesare pentru notificare Agentie Protectia Mediului &#8211; DESCARC\u0102 4) Cerere pentru emitere certificat urbanism &#8211; DESCARC\u0102 5) [&hellip;]\" \/>\n<meta property=\"og:url\" content=\"https:\/\/primariamoldovanoua.ro\/index.php\/departamente\/urbanism\/\" \/>\n<meta property=\"og:site_name\" content=\"Prim\u0103riaMoldovaNou\u0103.ro\" \/>\n<meta property=\"article:modified_time\" content=\"2024-11-11T08:18:32+00:00\" \/>\n<meta name=\"twitter:card\" content=\"summary_large_image\" \/>\n<meta name=\"twitter:label1\" content=\"Est. reading time\" \/>\n\t<meta name=\"twitter:data1\" content=\"1 minute\" \/>\n<script type=\"application\/ld+json\" class=\"yoast-schema-graph\">{\"@context\":\"https:\/\/schema.org\",\"@graph\":[{\"@type\":\"WebPage\",\"@id\":\"https:\/\/primariamoldovanoua.ro\/index.php\/departamente\/urbanism\/\",\"url\":\"https:\/\/primariamoldovanoua.ro\/index.php\/departamente\/urbanism\/\",\"name\":\"Urbanism - Prim\u0103riaMoldovaNou\u0103.ro\",\"isPartOf\":{\"@id\":\"https:\/\/primariamoldovanoua.ro\/#website\"},\"datePublished\":\"2016-09-15T10:15:28+00:00\",\"dateModified\":\"2024-11-11T08:18:32+00:00\",\"breadcrumb\":{\"@id\":\"https:\/\/primariamoldovanoua.ro\/index.php\/departamente\/urbanism\/#breadcrumb\"},\"inLanguage\":\"en-US\",\"potentialAction\":[{\"@type\":\"ReadAction\",\"target\":[\"https:\/\/primariamoldovanoua.ro\/index.php\/departamente\/urbanism\/\"]}]},{\"@type\":\"BreadcrumbList\",\"@id\":\"https:\/\/primariamoldovanoua.ro\/index.php\/departamente\/urbanism\/#breadcrumb\",\"itemListElement\":[{\"@type\":\"ListItem\",\"position\":1,\"name\":\"Home\",\"item\":\"https:\/\/primariamoldovanoua.ro\/\"},{\"@type\":\"ListItem\",\"position\":2,\"name\":\"Departamente\",\"item\":\"https:\/\/primariamoldovanoua.ro\/index.php\/departamente\/\"},{\"@type\":\"ListItem\",\"position\":3,\"name\":\"Urbanism\"}]},{\"@type\":\"WebSite\",\"@id\":\"https:\/\/primariamoldovanoua.ro\/#website\",\"url\":\"https:\/\/primariamoldovanoua.ro\/\",\"name\":\"Prim\u0103riaMoldovaNou\u0103.ro\",\"description\":\"Site-ul oficial al UAT Moldova Nou\u0103, jude\u0163ul Cara\u015f-Severin\",\"publisher\":{\"@id\":\"https:\/\/primariamoldovanoua.ro\/#organization\"},\"potentialAction\":[{\"@type\":\"SearchAction\",\"target\":{\"@type\":\"EntryPoint\",\"urlTemplate\":\"https:\/\/primariamoldovanoua.ro\/?s={search_term_string}\"},\"query-input\":{\"@type\":\"PropertyValueSpecification\",\"valueRequired\":true,\"valueName\":\"search_term_string\"}}],\"inLanguage\":\"en-US\"},{\"@type\":\"Organization\",\"@id\":\"https:\/\/primariamoldovanoua.ro\/#organization\",\"name\":\"Prim\u0103riaMoldovaNou\u0103.ro\",\"url\":\"https:\/\/primariamoldovanoua.ro\/\",\"logo\":{\"@type\":\"ImageObject\",\"inLanguage\":\"en-US\",\"@id\":\"https:\/\/primariamoldovanoua.ro\/#\/schema\/logo\/image\/\",\"url\":\"https:\/\/primariamoldovanoua.ro\/wp-content\/uploads\/2021\/04\/cropped-Logo-Moldova-Noua-M-1.png\",\"contentUrl\":\"https:\/\/primariamoldovanoua.ro\/wp-content\/uploads\/2021\/04\/cropped-Logo-Moldova-Noua-M-1.png\",\"width\":158,\"height\":250,\"caption\":\"Prim\u0103riaMoldovaNou\u0103.ro\"},\"image\":{\"@id\":\"https:\/\/primariamoldovanoua.ro\/#\/schema\/logo\/image\/\"}}]}<\/script>\n<!-- \/ Yoast SEO plugin. -->","yoast_head_json":{"title":"Urbanism - Prim\u0103riaMoldovaNou\u0103.ro","robots":{"index":"index","follow":"follow","max-snippet":"max-snippet:-1","max-image-preview":"max-image-preview:large","max-video-preview":"max-video-preview:-1"},"canonical":"https:\/\/primariamoldovanoua.ro\/index.php\/departamente\/urbanism\/","og_locale":"en_US","og_type":"article","og_title":"Urbanism - Prim\u0103riaMoldovaNou\u0103.ro","og_description":"\u00a0 \u00a0 &#8211;\u00a0Bencze Laszlo Ocsi &#8211;\u00a0 inspector\u00a0 clasa 1 grad superior &#8211; Cornescu Nicolae &#8211; referent Contact:\u00a0urbanism@primariamoldovanoua.ro INFORMA\u0162II DE INTERES PUBLIC 1) Cerere aviz sapatura &#8211; DESCARC\u0102 2) Formular pentru calculul taxei de refacere &#8211; DESCARC\u0102 3) Documente necesare pentru notificare Agentie Protectia Mediului &#8211; DESCARC\u0102 4) Cerere pentru emitere certificat urbanism &#8211; DESCARC\u0102 5) [&hellip;]","og_url":"https:\/\/primariamoldovanoua.ro\/index.php\/departamente\/urbanism\/","og_site_name":"Prim\u0103riaMoldovaNou\u0103.ro","article_modified_time":"2024-11-11T08:18:32+00:00","twitter_card":"summary_large_image","twitter_misc":{"Est. reading time":"1 minute"},"schema":{"@context":"https:\/\/schema.org","@graph":[{"@type":"WebPage","@id":"https:\/\/primariamoldovanoua.ro\/index.php\/departamente\/urbanism\/","url":"https:\/\/primariamoldovanoua.ro\/index.php\/departamente\/urbanism\/","name":"Urbanism - Prim\u0103riaMoldovaNou\u0103.ro","isPartOf":{"@id":"https:\/\/primariamoldovanoua.ro\/#website"},"datePublished":"2016-09-15T10:15:28+00:00","dateModified":"2024-11-11T08:18:32+00:00","breadcrumb":{"@id":"https:\/\/primariamoldovanoua.ro\/index.php\/departamente\/urbanism\/#breadcrumb"},"inLanguage":"en-US","potentialAction":[{"@type":"ReadAction","target":["https:\/\/primariamoldovanoua.ro\/index.php\/departamente\/urbanism\/"]}]},{"@type":"BreadcrumbList","@id":"https:\/\/primariamoldovanoua.ro\/index.php\/departamente\/urbanism\/#breadcrumb","itemListElement":[{"@type":"ListItem","position":1,"name":"Home","item":"https:\/\/primariamoldovanoua.ro\/"},{"@type":"ListItem","position":2,"name":"Departamente","item":"https:\/\/primariamoldovanoua.ro\/index.php\/departamente\/"},{"@type":"ListItem","position":3,"name":"Urbanism"}]},{"@type":"WebSite","@id":"https:\/\/primariamoldovanoua.ro\/#website","url":"https:\/\/primariamoldovanoua.ro\/","name":"Prim\u0103riaMoldovaNou\u0103.ro","description":"Site-ul oficial al UAT Moldova Nou\u0103, jude\u0163ul Cara\u015f-Severin","publisher":{"@id":"https:\/\/primariamoldovanoua.ro\/#organization"},"potentialAction":[{"@type":"SearchAction","target":{"@type":"EntryPoint","urlTemplate":"https:\/\/primariamoldovanoua.ro\/?s={search_term_string}"},"query-input":{"@type":"PropertyValueSpecification","valueRequired":true,"valueName":"search_term_string"}}],"inLanguage":"en-US"},{"@type":"Organization","@id":"https:\/\/primariamoldovanoua.ro\/#organization","name":"Prim\u0103riaMoldovaNou\u0103.ro","url":"https:\/\/primariamoldovanoua.ro\/","logo":{"@type":"ImageObject","inLanguage":"en-US","@id":"https:\/\/primariamoldovanoua.ro\/#\/schema\/logo\/image\/","url":"https:\/\/primariamoldovanoua.ro\/wp-content\/uploads\/2021\/04\/cropped-Logo-Moldova-Noua-M-1.png","contentUrl":"https:\/\/primariamoldovanoua.ro\/wp-content\/uploads\/2021\/04\/cropped-Logo-Moldova-Noua-M-1.png","width":158,"height":250,"caption":"Prim\u0103riaMoldovaNou\u0103.ro"},"image":{"@id":"https:\/\/primariamoldovanoua.ro\/#\/schema\/logo\/image\/"}}]}},"_links":{"self":[{"href":"https:\/\/primariamoldovanoua.ro\/index.php\/wp-json\/wp\/v2\/pages\/849","targetHints":{"allow":["GET"]}}],"collection":[{"href":"https:\/\/primariamoldovanoua.ro\/index.php\/wp-json\/wp\/v2\/pages"}],"about":[{"href":"https:\/\/primariamoldovanoua.ro\/index.php\/wp-json\/wp\/v2\/types\/page"}],"author":[{"embeddable":true,"href":"https:\/\/primariamoldovanoua.ro\/index.php\/wp-json\/wp\/v2\/users\/1"}],"replies":[{"embeddable":true,"href":"https:\/\/primariamoldovanoua.ro\/index.php\/wp-json\/wp\/v2\/comments?post=849"}],"version-history":[{"count":20,"href":"https:\/\/primariamoldovanoua.ro\/index.php\/wp-json\/wp\/v2\/pages\/849\/revisions"}],"predecessor-version":[{"id":10724,"href":"https:\/\/primariamoldovanoua.ro\/index.php\/wp-json\/wp\/v2\/pages\/849\/revisions\/10724"}],"up":[{"embeddable":true,"href":"https:\/\/primariamoldovanoua.ro\/index.php\/wp-json\/wp\/v2\/pages\/368"}],"wp:attachment":[{"href":"https:\/\/primariamoldovanoua.ro\/index.php\/wp-json\/wp\/v2\/media?parent=849"}],"curies":[{"name":"wp","href":"https:\/\/api.w.org\/{rel}","templated":true}]}}