{"id":855,"date":"2016-09-15T13:24:11","date_gmt":"2016-09-15T10:24:11","guid":{"rendered":"https:\/\/primariamoldovanoua.ro\/?page_id=855"},"modified":"2016-09-15T13:24:11","modified_gmt":"2016-09-15T10:24:11","slug":"scurt-istoric","status":"publish","type":"page","link":"https:\/\/primariamoldovanoua.ro\/index.php\/prezentare\/scurt-istoric\/","title":{"rendered":"Scurt Istoric"},"content":{"rendered":"<p>Prima atestare documentar\u0103 a localit\u0103\u0163ii a fost f\u0103cuta \u00een anul 1777. \u00centr-o hart\u0103 existent\u0103 \u00een 1723 localitatea este trecut\u0103 cu numele de Pesneak, iar \u00een 1761 de Bosneak. Se pare c\u0103 au existat dou\u0103 a\u015fez\u0103ri (Bosniak \u015fi Baron) din contopirea c\u0103rora s-a format a\u015fezarea actual\u0103 &#8211; Moldova Nou\u0103. Abia \u00een 1808, \u00een Cartea Funduar\u0103 localitatea apare cu numele de Neu Moldova (Moldova Nou\u0103). Zona Clisurii de Sus a Dun\u0103rii (de la Bazia\u015f la Cozla), unde se afl\u0103 a\u015fezat\u0103 Moldova Nou\u0103, a fost locuit\u0103 din cele mai vechi timpuri. Cele mai vechi urme de a\u015fezare omeneasc\u0103 sunt din paleolitic \u015fi au fost g\u0103site pe teritoriul satului Gornea (com. Sichevi\u0163a). \u00cen perimetrul ora\u015fului Moldova Nou\u0103 \u015fi al majorit\u0103\u0163ii localit\u0103\u0163ilor din Clisur\u0103, arheologii au f\u0103cut descoperiri din toate celelalte perioade ale epocii str\u0103vechi.Urmele de locuire descoperite pe teritoriul localit\u0103\u0163ii (\u00een satul component Moldova Veche) atest\u0103 prezen\u0163a omului \u00een aceast\u0103 zon\u0103 \u00een perioada de trecere dintre Neolitic \u015fi Epoca Bronzului. Urmele materiale descoperite includ vase ceramice cu lustru negru \u015fi decora\u0163iuni geometrice. Mai t\u00e2rziu, \u00een perioada roman\u0103, se pare c\u0103 a existat o a\u015fezare \u00een perimetrul localit\u0103\u0163ii Moldova Nou\u0103, a\u015fezare \u00eentre ruinele c\u0103reia au fost descoperite c\u0103r\u0103mizi cu \u015ftampila Cohors III Delmatarum, precum \u015fi un tezaur monetar.<br \/>\n          La Moldova Veche s-au g\u0103sit \u015fi urmele unei a\u015fez\u0103ri dacice nefortificate de tip &#8220;promontoriu barat&#8221;, identificate la Stanca Liubcovei, Pescari, Divici, Socol.\u00cen timpul st\u0103p\u00e2nirii romane, care a cuprins \u015fi Clisura Dun\u0103rii, Moldova Nou\u0103 a fost o a\u015fezare minier\u0103 de seam\u0103, fapt atestat de numeroase descoperiri, cea mai reprezentativ\u0103 fiind cea de la Oga\u015ful B\u0103ie\u015fului. Din minele Moldovei Noi se extr\u0103geau pe atunci aur, argint, aram\u0103, fier, plumb. Numeroasele pu\u0163uri romane de aici au determinat \u015fi confuzia italianului Francesco Griselini, care vizit\u00e2nd prin 1776 Moldova Nou\u0103 a localizat aici antica Centum Putea. \u00cen perioada roman\u0103, zona minier\u0103 a Moldovei, c\u00e2t \u015fi naviga\u0163ia pe Dun\u0103re, erau supravegheate de castrele de la Moldova Veche \u015fi Pojejena. Localitatea este socotit\u0103 de c\u0103tre istorici ca una din cele mai importante localit\u0103\u0163i miniere din timpul romanilor.Dup\u0103 retragerea st\u0103p\u00e2nirii romane care la Moldova Nou\u0103 a durat p\u00e2n\u0103 \u00een sec. al IV-lea, autohtonii daco-romani au rezistat valurilor succesive de popoare migratoare, men\u0163in\u00e2nd-se contacte cu Imperiul Roman de r\u0103s\u0103rit.<br \/>\n           La Moldova Veche, \u00een Ostrov, c\u00e2t \u015fi \u00een zona hotelului din Ora\u015ful Nou, au fost identificate vestigii prefeudale \u015fi feudale timpurii. Prin sec. X-XI, zona Moldovei a f\u0103cut \u015fi ea parte din forma\u0163iunea voievodal\u0103 condus\u0103 de Glad \u015fi mai apoi de Ahtum. Arheologia a demonstrat \u015fi continuarea leg\u0103turilor cu Bizan\u0163ul.Situat\u0103 \u00een vecin\u0103tatea a doua importante cet\u0103\u0163i de la Dun\u0103re, Pescari \u015fi Pojejena (Zenthlazlovara \u015fi Possezyn), \u00een timpul st\u0103p\u00e2nirii ungare, Moldova Nou\u0103 cu locuitorii s\u0103i \u015fi-a adus o important\u0103 contribu\u0163ie la lupta antiotoman\u0103. De altfel \u015fi \u00een zona V\u0103radului unele izvoare amintesc de existen\u0163a unei cet\u0103\u0163i feudale (Warat).Ocuparea Banatului de c\u0103tre turci \u00een 1552 a f\u0103cut ca zona s\u0103 devin\u0103 la un moment dat un sangeac al pa\u015fal\u00e2cului de Timi\u015foara. Re\u015fedin\u0163a era la Moldova Veche \u015fi \u00een 1588 avea numele de Mudava. Aceasta este prima atestare documentar\u0103 a Moldovei Vechi. Denumirea de Mudava, care are un evident toponomic dacic, este folosit\u0103 \u015fi \u00een prezent de localnici.Dup\u0103 anul 1718 st\u0103p\u00e2nirea habsburgic\u0103 s-a instaurat \u015fi la Moldova Nou\u0103. Din aceast\u0103 perioad\u0103 dateaz\u0103 cea mai veche atestare documentar\u0103 a Moldovei Noi, 1717 c\u00e2nd localitatea avea 32 de case \u015fi apar\u0163inea districtului Palanca cu denumirea, &#8220;Posneazi&#8221;. Apoi a fost numit\u0103 \u00een acte &#8220;Pesnak&#8221;, iar \u00een 1761 &#8220;Bosneak&#8221;. \u00cen 1808 \u00een Cartea Funduar\u0103 este men\u0163ionat\u0103 cu numele de &#8220;Neu Moldova&#8221;, adic\u0103 Moldova Nou\u0103. Interesant este faptul c\u0103 localnicii mai folosesc \u015fi azi denumirea de Bo\u015fneac &#8211; Bo\u015fneag, care vine de la originea bosniac\u0103 a unuia dintre antreprenorii minelor.Din anul 1722 autorit\u0103\u0163ile habsburgice, cu scopul ap\u0103r\u0103rii grani\u0163ei \u015fi exploat\u0103rii bog\u0103\u0163iilor zonei, \u00eencep o intens\u0103 colonizare cu germani, s\u00e2rbi, cehi \u015fi chiar cu italieni, francezi \u015fi spanioli. \u00cen 1727 la Moldova Nou\u0103 era o manufactur\u0103 de piel\u0103rie, iar din 1728 se declan\u015feaz\u0103 activitatea minier\u0103, extr\u0103g\u00e2ndu-se argint, fier \u015fi aram\u0103 de o calitate deosebit\u0103. Aceast\u0103 activitate a fost tulburat\u0103 de r\u0103scoala antihabsburgic\u0103 dintre anii 1737-1739 la care a participat \u015fi popula\u0163ia rom\u00e2n\u0103 din Moldova Nou\u0103. Din 1741 Moldova Nou\u0103 a devenit unul din cele 4 oficii montanistice din Banat. \u00cen 1771 la Moldova Nou\u0103 erau 8 galerii.<\/p>\n<p>      \u00cen 1848-1849 popula\u0163ia din Moldova Nou\u0103 (cca. 3500 de locuitori) a participat la revolu\u0163ie, \u00een speran\u0163a unor condi\u0163ii mai bune de via\u0163\u0103. Dup\u0103 acest eveniment care nu a dus la realizarea aspira\u0163iilor popula\u0163iei, la Moldova Nou\u0103 a fost \u00eenfiin\u0163at\u0103 fabrica de acid sulfuric care utiliza minereul extras. \u00cen 1896, datorit\u0103 rentabilit\u0103\u0163ii sc\u0103zute, fabrica se \u00eenchide, iar \u00een 1898 este d\u0103r\u00e2mat\u0103, iar m\u00e2na este \u00eenchis\u0103, popula\u0163ia trebuind s\u0103 se reorienteze c\u0103tre alte activit\u0103\u0163i, mai ales spre exploatarea fondului forestier.<\/p>\n<p>      Receptiv\u0103 la idealurile rom\u00e2ne\u015fti de libertate \u015fi unitate na\u0163ional\u0103, popula\u0163ia Moldovei Noi a participat cu entuziasm la evenimentele din 1918 c\u00e2nd au fost alungate autorit\u0103\u0163ile ungare din Moldova Veche \u015fi Moldova Nou\u0103. La sosirea armatei rom\u00e2ne la Moldova Nou\u0103 bucuria a fost deosebit de mare. \u00cenv\u0103\u0163\u0103torul Alexandru Moisi, autorul unei monografii a Clisurii, martor ocular la acest eveniment spunea: &#8220;\u00censufle\u0163irea \u015fi bucuria a fost at\u00e2t de mare, cum nici p\u00e2n\u0103 atunci \u015fi nici de atunci \u015fi poate nici \u00een viitor nu va mai fi&#8221;.<\/p>\n<p>       \u00cen perioada interbelic\u0103, popula\u0163ia din Moldova Nou\u0103 a continuat s\u0103 se confrunte cu grele probleme social-economice, motiv pentru care o parte din localnici au plecat \u00een acest timp \u00een alte p\u0103r\u0163i \u00een c\u0103utare de lucru, inclusiv \u00een str\u0103in\u0103tate.<\/p>\n<p>       Dup\u0103 actul de la 23 august 1944, cu ocazia opera\u0163iunilor militare care au avut loc \u00een zona Moldovei Noi, popula\u0163ia localnic\u0103 a acordat un important sprijin for\u0163elor armate rom\u00e2ne \u00een calitate de c\u0103l\u0103uze, furniz\u00e2nd informa\u0163ii asupra pozi\u0163iilor inamice sau lupt\u00e2nd cu arma \u00een m\u00e2n\u0103.<\/p>\n<p>       Moldova Nou\u0103 a cunoscut o dezvoltare deosebit\u0103 dup\u0103 cel de-al doilea r\u0103zboi mondial, c\u00e2nd a devenit principalul centru economic din sudul Banatului. \u00cen 1950 Moldova Nou\u0103 a devenit re\u015fedin\u0163\u0103 de raion \u00een cadrul regiunii Banat, iar din 1954 a fost declarat\u0103 ora\u015f. <\/p>\n","protected":false},"excerpt":{"rendered":"<p>Prima atestare documentar\u0103 a localit\u0103\u0163ii a fost f\u0103cuta \u00een anul 1777. \u00centr-o hart\u0103 existent\u0103 \u00een 1723 localitatea este trecut\u0103 cu numele de Pesneak, iar \u00een 1761 de Bosneak. Se pare c\u0103 au existat dou\u0103 a\u015fez\u0103ri (Bosniak \u015fi Baron) din contopirea c\u0103rora s-a format a\u015fezarea actual\u0103 &#8211; Moldova Nou\u0103. Abia \u00een 1808, \u00een Cartea Funduar\u0103 localitatea [&hellip;]<\/p>\n","protected":false},"author":1,"featured_media":0,"parent":585,"menu_order":0,"comment_status":"closed","ping_status":"closed","template":"","meta":{"site-sidebar-layout":"default","site-content-layout":"","ast-site-content-layout":"","site-content-style":"default","site-sidebar-style":"default","ast-global-header-display":"","ast-banner-title-visibility":"","ast-main-header-display":"","ast-hfb-above-header-display":"","ast-hfb-below-header-display":"","ast-hfb-mobile-header-display":"","site-post-title":"","ast-breadcrumbs-content":"","ast-featured-img":"","footer-sml-layout":"","theme-transparent-header-meta":"","adv-header-id-meta":"","stick-header-meta":"","header-above-stick-meta":"","header-main-stick-meta":"","header-below-stick-meta":"","astra-migrate-meta-layouts":"default","ast-page-background-enabled":"default","ast-page-background-meta":{"desktop":{"background-color":"","background-image":"","background-repeat":"repeat","background-position":"center center","background-size":"auto","background-attachment":"scroll","background-type":"","background-media":"","overlay-type":"","overlay-color":"","overlay-gradient":""},"tablet":{"background-color":"","background-image":"","background-repeat":"repeat","background-position":"center center","background-size":"auto","background-attachment":"scroll","background-type":"","background-media":"","overlay-type":"","overlay-color":"","overlay-gradient":""},"mobile":{"background-color":"","background-image":"","background-repeat":"repeat","background-position":"center center","background-size":"auto","background-attachment":"scroll","background-type":"","background-media":"","overlay-type":"","overlay-color":"","overlay-gradient":""}},"ast-content-background-meta":{"desktop":{"background-color":"var(--ast-global-color-5)","background-image":"","background-repeat":"repeat","background-position":"center center","background-size":"auto","background-attachment":"scroll","background-type":"","background-media":"","overlay-type":"","overlay-color":"","overlay-gradient":""},"tablet":{"background-color":"var(--ast-global-color-5)","background-image":"","background-repeat":"repeat","background-position":"center center","background-size":"auto","background-attachment":"scroll","background-type":"","background-media":"","overlay-type":"","overlay-color":"","overlay-gradient":""},"mobile":{"background-color":"var(--ast-global-color-5)","background-image":"","background-repeat":"repeat","background-position":"center center","background-size":"auto","background-attachment":"scroll","background-type":"","background-media":"","overlay-type":"","overlay-color":"","overlay-gradient":""}},"footnotes":""},"class_list":["post-855","page","type-page","status-publish","hentry"],"yoast_head":"<!-- This site is optimized with the Yoast SEO plugin v27.0 - https:\/\/yoast.com\/product\/yoast-seo-wordpress\/ -->\n<title>Scurt Istoric - Prim\u0103riaMoldovaNou\u0103.ro<\/title>\n<meta name=\"robots\" content=\"index, follow, max-snippet:-1, max-image-preview:large, max-video-preview:-1\" \/>\n<link rel=\"canonical\" href=\"https:\/\/primariamoldovanoua.ro\/index.php\/prezentare\/scurt-istoric\/\" \/>\n<meta property=\"og:locale\" content=\"en_US\" \/>\n<meta property=\"og:type\" content=\"article\" \/>\n<meta property=\"og:title\" content=\"Scurt Istoric - Prim\u0103riaMoldovaNou\u0103.ro\" \/>\n<meta property=\"og:description\" content=\"Prima atestare documentar\u0103 a localit\u0103\u0163ii a fost f\u0103cuta \u00een anul 1777. \u00centr-o hart\u0103 existent\u0103 \u00een 1723 localitatea este trecut\u0103 cu numele de Pesneak, iar \u00een 1761 de Bosneak. Se pare c\u0103 au existat dou\u0103 a\u015fez\u0103ri (Bosniak \u015fi Baron) din contopirea c\u0103rora s-a format a\u015fezarea actual\u0103 &#8211; Moldova Nou\u0103. Abia \u00een 1808, \u00een Cartea Funduar\u0103 localitatea [&hellip;]\" \/>\n<meta property=\"og:url\" content=\"https:\/\/primariamoldovanoua.ro\/index.php\/prezentare\/scurt-istoric\/\" \/>\n<meta property=\"og:site_name\" content=\"Prim\u0103riaMoldovaNou\u0103.ro\" \/>\n<meta name=\"twitter:card\" content=\"summary_large_image\" \/>\n<meta name=\"twitter:label1\" content=\"Est. reading time\" \/>\n\t<meta name=\"twitter:data1\" content=\"6 minutes\" \/>\n<script type=\"application\/ld+json\" class=\"yoast-schema-graph\">{\"@context\":\"https:\/\/schema.org\",\"@graph\":[{\"@type\":\"WebPage\",\"@id\":\"https:\/\/primariamoldovanoua.ro\/index.php\/prezentare\/scurt-istoric\/\",\"url\":\"https:\/\/primariamoldovanoua.ro\/index.php\/prezentare\/scurt-istoric\/\",\"name\":\"Scurt Istoric - Prim\u0103riaMoldovaNou\u0103.ro\",\"isPartOf\":{\"@id\":\"https:\/\/primariamoldovanoua.ro\/#website\"},\"datePublished\":\"2016-09-15T10:24:11+00:00\",\"breadcrumb\":{\"@id\":\"https:\/\/primariamoldovanoua.ro\/index.php\/prezentare\/scurt-istoric\/#breadcrumb\"},\"inLanguage\":\"en-US\",\"potentialAction\":[{\"@type\":\"ReadAction\",\"target\":[\"https:\/\/primariamoldovanoua.ro\/index.php\/prezentare\/scurt-istoric\/\"]}]},{\"@type\":\"BreadcrumbList\",\"@id\":\"https:\/\/primariamoldovanoua.ro\/index.php\/prezentare\/scurt-istoric\/#breadcrumb\",\"itemListElement\":[{\"@type\":\"ListItem\",\"position\":1,\"name\":\"Home\",\"item\":\"https:\/\/primariamoldovanoua.ro\/\"},{\"@type\":\"ListItem\",\"position\":2,\"name\":\"Prezentare\",\"item\":\"https:\/\/primariamoldovanoua.ro\/index.php\/prezentare\/\"},{\"@type\":\"ListItem\",\"position\":3,\"name\":\"Scurt Istoric\"}]},{\"@type\":\"WebSite\",\"@id\":\"https:\/\/primariamoldovanoua.ro\/#website\",\"url\":\"https:\/\/primariamoldovanoua.ro\/\",\"name\":\"Prim\u0103riaMoldovaNou\u0103.ro\",\"description\":\"Site-ul oficial al UAT Moldova Nou\u0103, jude\u0163ul Cara\u015f-Severin\",\"publisher\":{\"@id\":\"https:\/\/primariamoldovanoua.ro\/#organization\"},\"potentialAction\":[{\"@type\":\"SearchAction\",\"target\":{\"@type\":\"EntryPoint\",\"urlTemplate\":\"https:\/\/primariamoldovanoua.ro\/?s={search_term_string}\"},\"query-input\":{\"@type\":\"PropertyValueSpecification\",\"valueRequired\":true,\"valueName\":\"search_term_string\"}}],\"inLanguage\":\"en-US\"},{\"@type\":\"Organization\",\"@id\":\"https:\/\/primariamoldovanoua.ro\/#organization\",\"name\":\"Prim\u0103riaMoldovaNou\u0103.ro\",\"url\":\"https:\/\/primariamoldovanoua.ro\/\",\"logo\":{\"@type\":\"ImageObject\",\"inLanguage\":\"en-US\",\"@id\":\"https:\/\/primariamoldovanoua.ro\/#\/schema\/logo\/image\/\",\"url\":\"https:\/\/primariamoldovanoua.ro\/wp-content\/uploads\/2021\/04\/cropped-Logo-Moldova-Noua-M-1.png\",\"contentUrl\":\"https:\/\/primariamoldovanoua.ro\/wp-content\/uploads\/2021\/04\/cropped-Logo-Moldova-Noua-M-1.png\",\"width\":158,\"height\":250,\"caption\":\"Prim\u0103riaMoldovaNou\u0103.ro\"},\"image\":{\"@id\":\"https:\/\/primariamoldovanoua.ro\/#\/schema\/logo\/image\/\"}}]}<\/script>\n<!-- \/ Yoast SEO plugin. -->","yoast_head_json":{"title":"Scurt Istoric - Prim\u0103riaMoldovaNou\u0103.ro","robots":{"index":"index","follow":"follow","max-snippet":"max-snippet:-1","max-image-preview":"max-image-preview:large","max-video-preview":"max-video-preview:-1"},"canonical":"https:\/\/primariamoldovanoua.ro\/index.php\/prezentare\/scurt-istoric\/","og_locale":"en_US","og_type":"article","og_title":"Scurt Istoric - Prim\u0103riaMoldovaNou\u0103.ro","og_description":"Prima atestare documentar\u0103 a localit\u0103\u0163ii a fost f\u0103cuta \u00een anul 1777. \u00centr-o hart\u0103 existent\u0103 \u00een 1723 localitatea este trecut\u0103 cu numele de Pesneak, iar \u00een 1761 de Bosneak. Se pare c\u0103 au existat dou\u0103 a\u015fez\u0103ri (Bosniak \u015fi Baron) din contopirea c\u0103rora s-a format a\u015fezarea actual\u0103 &#8211; Moldova Nou\u0103. Abia \u00een 1808, \u00een Cartea Funduar\u0103 localitatea [&hellip;]","og_url":"https:\/\/primariamoldovanoua.ro\/index.php\/prezentare\/scurt-istoric\/","og_site_name":"Prim\u0103riaMoldovaNou\u0103.ro","twitter_card":"summary_large_image","twitter_misc":{"Est. reading time":"6 minutes"},"schema":{"@context":"https:\/\/schema.org","@graph":[{"@type":"WebPage","@id":"https:\/\/primariamoldovanoua.ro\/index.php\/prezentare\/scurt-istoric\/","url":"https:\/\/primariamoldovanoua.ro\/index.php\/prezentare\/scurt-istoric\/","name":"Scurt Istoric - Prim\u0103riaMoldovaNou\u0103.ro","isPartOf":{"@id":"https:\/\/primariamoldovanoua.ro\/#website"},"datePublished":"2016-09-15T10:24:11+00:00","breadcrumb":{"@id":"https:\/\/primariamoldovanoua.ro\/index.php\/prezentare\/scurt-istoric\/#breadcrumb"},"inLanguage":"en-US","potentialAction":[{"@type":"ReadAction","target":["https:\/\/primariamoldovanoua.ro\/index.php\/prezentare\/scurt-istoric\/"]}]},{"@type":"BreadcrumbList","@id":"https:\/\/primariamoldovanoua.ro\/index.php\/prezentare\/scurt-istoric\/#breadcrumb","itemListElement":[{"@type":"ListItem","position":1,"name":"Home","item":"https:\/\/primariamoldovanoua.ro\/"},{"@type":"ListItem","position":2,"name":"Prezentare","item":"https:\/\/primariamoldovanoua.ro\/index.php\/prezentare\/"},{"@type":"ListItem","position":3,"name":"Scurt Istoric"}]},{"@type":"WebSite","@id":"https:\/\/primariamoldovanoua.ro\/#website","url":"https:\/\/primariamoldovanoua.ro\/","name":"Prim\u0103riaMoldovaNou\u0103.ro","description":"Site-ul oficial al UAT Moldova Nou\u0103, jude\u0163ul Cara\u015f-Severin","publisher":{"@id":"https:\/\/primariamoldovanoua.ro\/#organization"},"potentialAction":[{"@type":"SearchAction","target":{"@type":"EntryPoint","urlTemplate":"https:\/\/primariamoldovanoua.ro\/?s={search_term_string}"},"query-input":{"@type":"PropertyValueSpecification","valueRequired":true,"valueName":"search_term_string"}}],"inLanguage":"en-US"},{"@type":"Organization","@id":"https:\/\/primariamoldovanoua.ro\/#organization","name":"Prim\u0103riaMoldovaNou\u0103.ro","url":"https:\/\/primariamoldovanoua.ro\/","logo":{"@type":"ImageObject","inLanguage":"en-US","@id":"https:\/\/primariamoldovanoua.ro\/#\/schema\/logo\/image\/","url":"https:\/\/primariamoldovanoua.ro\/wp-content\/uploads\/2021\/04\/cropped-Logo-Moldova-Noua-M-1.png","contentUrl":"https:\/\/primariamoldovanoua.ro\/wp-content\/uploads\/2021\/04\/cropped-Logo-Moldova-Noua-M-1.png","width":158,"height":250,"caption":"Prim\u0103riaMoldovaNou\u0103.ro"},"image":{"@id":"https:\/\/primariamoldovanoua.ro\/#\/schema\/logo\/image\/"}}]}},"_links":{"self":[{"href":"https:\/\/primariamoldovanoua.ro\/index.php\/wp-json\/wp\/v2\/pages\/855","targetHints":{"allow":["GET"]}}],"collection":[{"href":"https:\/\/primariamoldovanoua.ro\/index.php\/wp-json\/wp\/v2\/pages"}],"about":[{"href":"https:\/\/primariamoldovanoua.ro\/index.php\/wp-json\/wp\/v2\/types\/page"}],"author":[{"embeddable":true,"href":"https:\/\/primariamoldovanoua.ro\/index.php\/wp-json\/wp\/v2\/users\/1"}],"replies":[{"embeddable":true,"href":"https:\/\/primariamoldovanoua.ro\/index.php\/wp-json\/wp\/v2\/comments?post=855"}],"version-history":[{"count":0,"href":"https:\/\/primariamoldovanoua.ro\/index.php\/wp-json\/wp\/v2\/pages\/855\/revisions"}],"up":[{"embeddable":true,"href":"https:\/\/primariamoldovanoua.ro\/index.php\/wp-json\/wp\/v2\/pages\/585"}],"wp:attachment":[{"href":"https:\/\/primariamoldovanoua.ro\/index.php\/wp-json\/wp\/v2\/media?parent=855"}],"curies":[{"name":"wp","href":"https:\/\/api.w.org\/{rel}","templated":true}]}}