{"id":865,"date":"2016-09-15T13:46:21","date_gmt":"2016-09-15T13:46:21","guid":{"rendered":"https:\/\/primariamoldovanoua.ro\/?page_id=865"},"modified":"2025-04-03T15:10:33","modified_gmt":"2025-04-03T13:10:33","slug":"comisii-de-specialitate","status":"publish","type":"page","link":"https:\/\/primariamoldovanoua.ro\/index.php\/consiliul-local\/comisii-de-specialitate\/","title":{"rendered":"Comisii"},"content":{"rendered":"\n<h4 class=\"wp-block-heading\"><strong>Comisia economico-financiar\u0103, protec\u0163ie mediu \u015fi turism<\/strong><\/h4>\n\n\n\n<p><\/p>\n\n\n\n<p>\u021aI\u021aIRIG\u0102 D\u0102NU\u021a-CRISTIAN &#8211; pre\u0219edinte;<br>ANDREI GHEORGHE  &#8211; secretar;<br>CHIS\u0102LI\u021a\u0102 ION &#8211; membru;<br>NISTORAN ROXANA &#8211; membru;<br>SCHINTEIE CONSTANTIN &#8211; membru.<\/p>\n\n\n\n<h4 class=\"wp-block-heading\"><strong>Comisia de agricultur\u0103, amenajarea teritoriului \u015fi urbanism<\/strong><\/h4>\n\n\n\n<p><\/p>\n\n\n\n<p>B\u0102LEANU EUGEN &#8211; pre\u0219edinte;<br>CHIS\u0102LI\u021a\u0102 VALENTIN &#8211; secretar;<br>MOISE\u0218 VICTOR-ADRIAN &#8211; membru;<br>DANE\u021a IOAN &#8211; membru:<br>SCHINTEIE CONSTANTIN &#8211; membru.<\/p>\n\n\n\n<h4 class=\"wp-block-heading\"><strong>Comisia de \u00eenv\u0103\u0163\u0103m\u00e2nt, s\u0103n\u0103tate \u015fi familie, protec\u0163ie copii, tineret \u015fi sport, munc\u0103 \u015fi protec\u0163ie social\u0103<\/strong><\/h4>\n\n\n\n<p><\/p>\n\n\n\n<p>IANO\u0218EVICI GIOCA &#8211; pre\u0219edinte;<br>IOVANOVICI CRISTINA-ANGELICA &#8211; secretar;<br>COJOCARU VICTORIA &#8211; membru;<br>NOVACOVICI MIOMIR &#8211; membru;<br>CIUC\u0102 ION &#8211; membru;<\/p>\n\n\n\n<h4 class=\"wp-block-heading\"><strong>Comisia juridic\u0103 \u015fi de disciplin\u0103, social-cultural\u0103 \u015fi culte<\/strong><\/h4>\n\n\n\n<p><\/p>\n\n\n\n<p>VIZITIU VIOREL &#8211; pre\u0219edinte;<br>CONSTANTINOVICI ZVEZDAN-REMUS &#8211; secretar;<br>ANDREI GHEORGHE &#8211; membru;<br>MOISE\u0218 VICTOR-ADRIAN &#8211; membru;<br>CORNEA ADRIAN-CRISTINEL &#8211; membru.<\/p>\n\n\n\n<hr class=\"wp-block-separator has-alpha-channel-opacity\"\/>\n","protected":false},"excerpt":{"rendered":"<p>Comisia economico-financiar\u0103, protec\u0163ie mediu \u015fi turism \u021aI\u021aIRIG\u0102 D\u0102NU\u021a-CRISTIAN &#8211; pre\u0219edinte;ANDREI GHEORGHE &#8211; secretar;CHIS\u0102LI\u021a\u0102 ION &#8211; membru;NISTORAN ROXANA &#8211; membru;SCHINTEIE CONSTANTIN &#8211; membru. Comisia de agricultur\u0103, amenajarea teritoriului \u015fi urbanism B\u0102LEANU EUGEN &#8211; pre\u0219edinte;CHIS\u0102LI\u021a\u0102 VALENTIN &#8211; secretar;MOISE\u0218 VICTOR-ADRIAN &#8211; membru;DANE\u021a IOAN &#8211; membru:SCHINTEIE CONSTANTIN &#8211; membru. Comisia de \u00eenv\u0103\u0163\u0103m\u00e2nt, s\u0103n\u0103tate \u015fi familie, protec\u0163ie copii, tineret \u015fi [&hellip;]<\/p>\n","protected":false},"author":1,"featured_media":0,"parent":859,"menu_order":0,"comment_status":"closed","ping_status":"closed","template":"","meta":{"site-sidebar-layout":"default","site-content-layout":"default","ast-site-content-layout":"default","site-content-style":"default","site-sidebar-style":"default","ast-global-header-display":"","ast-banner-title-visibility":"","ast-main-header-display":"","ast-hfb-above-header-display":"","ast-hfb-below-header-display":"","ast-hfb-mobile-header-display":"","site-post-title":"","ast-breadcrumbs-content":"","ast-featured-img":"","footer-sml-layout":"","theme-transparent-header-meta":"default","adv-header-id-meta":"","stick-header-meta":"default","header-above-stick-meta":"","header-main-stick-meta":"","header-below-stick-meta":"","astra-migrate-meta-layouts":"set","ast-page-background-enabled":"default","ast-page-background-meta":{"desktop":{"background-color":"","background-image":"","background-repeat":"repeat","background-position":"center center","background-size":"auto","background-attachment":"scroll","background-type":"","background-media":"","overlay-type":"","overlay-color":"","overlay-gradient":""},"tablet":{"background-color":"","background-image":"","background-repeat":"repeat","background-position":"center center","background-size":"auto","background-attachment":"scroll","background-type":"","background-media":"","overlay-type":"","overlay-color":"","overlay-gradient":""},"mobile":{"background-color":"","background-image":"","background-repeat":"repeat","background-position":"center center","background-size":"auto","background-attachment":"scroll","background-type":"","background-media":"","overlay-type":"","overlay-color":"","overlay-gradient":""}},"ast-content-background-meta":{"desktop":{"background-color":"var(--ast-global-color-5)","background-image":"","background-repeat":"repeat","background-position":"center center","background-size":"auto","background-attachment":"scroll","background-type":"","background-media":"","overlay-type":"","overlay-color":"","overlay-gradient":""},"tablet":{"background-color":"var(--ast-global-color-5)","background-image":"","background-repeat":"repeat","background-position":"center center","background-size":"auto","background-attachment":"scroll","background-type":"","background-media":"","overlay-type":"","overlay-color":"","overlay-gradient":""},"mobile":{"background-color":"var(--ast-global-color-5)","background-image":"","background-repeat":"repeat","background-position":"center center","background-size":"auto","background-attachment":"scroll","background-type":"","background-media":"","overlay-type":"","overlay-color":"","overlay-gradient":""}},"footnotes":""},"class_list":["post-865","page","type-page","status-publish","hentry"],"yoast_head":"<!-- This site is optimized with the Yoast SEO plugin v27.0 - https:\/\/yoast.com\/product\/yoast-seo-wordpress\/ -->\n<title>Comisii - Prim\u0103riaMoldovaNou\u0103.ro<\/title>\n<meta name=\"robots\" content=\"index, follow, max-snippet:-1, max-image-preview:large, max-video-preview:-1\" \/>\n<link rel=\"canonical\" href=\"https:\/\/primariamoldovanoua.ro\/index.php\/consiliul-local\/comisii-de-specialitate\/\" \/>\n<meta property=\"og:locale\" content=\"en_US\" \/>\n<meta property=\"og:type\" content=\"article\" \/>\n<meta property=\"og:title\" content=\"Comisii - Prim\u0103riaMoldovaNou\u0103.ro\" \/>\n<meta property=\"og:description\" content=\"Comisia economico-financiar\u0103, protec\u0163ie mediu \u015fi turism \u021aI\u021aIRIG\u0102 D\u0102NU\u021a-CRISTIAN &#8211; pre\u0219edinte;ANDREI GHEORGHE &#8211; secretar;CHIS\u0102LI\u021a\u0102 ION &#8211; membru;NISTORAN ROXANA &#8211; membru;SCHINTEIE CONSTANTIN &#8211; membru. Comisia de agricultur\u0103, amenajarea teritoriului \u015fi urbanism B\u0102LEANU EUGEN &#8211; pre\u0219edinte;CHIS\u0102LI\u021a\u0102 VALENTIN &#8211; secretar;MOISE\u0218 VICTOR-ADRIAN &#8211; membru;DANE\u021a IOAN &#8211; membru:SCHINTEIE CONSTANTIN &#8211; membru. Comisia de \u00eenv\u0103\u0163\u0103m\u00e2nt, s\u0103n\u0103tate \u015fi familie, protec\u0163ie copii, tineret \u015fi [&hellip;]\" \/>\n<meta property=\"og:url\" content=\"https:\/\/primariamoldovanoua.ro\/index.php\/consiliul-local\/comisii-de-specialitate\/\" \/>\n<meta property=\"og:site_name\" content=\"Prim\u0103riaMoldovaNou\u0103.ro\" \/>\n<meta property=\"article:modified_time\" content=\"2025-04-03T13:10:33+00:00\" \/>\n<meta name=\"twitter:card\" content=\"summary_large_image\" \/>\n<meta name=\"twitter:label1\" content=\"Est. reading time\" \/>\n\t<meta name=\"twitter:data1\" content=\"1 minute\" \/>\n<script type=\"application\/ld+json\" class=\"yoast-schema-graph\">{\"@context\":\"https:\/\/schema.org\",\"@graph\":[{\"@type\":\"WebPage\",\"@id\":\"https:\/\/primariamoldovanoua.ro\/index.php\/consiliul-local\/comisii-de-specialitate\/\",\"url\":\"https:\/\/primariamoldovanoua.ro\/index.php\/consiliul-local\/comisii-de-specialitate\/\",\"name\":\"Comisii - Prim\u0103riaMoldovaNou\u0103.ro\",\"isPartOf\":{\"@id\":\"https:\/\/primariamoldovanoua.ro\/#website\"},\"datePublished\":\"2016-09-15T13:46:21+00:00\",\"dateModified\":\"2025-04-03T13:10:33+00:00\",\"breadcrumb\":{\"@id\":\"https:\/\/primariamoldovanoua.ro\/index.php\/consiliul-local\/comisii-de-specialitate\/#breadcrumb\"},\"inLanguage\":\"en-US\",\"potentialAction\":[{\"@type\":\"ReadAction\",\"target\":[\"https:\/\/primariamoldovanoua.ro\/index.php\/consiliul-local\/comisii-de-specialitate\/\"]}]},{\"@type\":\"BreadcrumbList\",\"@id\":\"https:\/\/primariamoldovanoua.ro\/index.php\/consiliul-local\/comisii-de-specialitate\/#breadcrumb\",\"itemListElement\":[{\"@type\":\"ListItem\",\"position\":1,\"name\":\"Home\",\"item\":\"https:\/\/primariamoldovanoua.ro\/\"},{\"@type\":\"ListItem\",\"position\":2,\"name\":\"Consiliul Local\",\"item\":\"https:\/\/primariamoldovanoua.ro\/index.php\/consiliul-local\/\"},{\"@type\":\"ListItem\",\"position\":3,\"name\":\"Comisii\"}]},{\"@type\":\"WebSite\",\"@id\":\"https:\/\/primariamoldovanoua.ro\/#website\",\"url\":\"https:\/\/primariamoldovanoua.ro\/\",\"name\":\"Prim\u0103riaMoldovaNou\u0103.ro\",\"description\":\"Site-ul oficial al UAT Moldova Nou\u0103, jude\u0163ul Cara\u015f-Severin\",\"publisher\":{\"@id\":\"https:\/\/primariamoldovanoua.ro\/#organization\"},\"potentialAction\":[{\"@type\":\"SearchAction\",\"target\":{\"@type\":\"EntryPoint\",\"urlTemplate\":\"https:\/\/primariamoldovanoua.ro\/?s={search_term_string}\"},\"query-input\":{\"@type\":\"PropertyValueSpecification\",\"valueRequired\":true,\"valueName\":\"search_term_string\"}}],\"inLanguage\":\"en-US\"},{\"@type\":\"Organization\",\"@id\":\"https:\/\/primariamoldovanoua.ro\/#organization\",\"name\":\"Prim\u0103riaMoldovaNou\u0103.ro\",\"url\":\"https:\/\/primariamoldovanoua.ro\/\",\"logo\":{\"@type\":\"ImageObject\",\"inLanguage\":\"en-US\",\"@id\":\"https:\/\/primariamoldovanoua.ro\/#\/schema\/logo\/image\/\",\"url\":\"https:\/\/primariamoldovanoua.ro\/wp-content\/uploads\/2021\/04\/cropped-Logo-Moldova-Noua-M-1.png\",\"contentUrl\":\"https:\/\/primariamoldovanoua.ro\/wp-content\/uploads\/2021\/04\/cropped-Logo-Moldova-Noua-M-1.png\",\"width\":158,\"height\":250,\"caption\":\"Prim\u0103riaMoldovaNou\u0103.ro\"},\"image\":{\"@id\":\"https:\/\/primariamoldovanoua.ro\/#\/schema\/logo\/image\/\"}}]}<\/script>\n<!-- \/ Yoast SEO plugin. -->","yoast_head_json":{"title":"Comisii - Prim\u0103riaMoldovaNou\u0103.ro","robots":{"index":"index","follow":"follow","max-snippet":"max-snippet:-1","max-image-preview":"max-image-preview:large","max-video-preview":"max-video-preview:-1"},"canonical":"https:\/\/primariamoldovanoua.ro\/index.php\/consiliul-local\/comisii-de-specialitate\/","og_locale":"en_US","og_type":"article","og_title":"Comisii - Prim\u0103riaMoldovaNou\u0103.ro","og_description":"Comisia economico-financiar\u0103, protec\u0163ie mediu \u015fi turism \u021aI\u021aIRIG\u0102 D\u0102NU\u021a-CRISTIAN &#8211; pre\u0219edinte;ANDREI GHEORGHE &#8211; secretar;CHIS\u0102LI\u021a\u0102 ION &#8211; membru;NISTORAN ROXANA &#8211; membru;SCHINTEIE CONSTANTIN &#8211; membru. Comisia de agricultur\u0103, amenajarea teritoriului \u015fi urbanism B\u0102LEANU EUGEN &#8211; pre\u0219edinte;CHIS\u0102LI\u021a\u0102 VALENTIN &#8211; secretar;MOISE\u0218 VICTOR-ADRIAN &#8211; membru;DANE\u021a IOAN &#8211; membru:SCHINTEIE CONSTANTIN &#8211; membru. Comisia de \u00eenv\u0103\u0163\u0103m\u00e2nt, s\u0103n\u0103tate \u015fi familie, protec\u0163ie copii, tineret \u015fi [&hellip;]","og_url":"https:\/\/primariamoldovanoua.ro\/index.php\/consiliul-local\/comisii-de-specialitate\/","og_site_name":"Prim\u0103riaMoldovaNou\u0103.ro","article_modified_time":"2025-04-03T13:10:33+00:00","twitter_card":"summary_large_image","twitter_misc":{"Est. reading time":"1 minute"},"schema":{"@context":"https:\/\/schema.org","@graph":[{"@type":"WebPage","@id":"https:\/\/primariamoldovanoua.ro\/index.php\/consiliul-local\/comisii-de-specialitate\/","url":"https:\/\/primariamoldovanoua.ro\/index.php\/consiliul-local\/comisii-de-specialitate\/","name":"Comisii - Prim\u0103riaMoldovaNou\u0103.ro","isPartOf":{"@id":"https:\/\/primariamoldovanoua.ro\/#website"},"datePublished":"2016-09-15T13:46:21+00:00","dateModified":"2025-04-03T13:10:33+00:00","breadcrumb":{"@id":"https:\/\/primariamoldovanoua.ro\/index.php\/consiliul-local\/comisii-de-specialitate\/#breadcrumb"},"inLanguage":"en-US","potentialAction":[{"@type":"ReadAction","target":["https:\/\/primariamoldovanoua.ro\/index.php\/consiliul-local\/comisii-de-specialitate\/"]}]},{"@type":"BreadcrumbList","@id":"https:\/\/primariamoldovanoua.ro\/index.php\/consiliul-local\/comisii-de-specialitate\/#breadcrumb","itemListElement":[{"@type":"ListItem","position":1,"name":"Home","item":"https:\/\/primariamoldovanoua.ro\/"},{"@type":"ListItem","position":2,"name":"Consiliul Local","item":"https:\/\/primariamoldovanoua.ro\/index.php\/consiliul-local\/"},{"@type":"ListItem","position":3,"name":"Comisii"}]},{"@type":"WebSite","@id":"https:\/\/primariamoldovanoua.ro\/#website","url":"https:\/\/primariamoldovanoua.ro\/","name":"Prim\u0103riaMoldovaNou\u0103.ro","description":"Site-ul oficial al UAT Moldova Nou\u0103, jude\u0163ul Cara\u015f-Severin","publisher":{"@id":"https:\/\/primariamoldovanoua.ro\/#organization"},"potentialAction":[{"@type":"SearchAction","target":{"@type":"EntryPoint","urlTemplate":"https:\/\/primariamoldovanoua.ro\/?s={search_term_string}"},"query-input":{"@type":"PropertyValueSpecification","valueRequired":true,"valueName":"search_term_string"}}],"inLanguage":"en-US"},{"@type":"Organization","@id":"https:\/\/primariamoldovanoua.ro\/#organization","name":"Prim\u0103riaMoldovaNou\u0103.ro","url":"https:\/\/primariamoldovanoua.ro\/","logo":{"@type":"ImageObject","inLanguage":"en-US","@id":"https:\/\/primariamoldovanoua.ro\/#\/schema\/logo\/image\/","url":"https:\/\/primariamoldovanoua.ro\/wp-content\/uploads\/2021\/04\/cropped-Logo-Moldova-Noua-M-1.png","contentUrl":"https:\/\/primariamoldovanoua.ro\/wp-content\/uploads\/2021\/04\/cropped-Logo-Moldova-Noua-M-1.png","width":158,"height":250,"caption":"Prim\u0103riaMoldovaNou\u0103.ro"},"image":{"@id":"https:\/\/primariamoldovanoua.ro\/#\/schema\/logo\/image\/"}}]}},"_links":{"self":[{"href":"https:\/\/primariamoldovanoua.ro\/index.php\/wp-json\/wp\/v2\/pages\/865","targetHints":{"allow":["GET"]}}],"collection":[{"href":"https:\/\/primariamoldovanoua.ro\/index.php\/wp-json\/wp\/v2\/pages"}],"about":[{"href":"https:\/\/primariamoldovanoua.ro\/index.php\/wp-json\/wp\/v2\/types\/page"}],"author":[{"embeddable":true,"href":"https:\/\/primariamoldovanoua.ro\/index.php\/wp-json\/wp\/v2\/users\/1"}],"replies":[{"embeddable":true,"href":"https:\/\/primariamoldovanoua.ro\/index.php\/wp-json\/wp\/v2\/comments?post=865"}],"version-history":[{"count":3,"href":"https:\/\/primariamoldovanoua.ro\/index.php\/wp-json\/wp\/v2\/pages\/865\/revisions"}],"predecessor-version":[{"id":11491,"href":"https:\/\/primariamoldovanoua.ro\/index.php\/wp-json\/wp\/v2\/pages\/865\/revisions\/11491"}],"up":[{"embeddable":true,"href":"https:\/\/primariamoldovanoua.ro\/index.php\/wp-json\/wp\/v2\/pages\/859"}],"wp:attachment":[{"href":"https:\/\/primariamoldovanoua.ro\/index.php\/wp-json\/wp\/v2\/media?parent=865"}],"curies":[{"name":"wp","href":"https:\/\/api.w.org\/{rel}","templated":true}]}}