{"id":8797,"date":"2023-03-29T13:11:10","date_gmt":"2023-03-29T11:11:10","guid":{"rendered":"https:\/\/primariamoldovanoua.ro\/?page_id=8797"},"modified":"2023-03-29T13:30:13","modified_gmt":"2023-03-29T11:30:13","slug":"strategia-anticoruptie-2021-2025","status":"publish","type":"page","link":"https:\/\/primariamoldovanoua.ro\/index.php\/strategia-anticoruptie-2021-2025\/","title":{"rendered":"Strategia anticorup\u0163ie 2021-2025"},"content":{"rendered":"\n<p><a href=\"https:\/\/primariamoldovanoua.ro\/wp-content\/uploads\/2023\/03\/1.pdf\" target=\"_blank\" rel=\"noreferrer noopener\">Declara\u0163ie privind asumarea agendei de integritate organiza\u0163ional\u0103 \u00een coordonatele Strategiei Na\u0163ionale Anticorup\u0163ie 2021-2025<\/a><\/p>\n\n\n\n<p><a href=\"https:\/\/primariamoldovanoua.ro\/wp-content\/uploads\/2023\/03\/2.pdf\" target=\"_blank\" rel=\"noreferrer noopener\">Dispozi\u0163ie privind stabilirea unor m\u0103suri \u00een vederea implement\u0103rii Strategiei Na\u0163ionale Anticorup\u0163ie la nivelul Prim\u0103riei ora\u015fului Moldova Nou\u0103<\/a><\/p>\n\n\n\n<p><a href=\"https:\/\/primariamoldovanoua.ro\/wp-content\/uploads\/2023\/03\/3.pdf\" target=\"_blank\" rel=\"noreferrer noopener\">Planul de integritate al ora\u015fului Moldova Nou\u0103<\/a><\/p>\n\n\n\n<p><a href=\"https:\/\/primariamoldovanoua.ro\/wp-content\/uploads\/2023\/03\/4.pdf\" target=\"_blank\" rel=\"noreferrer noopener\">Dispozi\u0163ie privind aprobarea documentelor necesare implement\u0103rii Strategiei Na\u0163ionale Anticorup\u0163ie 2021-2025 \u00een ora\u015ful Moldova Nou\u0103<\/a><\/p>\n\n\n\n<p><a href=\"https:\/\/primariamoldovanoua.ro\/wp-content\/uploads\/2023\/03\/5.pdf\" target=\"_blank\" rel=\"noreferrer noopener\">Strategia anticorup\u0163ie a ora\u015fului Moldova Nou\u0103 pentru perioada 2021-2025<\/a><\/p>\n\n\n\n<p><a href=\"https:\/\/primariamoldovanoua.ro\/wp-content\/uploads\/2023\/03\/6.pdf\" target=\"_blank\" rel=\"noreferrer noopener\">Seturile de indicatori de performan\u0163\u0103, riscurile asociate obiectivelor \u015fi m\u0103surilor din strategie<\/a><\/p>\n\n\n\n<p><a href=\"https:\/\/primariamoldovanoua.ro\/wp-content\/uploads\/2023\/03\/7.pdf\" target=\"_blank\" rel=\"noreferrer noopener\">Inventarul m\u0103surilor preventive adoptate la nivelul Prim\u0103riei ora\u015fului Moldova Nou\u0103<\/a><\/p>\n\n\n\n<p><a href=\"https:\/\/primariamoldovanoua.ro\/wp-content\/uploads\/2023\/03\/8.pdf\" target=\"_blank\" rel=\"noreferrer noopener\">Standardul General de publicare a informa\u0163iilor de interes public pe pagina de internet a Prim\u0103riei ora\u015fului Moldova Nou\u0103<\/a><\/p>\n\n\n\n<p><a href=\"https:\/\/primariamoldovanoua.ro\/wp-content\/uploads\/2023\/03\/9.pdf\" target=\"_blank\" rel=\"noreferrer noopener\">Raport de evaluare al riscurilor \u015fi vulnerabilit\u0103\u0163ilor la corup\u0163ie \u015fi a m\u0103surilor de remediere<\/a><\/p>\n","protected":false},"excerpt":{"rendered":"<p>Declara\u0163ie privind asumarea agendei de integritate organiza\u0163ional\u0103 \u00een coordonatele Strategiei Na\u0163ionale Anticorup\u0163ie 2021-2025 Dispozi\u0163ie privind stabilirea unor m\u0103suri \u00een vederea implement\u0103rii Strategiei Na\u0163ionale Anticorup\u0163ie la nivelul Prim\u0103riei ora\u015fului Moldova Nou\u0103 Planul de integritate al ora\u015fului Moldova Nou\u0103 Dispozi\u0163ie privind aprobarea documentelor necesare implement\u0103rii Strategiei Na\u0163ionale Anticorup\u0163ie 2021-2025 \u00een ora\u015ful Moldova Nou\u0103 Strategia anticorup\u0163ie a ora\u015fului [&hellip;]<\/p>\n","protected":false},"author":3,"featured_media":0,"parent":0,"menu_order":0,"comment_status":"closed","ping_status":"closed","template":"","meta":{"site-sidebar-layout":"default","site-content-layout":"","ast-site-content-layout":"","site-content-style":"default","site-sidebar-style":"default","ast-global-header-display":"","ast-banner-title-visibility":"","ast-main-header-display":"","ast-hfb-above-header-display":"","ast-hfb-below-header-display":"","ast-hfb-mobile-header-display":"","site-post-title":"","ast-breadcrumbs-content":"","ast-featured-img":"","footer-sml-layout":"","theme-transparent-header-meta":"","adv-header-id-meta":"","stick-header-meta":"","header-above-stick-meta":"","header-main-stick-meta":"","header-below-stick-meta":"","astra-migrate-meta-layouts":"default","ast-page-background-enabled":"default","ast-page-background-meta":{"desktop":{"background-color":"","background-image":"","background-repeat":"repeat","background-position":"center center","background-size":"auto","background-attachment":"scroll","background-type":"","background-media":"","overlay-type":"","overlay-color":"","overlay-gradient":""},"tablet":{"background-color":"","background-image":"","background-repeat":"repeat","background-position":"center center","background-size":"auto","background-attachment":"scroll","background-type":"","background-media":"","overlay-type":"","overlay-color":"","overlay-gradient":""},"mobile":{"background-color":"","background-image":"","background-repeat":"repeat","background-position":"center center","background-size":"auto","background-attachment":"scroll","background-type":"","background-media":"","overlay-type":"","overlay-color":"","overlay-gradient":""}},"ast-content-background-meta":{"desktop":{"background-color":"var(--ast-global-color-5)","background-image":"","background-repeat":"repeat","background-position":"center center","background-size":"auto","background-attachment":"scroll","background-type":"","background-media":"","overlay-type":"","overlay-color":"","overlay-gradient":""},"tablet":{"background-color":"var(--ast-global-color-5)","background-image":"","background-repeat":"repeat","background-position":"center center","background-size":"auto","background-attachment":"scroll","background-type":"","background-media":"","overlay-type":"","overlay-color":"","overlay-gradient":""},"mobile":{"background-color":"var(--ast-global-color-5)","background-image":"","background-repeat":"repeat","background-position":"center center","background-size":"auto","background-attachment":"scroll","background-type":"","background-media":"","overlay-type":"","overlay-color":"","overlay-gradient":""}},"footnotes":""},"class_list":["post-8797","page","type-page","status-publish","hentry"],"yoast_head":"<!-- This site is optimized with the Yoast SEO plugin v27.0 - https:\/\/yoast.com\/product\/yoast-seo-wordpress\/ -->\n<title>Strategia anticorup\u0163ie 2021-2025 - Prim\u0103riaMoldovaNou\u0103.ro<\/title>\n<meta name=\"robots\" content=\"index, follow, max-snippet:-1, max-image-preview:large, max-video-preview:-1\" \/>\n<link rel=\"canonical\" href=\"https:\/\/primariamoldovanoua.ro\/index.php\/strategia-anticoruptie-2021-2025\/\" \/>\n<meta property=\"og:locale\" content=\"en_US\" \/>\n<meta property=\"og:type\" content=\"article\" \/>\n<meta property=\"og:title\" content=\"Strategia anticorup\u0163ie 2021-2025 - Prim\u0103riaMoldovaNou\u0103.ro\" \/>\n<meta property=\"og:description\" content=\"Declara\u0163ie privind asumarea agendei de integritate organiza\u0163ional\u0103 \u00een coordonatele Strategiei Na\u0163ionale Anticorup\u0163ie 2021-2025 Dispozi\u0163ie privind stabilirea unor m\u0103suri \u00een vederea implement\u0103rii Strategiei Na\u0163ionale Anticorup\u0163ie la nivelul Prim\u0103riei ora\u015fului Moldova Nou\u0103 Planul de integritate al ora\u015fului Moldova Nou\u0103 Dispozi\u0163ie privind aprobarea documentelor necesare implement\u0103rii Strategiei Na\u0163ionale Anticorup\u0163ie 2021-2025 \u00een ora\u015ful Moldova Nou\u0103 Strategia anticorup\u0163ie a ora\u015fului [&hellip;]\" \/>\n<meta property=\"og:url\" content=\"https:\/\/primariamoldovanoua.ro\/index.php\/strategia-anticoruptie-2021-2025\/\" \/>\n<meta property=\"og:site_name\" content=\"Prim\u0103riaMoldovaNou\u0103.ro\" \/>\n<meta property=\"article:modified_time\" content=\"2023-03-29T11:30:13+00:00\" \/>\n<meta name=\"twitter:card\" content=\"summary_large_image\" \/>\n<meta name=\"twitter:label1\" content=\"Est. reading time\" \/>\n\t<meta name=\"twitter:data1\" content=\"1 minute\" \/>\n<script type=\"application\/ld+json\" class=\"yoast-schema-graph\">{\"@context\":\"https:\/\/schema.org\",\"@graph\":[{\"@type\":\"WebPage\",\"@id\":\"https:\/\/primariamoldovanoua.ro\/index.php\/strategia-anticoruptie-2021-2025\/\",\"url\":\"https:\/\/primariamoldovanoua.ro\/index.php\/strategia-anticoruptie-2021-2025\/\",\"name\":\"Strategia anticorup\u0163ie 2021-2025 - Prim\u0103riaMoldovaNou\u0103.ro\",\"isPartOf\":{\"@id\":\"https:\/\/primariamoldovanoua.ro\/#website\"},\"datePublished\":\"2023-03-29T11:11:10+00:00\",\"dateModified\":\"2023-03-29T11:30:13+00:00\",\"breadcrumb\":{\"@id\":\"https:\/\/primariamoldovanoua.ro\/index.php\/strategia-anticoruptie-2021-2025\/#breadcrumb\"},\"inLanguage\":\"en-US\",\"potentialAction\":[{\"@type\":\"ReadAction\",\"target\":[\"https:\/\/primariamoldovanoua.ro\/index.php\/strategia-anticoruptie-2021-2025\/\"]}]},{\"@type\":\"BreadcrumbList\",\"@id\":\"https:\/\/primariamoldovanoua.ro\/index.php\/strategia-anticoruptie-2021-2025\/#breadcrumb\",\"itemListElement\":[{\"@type\":\"ListItem\",\"position\":1,\"name\":\"Home\",\"item\":\"https:\/\/primariamoldovanoua.ro\/\"},{\"@type\":\"ListItem\",\"position\":2,\"name\":\"Strategia anticorup\u0163ie 2021-2025\"}]},{\"@type\":\"WebSite\",\"@id\":\"https:\/\/primariamoldovanoua.ro\/#website\",\"url\":\"https:\/\/primariamoldovanoua.ro\/\",\"name\":\"Prim\u0103riaMoldovaNou\u0103.ro\",\"description\":\"Site-ul oficial al UAT Moldova Nou\u0103, jude\u0163ul Cara\u015f-Severin\",\"publisher\":{\"@id\":\"https:\/\/primariamoldovanoua.ro\/#organization\"},\"potentialAction\":[{\"@type\":\"SearchAction\",\"target\":{\"@type\":\"EntryPoint\",\"urlTemplate\":\"https:\/\/primariamoldovanoua.ro\/?s={search_term_string}\"},\"query-input\":{\"@type\":\"PropertyValueSpecification\",\"valueRequired\":true,\"valueName\":\"search_term_string\"}}],\"inLanguage\":\"en-US\"},{\"@type\":\"Organization\",\"@id\":\"https:\/\/primariamoldovanoua.ro\/#organization\",\"name\":\"Prim\u0103riaMoldovaNou\u0103.ro\",\"url\":\"https:\/\/primariamoldovanoua.ro\/\",\"logo\":{\"@type\":\"ImageObject\",\"inLanguage\":\"en-US\",\"@id\":\"https:\/\/primariamoldovanoua.ro\/#\/schema\/logo\/image\/\",\"url\":\"https:\/\/primariamoldovanoua.ro\/wp-content\/uploads\/2021\/04\/cropped-Logo-Moldova-Noua-M-1.png\",\"contentUrl\":\"https:\/\/primariamoldovanoua.ro\/wp-content\/uploads\/2021\/04\/cropped-Logo-Moldova-Noua-M-1.png\",\"width\":158,\"height\":250,\"caption\":\"Prim\u0103riaMoldovaNou\u0103.ro\"},\"image\":{\"@id\":\"https:\/\/primariamoldovanoua.ro\/#\/schema\/logo\/image\/\"}}]}<\/script>\n<!-- \/ Yoast SEO plugin. -->","yoast_head_json":{"title":"Strategia anticorup\u0163ie 2021-2025 - Prim\u0103riaMoldovaNou\u0103.ro","robots":{"index":"index","follow":"follow","max-snippet":"max-snippet:-1","max-image-preview":"max-image-preview:large","max-video-preview":"max-video-preview:-1"},"canonical":"https:\/\/primariamoldovanoua.ro\/index.php\/strategia-anticoruptie-2021-2025\/","og_locale":"en_US","og_type":"article","og_title":"Strategia anticorup\u0163ie 2021-2025 - Prim\u0103riaMoldovaNou\u0103.ro","og_description":"Declara\u0163ie privind asumarea agendei de integritate organiza\u0163ional\u0103 \u00een coordonatele Strategiei Na\u0163ionale Anticorup\u0163ie 2021-2025 Dispozi\u0163ie privind stabilirea unor m\u0103suri \u00een vederea implement\u0103rii Strategiei Na\u0163ionale Anticorup\u0163ie la nivelul Prim\u0103riei ora\u015fului Moldova Nou\u0103 Planul de integritate al ora\u015fului Moldova Nou\u0103 Dispozi\u0163ie privind aprobarea documentelor necesare implement\u0103rii Strategiei Na\u0163ionale Anticorup\u0163ie 2021-2025 \u00een ora\u015ful Moldova Nou\u0103 Strategia anticorup\u0163ie a ora\u015fului [&hellip;]","og_url":"https:\/\/primariamoldovanoua.ro\/index.php\/strategia-anticoruptie-2021-2025\/","og_site_name":"Prim\u0103riaMoldovaNou\u0103.ro","article_modified_time":"2023-03-29T11:30:13+00:00","twitter_card":"summary_large_image","twitter_misc":{"Est. reading time":"1 minute"},"schema":{"@context":"https:\/\/schema.org","@graph":[{"@type":"WebPage","@id":"https:\/\/primariamoldovanoua.ro\/index.php\/strategia-anticoruptie-2021-2025\/","url":"https:\/\/primariamoldovanoua.ro\/index.php\/strategia-anticoruptie-2021-2025\/","name":"Strategia anticorup\u0163ie 2021-2025 - Prim\u0103riaMoldovaNou\u0103.ro","isPartOf":{"@id":"https:\/\/primariamoldovanoua.ro\/#website"},"datePublished":"2023-03-29T11:11:10+00:00","dateModified":"2023-03-29T11:30:13+00:00","breadcrumb":{"@id":"https:\/\/primariamoldovanoua.ro\/index.php\/strategia-anticoruptie-2021-2025\/#breadcrumb"},"inLanguage":"en-US","potentialAction":[{"@type":"ReadAction","target":["https:\/\/primariamoldovanoua.ro\/index.php\/strategia-anticoruptie-2021-2025\/"]}]},{"@type":"BreadcrumbList","@id":"https:\/\/primariamoldovanoua.ro\/index.php\/strategia-anticoruptie-2021-2025\/#breadcrumb","itemListElement":[{"@type":"ListItem","position":1,"name":"Home","item":"https:\/\/primariamoldovanoua.ro\/"},{"@type":"ListItem","position":2,"name":"Strategia anticorup\u0163ie 2021-2025"}]},{"@type":"WebSite","@id":"https:\/\/primariamoldovanoua.ro\/#website","url":"https:\/\/primariamoldovanoua.ro\/","name":"Prim\u0103riaMoldovaNou\u0103.ro","description":"Site-ul oficial al UAT Moldova Nou\u0103, jude\u0163ul Cara\u015f-Severin","publisher":{"@id":"https:\/\/primariamoldovanoua.ro\/#organization"},"potentialAction":[{"@type":"SearchAction","target":{"@type":"EntryPoint","urlTemplate":"https:\/\/primariamoldovanoua.ro\/?s={search_term_string}"},"query-input":{"@type":"PropertyValueSpecification","valueRequired":true,"valueName":"search_term_string"}}],"inLanguage":"en-US"},{"@type":"Organization","@id":"https:\/\/primariamoldovanoua.ro\/#organization","name":"Prim\u0103riaMoldovaNou\u0103.ro","url":"https:\/\/primariamoldovanoua.ro\/","logo":{"@type":"ImageObject","inLanguage":"en-US","@id":"https:\/\/primariamoldovanoua.ro\/#\/schema\/logo\/image\/","url":"https:\/\/primariamoldovanoua.ro\/wp-content\/uploads\/2021\/04\/cropped-Logo-Moldova-Noua-M-1.png","contentUrl":"https:\/\/primariamoldovanoua.ro\/wp-content\/uploads\/2021\/04\/cropped-Logo-Moldova-Noua-M-1.png","width":158,"height":250,"caption":"Prim\u0103riaMoldovaNou\u0103.ro"},"image":{"@id":"https:\/\/primariamoldovanoua.ro\/#\/schema\/logo\/image\/"}}]}},"_links":{"self":[{"href":"https:\/\/primariamoldovanoua.ro\/index.php\/wp-json\/wp\/v2\/pages\/8797","targetHints":{"allow":["GET"]}}],"collection":[{"href":"https:\/\/primariamoldovanoua.ro\/index.php\/wp-json\/wp\/v2\/pages"}],"about":[{"href":"https:\/\/primariamoldovanoua.ro\/index.php\/wp-json\/wp\/v2\/types\/page"}],"author":[{"embeddable":true,"href":"https:\/\/primariamoldovanoua.ro\/index.php\/wp-json\/wp\/v2\/users\/3"}],"replies":[{"embeddable":true,"href":"https:\/\/primariamoldovanoua.ro\/index.php\/wp-json\/wp\/v2\/comments?post=8797"}],"version-history":[{"count":4,"href":"https:\/\/primariamoldovanoua.ro\/index.php\/wp-json\/wp\/v2\/pages\/8797\/revisions"}],"predecessor-version":[{"id":8814,"href":"https:\/\/primariamoldovanoua.ro\/index.php\/wp-json\/wp\/v2\/pages\/8797\/revisions\/8814"}],"wp:attachment":[{"href":"https:\/\/primariamoldovanoua.ro\/index.php\/wp-json\/wp\/v2\/media?parent=8797"}],"curies":[{"name":"wp","href":"https:\/\/api.w.org\/{rel}","templated":true}]}}