{"id":9187,"date":"2023-07-17T18:59:20","date_gmt":"2023-07-17T16:59:20","guid":{"rendered":"https:\/\/primariamoldovanoua.ro\/?page_id=9187"},"modified":"2023-07-18T17:07:40","modified_gmt":"2023-07-18T15:07:40","slug":"declaratii-de-interese-cl-2023","status":"publish","type":"page","link":"https:\/\/primariamoldovanoua.ro\/index.php\/declaratii-de-interese-cl-2023\/","title":{"rendered":"Arhiv\u0103 2023"},"content":{"rendered":"\n<ul class=\"wp-block-list\">\n<li><a href=\"https:\/\/primariamoldovanoua.ro\/wp-content\/uploads\/2023\/07\/ARTENIE-C-ADRIAN-CONSILIER-LOCAL-1.pdf\" target=\"_blank\" rel=\"noreferrer noopener\">Artenie C. Adrian<\/a><\/li>\n\n\n\n<li><a href=\"https:\/\/primariamoldovanoua.ro\/wp-content\/uploads\/2023\/07\/BALASOIU-E-NARCIS-MARIAN-CONSILIER-LOCAL-1.pdf\" target=\"_blank\" rel=\"noreferrer noopener\">B\u0103l\u0103\u0219oiu E. Narcis-Marian<\/a><\/li>\n\n\n\n<li><a href=\"https:\/\/primariamoldovanoua.ro\/wp-content\/uploads\/2023\/07\/BANDU-I-IONEL-CONSILIER-LOCAL-1.pdf\" target=\"_blank\" rel=\"noreferrer noopener\">B\u00e2ndu I. Ionel<\/a><\/li>\n\n\n\n<li><a href=\"https:\/\/primariamoldovanoua.ro\/wp-content\/uploads\/2023\/07\/CARPIAN-I-GHEORGHE-CONSILIER-LOCAL-1.pdf\" target=\"_blank\" rel=\"noreferrer noopener\">C\u00e2rpian I. Gheorghe<\/a><\/li>\n\n\n\n<li><a href=\"https:\/\/primariamoldovanoua.ro\/wp-content\/uploads\/2023\/07\/CONSTANTINOVICI-B-ZVEZDAN-REMUS-CONSILIER-LOCAL-1.pdf\" target=\"_blank\" rel=\"noreferrer noopener\">Constantinovici B. Zvezdan-Remus<\/a><\/li>\n\n\n\n<li><a href=\"https:\/\/primariamoldovanoua.ro\/wp-content\/uploads\/2023\/07\/DODOI-V-MICHAEL-CONSILIER-LOCAL.pdf\" target=\"_blank\" rel=\"noreferrer noopener\">Dodoi V. Michael<\/a><\/li>\n\n\n\n<li><a href=\"https:\/\/primariamoldovanoua.ro\/wp-content\/uploads\/2023\/07\/IANOSEVICI-J-GIOCA-CONSILIER-LOCAL-1.pdf\" target=\"_blank\" rel=\"noreferrer noopener\">Iano\u0219evici J. Gioca<\/a><\/li>\n\n\n\n<li><a href=\"https:\/\/primariamoldovanoua.ro\/wp-content\/uploads\/2023\/07\/NESICI-S-GIURITA-CONSILIER-LOCAL-1.pdf\" target=\"_blank\" rel=\"noreferrer noopener\">Ne\u015fici S. Giuri\u0163a<\/a><\/li>\n\n\n\n<li><a href=\"https:\/\/primariamoldovanoua.ro\/wp-content\/uploads\/2023\/07\/NISTORAN-I-ROXANA-CONSILIER-LOCAL-1.pdf\" target=\"_blank\" rel=\"noreferrer noopener\">Nistoran I. Roxana<\/a><\/li>\n\n\n\n<li><a href=\"https:\/\/primariamoldovanoua.ro\/wp-content\/uploads\/2023\/07\/NOVACESCU-G-TONI-CONSILIER-LOCAL-1.pdf\" target=\"_blank\" rel=\"noreferrer noopener\">Nov\u0103cescu G. Toni<\/a><\/li>\n\n\n\n<li><a href=\"https:\/\/primariamoldovanoua.ro\/wp-content\/uploads\/2023\/07\/PETCO-B-DEIAN-CONSILIER-LOCAL-1.pdf\" target=\"_blank\" rel=\"noreferrer noopener\">Petco B. Deian<\/a><\/li>\n\n\n\n<li><a href=\"https:\/\/primariamoldovanoua.ro\/wp-content\/uploads\/2023\/07\/PETCO-V-RADOSLAV-CONSILIER-LOCAL-1.pdf\" target=\"_blank\" rel=\"noreferrer noopener\">Petco V. Radoslav<\/a><\/li>\n\n\n\n<li><a href=\"https:\/\/primariamoldovanoua.ro\/wp-content\/uploads\/2023\/07\/PLAVA-V-MARIUS-CONSTANTIN-CONSILIER-LOCAL-1.pdf\" target=\"_blank\" rel=\"noreferrer noopener\">Plav\u0103 V. Marius Constantin<\/a><\/li>\n\n\n\n<li><a href=\"https:\/\/primariamoldovanoua.ro\/wp-content\/uploads\/2023\/07\/POCOL-D-DUMITRU-CONSILIER-LOCAL-1.pdf\" target=\"_blank\" rel=\"noreferrer noopener\">Pocol D. Dumitru<\/a><\/li>\n\n\n\n<li><a href=\"https:\/\/primariamoldovanoua.ro\/wp-content\/uploads\/2023\/07\/SOROCEANU-P-RAMONA-CONSILIER-LOCAL-1.pdf\" target=\"_blank\" rel=\"noreferrer noopener\">Soroceanu P. Ramona<\/a><\/li>\n\n\n\n<li><a href=\"https:\/\/primariamoldovanoua.ro\/wp-content\/uploads\/2023\/07\/TITIRIGA-A-DANUT-CRISTIAN-CONSILIER-LOCAL-1.pdf\" target=\"_blank\" rel=\"noreferrer noopener\">\u021ai\u021bitig\u0103 A. D\u0103nu\u021b-Cristian<\/a><\/li>\n\n\n\n<li><a href=\"https:\/\/primariamoldovanoua.ro\/wp-content\/uploads\/2023\/07\/VIZITIU-A-VIOREL-CONSILIER-LOCAL-1.pdf\" target=\"_blank\" rel=\"noreferrer noopener\">Vizitiu A. Viorel<\/a><\/li>\n<\/ul>\n","protected":false},"excerpt":{"rendered":"","protected":false},"author":3,"featured_media":0,"parent":0,"menu_order":0,"comment_status":"closed","ping_status":"closed","template":"","meta":{"site-sidebar-layout":"default","site-content-layout":"","ast-site-content-layout":"","site-content-style":"default","site-sidebar-style":"default","ast-global-header-display":"","ast-banner-title-visibility":"","ast-main-header-display":"","ast-hfb-above-header-display":"","ast-hfb-below-header-display":"","ast-hfb-mobile-header-display":"","site-post-title":"","ast-breadcrumbs-content":"","ast-featured-img":"","footer-sml-layout":"","theme-transparent-header-meta":"","adv-header-id-meta":"","stick-header-meta":"","header-above-stick-meta":"","header-main-stick-meta":"","header-below-stick-meta":"","astra-migrate-meta-layouts":"default","ast-page-background-enabled":"default","ast-page-background-meta":{"desktop":{"background-color":"","background-image":"","background-repeat":"repeat","background-position":"center center","background-size":"auto","background-attachment":"scroll","background-type":"","background-media":"","overlay-type":"","overlay-color":"","overlay-gradient":""},"tablet":{"background-color":"","background-image":"","background-repeat":"repeat","background-position":"center center","background-size":"auto","background-attachment":"scroll","background-type":"","background-media":"","overlay-type":"","overlay-color":"","overlay-gradient":""},"mobile":{"background-color":"","background-image":"","background-repeat":"repeat","background-position":"center center","background-size":"auto","background-attachment":"scroll","background-type":"","background-media":"","overlay-type":"","overlay-color":"","overlay-gradient":""}},"ast-content-background-meta":{"desktop":{"background-color":"var(--ast-global-color-5)","background-image":"","background-repeat":"repeat","background-position":"center center","background-size":"auto","background-attachment":"scroll","background-type":"","background-media":"","overlay-type":"","overlay-color":"","overlay-gradient":""},"tablet":{"background-color":"var(--ast-global-color-5)","background-image":"","background-repeat":"repeat","background-position":"center center","background-size":"auto","background-attachment":"scroll","background-type":"","background-media":"","overlay-type":"","overlay-color":"","overlay-gradient":""},"mobile":{"background-color":"var(--ast-global-color-5)","background-image":"","background-repeat":"repeat","background-position":"center center","background-size":"auto","background-attachment":"scroll","background-type":"","background-media":"","overlay-type":"","overlay-color":"","overlay-gradient":""}},"footnotes":""},"class_list":["post-9187","page","type-page","status-publish","hentry"],"yoast_head":"<!-- This site is optimized with the Yoast SEO plugin v27.0 - https:\/\/yoast.com\/product\/yoast-seo-wordpress\/ -->\n<title>Arhiv\u0103 2023 - Prim\u0103riaMoldovaNou\u0103.ro<\/title>\n<meta name=\"robots\" content=\"index, follow, max-snippet:-1, max-image-preview:large, max-video-preview:-1\" \/>\n<link rel=\"canonical\" href=\"https:\/\/primariamoldovanoua.ro\/index.php\/declaratii-de-interese-cl-2023\/\" \/>\n<meta property=\"og:locale\" content=\"en_US\" \/>\n<meta property=\"og:type\" content=\"article\" \/>\n<meta property=\"og:title\" content=\"Arhiv\u0103 2023 - Prim\u0103riaMoldovaNou\u0103.ro\" \/>\n<meta property=\"og:url\" content=\"https:\/\/primariamoldovanoua.ro\/index.php\/declaratii-de-interese-cl-2023\/\" \/>\n<meta property=\"og:site_name\" content=\"Prim\u0103riaMoldovaNou\u0103.ro\" \/>\n<meta property=\"article:modified_time\" content=\"2023-07-18T15:07:40+00:00\" \/>\n<meta name=\"twitter:card\" content=\"summary_large_image\" \/>\n<meta name=\"twitter:label1\" content=\"Est. reading time\" \/>\n\t<meta name=\"twitter:data1\" content=\"1 minute\" \/>\n<script type=\"application\/ld+json\" class=\"yoast-schema-graph\">{\"@context\":\"https:\/\/schema.org\",\"@graph\":[{\"@type\":\"WebPage\",\"@id\":\"https:\/\/primariamoldovanoua.ro\/index.php\/declaratii-de-interese-cl-2023\/\",\"url\":\"https:\/\/primariamoldovanoua.ro\/index.php\/declaratii-de-interese-cl-2023\/\",\"name\":\"Arhiv\u0103 2023 - Prim\u0103riaMoldovaNou\u0103.ro\",\"isPartOf\":{\"@id\":\"https:\/\/primariamoldovanoua.ro\/#website\"},\"datePublished\":\"2023-07-17T16:59:20+00:00\",\"dateModified\":\"2023-07-18T15:07:40+00:00\",\"breadcrumb\":{\"@id\":\"https:\/\/primariamoldovanoua.ro\/index.php\/declaratii-de-interese-cl-2023\/#breadcrumb\"},\"inLanguage\":\"en-US\",\"potentialAction\":[{\"@type\":\"ReadAction\",\"target\":[\"https:\/\/primariamoldovanoua.ro\/index.php\/declaratii-de-interese-cl-2023\/\"]}]},{\"@type\":\"BreadcrumbList\",\"@id\":\"https:\/\/primariamoldovanoua.ro\/index.php\/declaratii-de-interese-cl-2023\/#breadcrumb\",\"itemListElement\":[{\"@type\":\"ListItem\",\"position\":1,\"name\":\"Home\",\"item\":\"https:\/\/primariamoldovanoua.ro\/\"},{\"@type\":\"ListItem\",\"position\":2,\"name\":\"Arhiv\u0103 2023\"}]},{\"@type\":\"WebSite\",\"@id\":\"https:\/\/primariamoldovanoua.ro\/#website\",\"url\":\"https:\/\/primariamoldovanoua.ro\/\",\"name\":\"Prim\u0103riaMoldovaNou\u0103.ro\",\"description\":\"Site-ul oficial al UAT Moldova Nou\u0103, jude\u0163ul Cara\u015f-Severin\",\"publisher\":{\"@id\":\"https:\/\/primariamoldovanoua.ro\/#organization\"},\"potentialAction\":[{\"@type\":\"SearchAction\",\"target\":{\"@type\":\"EntryPoint\",\"urlTemplate\":\"https:\/\/primariamoldovanoua.ro\/?s={search_term_string}\"},\"query-input\":{\"@type\":\"PropertyValueSpecification\",\"valueRequired\":true,\"valueName\":\"search_term_string\"}}],\"inLanguage\":\"en-US\"},{\"@type\":\"Organization\",\"@id\":\"https:\/\/primariamoldovanoua.ro\/#organization\",\"name\":\"Prim\u0103riaMoldovaNou\u0103.ro\",\"url\":\"https:\/\/primariamoldovanoua.ro\/\",\"logo\":{\"@type\":\"ImageObject\",\"inLanguage\":\"en-US\",\"@id\":\"https:\/\/primariamoldovanoua.ro\/#\/schema\/logo\/image\/\",\"url\":\"https:\/\/primariamoldovanoua.ro\/wp-content\/uploads\/2021\/04\/cropped-Logo-Moldova-Noua-M-1.png\",\"contentUrl\":\"https:\/\/primariamoldovanoua.ro\/wp-content\/uploads\/2021\/04\/cropped-Logo-Moldova-Noua-M-1.png\",\"width\":158,\"height\":250,\"caption\":\"Prim\u0103riaMoldovaNou\u0103.ro\"},\"image\":{\"@id\":\"https:\/\/primariamoldovanoua.ro\/#\/schema\/logo\/image\/\"}}]}<\/script>\n<!-- \/ Yoast SEO plugin. -->","yoast_head_json":{"title":"Arhiv\u0103 2023 - Prim\u0103riaMoldovaNou\u0103.ro","robots":{"index":"index","follow":"follow","max-snippet":"max-snippet:-1","max-image-preview":"max-image-preview:large","max-video-preview":"max-video-preview:-1"},"canonical":"https:\/\/primariamoldovanoua.ro\/index.php\/declaratii-de-interese-cl-2023\/","og_locale":"en_US","og_type":"article","og_title":"Arhiv\u0103 2023 - Prim\u0103riaMoldovaNou\u0103.ro","og_url":"https:\/\/primariamoldovanoua.ro\/index.php\/declaratii-de-interese-cl-2023\/","og_site_name":"Prim\u0103riaMoldovaNou\u0103.ro","article_modified_time":"2023-07-18T15:07:40+00:00","twitter_card":"summary_large_image","twitter_misc":{"Est. reading time":"1 minute"},"schema":{"@context":"https:\/\/schema.org","@graph":[{"@type":"WebPage","@id":"https:\/\/primariamoldovanoua.ro\/index.php\/declaratii-de-interese-cl-2023\/","url":"https:\/\/primariamoldovanoua.ro\/index.php\/declaratii-de-interese-cl-2023\/","name":"Arhiv\u0103 2023 - Prim\u0103riaMoldovaNou\u0103.ro","isPartOf":{"@id":"https:\/\/primariamoldovanoua.ro\/#website"},"datePublished":"2023-07-17T16:59:20+00:00","dateModified":"2023-07-18T15:07:40+00:00","breadcrumb":{"@id":"https:\/\/primariamoldovanoua.ro\/index.php\/declaratii-de-interese-cl-2023\/#breadcrumb"},"inLanguage":"en-US","potentialAction":[{"@type":"ReadAction","target":["https:\/\/primariamoldovanoua.ro\/index.php\/declaratii-de-interese-cl-2023\/"]}]},{"@type":"BreadcrumbList","@id":"https:\/\/primariamoldovanoua.ro\/index.php\/declaratii-de-interese-cl-2023\/#breadcrumb","itemListElement":[{"@type":"ListItem","position":1,"name":"Home","item":"https:\/\/primariamoldovanoua.ro\/"},{"@type":"ListItem","position":2,"name":"Arhiv\u0103 2023"}]},{"@type":"WebSite","@id":"https:\/\/primariamoldovanoua.ro\/#website","url":"https:\/\/primariamoldovanoua.ro\/","name":"Prim\u0103riaMoldovaNou\u0103.ro","description":"Site-ul oficial al UAT Moldova Nou\u0103, jude\u0163ul Cara\u015f-Severin","publisher":{"@id":"https:\/\/primariamoldovanoua.ro\/#organization"},"potentialAction":[{"@type":"SearchAction","target":{"@type":"EntryPoint","urlTemplate":"https:\/\/primariamoldovanoua.ro\/?s={search_term_string}"},"query-input":{"@type":"PropertyValueSpecification","valueRequired":true,"valueName":"search_term_string"}}],"inLanguage":"en-US"},{"@type":"Organization","@id":"https:\/\/primariamoldovanoua.ro\/#organization","name":"Prim\u0103riaMoldovaNou\u0103.ro","url":"https:\/\/primariamoldovanoua.ro\/","logo":{"@type":"ImageObject","inLanguage":"en-US","@id":"https:\/\/primariamoldovanoua.ro\/#\/schema\/logo\/image\/","url":"https:\/\/primariamoldovanoua.ro\/wp-content\/uploads\/2021\/04\/cropped-Logo-Moldova-Noua-M-1.png","contentUrl":"https:\/\/primariamoldovanoua.ro\/wp-content\/uploads\/2021\/04\/cropped-Logo-Moldova-Noua-M-1.png","width":158,"height":250,"caption":"Prim\u0103riaMoldovaNou\u0103.ro"},"image":{"@id":"https:\/\/primariamoldovanoua.ro\/#\/schema\/logo\/image\/"}}]}},"_links":{"self":[{"href":"https:\/\/primariamoldovanoua.ro\/index.php\/wp-json\/wp\/v2\/pages\/9187","targetHints":{"allow":["GET"]}}],"collection":[{"href":"https:\/\/primariamoldovanoua.ro\/index.php\/wp-json\/wp\/v2\/pages"}],"about":[{"href":"https:\/\/primariamoldovanoua.ro\/index.php\/wp-json\/wp\/v2\/types\/page"}],"author":[{"embeddable":true,"href":"https:\/\/primariamoldovanoua.ro\/index.php\/wp-json\/wp\/v2\/users\/3"}],"replies":[{"embeddable":true,"href":"https:\/\/primariamoldovanoua.ro\/index.php\/wp-json\/wp\/v2\/comments?post=9187"}],"version-history":[{"count":4,"href":"https:\/\/primariamoldovanoua.ro\/index.php\/wp-json\/wp\/v2\/pages\/9187\/revisions"}],"predecessor-version":[{"id":9375,"href":"https:\/\/primariamoldovanoua.ro\/index.php\/wp-json\/wp\/v2\/pages\/9187\/revisions\/9375"}],"wp:attachment":[{"href":"https:\/\/primariamoldovanoua.ro\/index.php\/wp-json\/wp\/v2\/media?parent=9187"}],"curies":[{"name":"wp","href":"https:\/\/api.w.org\/{rel}","templated":true}]}}